{"id":35376,"date":"2026-01-29T20:35:19","date_gmt":"2026-01-29T19:35:19","guid":{"rendered":"https:\/\/fvcomponentes.com\/?post_type=product&#038;p=35376"},"modified":"2026-01-29T20:35:21","modified_gmt":"2026-01-29T19:35:21","slug":"conjunto-de-suporte-de-pilhas-r-pytes-para-pilhas-e-box-48100r-110409100019","status":"publish","type":"product","link":"https:\/\/fvcomponentes.com\/pt\/producto\/set-de-soportes-r-pytes-para-baterias-e-box-48100r-110409100019\/","title":{"rendered":"Conjunto de suporte R da Pytes para baterias E-BOX-48100R - 110409100019"},"content":{"rendered":"<h2>Conjunto de suporte R da Pytes para baterias E-BOX-48100R - 110409100019<\/h2>\n<p>O conjunto Pytes de 8 R-Brackets \u00e9 uma solu\u00e7\u00e3o de montagem modular e robusta, especificamente concebida para organizar e empilhar as baterias E-BOX-48100R de forma eficiente e segura em instala\u00e7\u00f5es de armazenamento de energia.<\/p>\n<p>Estas estantes foram concebidas para fornecer uma base estrutural para maximizar a capacidade de armazenamento at\u00e9 40 kWh (8 \u00d7 baterias de 5,12 kWh cada) sem ocupar espa\u00e7o excessivo no ch\u00e3o, o que as torna uma alternativa aos arm\u00e1rios ou estantes fechados tradicionais.<\/p>\n<h2>Carater\u00edsticas do conjunto de suporte R Pytes<\/h2>\n<h3>Design robusto e leve<\/h3>\n<p>Cada conjunto \u00e9 composto por 8 suportes em R empilhados verticalmente que podem conter at\u00e9 8 unidades de baterias Pytes E-BOX-48100R.<br \/>\nIsto facilita a instala\u00e7\u00e3o de sistemas de armazenamento em ambientes residenciais e comerciais ligeiros, especialmente quando o espa\u00e7o utiliz\u00e1vel \u00e9 limitado.<\/p>\n<p>O R-Bracket \u00e9 fabricado com materiais robustos e leves, concebidos para durar e suportar o peso das baterias sem comprometer a estabilidade e a seguran\u00e7a do suporte.<\/p>\n<p>A sua s\u00f3lida estrutura met\u00e1lica ajuda a dispor as baterias no espa\u00e7o correto entre cada unidade, promovendo uma melhor ventila\u00e7\u00e3o e dissipa\u00e7\u00e3o natural do calor, o que \u00e9 importante para manter a efici\u00eancia.<\/p>\n<p>Al\u00e9m disso, a sua conce\u00e7\u00e3o facilita a montagem num piso s\u00f3lido ou a fixa\u00e7\u00e3o adicional a uma parede\/estrutura s\u00f3lida para garantir a estabilidade.<\/p>\n<h3>Ventila\u00e7\u00e3o natural<\/h3>\n<p>O suporte em R da Pytes permite que a bateria dissipe o calor de forma mais eficiente porque n\u00e3o est\u00e1 coberta por uma estrutura fechada, o que ajuda a prolongar a vida \u00fatil da bateria e a manter uma temperatura de funcionamento ideal, reduzindo o aquecimento interno.<\/p>\n<h3>Instala\u00e7\u00e3o e manuten\u00e7\u00e3o<\/h3>\n<p>O suporte R foi concebido para permitir uma montagem intuitiva, com encaixes para fixar cada bateria no lugar e possibilidade de montagem adicional na parede, se desejado.<\/p>\n<p>A manuten\u00e7\u00e3o \u00e9 f\u00e1cil porque o acesso direto \u00e0 bateria simplifica a inspe\u00e7\u00e3o visual, a manuten\u00e7\u00e3o ou a substitui\u00e7\u00e3o sem necessidade de desmontar a estrutura.<\/p>\n<h2>Especifica\u00e7\u00f5es t\u00e9cnicas do conjunto de suporte de pilhas R Pytes E-BOX-48100R - 110409100019<\/h2>\n<table>\n<thead>\n<tr>\n<th><strong>Especifica\u00e7\u00e3o<\/strong><\/th>\n<th><strong>Detalhes<\/strong><\/th>\n<\/tr>\n<\/thead>\n<tbody>\n<tr>\n<td><strong>Nome do produto<\/strong><\/td>\n<td>Conjunto de suporte R<\/td>\n<\/tr>\n<tr>\n<td><strong>Refer\u00eancia \/ C\u00f3digo<\/strong><\/td>\n<td>110409100019<\/td>\n<\/tr>\n<tr>\n<td><strong>Compatibilidade<\/strong><\/td>\n<td><strong>Baterias Pytes E-BOX-48100R\u00a0<\/strong><\/td>\n<\/tr>\n<tr>\n<td><strong>Fun\u00e7\u00e3o principal<\/strong><\/td>\n<td>Estrutura de montagem modular e empilh\u00e1vel para dispor at\u00e9 8 baterias na vertical<\/td>\n<\/tr>\n<tr>\n<td><strong>Material<\/strong><\/td>\n<td>A\u00e7o laminado a frio (estrutura robusta)<\/td>\n<\/tr>\n<tr>\n<td><strong>Dimens\u00f5es de cada suporte<\/strong><\/td>\n<td>53 \u00d7 72 \u00d7 13,5 cm (largura \u00d7 profundidade \u00d7 altura)<\/td>\n<\/tr>\n<tr>\n<td><strong>Peso de cada suporte<\/strong><\/td>\n<td>7,7 kg<\/td>\n<\/tr>\n<tr>\n<td><strong>Peso total do conjunto<\/strong><\/td>\n<td>61,6 kg<\/td>\n<\/tr>\n<tr>\n<td><strong>Capacidade de empilhamento<\/strong><\/td>\n<td>8 suportes para acomodar 8 baterias<\/td>\n<\/tr>\n<tr>\n<td><strong>Montagem recomendada<\/strong><\/td>\n<td>Instala\u00e7\u00e3o em solo s\u00f3lido; pode ser adicionalmente fixado \u00e0 parede\/estrutura para estabilidade<\/td>\n<\/tr>\n<tr>\n<td><strong>Ventila\u00e7\u00e3o\u00a0<\/strong><\/td>\n<td>O design aberto facilita a ventila\u00e7\u00e3o natural entre os m\u00f3dulos<\/td>\n<\/tr>\n<tr>\n<td><strong>Barramentos integrados<\/strong><\/td>\n<td>Sim (para facilitar a liga\u00e7\u00e3o el\u00e9ctrica entre as baterias)<\/td>\n<\/tr>\n<tr>\n<td><strong>Aplica\u00e7\u00e3o t\u00edpica<\/strong><\/td>\n<td>Instala\u00e7\u00f5es de armazenamento de energia para uso residencial e comercial ligeiro<\/td>\n<\/tr>\n<\/tbody>\n<\/table>\n<h2>Ficha t\u00e9cnica R Conjunto de suporte de pilhas Pytes E-BOX-48100R - 110409100019<\/h2>\n<p><a href=\"https:\/\/fvcomponentes.com\/wp-content\/uploads\/2025\/12\/a0b78c0ac23baf094c2a34c2f039633e-1.pdf\" target=\"_blank\" rel=\"noopener\">Folha de dados do conjunto de suporte R Pytes<\/a><\/p>","protected":false},"excerpt":{"rendered":"<ul>\n<li>Fixa\u00e7\u00e3o no ch\u00e3o<\/li>\n<li>Design aberto com ventila\u00e7\u00e3o natural<\/li>\n<li>Dimens\u00f5es: 53 \u00d7 72 \u00d7 108 cm<\/li>\n<li>Peso: 61,6 kg<\/li>\n<\/ul>","protected":false},"featured_media":35378,"comment_status":"closed","ping_status":"closed","template":"","meta":{"site-sidebar-layout":"default","site-content-layout":"","ast-site-content-layout":"default","site-content-style":"default","site-sidebar-style":"default","ast-global-header-display":"","ast-banner-title-visibility":"","ast-main-header-display":"","ast-hfb-above-header-display":"","ast-hfb-below-header-display":"","ast-hfb-mobile-header-display":"","site-post-title":"","ast-breadcrumbs-content":"","ast-featured-img":"","footer-sml-layout":"","ast-disable-related-posts":"","theme-transparent-header-meta":"default","adv-header-id-meta":"","stick-header-meta":"","header-above-stick-meta":"","header-main-stick-meta":"","header-below-stick-meta":"","astra-migrate-meta-layouts":"set","ast-page-background-enabled":"default","ast-page-background-meta":{"desktop":{"background-color":"var(--ast-global-color-4)","background-image":"","background-repeat":"repeat","background-position":"center center","background-size":"auto","background-attachment":"scroll","background-type":"","background-media":"","overlay-type":"","overlay-color":"","overlay-opacity":"","overlay-gradient":""},"tablet":{"background-color":"","background-image":"","background-repeat":"repeat","background-position":"center center","background-size":"auto","background-attachment":"scroll","background-type":"","background-media":"","overlay-type":"","overlay-color":"","overlay-opacity":"","overlay-gradient":""},"mobile":{"background-color":"","background-image":"","background-repeat":"repeat","background-position":"center center","background-size":"auto","background-attachment":"scroll","background-type":"","background-media":"","overlay-type":"","overlay-color":"","overlay-opacity":"","overlay-gradient":""}},"ast-content-background-meta":{"desktop":{"background-color":"var(--ast-global-color-5)","background-image":"","background-repeat":"repeat","background-position":"center center","background-size":"auto","background-attachment":"scroll","background-type":"","background-media":"","overlay-type":"","overlay-color":"","overlay-opacity":"","overlay-gradient":""},"tablet":{"background-color":"var(--ast-global-color-5)","background-image":"","background-repeat":"repeat","background-position":"center center","background-size":"auto","background-attachment":"scroll","background-type":"","background-media":"","overlay-type":"","overlay-color":"","overlay-opacity":"","overlay-gradient":""},"mobile":{"background-color":"var(--ast-global-color-5)","background-image":"","background-repeat":"repeat","background-position":"center center","background-size":"auto","background-attachment":"scroll","background-type":"","background-media":"","overlay-type":"","overlay-color":"","overlay-opacity":"","overlay-gradient":""}}},"pwb-brand":[1007],"product_brand":[],"product_cat":[340,414],"product_tag":[],"class_list":{"0":"post-35376","1":"product","2":"type-product","3":"status-publish","4":"has-post-thumbnail","6":"pwb-brand-baterias-pytes","7":"product_cat-baterias","8":"product_cat-armarios-rack-para-baterias","9":"desktop-align-left","10":"tablet-align-left","11":"mobile-align-left","12":"ast-product-gallery-layout-horizontal-slider","13":"ast-product-tabs-layout-horizontal","15":"first","16":"instock","17":"taxable","18":"shipping-taxable","19":"purchasable","20":"product-type-simple"},"wcpa_form_fields":null,"brands":[{"id":1007,"name":"Pilhas Pytes","slug":"pilhas-pytes"}],"_links":{"self":[{"href":"https:\/\/fvcomponentes.com\/pt\/wp-json\/wp\/v2\/product\/35376","targetHints":{"allow":["GET"]}}],"collection":[{"href":"https:\/\/fvcomponentes.com\/pt\/wp-json\/wp\/v2\/product"}],"about":[{"href":"https:\/\/fvcomponentes.com\/pt\/wp-json\/wp\/v2\/types\/product"}],"replies":[{"embeddable":true,"href":"https:\/\/fvcomponentes.com\/pt\/wp-json\/wp\/v2\/comments?post=35376"}],"wp:featuredmedia":[{"embeddable":true,"href":"https:\/\/fvcomponentes.com\/pt\/wp-json\/wp\/v2\/media\/35378"}],"wp:attachment":[{"href":"https:\/\/fvcomponentes.com\/pt\/wp-json\/wp\/v2\/media?parent=35376"}],"wp:term":[{"taxonomy":"pwb-brand","embeddable":true,"href":"https:\/\/fvcomponentes.com\/pt\/wp-json\/wp\/v2\/pwb-brand?post=35376"},{"taxonomy":"product_brand","embeddable":true,"href":"https:\/\/fvcomponentes.com\/pt\/wp-json\/wp\/v2\/product_brand?post=35376"},{"taxonomy":"product_cat","embeddable":true,"href":"https:\/\/fvcomponentes.com\/pt\/wp-json\/wp\/v2\/product_cat?post=35376"},{"taxonomy":"product_tag","embeddable":true,"href":"https:\/\/fvcomponentes.com\/pt\/wp-json\/wp\/v2\/product_tag?post=35376"}],"curies":[{"name":"wp","href":"https:\/\/api.w.org\/{rel}","templated":true}]}}