{"id":35369,"date":"2026-01-08T13:02:04","date_gmt":"2026-01-08T12:02:04","guid":{"rendered":"https:\/\/fvcomponentes.com\/?post_type=product&#038;p=35369"},"modified":"2026-01-12T08:43:03","modified_gmt":"2026-01-12T07:43:03","slug":"kit-de-cabo-de-bateria-do-inversor-35mm%c2%b2-mega-125a-fusivel","status":"publish","type":"product","link":"https:\/\/fvcomponentes.com\/pt\/producto\/kit-de-cables-bateria-inversor-35mm%c2%b2-fusible-mega-125a\/","title":{"rendered":"Kit de cabos do inversor de bateria 35mm\u00b2 + Fus\u00edvel MEGA 125A"},"content":{"rendered":"<p data-start=\"1314\" data-end=\"1671\">Este kit inclui tudo o que necessita para ligar o seu banco de baterias ao seu inversor de uma forma simples, segura e profissional. Inclui cablagem espec\u00edfica para baterias de 35 mm\u00b2 com terminais engastados e prontos a montar, suporte de fus\u00edvel Victron e um fus\u00edvel MEGA de 125A, para proteger a linha CC contra sobrecargas e curto-circuitos.<\/p>\n<p data-start=\"1673\" data-end=\"1814\">Ideal se procura uma instala\u00e7\u00e3o fi\u00e1vel e organizada e n\u00e3o quer perder tempo a cortar, cravar ou escolher componentes: Basta montar, apertar e j\u00e1 est\u00e1.<\/p>\n<h2>O que est\u00e1 inclu\u00eddo no kit de cablagem do inversor de bateria de 35 mm\u00b2 + fus\u00edveis de 125A?<\/h2>\n<p><strong>1x Cabo preto 35 mm\u00b2 - 200 cm:<\/strong> Terminal M8 (inversor) + terminal M6 (bateria)<br \/>\n<strong>1x Cabo vermelho 35 mm\u00b2 - 160 cm:<\/strong> Terminal M8 (inversor) + terminal M8 (porta-fus\u00edvel)<br \/>\n<strong>1x Cabo vermelho 35 mm\u00b2 - 30 cm:<\/strong> Terminal M8 (suporte do fus\u00edvel) + terminal M6 (bateria)<br \/>\n1x Porta-fus\u00edvel Porta-fus\u00edvel para MEGA-fus\u00edvel Victron - CIP000100001<br \/>\n1x Fus\u00edvel cer\u00e2mico Victron MEGA-fuse 125A\/80V (5 pe\u00e7as) - CIP138150020<\/p>\n<p><strong>Importante:<\/strong> o fus\u00edvel deve ser sempre instalado no lado positivo e o mais pr\u00f3ximo poss\u00edvel da bateria para uma prote\u00e7\u00e3o eficaz.<\/p>\n<h2>Em que instala\u00e7\u00f5es posso utilizar este kit de bateria?<\/h2>\n<p data-start=\"2935\" data-end=\"3231\">Este kit foi concebido para instala\u00e7\u00f5es de baterias de chumbo-\u00e1cido e de l\u00edtio.<\/p>\n<p data-start=\"2935\" data-end=\"3231\">\u00c9 recomendado para linhas DC at\u00e9 125A. Est\u00e1 dimensionado para inversores de pot\u00eancia de 48V e 3000VA, como o <a href=\"https:\/\/fvcomponentes.com\/pt\/produto\/inversor-victron-multiplus-ii-gx-48-3000va-48v-3532a\/\" target=\"_blank\" rel=\"noopener\">Carregador de Inversor Victron MultiPlus II GX 48\/3000VA 48V 35A+32A - PMP482306000<\/a> ou o <a href=\"https:\/\/fvcomponentes.com\/pt\/produto\/inversor-victron-multiplus-ii-3000va-48v-3532a\/\" target=\"_blank\" rel=\"noopener\">Carregador de Inversor Victron MultiPlus II 48\/3000VA 48V 35A-32A - PMP482305010<\/a><br \/>\nPara inversores mais potentes ou instala\u00e7\u00f5es de 12V ou 24V, pode ser necess\u00e1rio aumentar a sec\u00e7\u00e3o transversal (por exemplo, para 50mm\u00b2) e aumentar a classifica\u00e7\u00e3o do fus\u00edvel.<\/p>\n<p data-start=\"2935\" data-end=\"3231\"><strong><a href=\"https:\/\/fvcomponentes.com\/pt\/categoria-produto\/equipamento-eletrico\/cabos-electricos\/\" target=\"_blank\" rel=\"noopener\">Consulte aqui os restantes kits dispon\u00edveis<\/a><\/strong><\/p>\n<p data-start=\"3233\" data-end=\"3376\">Tamb\u00e9m pode ler o nosso artigo sobre dimensionamento: <strong><a href=\"https:\/\/fvcomponentes.com\/pt\/como-calcular-a-seccao-transversal-de-um-cabo\/\" target=\"_blank\" rel=\"noopener\">Como calcular a sec\u00e7\u00e3o transversal de um cabo?<\/a><\/strong><\/p>\n<h2 data-start=\"1761\" data-end=\"1801\">Vantagens do kit de cablagem<\/h2>\n<ul>\n<li data-start=\"1804\" data-end=\"1878\"><strong data-start=\"1804\" data-end=\"1823\">Cabos de 35 mm\u00b2<\/strong>: elevada capacidade de corrente e menor queda de tens\u00e3o.<\/li>\n<li data-start=\"1881\" data-end=\"1953\"><strong data-start=\"1881\" data-end=\"1905\">Terminais de cravar<\/strong>Pronto a instalar, n\u00e3o s\u00e3o necess\u00e1rias ferramentas especiais.<\/li>\n<li data-start=\"1956\" data-end=\"2019\"><strong data-start=\"1956\" data-end=\"1979\">Prote\u00e7\u00e3o inclu\u00edda<\/strong>: porta-fus\u00edveis + fus\u00edveis MEGA Victron 125A.<\/li>\n<li data-start=\"2022\" data-end=\"2092\"><strong data-start=\"2022\" data-end=\"2055\">Instala\u00e7\u00e3o limpa e segura<\/strong>sem complica\u00e7\u00f5es desnecess\u00e1rias.<\/li>\n<li data-start=\"2095\" data-end=\"2154\"><strong data-start=\"2095\" data-end=\"2118\">Componentes Victron<\/strong>: m\u00e1xima fiabilidade em corrente cont\u00ednua<\/li>\n<\/ul>\n<h2>Perguntas mais frequentes<\/h2>\n<h3>Este kit \u00e9 adequado para baterias de l\u00edtio?<\/h3>\n<p>Sim, foi concebido para baterias de l\u00edtio e de chumbo-\u00e1cido, desde que a corrente de funcionamento esteja dentro dos limites recomendados.<\/p>\n<h3>Onde est\u00e1 instalado o suporte do fus\u00edvel?<\/h3>\n<p>No positivo, entre a bateria e o inversor, e o mais pr\u00f3ximo poss\u00edvel da bateria para proteger corretamente a cablagem. Utilize o cabo curto para ir da bateria para o porta-fus\u00edvel e o cabo longo para ir do porta-fus\u00edvel para o inversor.<\/p>\n<h3>Inclui tudo o que \u00e9 necess\u00e1rio para o instalar?<\/h3>\n<p>Inclui cablagem com terminais de engaste, suporte de fus\u00edvel Victron e fus\u00edvel MEGA. S\u00f3 precisa de ferramentas b\u00e1sicas para fixar e apertar.<\/p>\n<h3>Precisa de ajuda para escolher o kit certo?<\/h3>\n<p>Contacte-nos! Pode escrever-nos para <a href=\"mailto:comercial@fvcomponentes.com\">comercial@fvcomponentes.com<\/a> ou para <a href=\"mailto:info@fvcomponentes.com\">info@fvcomponentes.com<\/a> se a sua pergunta for mais t\u00e9cnica.<\/p>","protected":false},"excerpt":{"rendered":"<p><strong>1x Cabo preto 35 mm\u00b2 - 200 cm:<\/strong> Terminal M8 (inversor) + terminal M6 (bateria)<br \/>\n<strong>1x Cabo vermelho 35 mm\u00b2 - 160 cm:<\/strong> Terminal M8 (inversor) + terminal M8 (porta-fus\u00edvel)<br \/>\n<strong>1x Cabo vermelho 35 mm\u00b2 - 30 cm:<\/strong> Terminal M8 (suporte do fus\u00edvel) + terminal M6 (bateria)<br \/>\n1x Porta-fus\u00edvel Porta-fus\u00edvel para MEGA-fus\u00edvel Victron - CIP000100001<br \/>\n1x Fus\u00edvel cer\u00e2mico Victron MEGA-fuse 125A\/80V (5 pe\u00e7as) - CIP138150020<\/p>","protected":false},"featured_media":35406,"comment_status":"closed","ping_status":"closed","template":"","meta":{"site-sidebar-layout":"default","site-content-layout":"","ast-site-content-layout":"default","site-content-style":"default","site-sidebar-style":"default","ast-global-header-display":"","ast-banner-title-visibility":"","ast-main-header-display":"","ast-hfb-above-header-display":"","ast-hfb-below-header-display":"","ast-hfb-mobile-header-display":"","site-post-title":"","ast-breadcrumbs-content":"","ast-featured-img":"","footer-sml-layout":"","ast-disable-related-posts":"","theme-transparent-header-meta":"default","adv-header-id-meta":"","stick-header-meta":"","header-above-stick-meta":"","header-main-stick-meta":"","header-below-stick-meta":"","astra-migrate-meta-layouts":"set","ast-page-background-enabled":"default","ast-page-background-meta":{"desktop":{"background-color":"var(--ast-global-color-4)","background-image":"","background-repeat":"repeat","background-position":"center center","background-size":"auto","background-attachment":"scroll","background-type":"","background-media":"","overlay-type":"","overlay-color":"","overlay-opacity":"","overlay-gradient":""},"tablet":{"background-color":"","background-image":"","background-repeat":"repeat","background-position":"center center","background-size":"auto","background-attachment":"scroll","background-type":"","background-media":"","overlay-type":"","overlay-color":"","overlay-opacity":"","overlay-gradient":""},"mobile":{"background-color":"","background-image":"","background-repeat":"repeat","background-position":"center center","background-size":"auto","background-attachment":"scroll","background-type":"","background-media":"","overlay-type":"","overlay-color":"","overlay-opacity":"","overlay-gradient":""}},"ast-content-background-meta":{"desktop":{"background-color":"var(--ast-global-color-5)","background-image":"","background-repeat":"repeat","background-position":"center center","background-size":"auto","background-attachment":"scroll","background-type":"","background-media":"","overlay-type":"","overlay-color":"","overlay-opacity":"","overlay-gradient":""},"tablet":{"background-color":"var(--ast-global-color-5)","background-image":"","background-repeat":"repeat","background-position":"center center","background-size":"auto","background-attachment":"scroll","background-type":"","background-media":"","overlay-type":"","overlay-color":"","overlay-opacity":"","overlay-gradient":""},"mobile":{"background-color":"var(--ast-global-color-5)","background-image":"","background-repeat":"repeat","background-position":"center center","background-size":"auto","background-attachment":"scroll","background-type":"","background-media":"","overlay-type":"","overlay-color":"","overlay-opacity":"","overlay-gradient":""}}},"pwb-brand":[332],"product_brand":[],"product_cat":[464,877,465,410],"product_tag":[],"class_list":{"0":"post-35369","1":"product","2":"type-product","3":"status-publish","4":"has-post-thumbnail","6":"pwb-brand-victron","7":"product_cat-kits-solares","8":"product_cat-cables-electricos","9":"product_cat-kit-solar-aislada","10":"product_cat-material-electrico","11":"desktop-align-left","12":"tablet-align-left","13":"mobile-align-left","14":"ast-product-gallery-layout-horizontal-slider","15":"ast-product-gallery-with-no-image","16":"ast-product-tabs-layout-horizontal","18":"first","19":"instock","20":"taxable","21":"shipping-taxable","22":"purchasable","23":"product-type-simple"},"wcpa_form_fields":null,"brands":[{"id":332,"name":"Victron Energia","slug":"victron"}],"_links":{"self":[{"href":"https:\/\/fvcomponentes.com\/pt\/wp-json\/wp\/v2\/product\/35369","targetHints":{"allow":["GET"]}}],"collection":[{"href":"https:\/\/fvcomponentes.com\/pt\/wp-json\/wp\/v2\/product"}],"about":[{"href":"https:\/\/fvcomponentes.com\/pt\/wp-json\/wp\/v2\/types\/product"}],"replies":[{"embeddable":true,"href":"https:\/\/fvcomponentes.com\/pt\/wp-json\/wp\/v2\/comments?post=35369"}],"wp:featuredmedia":[{"embeddable":true,"href":"https:\/\/fvcomponentes.com\/pt\/wp-json\/wp\/v2\/media\/35406"}],"wp:attachment":[{"href":"https:\/\/fvcomponentes.com\/pt\/wp-json\/wp\/v2\/media?parent=35369"}],"wp:term":[{"taxonomy":"pwb-brand","embeddable":true,"href":"https:\/\/fvcomponentes.com\/pt\/wp-json\/wp\/v2\/pwb-brand?post=35369"},{"taxonomy":"product_brand","embeddable":true,"href":"https:\/\/fvcomponentes.com\/pt\/wp-json\/wp\/v2\/product_brand?post=35369"},{"taxonomy":"product_cat","embeddable":true,"href":"https:\/\/fvcomponentes.com\/pt\/wp-json\/wp\/v2\/product_cat?post=35369"},{"taxonomy":"product_tag","embeddable":true,"href":"https:\/\/fvcomponentes.com\/pt\/wp-json\/wp\/v2\/product_tag?post=35369"}],"curies":[{"name":"wp","href":"https:\/\/api.w.org\/{rel}","templated":true}]}}