{"id":35356,"date":"2026-01-29T20:35:28","date_gmt":"2026-01-29T19:35:28","guid":{"rendered":"https:\/\/fvcomponentes.com\/?post_type=product&#038;p=35356"},"modified":"2026-01-29T20:35:30","modified_gmt":"2026-01-29T19:35:30","slug":"pytes-e-bk1-pytes-e-box-48100r-suportes-para-pilhas-151204100208","status":"publish","type":"product","link":"https:\/\/fvcomponentes.com\/pt\/producto\/soportes-e-bk1-pytes-para-baterias-e-box-48100r-151204100208\/","title":{"rendered":"Suportes de bateria Pytes E BK1 E-BOX-48100R - 151204100208"},"content":{"rendered":"<h2>Suportes de bateria Pytes E BK1 E-BOX-48100R - 151204100208<\/h2>\n<p>Os suportes Pytes E BK1 foram especificamente concebidos para facilitar a organiza\u00e7\u00e3o, o empilhamento e a instala\u00e7\u00e3o de baterias modulares E-BOX-48100R de forma segura, est\u00e1vel e compacta.<\/p>\n<p>Estes suportes permitem que at\u00e9 seis baterias sejam empilhadas verticalmente umas sobre as outras, assegurando uma \u00f3ptima circula\u00e7\u00e3o de ar para uma dissipa\u00e7\u00e3o eficiente do calor. Isto prolonga a vida \u00fatil da bateria e optimiza o seu desempenho.<\/p>\n<h2>Carater\u00edsticas do suporte E BK1 Pytes<\/h2>\n<h3>Conce\u00e7\u00e3o<\/h3>\n<p>As caixas E BK1 s\u00e3o fabricadas em a\u00e7o galvanizado (SGCC), o que garante resist\u00eancia mec\u00e2nica e prote\u00e7\u00e3o contra a corros\u00e3o para aplica\u00e7\u00f5es em interiores.<\/p>\n<p>O seu design modular, funcional e aberto permite uma melhor dissipa\u00e7\u00e3o do calor, tornando-os ideais para instala\u00e7\u00f5es dom\u00e9sticas, bem como para sistemas comerciais ou industriais.<\/p>\n<p>A E BK1 tem uma base robusta e est\u00e1vel para a bateria E-BOX-48100R, que garante durabilidade e estabilidade e evita vibra\u00e7\u00f5es ou desloca\u00e7\u00f5es durante a utiliza\u00e7\u00e3o normal.<\/p>\n<h3>Dissipa\u00e7\u00e3o de calor<\/h3>\n<p>Os suportes E BK1 facilitam a ventila\u00e7\u00e3o natural entre as unidades de bateria, o que contribui para uma melhor dissipa\u00e7\u00e3o do calor, uma \u00f3ptima circula\u00e7\u00e3o do ar e, em geral, uma maior durabilidade e seguran\u00e7a do sistema.<\/p>\n<h3>Empilhamento vertical<\/h3>\n<p>A E BK1 permite que at\u00e9 seis baterias E-BOX-48100R sejam empilhadas verticalmente, economizando espa\u00e7o e promovendo uma configura\u00e7\u00e3o organizada.<\/p>\n<h3>Instala\u00e7\u00e3o e manuten\u00e7\u00e3o<\/h3>\n<p>Os suportes E BK1 destinam-se \u00e0 montagem no ch\u00e3o ou na base, mas tamb\u00e9m permitem configura\u00e7\u00f5es estruturais em que v\u00e1rias baterias t\u00eam de ser empilhadas verticalmente e fixadas de forma segura.<\/p>\n<p>A manuten\u00e7\u00e3o \u00e9 facilitada porque o acesso a cada bateria \u00e9 livre para inspe\u00e7\u00e3o, liga\u00e7\u00e3o ou substitui\u00e7\u00e3o.<\/p>\n<h3>Compatibilidade<\/h3>\n<p>Os E BK1 s\u00e3o especificamente concebidos para os m\u00f3dulos de bateria Pytes E-Box 48100R.<\/p>\n<p>Gra\u00e7as \u00e0 sua conce\u00e7\u00e3o modular e normalizada, estes suportes podem ser integrados tanto em novas instala\u00e7\u00f5es como em sistemas existentes, sem necessidade de estruturas adicionais volumosas ou dispendiosas.<\/p>\n<h2>O que est\u00e1 inclu\u00eddo nos suportes E BK1?<\/h2>\n<p>O E BK1 inclui tudo o que \u00e9 necess\u00e1rio para uma instala\u00e7\u00e3o b\u00e1sica e segura:<\/p>\n<ul>\n<li><strong>1 suporte frontal direito e 1 suporte frontal esquerdo<\/strong>: segurar a parte da frente da pilha<\/li>\n<li><strong>2 suportes traseiros:<\/strong> que fixam a parte de tr\u00e1s da bateria e completam a estrutura.<\/li>\n<li><strong>4 parafusos hexagonais:<\/strong> para uma fixa\u00e7\u00e3o firme<\/li>\n<li><strong>8 parafusos de cabe\u00e7a cruzada (Phillips):<\/strong> para fixar os suportes \u00e0 estrutura da bateria<\/li>\n<li><strong>1 manual de instru\u00e7\u00f5es:<\/strong> para facilitar a montagem e a instala\u00e7\u00e3o dos suportes<\/li>\n<\/ul>\n<h2>Especifica\u00e7\u00f5es t\u00e9cnicas dos suportes de bateria Pytes E BK1 Pytes E-BOX-48100R - 151204100208<\/h2>\n<table>\n<thead>\n<tr>\n<th><strong>Especifica\u00e7\u00e3o<\/strong><\/th>\n<th><strong>Valor \/ Detalhe<\/strong><\/th>\n<\/tr>\n<\/thead>\n<tbody>\n<tr>\n<td><strong>Modelo \/ Produto<\/strong><\/td>\n<td>Apoio E BK1<\/td>\n<\/tr>\n<tr>\n<td><strong>N\u00famero de pe\u00e7a \/ MPN<\/strong><\/td>\n<td>151204100208<\/td>\n<\/tr>\n<tr>\n<td><strong>Compatibilidade<\/strong><\/td>\n<td>Concebida para baterias Pytes <em>E-BOX-48100R<\/em><\/td>\n<\/tr>\n<tr>\n<td><strong>Utiliza\u00e7\u00e3o principal<\/strong><\/td>\n<td>Suporte de montagem e empilhamento da bateria<\/td>\n<\/tr>\n<tr>\n<td><b>Empilhamento<\/b><\/td>\n<td>Permite que at\u00e9 6 m\u00f3dulos de bateria sejam empilhados verticalmente<\/td>\n<\/tr>\n<tr>\n<td><strong>Material<\/strong><\/td>\n<td>A\u00e7o galvanizado SGCC<\/td>\n<\/tr>\n<tr>\n<td><strong>Dimens\u00f5es - suporte frontal<\/strong><\/td>\n<td>78,5 \u00d7 40 \u00d7 161,5 mm<\/td>\n<\/tr>\n<tr>\n<td><strong>Dimens\u00f5es - suporte traseiro<\/strong><\/td>\n<td>62,2 \u00d7 76 \u00d7 155 mm<\/td>\n<\/tr>\n<tr>\n<td><strong>Peso\u00a0<\/strong><\/td>\n<td>1,65 kg<\/td>\n<\/tr>\n<tr>\n<td><strong>Instala\u00e7\u00e3o<\/strong><\/td>\n<td>Montagem no ch\u00e3o ou numa base firme<\/td>\n<\/tr>\n<tr>\n<td><strong>Ventila\u00e7\u00e3o \/ conserva\u00e7\u00e3o do calor<\/strong><\/td>\n<td>Espa\u00e7o entre as baterias para circula\u00e7\u00e3o de ar e melhor dissipa\u00e7\u00e3o de calor<\/td>\n<\/tr>\n<tr>\n<td><strong>Elementos que comp\u00f5em os suportes<\/strong><\/td>\n<td>4 suportes e parafusos para fixa\u00e7\u00e3o<\/td>\n<\/tr>\n<\/tbody>\n<\/table>\n<h2>Informa\u00e7\u00f5es t\u00e9cnicas sobre os suportes de bateria Pytes E BK1 E-BOX-48100R - 151204100208<\/h2>\n<p><a href=\"https:\/\/fvcomponentes.com\/wp-content\/uploads\/2025\/12\/Pytes-E-BK1-Brackets-Datenblatt.pdf\" target=\"_blank\" rel=\"noopener\">E Folha de dados dos suportes E BK1 Pytes<\/a><\/p>\n<p><a href=\"https:\/\/fvcomponentes.com\/wp-content\/uploads\/2025\/12\/Pytes-E-BK1-Brackets-Installationsanleitung-Bedienungsanleitung-1.pdf\" target=\"_blank\" rel=\"noopener\">E BK1 Pytes E-Brackets Guia de instala\u00e7\u00e3o<\/a><\/p>","protected":false},"excerpt":{"rendered":"<ul>\n<li>Empilhamento m\u00e1ximo: at\u00e9 6 baterias E-Box 48100R<\/li>\n<li>Fixa\u00e7\u00e3o no ch\u00e3o<\/li>\n<li>Material: A\u00e7o galvanizado (SGCC)<\/li>\n<li>Suporte frontal: 7,85 x 4 x 16,15 cm<\/li>\n<li>Suporte traseiro: 6,22 x 7,6 x 15,5 cm<\/li>\n<li>Peso: 1,65 kg<\/li>\n<\/ul>","protected":false},"featured_media":35361,"comment_status":"closed","ping_status":"closed","template":"","meta":{"site-sidebar-layout":"default","site-content-layout":"","ast-site-content-layout":"default","site-content-style":"default","site-sidebar-style":"default","ast-global-header-display":"","ast-banner-title-visibility":"","ast-main-header-display":"","ast-hfb-above-header-display":"","ast-hfb-below-header-display":"","ast-hfb-mobile-header-display":"","site-post-title":"","ast-breadcrumbs-content":"","ast-featured-img":"","footer-sml-layout":"","ast-disable-related-posts":"","theme-transparent-header-meta":"default","adv-header-id-meta":"","stick-header-meta":"","header-above-stick-meta":"","header-main-stick-meta":"","header-below-stick-meta":"","astra-migrate-meta-layouts":"set","ast-page-background-enabled":"default","ast-page-background-meta":{"desktop":{"background-color":"var(--ast-global-color-4)","background-image":"","background-repeat":"repeat","background-position":"center center","background-size":"auto","background-attachment":"scroll","background-type":"","background-media":"","overlay-type":"","overlay-color":"","overlay-opacity":"","overlay-gradient":""},"tablet":{"background-color":"","background-image":"","background-repeat":"repeat","background-position":"center center","background-size":"auto","background-attachment":"scroll","background-type":"","background-media":"","overlay-type":"","overlay-color":"","overlay-opacity":"","overlay-gradient":""},"mobile":{"background-color":"","background-image":"","background-repeat":"repeat","background-position":"center center","background-size":"auto","background-attachment":"scroll","background-type":"","background-media":"","overlay-type":"","overlay-color":"","overlay-opacity":"","overlay-gradient":""}},"ast-content-background-meta":{"desktop":{"background-color":"var(--ast-global-color-5)","background-image":"","background-repeat":"repeat","background-position":"center center","background-size":"auto","background-attachment":"scroll","background-type":"","background-media":"","overlay-type":"","overlay-color":"","overlay-opacity":"","overlay-gradient":""},"tablet":{"background-color":"var(--ast-global-color-5)","background-image":"","background-repeat":"repeat","background-position":"center center","background-size":"auto","background-attachment":"scroll","background-type":"","background-media":"","overlay-type":"","overlay-color":"","overlay-opacity":"","overlay-gradient":""},"mobile":{"background-color":"var(--ast-global-color-5)","background-image":"","background-repeat":"repeat","background-position":"center center","background-size":"auto","background-attachment":"scroll","background-type":"","background-media":"","overlay-type":"","overlay-color":"","overlay-opacity":"","overlay-gradient":""}}},"pwb-brand":[],"product_brand":[],"product_cat":[340,414],"product_tag":[],"class_list":{"0":"post-35356","1":"product","2":"type-product","3":"status-publish","4":"has-post-thumbnail","6":"product_cat-baterias","7":"product_cat-armarios-rack-para-baterias","8":"desktop-align-left","9":"tablet-align-left","10":"mobile-align-left","11":"ast-product-gallery-layout-horizontal-slider","12":"ast-product-tabs-layout-horizontal","14":"first","15":"instock","16":"taxable","17":"shipping-taxable","18":"purchasable","19":"product-type-simple"},"wcpa_form_fields":null,"brands":[],"_links":{"self":[{"href":"https:\/\/fvcomponentes.com\/pt\/wp-json\/wp\/v2\/product\/35356","targetHints":{"allow":["GET"]}}],"collection":[{"href":"https:\/\/fvcomponentes.com\/pt\/wp-json\/wp\/v2\/product"}],"about":[{"href":"https:\/\/fvcomponentes.com\/pt\/wp-json\/wp\/v2\/types\/product"}],"replies":[{"embeddable":true,"href":"https:\/\/fvcomponentes.com\/pt\/wp-json\/wp\/v2\/comments?post=35356"}],"wp:featuredmedia":[{"embeddable":true,"href":"https:\/\/fvcomponentes.com\/pt\/wp-json\/wp\/v2\/media\/35361"}],"wp:attachment":[{"href":"https:\/\/fvcomponentes.com\/pt\/wp-json\/wp\/v2\/media?parent=35356"}],"wp:term":[{"taxonomy":"pwb-brand","embeddable":true,"href":"https:\/\/fvcomponentes.com\/pt\/wp-json\/wp\/v2\/pwb-brand?post=35356"},{"taxonomy":"product_brand","embeddable":true,"href":"https:\/\/fvcomponentes.com\/pt\/wp-json\/wp\/v2\/product_brand?post=35356"},{"taxonomy":"product_cat","embeddable":true,"href":"https:\/\/fvcomponentes.com\/pt\/wp-json\/wp\/v2\/product_cat?post=35356"},{"taxonomy":"product_tag","embeddable":true,"href":"https:\/\/fvcomponentes.com\/pt\/wp-json\/wp\/v2\/product_tag?post=35356"}],"curies":[{"name":"wp","href":"https:\/\/api.w.org\/{rel}","templated":true}]}}