{"id":35320,"date":"2026-01-29T20:35:08","date_gmt":"2026-01-29T19:35:08","guid":{"rendered":"https:\/\/fvcomponentes.com\/?post_type=product&#038;p=35320"},"modified":"2026-01-29T20:35:10","modified_gmt":"2026-01-29T19:35:10","slug":"v-box-oc-pytes-for-v5-and-v5%ce%b1-plus-batteries-110409100154","status":"publish","type":"product","link":"https:\/\/fvcomponentes.com\/pt\/producto\/caja-v-box-oc-pytes-para-baterias-v5-y-v5%ce%b1-plus-110409100154\/","title":{"rendered":"V-BOX-OC Pytes Caixa V-BOX-OC para baterias V5 e V5\u03b1 PLUS - 110409100154"},"content":{"rendered":"<h2>V-BOX-OC Caixa Pytes para baterias V5 e V5\u03b1 PLUS - 110409100154<\/h2>\n<p>A Pytes V-BOX-OC Box \u00e9 uma solu\u00e7\u00e3o de armazenamento de energia exterior de alto desempenho, robusta e escal\u00e1vel, concebida especificamente para os m\u00f3dulos de bateria Pytes V5 e V5\u03b1 PLUS, capaz de acomodar at\u00e9 4 baterias com at\u00e9 20 kWh por caixa.<\/p>\n<p>A sua estrutura robusta, a ventila\u00e7\u00e3o passiva, os barramentos integrados, a prote\u00e7\u00e3o contra as intemp\u00e9ries, a facilidade de instala\u00e7\u00e3o, a arquitetura modular e a compatibilidade com a maioria dos inversores existentes no mercado fazem dela uma solu\u00e7\u00e3o vers\u00e1til e duradoura para sistemas solares, reserva de energia ou projectos exteriores fora da rede.<\/p>\n<h2>Carater\u00edsticas da caixa de prote\u00e7\u00e3o V-BOX-OC Pytes<\/h2>\n<h3>Conce\u00e7\u00e3o e seguran\u00e7a<\/h3>\n<p>A V-BOX-OC \u00e9 constru\u00edda em a\u00e7o galvanizado SGCC resistente e tem um grau de prote\u00e7\u00e3o IP55, o que a torna especialmente adequada para ambientes exteriores onde enfrenta poeira, chuva, neve, humidade, flutua\u00e7\u00f5es de temperatura e altera\u00e7\u00f5es clim\u00e1ticas sem comprometer a seguran\u00e7a dos componentes internos. Isto permite a instala\u00e7\u00e3o em p\u00e1tios, jardins, telhados ou \u00e1reas t\u00e9cnicas sem ar condicionado sem risco de deteriora\u00e7\u00e3o prematura.<\/p>\n<p>O seu design compacto e elegante inclui vedantes e revestimentos resistentes \u00e0 corros\u00e3o e aos raios UV, que ajudam a manter a integridade estrutural e protegem as baterias da degrada\u00e7\u00e3o devida \u00e0 exposi\u00e7\u00e3o prolongada ao sol.<\/p>\n<p>A V-BOX-OC foi, portanto, concebida para resistir a condi\u00e7\u00f5es exteriores adversas, assegurando uma estabilidade a longo prazo e uma prote\u00e7\u00e3o fi\u00e1vel para os sistemas de armazenamento de energia.<\/p>\n<p>Reflectindo o compromisso da Pytes para com a responsabilidade ambiental, a V-BOX-OC incorpora materiais amigos do ambiente e processos de fabrico sustent\u00e1veis para minimizar a sua pegada ambiental.<\/p>\n<p>A conce\u00e7\u00e3o da ventila\u00e7\u00e3o da V-BOX-OC baseia-se na convec\u00e7\u00e3o natural, o que significa que n\u00e3o s\u00e3o necess\u00e1rios ventiladores ou pe\u00e7as m\u00f3veis, garantindo um funcionamento silencioso e de baixa manuten\u00e7\u00e3o.<\/p>\n<p>A sua fun\u00e7\u00e3o de energia de reserva inteligente e configur\u00e1vel assegura uma alimenta\u00e7\u00e3o el\u00e9ctrica ininterrupta.<\/p>\n<p>Al\u00e9m disso, a caixa V-BOX-OC est\u00e1 equipada com carater\u00edsticas de seguran\u00e7a avan\u00e7adas, incluindo fechaduras e sistemas de alarme.<br \/>\nEste inv\u00f3lucro protege os valiosos sistemas de armazenamento de energia no seu interior contra o acesso n\u00e3o autorizado e o roubo.<\/p>\n<h3>Armazenamento<\/h3>\n<p>A V-BOX-OC pode acomodar at\u00e9 4 m\u00f3dulos de bateria Pytes V5 e V5\u03b1 PLUS, atingindo uma capacidade m\u00e1xima de energia de at\u00e9 20 kWh por caixa.<\/p>\n<p>Gra\u00e7as \u00e0 sua arquitetura escal\u00e1vel, podem ser ligados em paralelo at\u00e9 quatro arm\u00e1rios V-BOX-OC, permitindo que o sistema se expanda para aproximadamente 80 kWh de armazenamento total sem necessidade de componentes externos complexos.<br \/>\nEsta escalabilidade torna-o adequado para sistemas solares dom\u00e9sticos, energia de reserva para pequenas empresas ou instala\u00e7\u00f5es fora da rede.<\/p>\n<h3>Compatibilidade e otimiza\u00e7\u00e3o<\/h3>\n<p>A V-BOX-OC \u00e9 compat\u00edvel com a maioria dos inversores de armazenamento de energia e sistemas ESS dispon\u00edveis no mercado, permitindo uma f\u00e1cil integra\u00e7\u00e3o em infra-estruturas de energia novas e existentes.<\/p>\n<p>Gra\u00e7as ao seu design modular e normalizado, pode ser adaptado a uma variedade de configura\u00e7\u00f5es de sistemas solares ou h\u00edbridos e pode ser integrado em sistemas de gest\u00e3o e monitoriza\u00e7\u00e3o de energia para otimizar o desempenho global do armazenamento de energia.<br \/>\nOu seja, o sistema suporta a monitoriza\u00e7\u00e3o em tempo real, a visualiza\u00e7\u00e3o de dados, as actualiza\u00e7\u00f5es remotas, as notifica\u00e7\u00f5es de alarme e a dete\u00e7\u00e3o de erros, proporcionando um controlo inteligente e uma experi\u00eancia de utilizador optimizada.<\/p>\n<h3>Instala\u00e7\u00e3o e montagem<\/h3>\n<p>A estrutura interna da V-BOX-OC incorpora barramentos e disjuntores CC integrados, o que simplifica a instala\u00e7\u00e3o el\u00e9ctrica e reduz a cablagem, melhorando tanto a seguran\u00e7a como a organiza\u00e7\u00e3o das liga\u00e7\u00f5es.<\/p>\n<p>A caixa tem um design robusto para montagem no ch\u00e3o, que proporciona estabilidade e f\u00e1cil acesso para instalar, inspecionar ou substituir baterias e componentes.<\/p>\n<h2>Especifica\u00e7\u00f5es t\u00e9cnicas da caixa de bateria V-BOX-OC Pytes V5 e V5\u03b1 PLUS<\/h2>\n<table>\n<thead>\n<tr>\n<th><strong>Par\u00e2metro<\/strong><\/th>\n<th><strong>Especifica\u00e7\u00e3o<\/strong><\/th>\n<\/tr>\n<\/thead>\n<tbody>\n<tr>\n<td>Modelo<\/td>\n<td>V-BOX-OC<\/td>\n<\/tr>\n<tr>\n<td>Refer\u00eancia<\/td>\n<td>110409100154<\/td>\n<\/tr>\n<tr>\n<td>Fabricante<\/td>\n<td>Pytes<\/td>\n<\/tr>\n<tr>\n<td>Tipo de produto<\/td>\n<td>Caixa \/ arm\u00e1rio da bateria<\/td>\n<\/tr>\n<tr>\n<td>Utiliza\u00e7\u00e3o recomendada<\/td>\n<td>Exterior<\/td>\n<\/tr>\n<tr>\n<td>Baterias compat\u00edveis<\/td>\n<td>Pytes V5 e V5\u03b1 PLUS<\/td>\n<\/tr>\n<tr>\n<td>N\u00famero m\u00e1ximo de pilhas<\/td>\n<td>4 unidades<\/td>\n<\/tr>\n<tr>\n<td>Capacidade total instalada<\/td>\n<td>20 kWh<\/td>\n<\/tr>\n<tr>\n<td>Expans\u00e3o m\u00e1xima<\/td>\n<td>At\u00e9 4 arm\u00e1rios em paralelo (80 kWh)<\/td>\n<\/tr>\n<tr>\n<td>Material do arm\u00e1rio<\/td>\n<td>A\u00e7o galvanizado SGCC<\/td>\n<\/tr>\n<tr>\n<td>Grau de prote\u00e7\u00e3o<\/td>\n<td>IP55 \/ NEMA3<\/td>\n<\/tr>\n<tr>\n<td>Ventila\u00e7\u00e3o<\/td>\n<td>Convec\u00e7\u00e3o natural (sem ventoinhas)<\/td>\n<\/tr>\n<tr>\n<td>N\u00edvel de ru\u00eddo<\/td>\n<td>Silencioso<\/td>\n<\/tr>\n<tr>\n<td>Dimens\u00f5es (C \u00d7 L \u00d7 A)<\/td>\n<td>645 x 395 x 1395 mm<\/td>\n<\/tr>\n<tr>\n<td>Peso sem carga<\/td>\n<td>88 kg<\/td>\n<\/tr>\n<tr>\n<td>Tipo de montagem<\/td>\n<td>Ch\u00e3o (montagem no ch\u00e3o)<\/td>\n<\/tr>\n<tr>\n<td>Conce\u00e7\u00e3o<\/td>\n<td>Robusto, preparado para o exterior<\/td>\n<\/tr>\n<tr>\n<td>Carater\u00edsticas adicionais<\/td>\n<td>Barramentos integrados, disjuntores de corrente cont\u00ednua, liga\u00e7\u00f5es seguras e organizadas, \u00e0 prova de intemp\u00e9ries<\/td>\n<\/tr>\n<tr>\n<td>Garantia<\/td>\n<td>2 anos<\/td>\n<\/tr>\n<\/tbody>\n<\/table>\n<h2>Informa\u00e7\u00f5es t\u00e9cnicas da V-BOX-OC Pytes para baterias V5 e V5\u03b1 PLUS - 110409100154<\/h2>\n<p><a href=\"https:\/\/fvcomponentes.com\/wp-content\/uploads\/2025\/12\/5965_450-0019-Brochure.pdf\" target=\"_blank\" rel=\"noopener\">Folha de dados do inv\u00f3lucro V-BOX-OC Pytes<\/a><\/p>\n<p><a href=\"https:\/\/fvcomponentes.com\/wp-content\/uploads\/2025\/12\/V-BOX-OC-Installation-Guide-V231129.pdf\" target=\"_blank\" rel=\"noopener\">V-BOX-OC Pytes Guia de instala\u00e7\u00e3o da caixa V-BOX-OC<\/a><\/p>","protected":false},"excerpt":{"rendered":"<ul>\n<li>Para um m\u00e1ximo de 4 baterias Pytes V5 e V5\u03b1 PLUS<\/li>\n<li>Fixa\u00e7\u00e3o no ch\u00e3o.<\/li>\n<li>Material da caixa: SGCC (a\u00e7o galvanizado)<\/li>\n<li>Arrefecimento: Convec\u00e7\u00e3o natural<\/li>\n<li>Adequado para instala\u00e7\u00e3o no exterior<\/li>\n<li>Barramento, disjuntor CC integrado e cabos inclu\u00eddos<\/li>\n<li>Prote\u00e7\u00e3o: IP55 e NEMA 3<\/li>\n<li>Dimens\u00f5es: 64,5 x 39,5 x 139,5 cm<\/li>\n<li>Peso: 88 kg<\/li>\n<\/ul>","protected":false},"featured_media":35324,"comment_status":"closed","ping_status":"closed","template":"","meta":{"site-sidebar-layout":"default","site-content-layout":"","ast-site-content-layout":"default","site-content-style":"default","site-sidebar-style":"default","ast-global-header-display":"","ast-banner-title-visibility":"","ast-main-header-display":"","ast-hfb-above-header-display":"","ast-hfb-below-header-display":"","ast-hfb-mobile-header-display":"","site-post-title":"","ast-breadcrumbs-content":"","ast-featured-img":"","footer-sml-layout":"","ast-disable-related-posts":"","theme-transparent-header-meta":"default","adv-header-id-meta":"","stick-header-meta":"","header-above-stick-meta":"","header-main-stick-meta":"","header-below-stick-meta":"","astra-migrate-meta-layouts":"set","ast-page-background-enabled":"default","ast-page-background-meta":{"desktop":{"background-color":"var(--ast-global-color-4)","background-image":"","background-repeat":"repeat","background-position":"center center","background-size":"auto","background-attachment":"scroll","background-type":"","background-media":"","overlay-type":"","overlay-color":"","overlay-opacity":"","overlay-gradient":""},"tablet":{"background-color":"","background-image":"","background-repeat":"repeat","background-position":"center center","background-size":"auto","background-attachment":"scroll","background-type":"","background-media":"","overlay-type":"","overlay-color":"","overlay-opacity":"","overlay-gradient":""},"mobile":{"background-color":"","background-image":"","background-repeat":"repeat","background-position":"center center","background-size":"auto","background-attachment":"scroll","background-type":"","background-media":"","overlay-type":"","overlay-color":"","overlay-opacity":"","overlay-gradient":""}},"ast-content-background-meta":{"desktop":{"background-color":"var(--ast-global-color-5)","background-image":"","background-repeat":"repeat","background-position":"center center","background-size":"auto","background-attachment":"scroll","background-type":"","background-media":"","overlay-type":"","overlay-color":"","overlay-opacity":"","overlay-gradient":""},"tablet":{"background-color":"var(--ast-global-color-5)","background-image":"","background-repeat":"repeat","background-position":"center center","background-size":"auto","background-attachment":"scroll","background-type":"","background-media":"","overlay-type":"","overlay-color":"","overlay-opacity":"","overlay-gradient":""},"mobile":{"background-color":"var(--ast-global-color-5)","background-image":"","background-repeat":"repeat","background-position":"center center","background-size":"auto","background-attachment":"scroll","background-type":"","background-media":"","overlay-type":"","overlay-color":"","overlay-opacity":"","overlay-gradient":""}}},"pwb-brand":[1007],"product_brand":[],"product_cat":[340,414],"product_tag":[],"class_list":{"0":"post-35320","1":"product","2":"type-product","3":"status-publish","4":"has-post-thumbnail","6":"pwb-brand-baterias-pytes","7":"product_cat-baterias","8":"product_cat-armarios-rack-para-baterias","9":"desktop-align-left","10":"tablet-align-left","11":"mobile-align-left","12":"ast-product-gallery-layout-horizontal-slider","13":"ast-product-tabs-layout-horizontal","15":"first","16":"instock","17":"taxable","18":"shipping-taxable","19":"purchasable","20":"product-type-simple"},"wcpa_form_fields":null,"brands":[{"id":1007,"name":"Pilhas Pytes","slug":"pilhas-pytes"}],"_links":{"self":[{"href":"https:\/\/fvcomponentes.com\/pt\/wp-json\/wp\/v2\/product\/35320","targetHints":{"allow":["GET"]}}],"collection":[{"href":"https:\/\/fvcomponentes.com\/pt\/wp-json\/wp\/v2\/product"}],"about":[{"href":"https:\/\/fvcomponentes.com\/pt\/wp-json\/wp\/v2\/types\/product"}],"replies":[{"embeddable":true,"href":"https:\/\/fvcomponentes.com\/pt\/wp-json\/wp\/v2\/comments?post=35320"}],"wp:featuredmedia":[{"embeddable":true,"href":"https:\/\/fvcomponentes.com\/pt\/wp-json\/wp\/v2\/media\/35324"}],"wp:attachment":[{"href":"https:\/\/fvcomponentes.com\/pt\/wp-json\/wp\/v2\/media?parent=35320"}],"wp:term":[{"taxonomy":"pwb-brand","embeddable":true,"href":"https:\/\/fvcomponentes.com\/pt\/wp-json\/wp\/v2\/pwb-brand?post=35320"},{"taxonomy":"product_brand","embeddable":true,"href":"https:\/\/fvcomponentes.com\/pt\/wp-json\/wp\/v2\/product_brand?post=35320"},{"taxonomy":"product_cat","embeddable":true,"href":"https:\/\/fvcomponentes.com\/pt\/wp-json\/wp\/v2\/product_cat?post=35320"},{"taxonomy":"product_tag","embeddable":true,"href":"https:\/\/fvcomponentes.com\/pt\/wp-json\/wp\/v2\/product_tag?post=35320"}],"curies":[{"name":"wp","href":"https:\/\/api.w.org\/{rel}","templated":true}]}}