{"id":35309,"date":"2026-01-29T20:36:45","date_gmt":"2026-01-29T19:36:45","guid":{"rendered":"https:\/\/fvcomponentes.com\/?post_type=product&#038;p=35309"},"modified":"2026-01-29T20:36:47","modified_gmt":"2026-01-29T19:36:47","slug":"r-box-oc-iv-pytes-box-for-e-box-48100r-batteries-110409100145","status":"publish","type":"product","link":"https:\/\/fvcomponentes.com\/pt\/producto\/caja-r-box-oc-iv-pytes-para-baterias-e-box-48100r-110409100145\/","title":{"rendered":"R-BOX-OC IV Pytes box para baterias E-BOX 48100R - 110409100145"},"content":{"rendered":"<h2>R-BOX-OC IV Pytes box para baterias E-BOX 48100R - 110409100145<\/h2>\n<p>A Pytes R-BOX-OC IV Box \u00e9 um sistema de armazenamento concebido especificamente para utiliza\u00e7\u00e3o no exterior, destinado a alojar at\u00e9 quatro baterias Pytes E-BOX 48100R numa \u00fanica estrutura robusta e resistente, oferecendo uma capacidade total de energia utiliz\u00e1vel de 20,48 kWh e expansibilidade at\u00e9 80 kWh em sistemas paralelos.<\/p>\n<p>Esta caixa faz parte da fam\u00edlia R-BOX-OC, especialmente fabricada para instala\u00e7\u00f5es no exterior, onde \u00e9 necess\u00e1ria uma elevada prote\u00e7\u00e3o contra o p\u00f3, a chuva e condi\u00e7\u00f5es ambientais mais exigentes do que no interior, o que a torna uma das melhores op\u00e7\u00f5es para o armazenamento de energia no exterior.<\/p>\n<p>A sua conce\u00e7\u00e3o com barramentos, disjuntores integrados e arrefecimento por convec\u00e7\u00e3o natural torna-a uma solu\u00e7\u00e3o ideal para projectos de autoconsumo solar e de energia de reserva em ambientes exigentes.<\/p>\n<h2>Carater\u00edsticas da caixa de prote\u00e7\u00e3o R-BOX-OC IV Pytes<\/h2>\n<h3>Concebida para utiliza\u00e7\u00e3o no exterior<\/h3>\n<p>A R-BOX-OC IV \u00e9 fabricada em a\u00e7o galvanizado SGCC de alta resist\u00eancia, o que lhe confere uma estrutura dur\u00e1vel e est\u00e1vel, capaz de resistir a ambientes exteriores sem comprometer a seguran\u00e7a das baterias ou dos componentes internos. Por outras palavras, o seu inv\u00f3lucro resistente \u00e0s intemp\u00e9ries e o design da sua estrutura refor\u00e7ada tornam-na capaz de resistir a ambientes adversos.<\/p>\n<p>A R-BOX-OC IV integra barramentos e disjuntores de corrente cont\u00ednua, o que reduz a cablagem externa, melhora a organiza\u00e7\u00e3o interna e facilita as liga\u00e7\u00f5es aos inversores e a outros elementos do sistema. Al\u00e9m disso, garante uma transfer\u00eancia de energia segura e eficiente e simplifica o processo de instala\u00e7\u00e3o.<\/p>\n<h3>Carater\u00edsticas de seguran\u00e7a avan\u00e7adas<\/h3>\n<p>A R-BOX-OC IV oferece um elevado n\u00edvel de prote\u00e7\u00e3o contra poeiras e jactos de \u00e1gua gra\u00e7as \u00e0 sua prote\u00e7\u00e3o IP55. Isto torna-a adequada para jardins, terra\u00e7os, telhados ou salas t\u00e9cnicas n\u00e3o aquecidas.<\/p>\n<p>A estrutura de elevado formato facilita a distribui\u00e7\u00e3o ordenada dos m\u00f3dulos de bateria, deixando espa\u00e7o para barramentos e disjuntores integrados que melhoram a seguran\u00e7a el\u00e9ctrica global do sistema.<\/p>\n<p>Outra carater\u00edstica de seguran\u00e7a \u00e9 o facto de a caixa funcionar sem ventoinha, ou seja, com arrefecimento por convec\u00e7\u00e3o natural, o que minimiza o ru\u00eddo e elimina a necessidade de manuten\u00e7\u00e3o adicional devido a pe\u00e7as m\u00f3veis. Este design promove um desempenho silencioso e fi\u00e1vel, mesmo quando carregada com baterias instaladas.<\/p>\n<p>Al\u00e9m disso, a caixa Pytes R-BOX-OC IV inclui um sistema de extin\u00e7\u00e3o de inc\u00eandios integrado.<\/p>\n<h3>Armazenamento<\/h3>\n<p>A R-BOX-OC IV foi concebida para acomodar 4 baterias Pytes E-BOX 48100R, cada uma com cerca de 5,12 kWh de energia nominal, permitindo uma capacidade total instalada de 20,48 kWh quando completa com as 4 baterias.<br \/>\nAl\u00e9m disso, o Pytes permite ligar at\u00e9 4 unidades R-BOX-OC em paralelo, possibilitando uma capacidade combinada de at\u00e9 80 kWh.<\/p>\n<p>Por outro lado, a box R-BOX-OC IV pode fornecer uma grande quantidade de energia dispon\u00edvel em qualquer situa\u00e7\u00e3o devido \u00e0 sua bateria de alta capacidade, oferecendo um backup em caso de falha de energia ou desastre natural.<\/p>\n<h3>Compatibilidade<\/h3>\n<p>A R-BOX-OC IV \u00e9 compat\u00edvel com a s\u00e9rie de baterias Pytes E-BOX 48100R, que utiliza uma qu\u00edmica LiFePO4 altamente fi\u00e1vel e duradoura, ideal para solu\u00e7\u00f5es de autoconsumo, backup de cargas cr\u00edticas e armazenamento de energia em instala\u00e7\u00f5es remotas ou exigentes em termos clim\u00e1ticos.<\/p>\n<p>Esta caixa pode ser integrada com a maioria dos inversores e sistemas de gest\u00e3o de energia existentes no mercado, gra\u00e7as ao seu design normalizado e ao esquema de liga\u00e7\u00e3o concebido para uma f\u00e1cil interliga\u00e7\u00e3o com o equipamento el\u00e9trico existente. Isto significa que pode ser integrada sem problemas num sistema de energia existente.<\/p>\n<h3>Instala\u00e7\u00e3o, manuten\u00e7\u00e3o e montagem<\/h3>\n<p>A Pytes concebeu a R-BOX-OC IV tendo em mente a simplicidade de instala\u00e7\u00e3o e manuten\u00e7\u00e3o, com f\u00e1cil acesso aos componentes internos, pontos de liga\u00e7\u00e3o el\u00e9ctrica claramente identificados e uma disposi\u00e7\u00e3o interna que facilita a verifica\u00e7\u00e3o visual e futuras actualiza\u00e7\u00f5es do sistema.<\/p>\n<p>A instala\u00e7\u00e3o desta caixa \u00e9 muito f\u00e1cil devido \u00e0s instru\u00e7\u00f5es f\u00e1ceis de seguir e \u00e0 interface de f\u00e1cil utiliza\u00e7\u00e3o. N\u00e3o \u00e9 necess\u00e1rio nenhum perito para a operar, uma vez que a Pytes tomou as medidas necess\u00e1rias para garantir que qualquer pessoa, com qualquer n\u00edvel de compet\u00eancia, possa utilizar a box R-BOX-OC IV.<\/p>\n<p>A R-BOX-OC IV foi concebida para montagem no ch\u00e3o, proporcionando uma base est\u00e1vel e segura para o peso das baterias e dos acess\u00f3rios integrados.<\/p>\n<h2>R-BOX-OC IV Pytes R-BOX-OC Pytes para baterias E-BOX 48100R Especifica\u00e7\u00f5es t\u00e9cnicas<\/h2>\n<table>\n<thead>\n<tr>\n<th><strong>Par\u00e2metro<\/strong><\/th>\n<th><strong>Especifica\u00e7\u00e3o<\/strong><\/th>\n<\/tr>\n<\/thead>\n<tbody>\n<tr>\n<td>Modelo<\/td>\n<td>R-BOX-OC IV<\/td>\n<\/tr>\n<tr>\n<td>Refer\u00eancia<\/td>\n<td>110409100145<\/td>\n<\/tr>\n<tr>\n<td>Fabricante<\/td>\n<td>Pytes<\/td>\n<\/tr>\n<tr>\n<td>Tipo de produto<\/td>\n<td>Caixa \/ arm\u00e1rio da bateria<\/td>\n<\/tr>\n<tr>\n<td>Aplica\u00e7\u00e3o<\/td>\n<td>Armazenamento e reserva de energia solar<\/td>\n<\/tr>\n<tr>\n<td>Utiliza\u00e7\u00e3o recomendada<\/td>\n<td>Exterior<\/td>\n<\/tr>\n<tr>\n<td>Baterias compat\u00edveis<\/td>\n<td>Pytes E-BOX 48100R<\/td>\n<\/tr>\n<tr>\n<td>N\u00famero m\u00e1ximo de pilhas<\/td>\n<td>4 unidades<\/td>\n<\/tr>\n<tr>\n<td>Capacidade total instalada<\/td>\n<td>20,48 kWh<\/td>\n<\/tr>\n<tr>\n<td>Expans\u00e3o m\u00e1xima<\/td>\n<td>At\u00e9 4 caixas em paralelo (80 kWh)<\/td>\n<\/tr>\n<tr>\n<td>Corrente padr\u00e3o de carga\/descarga<\/td>\n<td>200 A<\/td>\n<\/tr>\n<tr>\n<td>Material do arm\u00e1rio<\/td>\n<td>A\u00e7o galvanizado SGCC<\/td>\n<\/tr>\n<tr>\n<td>Grau de prote\u00e7\u00e3o<\/td>\n<td>IP65 \/ NEMA 3R<\/td>\n<\/tr>\n<tr>\n<td>Ventila\u00e7\u00e3o<\/td>\n<td>Natural (sem ventiladores)<\/td>\n<\/tr>\n<tr>\n<td>N\u00edvel de ru\u00eddo<\/td>\n<td>Silencioso<\/td>\n<\/tr>\n<tr>\n<td>Temperatura de funcionamento<\/td>\n<td>Carregamento: 0 - 56\u00b0C, Descarregamento: -10 - 50\u00b0C<\/td>\n<\/tr>\n<tr>\n<td>Barramentos positivo e negativo da bateria<\/td>\n<td>300A, 2*12 pontos, an\u00e9is de terminais M8\/M6<\/td>\n<\/tr>\n<tr>\n<td>Disjuntor<\/td>\n<td>100A<\/td>\n<\/tr>\n<tr>\n<td>Dimens\u00f5es (C \u00d7 L \u00d7 A)<\/td>\n<td>800 \u00d7 330 \u00d7 1575 mm<\/td>\n<\/tr>\n<tr>\n<td>Peso sem carga<\/td>\n<td>80 kg<\/td>\n<\/tr>\n<tr>\n<td>Tipo de montagem<\/td>\n<td>Ch\u00e3o (montagem no ch\u00e3o)<\/td>\n<\/tr>\n<tr>\n<td>Conce\u00e7\u00e3o<\/td>\n<td>Robusto, preparado para o exterior<\/td>\n<\/tr>\n<tr>\n<td>Carater\u00edsticas adicionais<\/td>\n<td>Barramentos integrados, disjuntores de corrente cont\u00ednua, liga\u00e7\u00f5es seguras e organizadas, \u00e0 prova de intemp\u00e9ries<\/td>\n<\/tr>\n<tr>\n<td>Garantia<\/td>\n<td>2 anos<\/td>\n<\/tr>\n<\/tbody>\n<\/table>\n<h2>Informa\u00e7\u00f5es t\u00e9cnicas da caixa Pytes R-BOX-OC IV para baterias E-BOX 48100R - 110409100145<\/h2>\n<p><a href=\"https:\/\/fvcomponentes.com\/wp-content\/uploads\/2025\/12\/d2a03b5c7aeb14f8153e91bb058e3a2e-1.pdf\" target=\"_blank\" rel=\"noopener\">Caixa de dados R-BOX-OC IV Pytes<\/a><\/p>\n<p><a href=\"https:\/\/fvcomponentes.com\/wp-content\/uploads\/2025\/12\/pytes_48100r_quickStartGuide.pdf\" target=\"_blank\" rel=\"noopener\">Guia de instala\u00e7\u00e3o R-BOX-OC IV Pytes box<\/a><\/p>","protected":false},"excerpt":{"rendered":"<ul>\n<li>Para um m\u00e1ximo de 4 baterias Pytes E-Box 48100R<\/li>\n<li>Fixa\u00e7\u00e3o no ch\u00e3o.<\/li>\n<li>Material da caixa: SGCC (a\u00e7o galvanizado)<\/li>\n<li>Arrefecimento: Convec\u00e7\u00e3o natural<\/li>\n<li>Adequado para instala\u00e7\u00e3o no exterior<\/li>\n<li>Barramento, disjuntor CC integrado e cabos inclu\u00eddos<\/li>\n<li>Prote\u00e7\u00e3o: IP55 e NEMA 3<\/li>\n<li>Dimens\u00f5es: 80 x 30 x 157,5 cm<\/li>\n<li>Peso: 80 kg<\/li>\n<\/ul>","protected":false},"featured_media":35313,"comment_status":"closed","ping_status":"closed","template":"","meta":{"site-sidebar-layout":"default","site-content-layout":"","ast-site-content-layout":"default","site-content-style":"default","site-sidebar-style":"default","ast-global-header-display":"","ast-banner-title-visibility":"","ast-main-header-display":"","ast-hfb-above-header-display":"","ast-hfb-below-header-display":"","ast-hfb-mobile-header-display":"","site-post-title":"","ast-breadcrumbs-content":"","ast-featured-img":"","footer-sml-layout":"","ast-disable-related-posts":"","theme-transparent-header-meta":"default","adv-header-id-meta":"","stick-header-meta":"","header-above-stick-meta":"","header-main-stick-meta":"","header-below-stick-meta":"","astra-migrate-meta-layouts":"set","ast-page-background-enabled":"default","ast-page-background-meta":{"desktop":{"background-color":"var(--ast-global-color-4)","background-image":"","background-repeat":"repeat","background-position":"center center","background-size":"auto","background-attachment":"scroll","background-type":"","background-media":"","overlay-type":"","overlay-color":"","overlay-opacity":"","overlay-gradient":""},"tablet":{"background-color":"","background-image":"","background-repeat":"repeat","background-position":"center center","background-size":"auto","background-attachment":"scroll","background-type":"","background-media":"","overlay-type":"","overlay-color":"","overlay-opacity":"","overlay-gradient":""},"mobile":{"background-color":"","background-image":"","background-repeat":"repeat","background-position":"center center","background-size":"auto","background-attachment":"scroll","background-type":"","background-media":"","overlay-type":"","overlay-color":"","overlay-opacity":"","overlay-gradient":""}},"ast-content-background-meta":{"desktop":{"background-color":"var(--ast-global-color-5)","background-image":"","background-repeat":"repeat","background-position":"center center","background-size":"auto","background-attachment":"scroll","background-type":"","background-media":"","overlay-type":"","overlay-color":"","overlay-opacity":"","overlay-gradient":""},"tablet":{"background-color":"var(--ast-global-color-5)","background-image":"","background-repeat":"repeat","background-position":"center center","background-size":"auto","background-attachment":"scroll","background-type":"","background-media":"","overlay-type":"","overlay-color":"","overlay-opacity":"","overlay-gradient":""},"mobile":{"background-color":"var(--ast-global-color-5)","background-image":"","background-repeat":"repeat","background-position":"center center","background-size":"auto","background-attachment":"scroll","background-type":"","background-media":"","overlay-type":"","overlay-color":"","overlay-opacity":"","overlay-gradient":""}}},"pwb-brand":[1007],"product_brand":[],"product_cat":[340,414],"product_tag":[],"class_list":{"0":"post-35309","1":"product","2":"type-product","3":"status-publish","4":"has-post-thumbnail","6":"pwb-brand-baterias-pytes","7":"product_cat-baterias","8":"product_cat-armarios-rack-para-baterias","9":"desktop-align-left","10":"tablet-align-left","11":"mobile-align-left","12":"ast-product-gallery-layout-horizontal-slider","13":"ast-product-tabs-layout-horizontal","15":"first","16":"instock","17":"taxable","18":"shipping-taxable","19":"purchasable","20":"product-type-simple"},"wcpa_form_fields":null,"brands":[{"id":1007,"name":"Pilhas Pytes","slug":"pilhas-pytes"}],"_links":{"self":[{"href":"https:\/\/fvcomponentes.com\/pt\/wp-json\/wp\/v2\/product\/35309","targetHints":{"allow":["GET"]}}],"collection":[{"href":"https:\/\/fvcomponentes.com\/pt\/wp-json\/wp\/v2\/product"}],"about":[{"href":"https:\/\/fvcomponentes.com\/pt\/wp-json\/wp\/v2\/types\/product"}],"replies":[{"embeddable":true,"href":"https:\/\/fvcomponentes.com\/pt\/wp-json\/wp\/v2\/comments?post=35309"}],"wp:featuredmedia":[{"embeddable":true,"href":"https:\/\/fvcomponentes.com\/pt\/wp-json\/wp\/v2\/media\/35313"}],"wp:attachment":[{"href":"https:\/\/fvcomponentes.com\/pt\/wp-json\/wp\/v2\/media?parent=35309"}],"wp:term":[{"taxonomy":"pwb-brand","embeddable":true,"href":"https:\/\/fvcomponentes.com\/pt\/wp-json\/wp\/v2\/pwb-brand?post=35309"},{"taxonomy":"product_brand","embeddable":true,"href":"https:\/\/fvcomponentes.com\/pt\/wp-json\/wp\/v2\/product_brand?post=35309"},{"taxonomy":"product_cat","embeddable":true,"href":"https:\/\/fvcomponentes.com\/pt\/wp-json\/wp\/v2\/product_cat?post=35309"},{"taxonomy":"product_tag","embeddable":true,"href":"https:\/\/fvcomponentes.com\/pt\/wp-json\/wp\/v2\/product_tag?post=35309"}],"curies":[{"name":"wp","href":"https:\/\/api.w.org\/{rel}","templated":true}]}}