{"id":3524,"date":"2021-07-06T09:44:56","date_gmt":"2021-07-06T07:44:56","guid":{"rendered":"https:\/\/fvcomponentes.com\/producto\/inversor-victron-multiplus-compact-12v-1200va-50-16a-cmp121220000\/"},"modified":"2026-04-04T12:51:09","modified_gmt":"2026-04-04T10:51:09","slug":"victron-inversor-multiplus-compact-12v-1200va-50-16a-cmp121220000","status":"publish","type":"product","link":"https:\/\/fvcomponentes.com\/pt\/producto\/inversor-victron-multiplus-compact-12v-1200va-50-16a-cmp121220000\/","title":{"rendered":"Carregador de Inversor Victron Multiplus Compact 12V 1200VA 50A-16A - CMP121220000"},"content":{"rendered":"<h2>Inversor Victron Multiplus Compact 12V 1200VA 50-16A<\/h2>\n<h3>Duas sa\u00eddas AC<\/h3>\n<p>A sa\u00edda principal tem uma fun\u00e7\u00e3o \"no-break\". O Inversor Compacto Victron Multiplus 12V 1200VA 50-16A assume a alimenta\u00e7\u00e3o das cargas ligadas em caso de corte de energia ou de desconex\u00e3o da rede el\u00e9ctrica\/gerador. Isto acontece t\u00e3o rapidamente (menos de 20 milissegundos) que os computadores e outros equipamentos electr\u00f3nicos continuam a funcionar sem interrup\u00e7\u00e3o.<br \/>\nA segunda sa\u00edda s\u00f3 est\u00e1 ativa quando uma das entradas do MultiPlus tem alimenta\u00e7\u00e3o CA. Os dispositivos que n\u00e3o devem descarregar a bateria, como um aquecedor de \u00e1gua, por exemplo, podem ser ligados a esta sa\u00edda (segunda sa\u00edda dispon\u00edvel em modelos com uma capacidade nominal de 3kVA ou superior).<\/p>\n<h3>Pot\u00eancia praticamente ilimitada gra\u00e7as ao funcionamento em paralelo<\/h3>\n<p>At\u00e9 6 Multis, como o Inversor Compacto Victron Multiplus 12V 1200VA 50-16A, podem ser operados em paralelo para obter uma maior pot\u00eancia de sa\u00edda. Seis unidades 24\/5000\/120, por exemplo, dar\u00e3o uma pot\u00eancia de sa\u00edda de 25 kW\/30 kVA e uma capacidade de carga de 720 amperes.<\/p>\n<h3>Capacidade de funcionamento trif\u00e1sico<\/h3>\n<p>Para al\u00e9m da liga\u00e7\u00e3o em paralelo, tr\u00eas unidades do mesmo modelo podem ser configuradas para uma sa\u00edda trif\u00e1sica.<br \/>\nMas isso n\u00e3o \u00e9 tudo: at\u00e9 6 conjuntos de tr\u00eas unidades podem ser ligados em paralelo, proporcionando uma pot\u00eancia de sa\u00edda de 75 kW \/ 90 kVA e mais de 2000 amperes de capacidade de carga.<\/p>\n<h3>PowerControl - Energia limitada a partir do gerador, da rede el\u00e9ctrica ou da energia da costa<\/h3>\n<p>O inversor compacto Victron Multiplus 12V 1200VA 50-16A \u00e9 um carregador de bateria muito potente. Por conseguinte, ir\u00e1 utilizar muita corrente do gerador ou da rede el\u00e9ctrica (quase 10A por 5kVA Multi a 230 VAC).<\/p>\n<p>No painel de controlo do MultiPlus pode ser definida uma corrente m\u00e1xima do gerador. O MultiPlus assumir\u00e1 ent\u00e3o outras cargas CA e utilizar\u00e1 a corrente em excesso para o carregamento, evitando assim sobrecarregar o gerador ou a tomada de terra.<\/p>\n<h3>PowerAssist - Aumento da capacidade el\u00e9ctrica da tomada de alimenta\u00e7\u00e3o em terra ou do gerador<\/h3>\n<p>Esta fun\u00e7\u00e3o leva o princ\u00edpio PowerControl a outra dimens\u00e3o. Permite que o Inversor Compacto Victron Multiplus 12V 1200VA 50-16A complemente a capacidade da fonte alternativa.<\/p>\n<p>Quando \u00e9 necess\u00e1rio um pico de pot\u00eancia durante um curto per\u00edodo de tempo, como \u00e9 frequentemente o caso, o MultiPlus compensar\u00e1 imediatamente a poss\u00edvel falta de pot\u00eancia da corrente el\u00e9ctrica ou do gerador com pot\u00eancia da bateria. Quando a carga \u00e9 reduzida, a energia excedente \u00e9 utilizada para recarregar a bateria.<\/p>\n<h3>Energia solar: energia CA dispon\u00edvel mesmo durante um apag\u00e3o<\/h3>\n<p>O MultiPlus pode ser utilizado em sistemas fotovoltaicos, ligados ou n\u00e3o \u00e0 rede, e noutros sistemas el\u00e9ctricos alternativos.<\/p>\n<h3>Configura\u00e7\u00e3o do sistema<\/h3>\n<ul>\n<li>No caso de uma aplica\u00e7\u00e3o aut\u00f3noma, se a configura\u00e7\u00e3o tiver de ser alterada, isso pode ser feito numa quest\u00e3o de minutos atrav\u00e9s de um procedimento de ajuste do interrutor DIP.<\/li>\n<li>As aplica\u00e7\u00f5es paralelas ou trif\u00e1sicas podem ser configuradas com o software VE.Bus Quick Configure e VE.Bus System Configurator.<\/li>\n<li>As aplica\u00e7\u00f5es fora da rede, interactivas \u00e0 rede e de autoconsumo que envolvem inversores ligados \u00e0 rede e\/ou carregadores solares MPPT podem ser configuradas com Wizards (software espec\u00edfico da aplica\u00e7\u00e3o).<\/li>\n<\/ul>\n<h3>Monitoriza\u00e7\u00e3o e controlo no local<\/h3>\n<p>Est\u00e3o dispon\u00edveis v\u00e1rias op\u00e7\u00f5es: Monitor de bateria, painel de controlo m\u00faltiplo, Color Control GX e outros dispositivos, smartphone ou tablet (Bluetooth Smart), computador port\u00e1til ou computador (USB ou RS232).<\/p>\n<h3>Monitoriza\u00e7\u00e3o e controlo \u00e0 dist\u00e2ncia<\/h3>\n<p>Colour Control GX e outros dispositivos.<br \/>\nOs dados podem ser armazenados e apresentados gratuitamente na Web. <a href=\"https:\/\/vrm.victronenergy.com\/landingpage\" target=\"_blank\" rel=\"noopener\">VRM<\/a> (Gest\u00e3o Remota Victron).<\/p>\n<h3>Configura\u00e7\u00e3o remota<\/h3>\n<p>Os dados podem ser acedidos e as defini\u00e7\u00f5es do sistema podem ser alteradas com um Color Control GX e outros dispositivos se estiverem ligados \u00e0 Ethernet.<\/p>\n<h2>Ficha t\u00e9cnica Inversor Victron Multiplus Compact 12V 1200VA 50-16A - CMP121220000<\/h2>\n<p><a href=\"https:\/\/fvcomponentes.com\/wp-content\/uploads\/2021\/10\/Datasheet-MultiPlus-inverter-charger-800VA-5kVA-ES.pdf\" target=\"_blank\" rel=\"noopener\">Ficha t\u00e9cnica Inversor Victron Multiplus Compact 12V 1200VA 50-16A - CMP121220000<\/a><\/p>\n<h2>Descarregar o esquema Victron Multiplus para carrinhas de campismo em formato PDF<\/h2>\n<p>Entre no nosso blogue e descarregue o diagrama em PDF para cablagem e liga\u00e7\u00e3o do seu inversor Victron Multiplus numa autocaravana. Pode encontrar o diagrama e muito mais informa\u00e7\u00f5es t\u00e9cnicas na nossa nova sec\u00e7\u00e3o do blogue.<\/p>\n<p>Clique para descarregar o nosso <a href=\"https:\/\/fvcomponentes.com\/pt\/esquema-victron-multiplus\/\" target=\"_blank\" rel=\"noopener\">esquema Victron Multiplus<\/a> do nosso blogue.<\/p>","protected":false},"excerpt":{"rendered":"<ul class=\"specification\">\n<li><strong>Tens\u00e3o:<\/strong> 12V<\/li>\n<li><strong>Pot\u00eancia de sa\u00edda cont\u00ednua: <\/strong>1200VA<\/li>\n<li><strong>Pot\u00eancia de pico:<\/strong> 1600W<\/li>\n<li><b>Corrente de carga: <\/b>50A<\/li>\n<li><strong>Peso: <\/strong>10 kg<\/li>\n<li><strong>Dimens\u00f5es:<\/strong> 375 x 214 x 110 mm<\/li>\n<\/ul>","protected":false},"featured_media":3525,"comment_status":"open","ping_status":"closed","template":"","meta":{"site-sidebar-layout":"default","site-content-layout":"default","ast-site-content-layout":"default","site-content-style":"default","site-sidebar-style":"default","ast-global-header-display":"","ast-banner-title-visibility":"","ast-main-header-display":"","ast-hfb-above-header-display":"","ast-hfb-below-header-display":"","ast-hfb-mobile-header-display":"","site-post-title":"","ast-breadcrumbs-content":"","ast-featured-img":"","footer-sml-layout":"","ast-disable-related-posts":"","theme-transparent-header-meta":"default","adv-header-id-meta":"","stick-header-meta":"","header-above-stick-meta":"","header-main-stick-meta":"","header-below-stick-meta":"","astra-migrate-meta-layouts":"set","ast-page-background-enabled":"default","ast-page-background-meta":{"desktop":{"background-color":"var(--ast-global-color-4)","background-image":"","background-repeat":"repeat","background-position":"center center","background-size":"auto","background-attachment":"scroll","background-type":"","background-media":"","overlay-type":"","overlay-color":"","overlay-opacity":"","overlay-gradient":""},"tablet":{"background-color":"","background-image":"","background-repeat":"repeat","background-position":"center center","background-size":"auto","background-attachment":"scroll","background-type":"","background-media":"","overlay-type":"","overlay-color":"","overlay-opacity":"","overlay-gradient":""},"mobile":{"background-color":"","background-image":"","background-repeat":"repeat","background-position":"center center","background-size":"auto","background-attachment":"scroll","background-type":"","background-media":"","overlay-type":"","overlay-color":"","overlay-opacity":"","overlay-gradient":""}},"ast-content-background-meta":{"desktop":{"background-color":"var(--ast-global-color-5)","background-image":"","background-repeat":"repeat","background-position":"center center","background-size":"auto","background-attachment":"scroll","background-type":"","background-media":"","overlay-type":"","overlay-color":"","overlay-opacity":"","overlay-gradient":""},"tablet":{"background-color":"var(--ast-global-color-5)","background-image":"","background-repeat":"repeat","background-position":"center center","background-size":"auto","background-attachment":"scroll","background-type":"","background-media":"","overlay-type":"","overlay-color":"","overlay-opacity":"","overlay-gradient":""},"mobile":{"background-color":"var(--ast-global-color-5)","background-image":"","background-repeat":"repeat","background-position":"center center","background-size":"auto","background-attachment":"scroll","background-type":"","background-media":"","overlay-type":"","overlay-color":"","overlay-opacity":"","overlay-gradient":""}}},"pwb-brand":[332],"product_brand":[],"product_cat":[388,333],"product_tag":[],"class_list":{"0":"post-3524","1":"product","2":"type-product","3":"status-publish","4":"has-post-thumbnail","6":"pwb-brand-victron","7":"product_cat-inversores-cargadores-12v","8":"product_cat-inversores","9":"desktop-align-left","10":"tablet-align-left","11":"mobile-align-left","12":"ast-product-gallery-layout-horizontal-slider","13":"ast-product-gallery-with-no-image","14":"ast-product-tabs-layout-horizontal","16":"first","17":"instock","18":"taxable","19":"shipping-taxable","20":"purchasable","21":"product-type-simple"},"wcpa_form_fields":null,"brands":[{"id":332,"name":"Victron Energia","slug":"victron"}],"_links":{"self":[{"href":"https:\/\/fvcomponentes.com\/pt\/wp-json\/wp\/v2\/product\/3524","targetHints":{"allow":["GET"]}}],"collection":[{"href":"https:\/\/fvcomponentes.com\/pt\/wp-json\/wp\/v2\/product"}],"about":[{"href":"https:\/\/fvcomponentes.com\/pt\/wp-json\/wp\/v2\/types\/product"}],"replies":[{"embeddable":true,"href":"https:\/\/fvcomponentes.com\/pt\/wp-json\/wp\/v2\/comments?post=3524"}],"wp:featuredmedia":[{"embeddable":true,"href":"https:\/\/fvcomponentes.com\/pt\/wp-json\/wp\/v2\/media\/3525"}],"wp:attachment":[{"href":"https:\/\/fvcomponentes.com\/pt\/wp-json\/wp\/v2\/media?parent=3524"}],"wp:term":[{"taxonomy":"pwb-brand","embeddable":true,"href":"https:\/\/fvcomponentes.com\/pt\/wp-json\/wp\/v2\/pwb-brand?post=3524"},{"taxonomy":"product_brand","embeddable":true,"href":"https:\/\/fvcomponentes.com\/pt\/wp-json\/wp\/v2\/product_brand?post=3524"},{"taxonomy":"product_cat","embeddable":true,"href":"https:\/\/fvcomponentes.com\/pt\/wp-json\/wp\/v2\/product_cat?post=3524"},{"taxonomy":"product_tag","embeddable":true,"href":"https:\/\/fvcomponentes.com\/pt\/wp-json\/wp\/v2\/product_tag?post=3524"}],"curies":[{"name":"wp","href":"https:\/\/api.w.org\/{rel}","templated":true}]}}