{"id":3520,"date":"2021-06-25T15:27:39","date_gmt":"2021-06-25T13:27:39","guid":{"rendered":"https:\/\/fvcomponentes.com\/producto\/cable-interface-ve-direct-a-usb-victron-ass030530010\/"},"modified":"2026-04-04T12:43:46","modified_gmt":"2026-04-04T10:43:46","slug":"cabo-de-interface-ve-direto-para-usb-victron-ass030530010","status":"publish","type":"product","link":"https:\/\/fvcomponentes.com\/pt\/producto\/cable-interface-ve-direct-a-usb-victron-ass030530010\/","title":{"rendered":"Cabo de interface VE.Direct para USB Victron - ASS030530010"},"content":{"rendered":"<h2>Cabo de interface VE.Direct para USB Victron<\/h2>\n<p>O cabo de interface Victron VE.Direct para USB liga produtos com liga\u00e7\u00e3o VE.Direct a dispositivos com uma porta USB, como um computador.<\/p>\n<p>Com este cabo \u00e9 poss\u00edvel ligar mais do que dois produtos VE.Direct a um \u00fanico CCGX.<\/p>\n<p><strong>A interface VE.Direct para USB liga produtos com uma liga\u00e7\u00e3o VE.Direct a dispositivos com uma porta USB.<\/strong>por exemplo, um computador. Com este cabo, tamb\u00e9m \u00e9 poss\u00edvel ligar mais do que dois produtos VE.Direct a um \u00fanico CCGX.<\/p>\n<h3>Equipamento compat\u00edvel com a interface VE.Direct to USB<\/h3>\n<p>Os dispositivos que podem ser ligados a esta interface VE.Direct to USB s\u00e3o:<\/p>\n<p>- Controladores Blue Solar MPPT<\/p>\n<p>- Os inversores Phoenix VE.Direct<\/p>\n<p>- Monitor de bateria BMV700<\/p>\n<p>- Reguladores Blue Solar MPPT.<\/p>\n<p>Consoante o equipamento a ligar, podem ser observados diferentes par\u00e2metros de funcionamento.<\/p>\n<p>Nos reguladores Blue Solar MPPT, as tens\u00f5es de carga da bateria podem ser monitorizadas e a corrente gerada pelos pain\u00e9is pode ser monitorizada. Nos inversores Phoenix VE.Direct, podem ser monitorizados, em particular, a tens\u00e3o de corte da bateria fraca e o sinal de alarme.<\/p>\n<p>Para mais informa\u00e7\u00f5es sobre a compatibilidade entre sistemas, consultar a folha de dados de cada caso.<\/p>\n<h3>Como \u00e9 que ligo dispositivos Victron atrav\u00e9s da interface VE.Direct a USB?<\/h3>\n<p>Existem duas formas de estabelecer uma liga\u00e7\u00e3o ao equipamento Victron,\u00a0<strong>utilizando o VE.Direct para USB ou utilizando o dongle VE.Direct Bluetooth Smart.<\/strong>. O VE.Direct para USB permite-lhe ligar o equipamento Victron a computadores Windows PC e MAC. Al\u00e9m disso, o VE.Direct Bluetooth Smart Dongle permite-lhe ligar dispositivos Victron a smartphones Apple e Android, tablets, Macbooks e outros dispositivos.<\/p>","protected":false},"excerpt":{"rendered":"<p>Dados t\u00e9cnicos do cabo de interface Victron VE.Direct to USB:<\/p>\n<ul>\n<li><b>Comprimento: <\/b>0.9m<\/li>\n<li><strong>Interface de sa\u00edda:<\/strong> USB 2.0.<\/li>\n<\/ul>\n<p>&nbsp;<\/p>","protected":false},"featured_media":3521,"comment_status":"open","ping_status":"closed","template":"","meta":{"site-sidebar-layout":"default","site-content-layout":"default","ast-site-content-layout":"default","site-content-style":"default","site-sidebar-style":"default","ast-global-header-display":"","ast-banner-title-visibility":"","ast-main-header-display":"","ast-hfb-above-header-display":"","ast-hfb-below-header-display":"","ast-hfb-mobile-header-display":"","site-post-title":"","ast-breadcrumbs-content":"","ast-featured-img":"","footer-sml-layout":"","ast-disable-related-posts":"","theme-transparent-header-meta":"default","adv-header-id-meta":"","stick-header-meta":"","header-above-stick-meta":"","header-main-stick-meta":"","header-below-stick-meta":"","astra-migrate-meta-layouts":"set","ast-page-background-enabled":"default","ast-page-background-meta":{"desktop":{"background-color":"var(--ast-global-color-4)","background-image":"","background-repeat":"repeat","background-position":"center center","background-size":"auto","background-attachment":"scroll","background-type":"","background-media":"","overlay-type":"","overlay-color":"","overlay-opacity":"","overlay-gradient":""},"tablet":{"background-color":"","background-image":"","background-repeat":"repeat","background-position":"center center","background-size":"auto","background-attachment":"scroll","background-type":"","background-media":"","overlay-type":"","overlay-color":"","overlay-opacity":"","overlay-gradient":""},"mobile":{"background-color":"","background-image":"","background-repeat":"repeat","background-position":"center center","background-size":"auto","background-attachment":"scroll","background-type":"","background-media":"","overlay-type":"","overlay-color":"","overlay-opacity":"","overlay-gradient":""}},"ast-content-background-meta":{"desktop":{"background-color":"var(--ast-global-color-5)","background-image":"","background-repeat":"repeat","background-position":"center center","background-size":"auto","background-attachment":"scroll","background-type":"","background-media":"","overlay-type":"","overlay-color":"","overlay-opacity":"","overlay-gradient":""},"tablet":{"background-color":"var(--ast-global-color-5)","background-image":"","background-repeat":"repeat","background-position":"center center","background-size":"auto","background-attachment":"scroll","background-type":"","background-media":"","overlay-type":"","overlay-color":"","overlay-opacity":"","overlay-gradient":""},"mobile":{"background-color":"var(--ast-global-color-5)","background-image":"","background-repeat":"repeat","background-position":"center center","background-size":"auto","background-attachment":"scroll","background-type":"","background-media":"","overlay-type":"","overlay-color":"","overlay-opacity":"","overlay-gradient":""}}},"pwb-brand":[332],"product_brand":[],"product_cat":[351,878,333,410],"product_tag":[],"class_list":{"0":"post-3520","1":"product","2":"type-product","3":"status-publish","4":"has-post-thumbnail","6":"pwb-brand-victron","7":"product_cat-accesorios","8":"product_cat-cables-victron","9":"product_cat-inversores","10":"product_cat-material-electrico","11":"desktop-align-left","12":"tablet-align-left","13":"mobile-align-left","14":"ast-product-gallery-layout-horizontal-slider","15":"ast-product-gallery-with-no-image","16":"ast-product-tabs-layout-horizontal","18":"first","19":"instock","20":"taxable","21":"shipping-taxable","22":"purchasable","23":"product-type-simple"},"wcpa_form_fields":null,"brands":[{"id":332,"name":"Victron Energia","slug":"victron"}],"_links":{"self":[{"href":"https:\/\/fvcomponentes.com\/pt\/wp-json\/wp\/v2\/product\/3520","targetHints":{"allow":["GET"]}}],"collection":[{"href":"https:\/\/fvcomponentes.com\/pt\/wp-json\/wp\/v2\/product"}],"about":[{"href":"https:\/\/fvcomponentes.com\/pt\/wp-json\/wp\/v2\/types\/product"}],"replies":[{"embeddable":true,"href":"https:\/\/fvcomponentes.com\/pt\/wp-json\/wp\/v2\/comments?post=3520"}],"wp:featuredmedia":[{"embeddable":true,"href":"https:\/\/fvcomponentes.com\/pt\/wp-json\/wp\/v2\/media\/3521"}],"wp:attachment":[{"href":"https:\/\/fvcomponentes.com\/pt\/wp-json\/wp\/v2\/media?parent=3520"}],"wp:term":[{"taxonomy":"pwb-brand","embeddable":true,"href":"https:\/\/fvcomponentes.com\/pt\/wp-json\/wp\/v2\/pwb-brand?post=3520"},{"taxonomy":"product_brand","embeddable":true,"href":"https:\/\/fvcomponentes.com\/pt\/wp-json\/wp\/v2\/product_brand?post=3520"},{"taxonomy":"product_cat","embeddable":true,"href":"https:\/\/fvcomponentes.com\/pt\/wp-json\/wp\/v2\/product_cat?post=3520"},{"taxonomy":"product_tag","embeddable":true,"href":"https:\/\/fvcomponentes.com\/pt\/wp-json\/wp\/v2\/product_tag?post=3520"}],"curies":[{"name":"wp","href":"https:\/\/api.w.org\/{rel}","templated":true}]}}