{"id":35115,"date":"2026-01-29T20:28:37","date_gmt":"2026-01-29T19:28:37","guid":{"rendered":"https:\/\/fvcomponentes.com\/?post_type=product&#038;p=35115"},"modified":"2026-04-06T09:21:35","modified_gmt":"2026-04-06T07:21:35","slug":"sistema-de-backup-huawei-smartguard-63-a-t0-01076984","status":"publish","type":"product","link":"https:\/\/fvcomponentes.com\/pt\/producto\/sistema-de-backup-huawei-smartguard-63-a-t0-01076984\/","title":{"rendered":"Sistema de backup Huawei SmartGuard-63-A-T0 - 01076984"},"content":{"rendered":"<h2 data-start=\"177\" data-end=\"234\">Sistema de backup Huawei SmartGuard-63-A-T0 (01076984)<\/h2>\n<p data-start=\"236\" data-end=\"580\">O Huawei SmartGuard-63-A-T0 \u00e9 a solu\u00e7\u00e3o da Huawei para manter o seu sistema fotovoltaico a funcionar mesmo quando falta a eletricidade.<\/p>\n<p data-start=\"236\" data-end=\"580\">Os inversores desligam-se quando h\u00e1 uma falha de energia por uma boa raz\u00e3o: seguran\u00e7a. Um inversor ligado \u00e0 rede foi concebido para funcionar em sincronia com a rede e, quando detecta que a rede desapareceu, corta automaticamente a produ\u00e7\u00e3o. Isto \u00e9 feito para evitar um perigo muito grave: se o inversor continuasse a funcionar durante um apag\u00e3o, poderia enviar eletricidade de volta \u00e0 rede atrav\u00e9s da sua instala\u00e7\u00e3o. Mesmo que a eletricidade tenha falhado em sua casa, os cabos na rua podem ser reenergizados pelo seu inversor, pondo em risco os t\u00e9cnicos que reparam a avaria ou qualquer pessoa que toque numa linha que julgue estar desligada.<\/p>\n<p data-start=\"236\" data-end=\"580\">Quando uma instala\u00e7\u00e3o continua a ter eletricidade durante um apag\u00e3o, \u00e9 porque existe um sistema de backup que separa a casa da rede geral e cria a sua pr\u00f3pria rede, apoiada por baterias. Neste caso, o inversor pode continuar a funcionar em modo ilha, mas apenas porque j\u00e1 n\u00e3o existe o risco de enviar energia para a rede p\u00fablica.<\/p>\n<p data-start=\"236\" data-end=\"580\">O Huawei SmartGuard-63-A-T0 Backup \u00e9 o dispositivo que permite que o inversor mude automaticamente para o modo de backup quando h\u00e1 uma falha de energia, para que a instala\u00e7\u00e3o n\u00e3o fique sem energia.<\/p>\n<p data-start=\"582\" data-end=\"851\">Foi concebido para oferecer uma autonomia total em combina\u00e7\u00e3o com as baterias Luna2000, com um elevado n\u00edvel de seguran\u00e7a e uma gest\u00e3o inteligente da energia. Em caso de corte de energia, coordena toda a instala\u00e7\u00e3o: pain\u00e9is, baterias, consumos e, se o tiver, at\u00e9 o carregador do carro el\u00e9trico.<\/p>\n<h3 data-start=\"858\" data-end=\"924\">Reserva total at\u00e9 63 A: sem problemas com cargas cr\u00edticas<\/h3>\n<p data-start=\"926\" data-end=\"1118\">Uma das grandes vantagens deste sistema de backup \u00e9 que suporta at\u00e9 63 A, o que significa que pode alimentar toda a instala\u00e7\u00e3o el\u00e9ctrica sem necessidade de separar circuitos cr\u00edticos e n\u00e3o cr\u00edticos. No entanto, foi concebido para instala\u00e7\u00f5es trif\u00e1sicas e h\u00e1 que ter em conta um pormenor importante: apesar de suportar at\u00e9 63 A de\/para a rede e tamb\u00e9m para a sa\u00edda de backup, a soma da corrente nas sa\u00eddas de backup e n\u00e3o-backup n\u00e3o pode ultrapassar os 63 A.<\/p>\n<p data-start=\"1120\" data-end=\"1380\">Durante um corte de energia, pode continuar a utilizar a sua casa normalmente: eletricidade, electrodom\u00e9sticos, ar condicionado... sem ter de pensar no que liga e no que n\u00e3o liga. \u00c9 uma experi\u00eancia de autonomia muito mais c\u00f3moda e completa.<\/p>\n<h3 data-start=\"1387\" data-end=\"1463\">Substitui o quadro el\u00e9trico convencional (e torna tudo mais ordenado).<\/h3>\n<p data-start=\"1465\" data-end=\"1652\">O SmartGuard-63-A-T0 - 01076984 foi concebido para substituir o quadro el\u00e9trico convencional, integrando num \u00fanico sistema a comuta\u00e7\u00e3o autom\u00e1tica, a prote\u00e7\u00e3o el\u00e9ctrica e a gest\u00e3o energ\u00e9tica. O seu design interior oferece espa\u00e7o para instalar as protec\u00e7\u00f5es necess\u00e1rias e o seu acabamento mant\u00e9m uma est\u00e9tica limpa e profissional, combinando com os inversores Huawei.<\/p>\n<h3 data-start=\"2160\" data-end=\"2230\">Integra\u00e7\u00e3o com EMMA e FusionSolar: controlo inteligente<\/h3>\n<p data-start=\"0\" data-end=\"224\">O dispositivo incorpora um espa\u00e7o espec\u00edfico para integrar o sistema de gest\u00e3o EMMA da Huawei, para que possa comunicar diretamente com a aplica\u00e7\u00e3o FusionSolar sem necessidade de equipamento adicional.<\/p>\n<p data-start=\"226\" data-end=\"512\">Gra\u00e7as a esta integra\u00e7\u00e3o, o SmartGuard torna-se o centro de coordena\u00e7\u00e3o da instala\u00e7\u00e3o, sendo capaz de gerir de forma inteligente a produ\u00e7\u00e3o fotovoltaica, as baterias (ESS), os carregadores de ve\u00edculos el\u00e9ctricos e outras cargas control\u00e1veis na casa.<\/p>\n<p data-start=\"514\" data-end=\"861\" data-is-last-node=\"\" data-is-only-node=\"\">Permite a liga\u00e7\u00e3o de at\u00e9 dois carregadores de autom\u00f3veis el\u00e9ctricos na mesma instala\u00e7\u00e3o e incorpora v\u00e1rias fun\u00e7\u00f5es de medi\u00e7\u00e3o de energia.<\/p>\n<p data-start=\"3550\" data-end=\"3570\">Por exemplo, pode:<\/p>\n<ul>\n<li data-start=\"3573\" data-end=\"3630\">programar o carregamento de autom\u00f3veis el\u00e9ctricos em hor\u00e1rios espec\u00edficos<\/li>\n<li data-start=\"3633\" data-end=\"3666\">dar prioridade ao consumo quando o sol est\u00e1 a brilhar<\/li>\n<li data-start=\"3669\" data-end=\"3714\">controlar bombas de calor ou aquecedores de \u00e1gua el\u00e9ctricos<\/li>\n<li data-start=\"3717\" data-end=\"3777\">ajustar a utiliza\u00e7\u00e3o da energia solar para aumentar o autoconsumo<\/li>\n<\/ul>\n<p data-start=\"3779\" data-end=\"3863\">Tudo isto se traduz em mais efici\u00eancia, mais autonomia e menos depend\u00eancia da rede el\u00e9ctrica.<\/p>\n<h2 data-start=\"3308\" data-end=\"3381\">Instala\u00e7\u00e3o e resist\u00eancia<\/h2>\n<p data-start=\"3383\" data-end=\"3867\">Este sistema de reserva funciona por convec\u00e7\u00e3o natural (sem ventoinha), o que significa menos ru\u00eddo e menos manuten\u00e7\u00e3o. Tem uma classifica\u00e7\u00e3o IP55, \u00e9 adequado para utiliza\u00e7\u00e3o no exterior e funciona numa gama de temperaturas de -25\u00b0C a 50\u00b0C, com desclassifica\u00e7\u00e3o consoante o modo e a temperatura, o que o torna adequado para a maioria das instala\u00e7\u00f5es residenciais, embora deva ser tido em conta em zonas particularmente quentes.<\/p>\n<h2 data-start=\"3870\" data-end=\"3896\">Modos de funcionamento<\/h2>\n<p data-start=\"3898\" data-end=\"3942\">O SmartGuard-63-A-T0 funciona em dois modos:<\/p>\n<ul>\n<li data-start=\"3946\" data-end=\"4006\"><strong data-start=\"3946\" data-end=\"3970\">Modo em rede:<\/strong>\u00a0combina\u00e7\u00e3o de rede + energia solar + baterias.<\/li>\n<li data-start=\"4009\" data-end=\"4127\"><strong data-start=\"4009\" data-end=\"4022\">Modo ilha:<\/strong>\u00a0\u00e9 ativado automaticamente em caso de corte de energia, alimentando a instala\u00e7\u00e3o com inversor e baterias.<\/li>\n<\/ul>\n<p data-start=\"4129\" data-end=\"4189\"><strong data-start=\"4129\" data-end=\"4157\">Prioridade de fornecimento:<\/strong><br data-start=\"4157\" data-end=\"4160\" \/><strong data-start=\"4160\" data-end=\"4189\">Rede el\u00e9ctrica &gt; Modo ilha<\/strong><\/p>\n<p><img fetchpriority=\"high\" decoding=\"async\" class=\"size-full wp-image-13709\" src=\"https:\/\/fvcomponentes.com\/wp-content\/uploads\/2024\/04\/Sistema-de-Backup-Huawei-SmartGuard-63-A-S0-01076625.png\" alt=\"Sistema de backup Huawei SmartGuard-63-A-S0 - 01076625\" width=\"398\" height=\"284\" title=\"\"><\/p>\n<h2>Folha de dados e manual do sistema de backup Huawei SmartGuard-63-A-T0 - 01076984<\/h2>\n<p><a href=\"https:\/\/fvcomponentes.com\/wp-content\/uploads\/2025\/12\/Huawei_TDS_SmartGuard_63A_T0_EN_2024.11.pdf\" target=\"_blank\" rel=\"noopener\">Folha de dados do sistema de backup Huawei SmartGuard-63-A-T0<\/a><\/p>\n<p><a href=\"https:\/\/fvcomponentes.com\/wp-content\/uploads\/2025\/12\/Manual-del-usuario-del-SmartGuard-63A-T0-AUT0.pdf\" target=\"_blank\" rel=\"noopener\">Manual do sistema de c\u00f3pia de seguran\u00e7a Huawei SmartGuard-63-A-T0<\/a><\/p>","protected":false},"excerpt":{"rendered":"<p><strong>Corrente m\u00e1xima de trabalho:<\/strong>\u00a063A<br \/>\n<strong>Prote\u00e7\u00e3o IP:<\/strong> IP55<br \/>\n<strong>Peso<\/strong>: 17kg<br \/>\n<strong>Dimens\u00f5es:<\/strong> 600 x 170 x 490 mm<\/p>","protected":false},"featured_media":35118,"comment_status":"closed","ping_status":"closed","template":"","meta":{"site-sidebar-layout":"default","site-content-layout":"","ast-site-content-layout":"default","site-content-style":"default","site-sidebar-style":"default","ast-global-header-display":"","ast-banner-title-visibility":"","ast-main-header-display":"","ast-hfb-above-header-display":"","ast-hfb-below-header-display":"","ast-hfb-mobile-header-display":"","site-post-title":"","ast-breadcrumbs-content":"","ast-featured-img":"","footer-sml-layout":"","ast-disable-related-posts":"","theme-transparent-header-meta":"default","adv-header-id-meta":"","stick-header-meta":"","header-above-stick-meta":"","header-main-stick-meta":"","header-below-stick-meta":"","astra-migrate-meta-layouts":"set","ast-page-background-enabled":"default","ast-page-background-meta":{"desktop":{"background-color":"var(--ast-global-color-4)","background-image":"","background-repeat":"repeat","background-position":"center center","background-size":"auto","background-attachment":"scroll","background-type":"","background-media":"","overlay-type":"","overlay-color":"","overlay-opacity":"","overlay-gradient":""},"tablet":{"background-color":"","background-image":"","background-repeat":"repeat","background-position":"center center","background-size":"auto","background-attachment":"scroll","background-type":"","background-media":"","overlay-type":"","overlay-color":"","overlay-opacity":"","overlay-gradient":""},"mobile":{"background-color":"","background-image":"","background-repeat":"repeat","background-position":"center center","background-size":"auto","background-attachment":"scroll","background-type":"","background-media":"","overlay-type":"","overlay-color":"","overlay-opacity":"","overlay-gradient":""}},"ast-content-background-meta":{"desktop":{"background-color":"var(--ast-global-color-5)","background-image":"","background-repeat":"repeat","background-position":"center center","background-size":"auto","background-attachment":"scroll","background-type":"","background-media":"","overlay-type":"","overlay-color":"","overlay-opacity":"","overlay-gradient":""},"tablet":{"background-color":"var(--ast-global-color-5)","background-image":"","background-repeat":"repeat","background-position":"center center","background-size":"auto","background-attachment":"scroll","background-type":"","background-media":"","overlay-type":"","overlay-color":"","overlay-opacity":"","overlay-gradient":""},"mobile":{"background-color":"var(--ast-global-color-5)","background-image":"","background-repeat":"repeat","background-position":"center center","background-size":"auto","background-attachment":"scroll","background-type":"","background-media":"","overlay-type":"","overlay-color":"","overlay-opacity":"","overlay-gradient":""}}},"pwb-brand":[381],"product_brand":[],"product_cat":[333,351],"product_tag":[],"class_list":{"0":"post-35115","1":"product","2":"type-product","3":"status-publish","4":"has-post-thumbnail","6":"pwb-brand-huawei","7":"product_cat-inversores","8":"product_cat-accesorios","9":"desktop-align-left","10":"tablet-align-left","11":"mobile-align-left","12":"ast-product-gallery-layout-horizontal-slider","13":"ast-product-tabs-layout-horizontal","15":"first","16":"instock","17":"taxable","18":"shipping-taxable","19":"purchasable","20":"product-type-simple"},"wcpa_form_fields":null,"brands":[{"id":381,"name":"Inversores Huawei","slug":"huawei"}],"_links":{"self":[{"href":"https:\/\/fvcomponentes.com\/pt\/wp-json\/wp\/v2\/product\/35115","targetHints":{"allow":["GET"]}}],"collection":[{"href":"https:\/\/fvcomponentes.com\/pt\/wp-json\/wp\/v2\/product"}],"about":[{"href":"https:\/\/fvcomponentes.com\/pt\/wp-json\/wp\/v2\/types\/product"}],"replies":[{"embeddable":true,"href":"https:\/\/fvcomponentes.com\/pt\/wp-json\/wp\/v2\/comments?post=35115"}],"wp:featuredmedia":[{"embeddable":true,"href":"https:\/\/fvcomponentes.com\/pt\/wp-json\/wp\/v2\/media\/35118"}],"wp:attachment":[{"href":"https:\/\/fvcomponentes.com\/pt\/wp-json\/wp\/v2\/media?parent=35115"}],"wp:term":[{"taxonomy":"pwb-brand","embeddable":true,"href":"https:\/\/fvcomponentes.com\/pt\/wp-json\/wp\/v2\/pwb-brand?post=35115"},{"taxonomy":"product_brand","embeddable":true,"href":"https:\/\/fvcomponentes.com\/pt\/wp-json\/wp\/v2\/product_brand?post=35115"},{"taxonomy":"product_cat","embeddable":true,"href":"https:\/\/fvcomponentes.com\/pt\/wp-json\/wp\/v2\/product_cat?post=35115"},{"taxonomy":"product_tag","embeddable":true,"href":"https:\/\/fvcomponentes.com\/pt\/wp-json\/wp\/v2\/product_tag?post=35115"}],"curies":[{"name":"wp","href":"https:\/\/api.w.org\/{rel}","templated":true}]}}