{"id":35114,"date":"2026-01-05T15:36:20","date_gmt":"2026-01-05T14:36:20","guid":{"rendered":"https:\/\/fvcomponentes.com\/?post_type=product&#038;p=35114"},"modified":"2026-03-30T12:16:20","modified_gmt":"2026-03-30T10:16:20","slug":"inversor-hibrido-trifasico-huawei-sun2000-12k-map0-01076948","status":"publish","type":"product","link":"https:\/\/fvcomponentes.com\/pt\/producto\/inversor-hibrido-trifasico-huawei-sun2000-12k-map0-01076948\/","title":{"rendered":"Inversor h\u00edbrido trif\u00e1sico Huawei SUN2000-12K-MAP0 \u2013 01076948"},"content":{"rendered":"<h2>Inversor h\u00edbrido trif\u00e1sico Huawei SUN2000-12K-MAP0 \u2013 01076948<\/h2>\n<p data-start=\"220\" data-end=\"461\">O Huawei SUN2000-12K-MAP0 \u00e9 um inversor h\u00edbrido trif\u00e1sico de 12 kW concebido para instala\u00e7\u00f5es solares residenciais e pequenos projetos industriais que procuram um equipamento eficiente, seguro e preparado para funcionar com baterias.<\/p>\n<p data-start=\"463\" data-end=\"748\">Tem 12.000 W de pot\u00eancia nominal, pode oferecer at\u00e9 13.200 W em sa\u00edda CA e suporta at\u00e9 22.000 W em pot\u00eancia fotovoltaica instalada. Incorpora dois MPPT independentes para otimizar a produ\u00e7\u00e3o, mesmo com diferentes orienta\u00e7\u00f5es, sombras parciais ou condi\u00e7\u00f5es de irradia\u00e7\u00e3o vari\u00e1veis.<\/p>\n<p data-start=\"750\" data-end=\"950\">\u00c9 a melhor op\u00e7\u00e3o para sistemas de autoconsumo com baterias, com possibilidade de backup em caso de cortes gerais no fornecimento. Al\u00e9m disso, com a aplica\u00e7\u00e3o FusionSolar poder\u00e1 supervisionar a instala\u00e7\u00e3o com o seu telem\u00f3vel, onde quer que esteja.<\/p>\n<h2>Principais caracter\u00edsticas do inversor Huawei SUN2000-12K-MAP0<\/h2>\n<h3>Alta efici\u00eancia e desempenho<\/h3>\n<p>Este inversor Huawei tem uma efici\u00eancia de 97,5%, o que ajuda a tirar mais partido da sua instala\u00e7\u00e3o solar.<br \/>\nAl\u00e9m disso, tem a capacidade de suportar cargas trif\u00e1sicas assim\u00e9tricas, ideal em resid\u00eancias ou empresas onde nem todo o consumo \u00e9 distribu\u00eddo igualmente.<br \/>\nTamb\u00e9m permite sobrecargas tempor\u00e1rias para se adaptar a picos de procura.<\/p>\n<h3>2 MPPT e ampla faixa de tens\u00e3o<\/h3>\n<p>O inversor SUN2000-12K-MAP0 possui 2 MPPT independentes que otimizam a capta\u00e7\u00e3o de energia dos pain\u00e9is solares.<br \/>\nA sua faixa de tens\u00e3o de entrada \u00e9 de 160 V a 1.000 V e tem uma tens\u00e3o m\u00e1xima de 1.100 V.<\/p>\n<h3>Seguran\u00e7a e <strong>protec\u00e7\u00f5es<\/strong> avan\u00e7adas<\/h3>\n<p>O inversor Huawei conta com prote\u00e7\u00e3o contra sobretens\u00f5es AC7DC tipo II, dete\u00e7\u00e3o de arco (AFCI) e prote\u00e7\u00e3o de polaridade e isolamento.<br \/>\nTamb\u00e9m conta com Anti-islanding e outras prote\u00e7\u00f5es de seguran\u00e7a que cumprem as normas internacionais.<\/p>\n<h3>Design robusto e funcionamento silencioso<\/h3>\n<p>O Huawei SUN2000-12K-MAP0 est\u00e1 preparado para ser instalado com total seguran\u00e7a tanto em interiores como em exteriores.<br \/>\nO seu design robusto torna-o especialmente adequado para ambientes exigentes. Com uma classifica\u00e7\u00e3o IP66, oferece alta resist\u00eancia ao p\u00f3 e \u00e0 \u00e1gua, mantendo um funcionamento fi\u00e1vel em situa\u00e7\u00f5es complicadas.<\/p>\n<h3>Comunica\u00e7\u00e3o e monitoriza\u00e7\u00e3o<\/h3>\n<p>Conectividade atrav\u00e9s de RS485, WLAN\/Ethernet com Smart Dongle-WLAN-FE ou liga\u00e7\u00e3o m\u00f3vel com Smart Dongle-4G.<\/p>\n<p>Controlo total a partir da aplica\u00e7\u00e3o Huawei FusionSolar, com monitoriza\u00e7\u00e3o e gest\u00e3o remota.<\/p>\n<h3>Compatibilidade com baterias e fun\u00e7\u00f5es h\u00edbridas<\/h3>\n<p>O Huawei SUN2000-12K-MAP0 est\u00e1 preparado para funcionar com baterias. <strong><a href=\"https:\/\/fvcomponentes.com\/pt\/categoria-produto\/baterias\/baterias-de-litio-de-alta-tensao\/?pwb-brand=huawei\" target=\"_blank\" rel=\"noopener\">Huawei LUNA2000 (s\u00e9ries S0 e S1)<\/a><\/strong>, permitindo aproveitar os excedentes fotovoltaicos, armazenar energia e gerir o consumo de forma inteligente para tirar o m\u00e1ximo partido da sua instala\u00e7\u00e3o.<br \/>\nE, se procura uma solu\u00e7\u00e3o completa, permite incorporar backup total com acess\u00f3rios como o SmartGuard-63A-T0, garantindo o fornecimento mesmo em caso de falhas na rede.<\/p>\n<h2>Principais vantagens do inversor Huawei SUN2000-12K-MAP0<\/h2>\n<ul>\n<li data-start=\"106\" data-end=\"199\"><strong>Alta efici\u00eancia<\/strong>, para aproveitar ao m\u00e1ximo a energia produzida pelos seus pain\u00e9is solares.<\/li>\n<li data-start=\"202\" data-end=\"299\"><strong>Design h\u00edbrido<\/strong>, pronto para adicionar baterias quando quiser.<\/li>\n<li data-start=\"302\" data-end=\"420\"><strong>Constru\u00e7\u00e3o robusta<\/strong> com prote\u00e7\u00e3o IP66, ideal para instala\u00e7\u00e3o em exteriores.<\/li>\n<li data-start=\"423\" data-end=\"523\"><strong>Trif\u00e1sico,<\/strong> Ideal tanto para resid\u00eancias como para pequenos neg\u00f3cios ou instala\u00e7\u00f5es comerciais.<\/li>\n<li data-start=\"526\" data-end=\"644\"><strong>Possibilidade de backup total <\/strong>com acess\u00f3rios adicionais, para continuar a ter energia em caso de corte geral no fornecimento.<\/li>\n<li data-start=\"647\" data-end=\"728\"><strong>Conectividade inteligente<\/strong>, com monitoriza\u00e7\u00e3o e controlo remoto a partir do telem\u00f3vel.<\/li>\n<\/ul>\n<h2>Garantia do inversor Huawei SUN2000-12K-MAP0<\/h2>\n<p>Este inversor inclui uma garantia padr\u00e3o de 10 anos, com op\u00e7\u00f5es de extens\u00e3o para 15 ou 20 anos, proporcionando tranquilidade e suporte.<\/p>\n<h2>Especifica\u00e7\u00f5es t\u00e9cnicas do inversor h\u00edbrido trif\u00e1sico Huawei SUN2000-12K-MAP0<\/h2>\n<table>\n<thead>\n<tr>\n<th>Par\u00e2metro<\/th>\n<th>Valor<\/th>\n<\/tr>\n<\/thead>\n<tbody>\n<tr>\n<td>Pot\u00eancia nominal CA<\/td>\n<td>12.000 W<\/td>\n<\/tr>\n<tr>\n<td>Pot\u00eancia AC m\u00e1xima<\/td>\n<td>13.2000 VA<\/td>\n<\/tr>\n<tr>\n<td>Pot\u00eancia DC m\u00e1xima recomendada<\/td>\n<td>22 000 W<\/td>\n<\/tr>\n<tr>\n<td>N\u00famero de MPPT<\/td>\n<td>2<\/td>\n<\/tr>\n<tr>\n<td>Faixa de tens\u00e3o CC<\/td>\n<td>160 V \u2013 1 000 V<\/td>\n<\/tr>\n<tr>\n<td>Tens\u00e3o CC m\u00e1xima<\/td>\n<td>1 100 V<\/td>\n<\/tr>\n<tr>\n<td>Corrente m\u00e1xima por MPPT<\/td>\n<td>16 A<\/td>\n<\/tr>\n<tr>\n<td>Efici\u00eancia m\u00e1xima<\/td>\n<td>98,2 %<\/td>\n<\/tr>\n<tr>\n<td>Fase<\/td>\n<td>Trif\u00e1sico<\/td>\n<\/tr>\n<tr>\n<td>Prote\u00e7\u00e3o<\/td>\n<td>IP66<\/td>\n<\/tr>\n<tr>\n<td>Refrigera\u00e7\u00e3o<\/td>\n<td>Convec\u00e7\u00e3o natural (sem ventilador)<\/td>\n<\/tr>\n<tr>\n<td>Conectores DC<\/td>\n<td>Amphenol H4<\/td>\n<\/tr>\n<tr>\n<td>Comunica\u00e7\u00e3o<\/td>\n<td>RS485, WLAN\/Ethernet (Smart Dongle), 4G opcional<\/td>\n<\/tr>\n<tr>\n<td>Controlo<\/td>\n<td>Huawei FusionSolar<\/td>\n<\/tr>\n<tr>\n<td>Dimens\u00f5es (A \u00d7 L \u00d7 P)<\/td>\n<td>460 \u00d7 490 \u00d7 130 mm<\/td>\n<\/tr>\n<tr>\n<td>Peso<\/td>\n<td>21 kg<\/td>\n<\/tr>\n<tr>\n<td>Opera\u00e7\u00e3o<\/td>\n<td>\u201325 \u00b0C a +60 \u00b0C<\/td>\n<\/tr>\n<tr>\n<td>Garantia padr\u00e3o<\/td>\n<td>10 anos (prorrog\u00e1vel)<\/td>\n<\/tr>\n<\/tbody>\n<\/table>\n<h2>Ficha t\u00e9cnica do inversor h\u00edbrido trif\u00e1sico Huawei SUN2000-12K-MAP0 \u2013 01076948<\/h2>\n<p><a href=\"https:\/\/fvcomponentes.com\/wp-content\/uploads\/2025\/12\/Huawei_TDS_SUN2000_5K-12K_MAP0_ES-1.pdf\" target=\"_blank\" rel=\"noopener\">Ficha t\u00e9cnica do inversor h\u00edbrido trif\u00e1sico Huawei SUN2000-12K-MAP0<\/a><\/p>\n<h2>Manual do inversor h\u00edbrido trif\u00e1sico Huawei SUN2000-12K-MAP0 \u2013 01076948<\/h2>\n<p><a href=\"https:\/\/fvcomponentes.com\/wp-content\/uploads\/2026\/01\/Manual-del-usuario-de-la-serie-SUN2000-5K-12K-MAP0.pdf\" target=\"_blank\" rel=\"noopener\">Manual do inversor h\u00edbrido trif\u00e1sico Huawei SUN2000-12K-MAP0 \u2013 01076948<\/a><\/p>","protected":false},"excerpt":{"rendered":"<p><strong>Pot\u00eancia<\/strong>: 12.000<br \/>\n<strong>AC<\/strong>: 13.200 W<br \/>\n<strong>DC<\/strong>: 22 000 W<br \/>\n<strong>Efici\u00eancia<\/strong>: 98,2%<br \/>\n<strong>MPPT<\/strong>: 2<br \/>\n<strong>Prote\u00e7\u00e3o IP:<\/strong> IP66<br \/>\n<strong>Baterias compat\u00edveis:<\/strong> LUNA2000-5\/10\/15-S0 e LUNA2000-7\/14\/21-S1<\/p>","protected":false},"featured_media":35062,"comment_status":"closed","ping_status":"closed","template":"","meta":{"site-sidebar-layout":"default","site-content-layout":"","ast-site-content-layout":"default","site-content-style":"default","site-sidebar-style":"default","ast-global-header-display":"","ast-banner-title-visibility":"","ast-main-header-display":"","ast-hfb-above-header-display":"","ast-hfb-below-header-display":"","ast-hfb-mobile-header-display":"","site-post-title":"","ast-breadcrumbs-content":"","ast-featured-img":"","footer-sml-layout":"","ast-disable-related-posts":"","theme-transparent-header-meta":"default","adv-header-id-meta":"","stick-header-meta":"","header-above-stick-meta":"","header-main-stick-meta":"","header-below-stick-meta":"","astra-migrate-meta-layouts":"set","ast-page-background-enabled":"default","ast-page-background-meta":{"desktop":{"background-color":"var(--ast-global-color-4)","background-image":"","background-repeat":"repeat","background-position":"center center","background-size":"auto","background-attachment":"scroll","background-type":"","background-media":"","overlay-type":"","overlay-color":"","overlay-opacity":"","overlay-gradient":""},"tablet":{"background-color":"","background-image":"","background-repeat":"repeat","background-position":"center center","background-size":"auto","background-attachment":"scroll","background-type":"","background-media":"","overlay-type":"","overlay-color":"","overlay-opacity":"","overlay-gradient":""},"mobile":{"background-color":"","background-image":"","background-repeat":"repeat","background-position":"center center","background-size":"auto","background-attachment":"scroll","background-type":"","background-media":"","overlay-type":"","overlay-color":"","overlay-opacity":"","overlay-gradient":""}},"ast-content-background-meta":{"desktop":{"background-color":"var(--ast-global-color-5)","background-image":"","background-repeat":"repeat","background-position":"center center","background-size":"auto","background-attachment":"scroll","background-type":"","background-media":"","overlay-type":"","overlay-color":"","overlay-opacity":"","overlay-gradient":""},"tablet":{"background-color":"var(--ast-global-color-5)","background-image":"","background-repeat":"repeat","background-position":"center center","background-size":"auto","background-attachment":"scroll","background-type":"","background-media":"","overlay-type":"","overlay-color":"","overlay-opacity":"","overlay-gradient":""},"mobile":{"background-color":"var(--ast-global-color-5)","background-image":"","background-repeat":"repeat","background-position":"center center","background-size":"auto","background-attachment":"scroll","background-type":"","background-media":"","overlay-type":"","overlay-color":"","overlay-opacity":"","overlay-gradient":""}}},"pwb-brand":[381],"product_brand":[],"product_cat":[333,359,923],"product_tag":[],"class_list":{"0":"post-35114","1":"product","2":"type-product","3":"status-publish","4":"has-post-thumbnail","6":"pwb-brand-huawei","7":"product_cat-inversores","8":"product_cat-inversores-autoconsumo-hibridos","9":"product_cat-inversores-autoconsumo-hibridos-trifasicos","10":"desktop-align-left","11":"tablet-align-left","12":"mobile-align-left","13":"ast-product-gallery-layout-horizontal-slider","14":"ast-product-tabs-layout-horizontal","16":"first","17":"instock","18":"taxable","19":"shipping-taxable","20":"purchasable","21":"product-type-simple"},"wcpa_form_fields":null,"brands":[{"id":381,"name":"Inversores Huawei","slug":"huawei"}],"_links":{"self":[{"href":"https:\/\/fvcomponentes.com\/pt\/wp-json\/wp\/v2\/product\/35114","targetHints":{"allow":["GET"]}}],"collection":[{"href":"https:\/\/fvcomponentes.com\/pt\/wp-json\/wp\/v2\/product"}],"about":[{"href":"https:\/\/fvcomponentes.com\/pt\/wp-json\/wp\/v2\/types\/product"}],"replies":[{"embeddable":true,"href":"https:\/\/fvcomponentes.com\/pt\/wp-json\/wp\/v2\/comments?post=35114"}],"wp:featuredmedia":[{"embeddable":true,"href":"https:\/\/fvcomponentes.com\/pt\/wp-json\/wp\/v2\/media\/35062"}],"wp:attachment":[{"href":"https:\/\/fvcomponentes.com\/pt\/wp-json\/wp\/v2\/media?parent=35114"}],"wp:term":[{"taxonomy":"pwb-brand","embeddable":true,"href":"https:\/\/fvcomponentes.com\/pt\/wp-json\/wp\/v2\/pwb-brand?post=35114"},{"taxonomy":"product_brand","embeddable":true,"href":"https:\/\/fvcomponentes.com\/pt\/wp-json\/wp\/v2\/product_brand?post=35114"},{"taxonomy":"product_cat","embeddable":true,"href":"https:\/\/fvcomponentes.com\/pt\/wp-json\/wp\/v2\/product_cat?post=35114"},{"taxonomy":"product_tag","embeddable":true,"href":"https:\/\/fvcomponentes.com\/pt\/wp-json\/wp\/v2\/product_tag?post=35114"}],"curies":[{"name":"wp","href":"https:\/\/api.w.org\/{rel}","templated":true}]}}