{"id":3511,"date":"2021-06-23T10:47:44","date_gmt":"2021-06-23T08:47:44","guid":{"rendered":"https:\/\/fvcomponentes.com\/producto\/bateria-lifepo4-victron-12-8v-200ah-smart-bat512120610\/"},"modified":"2026-01-15T10:11:31","modified_gmt":"2026-01-15T09:11:31","slug":"victron-lifepo4-bateria-12-8v-200ah-smart-bat512120610","status":"publish","type":"product","link":"https:\/\/fvcomponentes.com\/pt\/producto\/bateria-lifepo4-victron-12-8v-200ah-smart-bat512120610\/","title":{"rendered":"Bateria LiFePO4 Victron 12.8V-200Ah inteligente - BAT512120610"},"content":{"rendered":"<h2>Bateria Victron LiFePO4 12.8V-200Ah inteligente<\/h2>\n<p>A bateria Victron LiFePO4 12.8V-200Ah Smart, tal como todas as baterias LiFePO4, \u00e9 uma das baterias de i\u00f5es de l\u00edtio mais seguras do mercado. A tens\u00e3o nominal de uma c\u00e9lula LFP \u00e9 de 3,2 V (chumbo-\u00e1cido: 2 V\/c\u00e9lula). Assim, uma bateria LFP de 12,8 V \u00e9 constitu\u00edda por 4 c\u00e9lulas ligadas em s\u00e9rie e uma bateria de 25,6 V \u00e9 constitu\u00edda por 8 c\u00e9lulas ligadas em s\u00e9rie.<\/p>\n<h2>Baterias robustas<\/h2>\n<p>As baterias convencionais de chumbo-\u00e1cido falham muitas vezes prematuramente devido \u00e0 sulfata\u00e7\u00e3o quando s\u00e3o utilizadas:<\/p>\n<p>- funcionar em modo de d\u00e9fice durante longos per\u00edodos de tempo (se a bateria n\u00e3o for totalmente carregada regularmente)<br \/>\n- s\u00e3o deixados parcialmente carregados ou, pior ainda, completamente descarregados (por exemplo, em iates ou caravanas durante o inverno).<\/p>\n<p>Em contraste, a bateria Victron 12.8V-200Ah Smart LiFePO4 n\u00e3o precisa de ser totalmente carregada. A sua vida \u00fatil melhora mesmo quando a bateria est\u00e1 parcialmente carregada em vez de totalmente carregada. Esta \u00e9 a vantagem decisiva que distingue as baterias LFP das tradicionais baterias de chumbo-\u00e1cido. Outras vantagens s\u00e3o a vasta gama de temperaturas de funcionamento, o excelente desempenho c\u00edclico, a baixa resist\u00eancia interna e a elevada efici\u00eancia.<\/p>\n<p>A composi\u00e7\u00e3o qu\u00edmica das LFPs \u00e9 a escolha certa para aplica\u00e7\u00f5es muito exigentes, como o armazenamento de energia em navios e ve\u00edculos.<\/p>\n<h2>Eficiente<\/h2>\n<p>Em v\u00e1rias aplica\u00e7\u00f5es, a efici\u00eancia energ\u00e9tica pode ser de import\u00e2ncia crucial, especialmente em aplica\u00e7\u00f5es fora da rede, como barcos ou ve\u00edculos, ou em instala\u00e7\u00f5es solares fora da rede.<br \/>\nA efici\u00eancia energ\u00e9tica do ciclo completo (descarga de 100% para 0% e de volta para 100%) de uma bateria de chumbo-\u00e1cido padr\u00e3o \u00e9 de 80%.<br \/>\nEm contrapartida, a efici\u00eancia energ\u00e9tica de ciclo completo de uma bateria Victron 12.8V-200Ah Smart LiFePO4 \u00e9 92%.<br \/>\nO processo de carregamento das baterias de chumbo-\u00e1cido torna-se particularmente ineficiente quando se atinge o estado de carga 80%, resultando em efici\u00eancias de 50% ou mesmo inferiores em sistemas solares em que s\u00e3o necess\u00e1rios v\u00e1rios dias de reserva (baterias a funcionar entre 70% e 100% de carga).<br \/>\nEm contrapartida, uma bateria LFP continuar\u00e1 a atingir uma efici\u00eancia de 90% em condi\u00e7\u00f5es de descarga moderadas.<\/p>\n<h2>Tamanho e peso da bateria inteligente Victron LiFePO4 12.8V-200Ah<\/h2>\n<p>Em compara\u00e7\u00e3o com uma bateria de chumbo-\u00e1cido com as mesmas caracter\u00edsticas, pode poupar at\u00e9 70% em termos de peso e \u00e1rea ocupada, o que as torna ideais para aplica\u00e7\u00f5es em barcos e caravanas com espa\u00e7o limitado para sistemas de armazenamento de energia.<\/p>\n<p>As baterias LiFePO4 s\u00e3o rent\u00e1veis?<\/p>\n<p>Embora as baterias LFP possam parecer mais caras em compara\u00e7\u00e3o com as baterias de chumbo-\u00e1cido, se forem utilizadas em aplica\u00e7\u00f5es exigentes, o elevado custo inicial ser\u00e1 mais do que compensado por uma vida \u00fatil mais longa, fiabilidade superior e excelente efici\u00eancia. Por outras palavras, s\u00e3o particularmente rent\u00e1veis a m\u00e9dio e longo prazo porque garantem um ciclo de vida mais longo do que as baterias convencionais.<\/p>\n<h2>Conectividade Bluetooth<\/h2>\n<p>Gra\u00e7as \u00e0 sua liga\u00e7\u00e3o Bluetooth, \u00e9 mais f\u00e1cil do que nunca conhecer o estado da bateria e monitorizar par\u00e2metros como a tens\u00e3o da c\u00e9lula, a temperatura da c\u00e9lula e o estado do alarme. \u00c9 particularmente \u00fatil para detetar potenciais problemas, como o desequil\u00edbrio das c\u00e9lulas.<\/p>\n<p>Equipada com Bluetooth, a bateria pode comunicar com a aplica\u00e7\u00e3o. <a href=\"https:\/\/www.victronenergy.com.es\/panel-systems-remote-monitoring\/victronconnect\" target=\"_blank\" rel=\"noopener\">VictronConnect<\/a>. A aplica\u00e7\u00e3o VictronConnect \u00e9 utilizada para ler as informa\u00e7\u00f5es da bateria, fazer ou alterar as defini\u00e7\u00f5es da bateria, receber alarmes e atualizar o firmware.<\/p>\n<p>As baterias LiFePO4, como a bateria inteligente Victron LiFePO4 12.8V-200Ah, t\u00eam controlo e equil\u00edbrio de c\u00e9lulas integrados. Podem ser instaladas at\u00e9 5 baterias em paralelo e at\u00e9 quatro baterias de 12V ou duas baterias de 24V em s\u00e9rie, de modo a que possa ser configurado um banco de baterias de 48V at\u00e9 1500Ah. Os cabos de controlo\/equil\u00edbrio de c\u00e9lulas podem ser ligados em cadeia e devem ser ligados a um sistema de gest\u00e3o de baterias (BMS).<\/p>\n<p><img fetchpriority=\"high\" decoding=\"async\" class=\"wp-image-7730\" src=\"https:\/\/fvcomponentes.com\/wp-content\/uploads\/2022\/11\/esquema-montaje-bateria-litio-12-8v-300x183.jpg\" alt=\"Esquema de montagem das baterias LiFePo4\" width=\"500\" height=\"305\" title=\"\"><\/p>\n<h2>Sistema de gest\u00e3o da bateria (BMS)<\/h2>\n<p>As baterias LFP t\u00eam balanceamento e controlo de c\u00e9lulas integrados. Os cabos de controlo\/equil\u00edbrio das c\u00e9lulas podem ser ligados em cadeia e devem ser ligados a um sistema de gest\u00e3o de baterias (BMS).<\/p>\n<p>O BMS est\u00e1 ligado ao BTV e as suas fun\u00e7\u00f5es essenciais s\u00e3o:<br \/>\n1. pode gerar um pr\u00e9-alarme sempre que a tens\u00e3o de uma c\u00e9lula da bateria des\u00e7a abaixo de 3,1 V (ajust\u00e1vel entre 2,85 V e 3,15 V).<br \/>\n2. Desligue ou desconecte a carga quando a tens\u00e3o de uma c\u00e9lula da bateria cair abaixo de 2,8 V (ajust\u00e1vel entre 2,6 V e 2,8 V).<br \/>\n3. Parar o processo de carregamento quando a tens\u00e3o de uma c\u00e9lula da bateria subir acima de 4,2V.<br \/>\n4. Desligar o sistema sempre que a temperatura de uma c\u00e9lula ultrapasse os 50\u00b0C.<\/p>\n<h2>Ficha t\u00e9cnica Bateria Victron LiFePO4 12.8V-200Ah inteligente - BAT512120610<\/h2>\n<p><a href=\"https:\/\/fvcomponentes.com\/wp-content\/uploads\/2021\/06\/Datasheet-128-256-Volt-lithium-iron-phosphate-batteries-Smart-ES-1.pdf\" target=\"_blank\" rel=\"noopener\">Ver ficha de dados da bateria inteligente Victron LiFePO4 12.8V-200Ah - BAT512120610<\/a><\/p>","protected":false},"excerpt":{"rendered":"<ul>\n<li><strong>Tens\u00e3o nominal:<\/strong> 12.8 V<\/li>\n<li><strong>Capacidade nominal a 25\u00ba:<\/strong> 200 Ah<\/li>\n<li><strong>N\u00famero de ciclos: <\/strong>80%: 2500 ciclos \/ 70%: 3000 ciclos \/ 50%: 5000 ciclos<\/li>\n<li><strong>Corrente de carga m\u00e1xima:<\/strong> 400 A<\/li>\n<li><strong>Corrente de carga recomendada:<\/strong> \u2264100A<\/li>\n<li><strong>Conectividade:<\/strong> Bluetooth<\/li>\n<\/ul>\n<p>&nbsp;<\/p>","protected":false},"featured_media":3512,"comment_status":"open","ping_status":"closed","template":"","meta":{"site-sidebar-layout":"default","site-content-layout":"default","ast-site-content-layout":"default","site-content-style":"default","site-sidebar-style":"default","ast-global-header-display":"","ast-banner-title-visibility":"","ast-main-header-display":"","ast-hfb-above-header-display":"","ast-hfb-below-header-display":"","ast-hfb-mobile-header-display":"","site-post-title":"","ast-breadcrumbs-content":"","ast-featured-img":"","footer-sml-layout":"","ast-disable-related-posts":"","theme-transparent-header-meta":"default","adv-header-id-meta":"","stick-header-meta":"","header-above-stick-meta":"","header-main-stick-meta":"","header-below-stick-meta":"","astra-migrate-meta-layouts":"set","ast-page-background-enabled":"default","ast-page-background-meta":{"desktop":{"background-color":"var(--ast-global-color-4)","background-image":"","background-repeat":"repeat","background-position":"center center","background-size":"auto","background-attachment":"scroll","background-type":"","background-media":"","overlay-type":"","overlay-color":"","overlay-opacity":"","overlay-gradient":""},"tablet":{"background-color":"","background-image":"","background-repeat":"repeat","background-position":"center center","background-size":"auto","background-attachment":"scroll","background-type":"","background-media":"","overlay-type":"","overlay-color":"","overlay-opacity":"","overlay-gradient":""},"mobile":{"background-color":"","background-image":"","background-repeat":"repeat","background-position":"center center","background-size":"auto","background-attachment":"scroll","background-type":"","background-media":"","overlay-type":"","overlay-color":"","overlay-opacity":"","overlay-gradient":""}},"ast-content-background-meta":{"desktop":{"background-color":"var(--ast-global-color-5)","background-image":"","background-repeat":"repeat","background-position":"center center","background-size":"auto","background-attachment":"scroll","background-type":"","background-media":"","overlay-type":"","overlay-color":"","overlay-opacity":"","overlay-gradient":""},"tablet":{"background-color":"var(--ast-global-color-5)","background-image":"","background-repeat":"repeat","background-position":"center center","background-size":"auto","background-attachment":"scroll","background-type":"","background-media":"","overlay-type":"","overlay-color":"","overlay-opacity":"","overlay-gradient":""},"mobile":{"background-color":"var(--ast-global-color-5)","background-image":"","background-repeat":"repeat","background-position":"center center","background-size":"auto","background-attachment":"scroll","background-type":"","background-media":"","overlay-type":"","overlay-color":"","overlay-opacity":"","overlay-gradient":""}}},"pwb-brand":[332],"product_brand":[],"product_cat":[431,340],"product_tag":[],"class_list":{"0":"post-3511","1":"product","2":"type-product","3":"status-publish","4":"has-post-thumbnail","6":"pwb-brand-victron","7":"product_cat-baterias-litio-12v","8":"product_cat-baterias","9":"product_shipping_class-baterias","10":"desktop-align-left","11":"tablet-align-left","12":"mobile-align-left","13":"ast-product-gallery-layout-horizontal-slider","14":"ast-product-gallery-with-no-image","15":"ast-product-tabs-layout-horizontal","17":"first","18":"instock","19":"taxable","20":"shipping-taxable","21":"purchasable","22":"product-type-simple"},"wcpa_form_fields":null,"brands":[{"id":332,"name":"Victron Energia","slug":"victron"}],"_links":{"self":[{"href":"https:\/\/fvcomponentes.com\/pt\/wp-json\/wp\/v2\/product\/3511","targetHints":{"allow":["GET"]}}],"collection":[{"href":"https:\/\/fvcomponentes.com\/pt\/wp-json\/wp\/v2\/product"}],"about":[{"href":"https:\/\/fvcomponentes.com\/pt\/wp-json\/wp\/v2\/types\/product"}],"replies":[{"embeddable":true,"href":"https:\/\/fvcomponentes.com\/pt\/wp-json\/wp\/v2\/comments?post=3511"}],"wp:featuredmedia":[{"embeddable":true,"href":"https:\/\/fvcomponentes.com\/pt\/wp-json\/wp\/v2\/media\/3512"}],"wp:attachment":[{"href":"https:\/\/fvcomponentes.com\/pt\/wp-json\/wp\/v2\/media?parent=3511"}],"wp:term":[{"taxonomy":"pwb-brand","embeddable":true,"href":"https:\/\/fvcomponentes.com\/pt\/wp-json\/wp\/v2\/pwb-brand?post=3511"},{"taxonomy":"product_brand","embeddable":true,"href":"https:\/\/fvcomponentes.com\/pt\/wp-json\/wp\/v2\/product_brand?post=3511"},{"taxonomy":"product_cat","embeddable":true,"href":"https:\/\/fvcomponentes.com\/pt\/wp-json\/wp\/v2\/product_cat?post=3511"},{"taxonomy":"product_tag","embeddable":true,"href":"https:\/\/fvcomponentes.com\/pt\/wp-json\/wp\/v2\/product_tag?post=3511"}],"curies":[{"name":"wp","href":"https:\/\/api.w.org\/{rel}","templated":true}]}}