{"id":34957,"date":"2025-12-19T15:44:09","date_gmt":"2025-12-19T14:44:09","guid":{"rendered":"https:\/\/fvcomponentes.com\/?post_type=product&#038;p=34957"},"modified":"2026-02-19T12:25:19","modified_gmt":"2026-02-19T11:25:19","slug":"kit-estrutura-de-aluminio-para-4-paineis-na-vertical-a-30o-sobre-cobertura-de-chapa-sunfer-11v4_30","status":"publish","type":"product","link":"https:\/\/fvcomponentes.com\/pt\/producto\/kit-estructura-aluminio-para-4-paneles-en-vertical-30o-sobre-cubierta-de-chapa-sunfer-11v4_30\/","title":{"rendered":"Kit de estrutura em alum\u00ednio para 4 pain\u00e9is verticais. 30\u00ba. Sobre telhado de chapa met\u00e1lica. Sunfer 11V4_30"},"content":{"rendered":"<h2>Kit de estrutura em alum\u00ednio para 4 pain\u00e9is na vertical a 30\u00ba sobre cobertura de chapa. Sunfer 11V4_30<\/h2>\n<p>O kit de estrutura de alum\u00ednio Sunfer 11V4_30 para 4 pain\u00e9is verticais a 30\u00ba em cobertura de chapa met\u00e1lica \u00e9 fabricado em alum\u00ednio EN AW 6005A T6 de elevada resist\u00eancia, especificamente concebido para ser instalado em coberturas planas de chapa met\u00e1lica ou outro tipo de subestruturas met\u00e1licas. Esta estrutura deve ser ancorada \u00e0s madres sobre as quais assenta a cobertura. Trata-se de um suporte pr\u00e9-montado com uma inclina\u00e7\u00e3o standard que pode ser ajustada a 30\u00ba para colocar os pain\u00e9is na posi\u00e7\u00e3o vertical. Aceita m\u00f3dulos com uma dimens\u00e3o m\u00e1xima at\u00e9 2400 x 1150 mm e uma espessura entre 28 e 40 mm, abrangendo uma vasta gama de modelos e fabricantes, como os pain\u00e9is de <a href=\"https:\/\/fvcomponentes.com\/pt\/produto\/kit-8x-panel-solar-ja-solar-405wp-mc4-evo2\/\" target=\"_blank\" rel=\"noopener\">JA Solar<\/a> que pode encontrar no nosso s\u00edtio Web.<\/p>\n<p>Esta estrutura de <a href=\"https:\/\/sunfer-energy.com\/\" target=\"_blank\" rel=\"noopener\">Sunfer<\/a> foi concebido para resistir a ventos at\u00e9 150 km\/h, o que, na escala Beaufort, equivale a um vento com for\u00e7a de furac\u00e3o capaz de derrubar ve\u00edculos. Este facto garante que pode ser instalado na grande maioria dos telhados sem risco de ser danificado pela exposi\u00e7\u00e3o \u00e0 for\u00e7a normal do vento. Para garantir a resist\u00eancia \u00e0 velocidade m\u00e1xima de projeto, devem ser utilizadas fixa\u00e7\u00f5es adequadas e o lastro especificado pelo fabricante para cada situa\u00e7\u00e3o.<\/p>\n<p>Inclui parafusos de a\u00e7o inoxid\u00e1vel A2-70 para montagem. N\u00e3o inclui parafusos para montagem em superf\u00edcie.<\/p>\n<h2>Ficha t\u00e9cnica kit de estrutura em alum\u00ednio para 4 pain\u00e9is na vertical a 30\u00ba sobre cobertura de chapa. Sunfer 11V4_30<\/h2>\n<p><a href=\"https:\/\/fvcomponentes.com\/wp-content\/uploads\/2025\/12\/SUNFER_TDS_11V_ES.pdf\" target=\"_blank\" rel=\"noopener\">Ver ficha t\u00e9cnica do Kit de estrutura em alum\u00ednio para 4 pain\u00e9is na vertical a 30\u00ba. Sobre cobertura de chapa. Sunfer 11V4_30<\/a><\/p>","protected":false},"excerpt":{"rendered":"<ul>\n<li><strong>Fabricado em alum\u00ednio EN AW 6005A T6<\/strong><\/li>\n<li><strong>Inclina\u00e7\u00e3o de 30\u00ba<\/strong><\/li>\n<li><strong>Disposi\u00e7\u00e3o dos m\u00f3dulos: Vertical<\/strong><\/li>\n<li><strong>Dimens\u00f5es: 195,0 x 20,0 x 22,0 cm<\/strong><\/li>\n<li><strong>Peso: 20,7 kg<\/strong><\/li>\n<\/ul>","protected":false},"featured_media":3371,"comment_status":"open","ping_status":"closed","template":"","meta":{"site-sidebar-layout":"default","site-content-layout":"default","ast-site-content-layout":"default","site-content-style":"default","site-sidebar-style":"default","ast-global-header-display":"","ast-banner-title-visibility":"","ast-main-header-display":"","ast-hfb-above-header-display":"","ast-hfb-below-header-display":"","ast-hfb-mobile-header-display":"","site-post-title":"","ast-breadcrumbs-content":"","ast-featured-img":"","footer-sml-layout":"","ast-disable-related-posts":"","theme-transparent-header-meta":"default","adv-header-id-meta":"","stick-header-meta":"","header-above-stick-meta":"","header-main-stick-meta":"","header-below-stick-meta":"","astra-migrate-meta-layouts":"set","ast-page-background-enabled":"default","ast-page-background-meta":{"desktop":{"background-color":"var(--ast-global-color-4)","background-image":"","background-repeat":"repeat","background-position":"center center","background-size":"auto","background-attachment":"scroll","background-type":"","background-media":"","overlay-type":"","overlay-color":"","overlay-opacity":"","overlay-gradient":""},"tablet":{"background-color":"","background-image":"","background-repeat":"repeat","background-position":"center center","background-size":"auto","background-attachment":"scroll","background-type":"","background-media":"","overlay-type":"","overlay-color":"","overlay-opacity":"","overlay-gradient":""},"mobile":{"background-color":"","background-image":"","background-repeat":"repeat","background-position":"center center","background-size":"auto","background-attachment":"scroll","background-type":"","background-media":"","overlay-type":"","overlay-color":"","overlay-opacity":"","overlay-gradient":""}},"ast-content-background-meta":{"desktop":{"background-color":"var(--ast-global-color-5)","background-image":"","background-repeat":"repeat","background-position":"center center","background-size":"auto","background-attachment":"scroll","background-type":"","background-media":"","overlay-type":"","overlay-color":"","overlay-opacity":"","overlay-gradient":""},"tablet":{"background-color":"var(--ast-global-color-5)","background-image":"","background-repeat":"repeat","background-position":"center center","background-size":"auto","background-attachment":"scroll","background-type":"","background-media":"","overlay-type":"","overlay-color":"","overlay-opacity":"","overlay-gradient":""},"mobile":{"background-color":"var(--ast-global-color-5)","background-image":"","background-repeat":"repeat","background-position":"center center","background-size":"auto","background-attachment":"scroll","background-type":"","background-media":"","overlay-type":"","overlay-color":"","overlay-opacity":"","overlay-gradient":""}}},"pwb-brand":[],"product_brand":[],"product_cat":[398,406],"product_tag":[],"class_list":{"0":"post-34957","1":"product","2":"type-product","3":"status-publish","4":"has-post-thumbnail","6":"product_cat-estructuras-placas-solares","7":"product_cat-estructuras-suelo","8":"desktop-align-left","9":"tablet-align-left","10":"mobile-align-left","11":"ast-product-gallery-layout-horizontal-slider","12":"ast-product-tabs-layout-horizontal","14":"first","15":"instock","16":"taxable","17":"shipping-taxable","18":"purchasable","19":"product-type-simple"},"wcpa_form_fields":null,"brands":[],"_links":{"self":[{"href":"https:\/\/fvcomponentes.com\/pt\/wp-json\/wp\/v2\/product\/34957","targetHints":{"allow":["GET"]}}],"collection":[{"href":"https:\/\/fvcomponentes.com\/pt\/wp-json\/wp\/v2\/product"}],"about":[{"href":"https:\/\/fvcomponentes.com\/pt\/wp-json\/wp\/v2\/types\/product"}],"replies":[{"embeddable":true,"href":"https:\/\/fvcomponentes.com\/pt\/wp-json\/wp\/v2\/comments?post=34957"}],"wp:featuredmedia":[{"embeddable":true,"href":"https:\/\/fvcomponentes.com\/pt\/wp-json\/wp\/v2\/media\/3371"}],"wp:attachment":[{"href":"https:\/\/fvcomponentes.com\/pt\/wp-json\/wp\/v2\/media?parent=34957"}],"wp:term":[{"taxonomy":"pwb-brand","embeddable":true,"href":"https:\/\/fvcomponentes.com\/pt\/wp-json\/wp\/v2\/pwb-brand?post=34957"},{"taxonomy":"product_brand","embeddable":true,"href":"https:\/\/fvcomponentes.com\/pt\/wp-json\/wp\/v2\/product_brand?post=34957"},{"taxonomy":"product_cat","embeddable":true,"href":"https:\/\/fvcomponentes.com\/pt\/wp-json\/wp\/v2\/product_cat?post=34957"},{"taxonomy":"product_tag","embeddable":true,"href":"https:\/\/fvcomponentes.com\/pt\/wp-json\/wp\/v2\/product_tag?post=34957"}],"curies":[{"name":"wp","href":"https:\/\/api.w.org\/{rel}","templated":true}]}}