{"id":34925,"date":"2025-12-19T07:59:40","date_gmt":"2025-12-19T06:59:40","guid":{"rendered":"https:\/\/fvcomponentes.com\/?post_type=product&#038;p=34925"},"modified":"2025-12-24T12:51:04","modified_gmt":"2025-12-24T11:51:04","slug":"caixa-pytes-para-bateria-v-box-nema3-110409100177","status":"publish","type":"product","link":"https:\/\/fvcomponentes.com\/pt\/producto\/caja-pytes-para-bateria-v-box-nema3-110409100177\/","title":{"rendered":"Caixa Pytes para bateria V-Box NEMA3 \u2013 110409100177"},"content":{"rendered":"<h2>Caixa Pytes para bateria V-Box NEMA3 \u2013 110409100177<\/h2>\n<p>A caixa \u00e9 uma solu\u00e7\u00e3o elegante e robusta de dom\u00f3tica para armazenamento dom\u00e9stico de energia. Foi concebida especificamente para acoplar at\u00e9 <a href=\"https:\/\/fvcomponentes.com\/pt\/produto\/bateria-de-litio-512v-lifepo4-pytes-v5-5-12kwh-110402100135\/\" target=\"_blank\" rel=\"noopener\">duas baterias da s\u00e9rie V\u2011BOX\u201148100V5<\/a>, cada uma com uma capacidade de 5,12 kWh, o que permite uma capacidade total instalada de 10,24 kWh (com 9,22 kWh \u00fateis).<br \/>\nPara al\u00e9m da sua capacidade, oferece uma combina\u00e7\u00e3o ideal de flexibilidade, seguran\u00e7a e integra\u00e7\u00e3o com sistemas solares ou de apoio. Isto torna-o perfeito para quem procura uma instala\u00e7\u00e3o esteticamente agrad\u00e1vel, duradoura e com possibilidade de expans\u00e3o futura.<\/p>\n<h2>Caracter\u00edsticas da Caixa Pytes para bateria V-Box NEMA3 \u2013 110409100177<\/h2>\n<ul>\n<li><strong>Dimens\u00f5es compactas: <\/strong>52,1 cm (C) x 43,1 cm (L) x 64,7 cm (A). O seu peso \u00e9 de cerca de 30 kg vazio e cerca de 120 kg com baterias.<\/li>\n<li><strong>Est\u00e9tica elegante:<\/strong> Constru\u00edda em a\u00e7o galvanizado com acabamento em branco.<\/li>\n<li><strong>Ventila\u00e7\u00e3o passiva:<\/strong> sem ventoinha, permitindo um funcionamento silencioso.<\/li>\n<li><strong>Prote\u00e7\u00e3o NEMA3:<\/strong> para instala\u00e7\u00e3o em exteriores protegidos do sol ou da chuva<\/li>\n<li><strong>Instala\u00e7\u00e3o plug-and-play:<\/strong> instala\u00e7\u00e3o r\u00e1pida e descomplicada por um instalador qualificado<\/li>\n<li><strong>Tecnologia segura e certificada<\/strong> (LFP, UL, CE).<\/li>\n<\/ul>\n<table>\n<thead>\n<tr>\n<th><strong>Caracter\u00edsticas<\/strong><\/th>\n<th><strong>Especifica\u00e7\u00f5es<\/strong><\/th>\n<\/tr>\n<\/thead>\n<tbody>\n<tr>\n<td><strong>Modelo<\/strong><\/td>\n<td>Base R-BOX<\/td>\n<\/tr>\n<tr>\n<td><strong>Baterias compat\u00edveis<\/strong><\/td>\n<td>At\u00e9 2 \u00d7 V\u2011BOX\u201148100V5 (5,12 kWh cada)<\/td>\n<\/tr>\n<tr>\n<td><strong>Capacidade nominal total<\/strong><\/td>\n<td>10,24 kWh<\/td>\n<\/tr>\n<tr>\n<td><strong>Capacidade \u00fatil<\/strong><\/td>\n<td>9,22 kWh<\/td>\n<\/tr>\n<tr>\n<td><strong>Extensibilidade<\/strong><\/td>\n<td>At\u00e9 3 unidades em paralelo (30,72 kWh)<\/td>\n<\/tr>\n<tr>\n<td><strong>Tipo de pilha<\/strong><\/td>\n<td>Bateria Pytes V\u2011BOX\u201148100V5<\/td>\n<\/tr>\n<tr>\n<td><strong>Tens\u00e3o nominal<\/strong><\/td>\n<td>51,2 V<\/td>\n<\/tr>\n<tr>\n<td><strong>Corrente m\u00e1xima de carga\/descarga<\/strong><\/td>\n<td>100 A<\/td>\n<\/tr>\n<tr>\n<td><strong>Comunica\u00e7\u00e3o<\/strong><\/td>\n<td>CAN \/ RS485<\/td>\n<\/tr>\n<tr>\n<td><strong>Prote\u00e7\u00e3o ambiental\u00a0<\/strong><\/td>\n<td>NEMA 3 (Para utiliza\u00e7\u00e3o em exteriores protegidos da chuva e do sol direto)<\/td>\n<\/tr>\n<tr>\n<td><strong>Montagem<\/strong><\/td>\n<td>Parede ou ch\u00e3o<\/td>\n<\/tr>\n<tr>\n<td><strong>Material do arm\u00e1rio<\/strong><\/td>\n<td>A\u00e7o galvanizado<\/td>\n<\/tr>\n<tr>\n<td><strong>Ventila\u00e7\u00e3o<\/strong><\/td>\n<td>Passivo (sem ventoinhas, funcionamento silencioso)<\/td>\n<\/tr>\n<tr>\n<td><strong>Dimens\u00f5es (C \u00d7 L \u00d7 A)<\/strong><\/td>\n<td>52,1 cm x 43,1 cm x 64,7 cm<\/td>\n<\/tr>\n<tr>\n<td><strong>Altura com base<\/strong><\/td>\n<td>71,70 cm<\/td>\n<\/tr>\n<tr>\n<td><strong>Peso (aproximado)<\/strong><\/td>\n<td>~30 kg vazio \/ ~120 kg com baterias<\/td>\n<\/tr>\n<tr>\n<td><strong>Temperatura de carregamento<\/strong><\/td>\n<td>0 \u00b0C a 45 \u00b0C<\/td>\n<\/tr>\n<tr>\n<td><strong>Temperatura de descarga<\/strong><\/td>\n<td>-10 \u00b0C a 50 \u00b0C<\/td>\n<\/tr>\n<tr>\n<td><strong>Altitude m\u00e1xima recomendada<\/strong><\/td>\n<td>2 000 m<\/td>\n<\/tr>\n<tr>\n<td><strong>Ciclos de vida \u00fatil<\/strong><\/td>\n<td>At\u00e9 6 000 ciclos (com 80 % de profundidade de descarga)<\/td>\n<\/tr>\n<tr>\n<td><strong>Garantia<\/strong><\/td>\n<td>10 anos<\/td>\n<\/tr>\n<tr>\n<td><strong>Certifica\u00e7\u00f5es<\/strong><\/td>\n<td>UL1973, CE, UN38.3<\/td>\n<\/tr>\n<tr>\n<td><strong>Aplica\u00e7\u00e3o recomendada<\/strong><\/td>\n<td>Utiliza\u00e7\u00e3o dom\u00e9stica, reserva de energia, auto-consumo solar<\/td>\n<\/tr>\n<\/tbody>\n<\/table>\n<h2>Informa\u00e7\u00e3o t\u00e9cnica Caixa Pytes para bateria V-Box NEMA3 \u2013 110409100177<\/h2>\n<p><a href=\"https:\/\/fvcomponentes.com\/wp-content\/uploads\/2025\/12\/Ficha-tecnica-V-BOX-NEMA-3.pdf\" target=\"_blank\" rel=\"noopener\">Ficha t\u00e9cnica Caixa Pytes para bateria V-Box NEMA3 \u2013 110409100177<\/a><br \/>\n<a href=\"https:\/\/fvcomponentes.com\/wp-content\/uploads\/2025\/12\/Manual-de-instalacion-Caja-Pytes-para-bateria-V-Box-NEMA3-110409100177.pdf\" target=\"_blank\" rel=\"noopener\">Guia de instala\u00e7\u00e3o da E-Box-48100R<\/a><\/p>\n<h3>Lista de inversores compat\u00edveis com as baterias Pytes<\/h3>\n<p><a href=\"https:\/\/fvcomponentes.com\/wp-content\/uploads\/2025\/10\/c35d7eb1223244cecb336915b57d8a94.pdf\" target=\"_blank\" rel=\"noopener\">Lista de inversores compat\u00edveis com as baterias Pytes<\/a><\/p>","protected":false},"excerpt":{"rendered":"<p><strong>A caixa foi concebida especificamente para <a href=\"https:\/\/fvcomponentes.com\/pt\/produto\/bateria-de-litio-512v-lifepo4-pytes-v5-5-12kwh-110402100135\/\" target=\"_blank\" rel=\"noopener\">Baterias Pytes V5<\/a><\/strong><br \/>\n<strong>Dimens\u00f5es<\/strong> (C \u00d7 L \u00d7 A): 52,1 cm x 43,1 cm x 64,7 cm<br \/>\n<strong>Altura com base:<\/strong> 71,70 cm<br \/>\n<strong>Peso:<\/strong> ~30 kg vazio \/ ~120 kg com baterias<br \/>\n<strong>Montagem:<\/strong> Parede ou ch\u00e3o<br \/>\n<strong>Material<\/strong>: A\u00e7o galvanizado<br \/>\n<strong>Ventila\u00e7\u00e3o:<\/strong> Passivo (sem ventoinhas, funcionamento silencioso)<br \/>\n<strong>Prote\u00e7\u00e3o ambiental<\/strong>: NEMA3 (para utiliza\u00e7\u00e3o em exteriores protegidos)<\/p>","protected":false},"featured_media":34953,"comment_status":"closed","ping_status":"closed","template":"","meta":{"site-sidebar-layout":"default","site-content-layout":"","ast-site-content-layout":"default","site-content-style":"default","site-sidebar-style":"default","ast-global-header-display":"","ast-banner-title-visibility":"","ast-main-header-display":"","ast-hfb-above-header-display":"","ast-hfb-below-header-display":"","ast-hfb-mobile-header-display":"","site-post-title":"","ast-breadcrumbs-content":"","ast-featured-img":"","footer-sml-layout":"","ast-disable-related-posts":"","theme-transparent-header-meta":"default","adv-header-id-meta":"","stick-header-meta":"","header-above-stick-meta":"","header-main-stick-meta":"","header-below-stick-meta":"","astra-migrate-meta-layouts":"set","ast-page-background-enabled":"default","ast-page-background-meta":{"desktop":{"background-color":"var(--ast-global-color-4)","background-image":"","background-repeat":"repeat","background-position":"center center","background-size":"auto","background-attachment":"scroll","background-type":"","background-media":"","overlay-type":"","overlay-color":"","overlay-opacity":"","overlay-gradient":""},"tablet":{"background-color":"","background-image":"","background-repeat":"repeat","background-position":"center center","background-size":"auto","background-attachment":"scroll","background-type":"","background-media":"","overlay-type":"","overlay-color":"","overlay-opacity":"","overlay-gradient":""},"mobile":{"background-color":"","background-image":"","background-repeat":"repeat","background-position":"center center","background-size":"auto","background-attachment":"scroll","background-type":"","background-media":"","overlay-type":"","overlay-color":"","overlay-opacity":"","overlay-gradient":""}},"ast-content-background-meta":{"desktop":{"background-color":"var(--ast-global-color-5)","background-image":"","background-repeat":"repeat","background-position":"center center","background-size":"auto","background-attachment":"scroll","background-type":"","background-media":"","overlay-type":"","overlay-color":"","overlay-opacity":"","overlay-gradient":""},"tablet":{"background-color":"var(--ast-global-color-5)","background-image":"","background-repeat":"repeat","background-position":"center center","background-size":"auto","background-attachment":"scroll","background-type":"","background-media":"","overlay-type":"","overlay-color":"","overlay-opacity":"","overlay-gradient":""},"mobile":{"background-color":"var(--ast-global-color-5)","background-image":"","background-repeat":"repeat","background-position":"center center","background-size":"auto","background-attachment":"scroll","background-type":"","background-media":"","overlay-type":"","overlay-color":"","overlay-opacity":"","overlay-gradient":""}}},"pwb-brand":[1007],"product_brand":[],"product_cat":[414],"product_tag":[],"class_list":{"0":"post-34925","1":"product","2":"type-product","3":"status-publish","4":"has-post-thumbnail","6":"pwb-brand-baterias-pytes","7":"product_cat-armarios-rack-para-baterias","8":"desktop-align-left","9":"tablet-align-left","10":"mobile-align-left","11":"ast-product-gallery-layout-horizontal-slider","12":"ast-product-tabs-layout-horizontal","14":"first","15":"instock","16":"taxable","17":"shipping-taxable","18":"purchasable","19":"product-type-simple"},"wcpa_form_fields":null,"brands":[{"id":1007,"name":"Pilhas Pytes","slug":"pilhas-pytes"}],"_links":{"self":[{"href":"https:\/\/fvcomponentes.com\/pt\/wp-json\/wp\/v2\/product\/34925","targetHints":{"allow":["GET"]}}],"collection":[{"href":"https:\/\/fvcomponentes.com\/pt\/wp-json\/wp\/v2\/product"}],"about":[{"href":"https:\/\/fvcomponentes.com\/pt\/wp-json\/wp\/v2\/types\/product"}],"replies":[{"embeddable":true,"href":"https:\/\/fvcomponentes.com\/pt\/wp-json\/wp\/v2\/comments?post=34925"}],"wp:featuredmedia":[{"embeddable":true,"href":"https:\/\/fvcomponentes.com\/pt\/wp-json\/wp\/v2\/media\/34953"}],"wp:attachment":[{"href":"https:\/\/fvcomponentes.com\/pt\/wp-json\/wp\/v2\/media?parent=34925"}],"wp:term":[{"taxonomy":"pwb-brand","embeddable":true,"href":"https:\/\/fvcomponentes.com\/pt\/wp-json\/wp\/v2\/pwb-brand?post=34925"},{"taxonomy":"product_brand","embeddable":true,"href":"https:\/\/fvcomponentes.com\/pt\/wp-json\/wp\/v2\/product_brand?post=34925"},{"taxonomy":"product_cat","embeddable":true,"href":"https:\/\/fvcomponentes.com\/pt\/wp-json\/wp\/v2\/product_cat?post=34925"},{"taxonomy":"product_tag","embeddable":true,"href":"https:\/\/fvcomponentes.com\/pt\/wp-json\/wp\/v2\/product_tag?post=34925"}],"curies":[{"name":"wp","href":"https:\/\/api.w.org\/{rel}","templated":true}]}}