{"id":3484,"date":"2021-06-16T06:25:35","date_gmt":"2021-06-16T04:25:35","guid":{"rendered":"https:\/\/fvcomponentes.com\/producto\/inversor-victron-multiplus-24v-800va-16-16a-pmp241800000\/"},"modified":"2026-04-04T12:49:53","modified_gmt":"2026-04-04T10:49:53","slug":"inversor-victron-multiplus-24v-800va-16-16a-pmp241800000","status":"publish","type":"product","link":"https:\/\/fvcomponentes.com\/pt\/producto\/inversor-victron-multiplus-24v-800va-16-16a-pmp241800000\/","title":{"rendered":"Carregador de Inversor Victron Multiplus 24V 800VA 16A-16A - PMP241800000"},"content":{"rendered":"<section class=\"large-padding\">\n<div class=\"productDetail__header\">\n<div class=\"container\">\n<div class=\"productDetail__header__inner\">\n<div class=\"productDetail__content\">\n<div class=\"hidden-xs\">\n<section class=\"large-padding\">\n<div class=\"productDetail__header\">\n<div class=\"container\">\n<div class=\"productDetail__header__inner\">\n<div class=\"productDetail__content\">\n<div class=\"hidden-xs\">\n<h2>Inversor Victron Multiplus 24V 800VA 16-16A<\/h2>\n<div class=\"productDetail__content-subheader\">\n<h2 class=\"productDetail__content-subheader-icon\">Multifuncional<\/h2>\n<\/div>\n<\/div>\n<div class=\"productDetail__content-desc\">El nuevo Inversor Victron Multiplus 24V 800VA 16-16A ha sido dise\u00f1ado para sustituir la anterior gama MultiPlus Compact. Re\u00fane, en una sola carcasa compacta, un potente inversor sinusoidal, un sofisticado cargador de bater\u00edas con tecnolog\u00eda de carga variable y un conmutador de transferencia de CA de alta velocidad.<\/div>\n<\/div>\n<\/div>\n<\/div>\n<\/div>\n<\/section>\n<div><\/div>\n<section class=\"productDetails__blocks\">\n<div class=\"container\">\n<div class=\"productDetails__block productDetails__block--image productDetails__block--right\">\n<div class=\"productDetails__block-content\">\n<h3>Funcionamiento en paralelo<\/h3>\n<p>Hasta seis Inversor Victron Multiplus 24V 800VA 16-16A pueden funcionar en paralelo para alcanzar una mayor potencia de salida. Adem\u00e1s de la conexi\u00f3n en paralelo, se pueden configurar tres unidades para una salida trif\u00e1sica, asignando cada uno de los inversores a una de las tres fases.<\/p>\n<p><strong>[one_half]<img decoding=\"async\" src=\"https:\/\/fvcomponentes.com\/wp-content\/uploads\/2022\/11\/Diagrama-Multiplus-trifasico.png\" alt=\"\" title=\"\">[\/one_half] [one_half_last]<img decoding=\"async\" src=\"https:\/\/fvcomponentes.com\/wp-content\/uploads\/2022\/11\/Diagrama-Multiplus-Paralelo.png\" alt=\"\" title=\"\">[\/one_half_last]<\/strong><\/p>\n<h3 class=\"productDetails__block-title\"><span class=\"productDetails__block-title-content\">Corriente alterna ininterrumpida (funci\u00f3n SAI)<\/span><\/h3>\n<div class=\"productDetails__block-description\">\n<p>En caso de apag\u00f3n, o de desconexi\u00f3n de la toma de puerto o del generador, el inversor integrado en el Inversor Victron Multiplus 24V 800VA 16-16A se activa autom\u00e1ticamente y asume el suministro para alimentar las cargas conectadas. Esto ocurre tan r\u00e1pidamente (menos de 20 milisegundos) que los ordenadores y dem\u00e1s equipos electr\u00f3nicos contin\u00faan funcionando sin interrupci\u00f3n.<\/p>\n<\/div>\n<\/div>\n<\/div>\n<div class=\"productDetails__block productDetails__block--image productDetails__block--left\">\n<div class=\"productDetails__block-content\">\n<h3 class=\"productDetails__block-title\"><span class=\"productDetails__block-title-content\">Seguimiento y control a distancia<\/span><\/h3>\n<div class=\"productDetails__block-description\">\n<p>Si se conecta con un dispositivo GX (p.ej. una <a href=\"https:\/\/fvcomponentes.com\/producto\/monitorizacion-victron-cerbo-gx-mk2-bpp900451100\/\" target=\"_blank\" rel=\"noopener\">Monitorizaci\u00f3n Victron Cerbo GX MK2 \u2013 BPP900451100<\/a>) se puede monitorizar y controlar el Inversor Victron Multiplus y su sistema o sistemas de forma local (LAN) o de forma remota por Internet desde cualquier parte del mundo con la app gratuita VRM y el <a href=\"https:\/\/vrm.victronenergy.com\/landingpage\" target=\"_blank\" rel=\"noopener\">portal gratuito VRM<\/a>. El acceso puede llevarse a cabo desde un tel\u00e9fono, una tablet o un PC con distintos sistemas operativos.<\/p>\n<p>El nivel de control no tiene l\u00edmite, desde el ajuste del Inversor Victron Multiplus 24V 800VA 16-16A hasta el arranque autom\u00e1tico de un generador de reserva. Y mucho m\u00e1s&#8230;<\/p>\n<h3>Fiabilidad probada<\/h3>\n<p>La topolog\u00eda de puente completo m\u00e1s transformador toroidal ha demostrado su fiabilidad a lo largo de muchos a\u00f1os. El inversor es a prueba de cortocircuitos y est\u00e1 protegido contra el sobrecalentamiento, ya sea debido a una sobrecarga o a una temperatura ambiente elevada.<\/p>\n<h3>PowerControl \u2013 Potencia limitada del generador, de la toma de puerto o de la red<\/h3>\n<p>En el Panel Multi Control puede establecerse una corriente m\u00e1xima proveniente del generador o del pantal\u00e1n. El Inversor Victron Multiplus 24V 800VA 16-16A har\u00e1 cargo de otras cargas CA y utilizar\u00e1 la corriente sobrante para la carga, evitando as\u00ed sobrecargar el generador o la toma de puerto.<\/p>\n<h3>PowerAssist \u2013 Aumento de la capacidad el\u00e9ctrica de la toma de puerto o del generador<\/h3>\n<p>Cuando se requiera un pico de potencia durante un corto espacio de tiempo, como pasa a menudo, el Inversor Victron Multiplus 24V 800VA 16-16A compensar\u00e1 inmediatamente la posible falta de potencia de la corriente de la red o del generador con potencia de la bater\u00eda. Cuando se reduce la carga, la potencia sobrante se utiliza para recargar la bater\u00eda.<\/p>\n<h3>Cargador variable de cuatro etapas y carga de bancadas de bater\u00edas dobles<\/h3>\n<p>La salida principal proporciona una potente carga al sistema de bater\u00edas por medio de un avanzado software de \u201ccarga variable\u201d. El software ajusta con precisi\u00f3n el proceso autom\u00e1tico de tres etapas adapt\u00e1ndose a las condiciones de la bater\u00eda y a\u00f1ade una cuarta etapa para periodos prolongados de flotaci\u00f3n.<\/p>\n<p>Adem\u00e1s, el MultiPlus puede cargar una segunda bater\u00eda utilizando una salida de carga limitada independiente pensada para cargar una bater\u00eda de arranque del motor principal o del generador.<\/p>\n<h3>Alta potencia de arranque<\/h3>\n<p>Necesaria para arrancar cargas con una alta corriente de irrupci\u00f3n, como convertidores para l\u00e1mparas LED, l\u00e1mparas hal\u00f3genas o herramientas el\u00e9ctricas.<\/p>\n<h3>Modo de b\u00fasqueda<\/h3>\n<p>Cuando el modo de b\u00fasqueda est\u00e1 activado, el consumo del inversor en funcionamiento sin carga disminuye aproximadamente un 70%. En este modo el Inversor Victron Multiplus 24V 500VA 10-16A, cuando funciona en modo inversor, se apaga si no hay carga o si hay muy poca, y se vuelve a conectar cada dos segundos durante un breve periodo de tiempo.<\/p>\n<p>Si la corriente de salida excede un nivel preestablecido, el inversor seguir\u00e1 funcionando. En caso contrario, el inversor volver\u00e1 a apagarse.<\/p>\n<h3>Rel\u00e9 programable<\/h3>\n<p>El rel\u00e9 programable est\u00e1 configurado de forma predeterminada como rel\u00e9 de alarma, es decir, el rel\u00e9 se desenergizar\u00e1 en caso de alarma o alarma previa (el inversor est\u00e1 demasiado caliente, la ondulaci\u00f3n de la entrada es casi demasiado alta y la tensi\u00f3n de la bater\u00eda est\u00e1 demasiado baja).<\/p>\n<\/div>\n<\/div>\n<\/div>\n<\/div>\n<\/section>\n<\/div>\n<\/div>\n<\/div>\n<\/div>\n<\/div>\n<\/section>\n<h2>Ficha t\u00e9cnica Inversor Victron Multiplus 24V 800VA 16-16A &#8211; PMP241800000<\/h2>\n<section class=\"large-padding\">\n<div class=\"productDetail__header\">\n<div class=\"container\">\n<div class=\"productDetail__header__inner\">\n<div class=\"productDetail__content\">\n<div class=\"hidden-xs\">\n<section class=\"productDetails__blocks\">\n<div class=\"container\">\n<div class=\"productDetails__block productDetails__block--image productDetails__block--left\">\n<div class=\"productDetails__block-content\">\n<p><a href=\"https:\/\/fvcomponentes.com\/wp-content\/uploads\/2021\/06\/Datasheet-MultiPlus-500VA-2000VA-ES.pdf\" target=\"_blank\" rel=\"noopener\">Ficha t\u00e9cnica del Inversor Victron Multiplus 24V 800VA 16-16A &#8211; PMP241800000<\/a><\/p>\n<\/div>\n<\/div>\n<\/div>\n<\/section>\n<\/div>\n<\/div>\n<\/div>\n<\/div>\n<\/div>\n<\/section>\n","protected":false},"excerpt":{"rendered":"<ul class=\"specification\">\n<li><strong>Pot\u00eancia de sa\u00edda cont\u00ednua:\u00a0<\/strong>800VA<\/li>\n<li><strong>Pot\u00eancia de pico do inversor:<\/strong> 1600W<\/li>\n<li><strong>Tens\u00e3o de funcionamento do inversor:<\/strong> 24V<\/li>\n<li><strong>Efici\u00eancia do inversor:<\/strong>\u00a0Onda sinusoidal pura<\/li>\n<li><strong>Peso do investidor: <\/strong>6,4 kg<\/li>\n<li><strong>Dimens\u00f5es do inversor:<\/strong> 360 x 240 x 100 mm<\/li>\n<\/ul>","protected":false},"featured_media":3485,"comment_status":"open","ping_status":"closed","template":"","meta":{"site-sidebar-layout":"default","site-content-layout":"default","ast-site-content-layout":"default","site-content-style":"default","site-sidebar-style":"default","ast-global-header-display":"","ast-banner-title-visibility":"","ast-main-header-display":"","ast-hfb-above-header-display":"","ast-hfb-below-header-display":"","ast-hfb-mobile-header-display":"","site-post-title":"","ast-breadcrumbs-content":"","ast-featured-img":"","footer-sml-layout":"","ast-disable-related-posts":"","theme-transparent-header-meta":"default","adv-header-id-meta":"","stick-header-meta":"","header-above-stick-meta":"","header-main-stick-meta":"","header-below-stick-meta":"","astra-migrate-meta-layouts":"set","ast-page-background-enabled":"default","ast-page-background-meta":{"desktop":{"background-color":"var(--ast-global-color-4)","background-image":"","background-repeat":"repeat","background-position":"center center","background-size":"auto","background-attachment":"scroll","background-type":"","background-media":"","overlay-type":"","overlay-color":"","overlay-opacity":"","overlay-gradient":""},"tablet":{"background-color":"","background-image":"","background-repeat":"repeat","background-position":"center center","background-size":"auto","background-attachment":"scroll","background-type":"","background-media":"","overlay-type":"","overlay-color":"","overlay-opacity":"","overlay-gradient":""},"mobile":{"background-color":"","background-image":"","background-repeat":"repeat","background-position":"center center","background-size":"auto","background-attachment":"scroll","background-type":"","background-media":"","overlay-type":"","overlay-color":"","overlay-opacity":"","overlay-gradient":""}},"ast-content-background-meta":{"desktop":{"background-color":"var(--ast-global-color-5)","background-image":"","background-repeat":"repeat","background-position":"center center","background-size":"auto","background-attachment":"scroll","background-type":"","background-media":"","overlay-type":"","overlay-color":"","overlay-opacity":"","overlay-gradient":""},"tablet":{"background-color":"var(--ast-global-color-5)","background-image":"","background-repeat":"repeat","background-position":"center center","background-size":"auto","background-attachment":"scroll","background-type":"","background-media":"","overlay-type":"","overlay-color":"","overlay-opacity":"","overlay-gradient":""},"mobile":{"background-color":"var(--ast-global-color-5)","background-image":"","background-repeat":"repeat","background-position":"center center","background-size":"auto","background-attachment":"scroll","background-type":"","background-media":"","overlay-type":"","overlay-color":"","overlay-opacity":"","overlay-gradient":""}}},"pwb-brand":[332],"product_brand":[],"product_cat":[390,333],"product_tag":[],"class_list":{"0":"post-3484","1":"product","2":"type-product","3":"status-publish","4":"has-post-thumbnail","6":"pwb-brand-victron","7":"product_cat-inversores-cargadores-24v","8":"product_cat-inversores","9":"desktop-align-left","10":"tablet-align-left","11":"mobile-align-left","12":"ast-product-gallery-layout-horizontal-slider","13":"ast-product-gallery-with-no-image","14":"ast-product-tabs-layout-horizontal","16":"first","17":"instock","18":"taxable","19":"shipping-taxable","20":"purchasable","21":"product-type-simple"},"wcpa_form_fields":null,"brands":[{"id":332,"name":"Victron Energia","slug":"victron"}],"_links":{"self":[{"href":"https:\/\/fvcomponentes.com\/pt\/wp-json\/wp\/v2\/product\/3484","targetHints":{"allow":["GET"]}}],"collection":[{"href":"https:\/\/fvcomponentes.com\/pt\/wp-json\/wp\/v2\/product"}],"about":[{"href":"https:\/\/fvcomponentes.com\/pt\/wp-json\/wp\/v2\/types\/product"}],"replies":[{"embeddable":true,"href":"https:\/\/fvcomponentes.com\/pt\/wp-json\/wp\/v2\/comments?post=3484"}],"wp:featuredmedia":[{"embeddable":true,"href":"https:\/\/fvcomponentes.com\/pt\/wp-json\/wp\/v2\/media\/3485"}],"wp:attachment":[{"href":"https:\/\/fvcomponentes.com\/pt\/wp-json\/wp\/v2\/media?parent=3484"}],"wp:term":[{"taxonomy":"pwb-brand","embeddable":true,"href":"https:\/\/fvcomponentes.com\/pt\/wp-json\/wp\/v2\/pwb-brand?post=3484"},{"taxonomy":"product_brand","embeddable":true,"href":"https:\/\/fvcomponentes.com\/pt\/wp-json\/wp\/v2\/product_brand?post=3484"},{"taxonomy":"product_cat","embeddable":true,"href":"https:\/\/fvcomponentes.com\/pt\/wp-json\/wp\/v2\/product_cat?post=3484"},{"taxonomy":"product_tag","embeddable":true,"href":"https:\/\/fvcomponentes.com\/pt\/wp-json\/wp\/v2\/product_tag?post=3484"}],"curies":[{"name":"wp","href":"https:\/\/api.w.org\/{rel}","templated":true}]}}