{"id":3480,"date":"2021-06-11T11:44:10","date_gmt":"2021-06-11T09:44:10","guid":{"rendered":"https:\/\/fvcomponentes.com\/producto\/conectores-mc4-paneles-solares-positivo-negativo\/"},"modified":"2025-11-28T12:22:34","modified_gmt":"2025-11-28T11:22:34","slug":"conectores-mc4-paineis-solares-positivo-negativo","status":"publish","type":"product","link":"https:\/\/fvcomponentes.com\/pt\/producto\/conectores-mc4-paneles-solares-positivo-negativo\/","title":{"rendered":"Conectores MC4 para pain\u00e9is solares (1 positivo + 1 negativo)- Koban"},"content":{"rendered":"<h2>Conectores MC4 para pain\u00e9is solares (1 positivo + 1 negativo)<\/h2>\n<p>Estes conectores MC4 para pain\u00e9is solares (1 positivo + 1 negativo)- Koban s\u00e3o utilizados para ligar os diferentes pain\u00e9is fotovoltaicos integrados no telhado ou em qualquer outro tipo de montagem com os diferentes cabos com uma sec\u00e7\u00e3o de 4 a 6 mm\u00b2 que fazem parte da instala\u00e7\u00e3o.<\/p>\n<p>A sua conce\u00e7\u00e3o est\u00e1 em conformidade com os requisitos el\u00e9ctricos rigorosos para instala\u00e7\u00f5es fotovoltaicas, al\u00e9m de oferecer liga\u00e7\u00f5es seguras e impedir a desconex\u00e3o acidental.<\/p>\n<h3>Ficha t\u00e9cnica Conectores MC4 para pain\u00e9is solares (1 positivo + 1 negativo) - Koban<\/h3>\n<p><a href=\"https:\/\/fvcomponentes.com\/wp-content\/uploads\/2024\/09\/Ficha-tecnica-Conectores-MC4-para-paneles-solares-1-positivo-1-negativo-Koban.pdf\" target=\"_blank\" rel=\"noopener\">Ver ficha t\u00e9cnica dos conectores MC4<\/a><\/p>","protected":false},"excerpt":{"rendered":"<p>Dados t\u00e9cnicos dos conectores MC4 para pain\u00e9is solares:<\/p>\n<ul>\n<li><strong>Tens\u00e3o: <\/strong>1500v<\/li>\n<li><strong>Intensidade<\/strong>: 32A<\/li>\n<li><strong>Prote\u00e7\u00e3o:<\/strong> IP68<\/li>\n<li><strong>Comprimento do cabo<\/strong>: 4\/6 mm- : 4\/6 mm- : 4\/6 mm- : 4\/6 mm- : 4\/6 mm- : 4\/6 mm- : 4\/6 mm<\/li>\n<li><strong>1 positivo + 1 negativo<\/strong><\/li>\n<\/ul>","protected":false},"featured_media":3481,"comment_status":"open","ping_status":"closed","template":"","meta":{"site-sidebar-layout":"default","site-content-layout":"","ast-site-content-layout":"default","site-content-style":"default","site-sidebar-style":"default","ast-global-header-display":"","ast-banner-title-visibility":"","ast-main-header-display":"","ast-hfb-above-header-display":"","ast-hfb-below-header-display":"","ast-hfb-mobile-header-display":"","site-post-title":"","ast-breadcrumbs-content":"","ast-featured-img":"","footer-sml-layout":"","ast-disable-related-posts":"","theme-transparent-header-meta":"default","adv-header-id-meta":"","stick-header-meta":"","header-above-stick-meta":"","header-main-stick-meta":"","header-below-stick-meta":"","astra-migrate-meta-layouts":"set","ast-page-background-enabled":"default","ast-page-background-meta":{"desktop":{"background-color":"var(--ast-global-color-4)","background-image":"","background-repeat":"repeat","background-position":"center center","background-size":"auto","background-attachment":"scroll","background-type":"","background-media":"","overlay-type":"","overlay-color":"","overlay-opacity":"","overlay-gradient":""},"tablet":{"background-color":"","background-image":"","background-repeat":"repeat","background-position":"center center","background-size":"auto","background-attachment":"scroll","background-type":"","background-media":"","overlay-type":"","overlay-color":"","overlay-opacity":"","overlay-gradient":""},"mobile":{"background-color":"","background-image":"","background-repeat":"repeat","background-position":"center center","background-size":"auto","background-attachment":"scroll","background-type":"","background-media":"","overlay-type":"","overlay-color":"","overlay-opacity":"","overlay-gradient":""}},"ast-content-background-meta":{"desktop":{"background-color":"var(--ast-global-color-5)","background-image":"","background-repeat":"repeat","background-position":"center center","background-size":"auto","background-attachment":"scroll","background-type":"","background-media":"","overlay-type":"","overlay-color":"","overlay-opacity":"","overlay-gradient":""},"tablet":{"background-color":"var(--ast-global-color-5)","background-image":"","background-repeat":"repeat","background-position":"center center","background-size":"auto","background-attachment":"scroll","background-type":"","background-media":"","overlay-type":"","overlay-color":"","overlay-opacity":"","overlay-gradient":""},"mobile":{"background-color":"var(--ast-global-color-5)","background-image":"","background-repeat":"repeat","background-position":"center center","background-size":"auto","background-attachment":"scroll","background-type":"","background-media":"","overlay-type":"","overlay-color":"","overlay-opacity":"","overlay-gradient":""}}},"pwb-brand":[],"product_brand":[],"product_cat":[410,877],"product_tag":[],"class_list":{"0":"post-3480","1":"product","2":"type-product","3":"status-publish","4":"has-post-thumbnail","6":"product_cat-material-electrico","7":"product_cat-cables-electricos","8":"desktop-align-left","9":"tablet-align-left","10":"mobile-align-left","11":"ast-product-gallery-layout-horizontal-slider","12":"ast-product-gallery-with-no-image","13":"ast-product-tabs-layout-horizontal","15":"first","16":"instock","17":"taxable","18":"shipping-taxable","19":"purchasable","20":"product-type-simple"},"wcpa_form_fields":null,"brands":[],"_links":{"self":[{"href":"https:\/\/fvcomponentes.com\/pt\/wp-json\/wp\/v2\/product\/3480","targetHints":{"allow":["GET"]}}],"collection":[{"href":"https:\/\/fvcomponentes.com\/pt\/wp-json\/wp\/v2\/product"}],"about":[{"href":"https:\/\/fvcomponentes.com\/pt\/wp-json\/wp\/v2\/types\/product"}],"replies":[{"embeddable":true,"href":"https:\/\/fvcomponentes.com\/pt\/wp-json\/wp\/v2\/comments?post=3480"}],"wp:featuredmedia":[{"embeddable":true,"href":"https:\/\/fvcomponentes.com\/pt\/wp-json\/wp\/v2\/media\/3481"}],"wp:attachment":[{"href":"https:\/\/fvcomponentes.com\/pt\/wp-json\/wp\/v2\/media?parent=3480"}],"wp:term":[{"taxonomy":"pwb-brand","embeddable":true,"href":"https:\/\/fvcomponentes.com\/pt\/wp-json\/wp\/v2\/pwb-brand?post=3480"},{"taxonomy":"product_brand","embeddable":true,"href":"https:\/\/fvcomponentes.com\/pt\/wp-json\/wp\/v2\/product_brand?post=3480"},{"taxonomy":"product_cat","embeddable":true,"href":"https:\/\/fvcomponentes.com\/pt\/wp-json\/wp\/v2\/product_cat?post=3480"},{"taxonomy":"product_tag","embeddable":true,"href":"https:\/\/fvcomponentes.com\/pt\/wp-json\/wp\/v2\/product_tag?post=3480"}],"curies":[{"name":"wp","href":"https:\/\/api.w.org\/{rel}","templated":true}]}}