{"id":3464,"date":"2021-06-10T15:06:22","date_gmt":"2021-06-10T13:06:22","guid":{"rendered":"https:\/\/fvcomponentes.com\/producto\/inversor-victron-multiplus-12v-2000va-80-32a-pmp122200000\/"},"modified":"2026-04-04T12:51:30","modified_gmt":"2026-04-04T10:51:30","slug":"inversor-victron-multiplus-12v-2000va-80-32a-pmp122200000","status":"publish","type":"product","link":"https:\/\/fvcomponentes.com\/pt\/producto\/inversor-victron-multiplus-12v-2000va-80-32a-pmp122200000\/","title":{"rendered":"Carregador de Inversor Victron Multiplus 12V 2000VA 80A-32A - PMP122200000"},"content":{"rendered":"<section class=\"large-padding\">\n<div class=\"productDetail__header\">\n<div class=\"container\">\n<div class=\"productDetail__header__inner\">\n<div class=\"productDetail__content\">\n<div class=\"hidden-xs\">\n<section class=\"large-padding\">\n<div class=\"productDetail__header\">\n<div class=\"container\">\n<div class=\"productDetail__header__inner\">\n<div class=\"productDetail__content\">\n<div class=\"hidden-xs\">\n<h2>Inversor Victron Multiplus 12V 2000VA 80-32A PMP122200000<\/h2>\n<p>&nbsp;<\/p>\n<h3 class=\"productDetail__content-subheader-icon\">Multifuncional<\/h3>\n<\/div>\n<p class=\"productDetail__content-desc\">O novo inversor Victron Multiplus 12V 2000VA 80-32A foi concebido para substituir a anterior gama MultiPlus Compact. Re\u00fane, numa \u00fanica caixa compacta, um potente inversor de onda sinusoidal, um sofisticado carregador de bateria com tecnologia de carga vari\u00e1vel e um interrutor de transfer\u00eancia CA de alta velocidade.<\/p>\n<h2>Funcionamento em paralelo e op\u00e7\u00e3o trif\u00e1sica<\/h2>\n<p class=\"productDetail__content-desc\"><span style=\"font-size: 16px\">Podem ser utilizados at\u00e9 seis Multiplus 12V 2000VA 80-32A em paralelo para obter uma maior pot\u00eancia. Para al\u00e9m da liga\u00e7\u00e3o em paralelo, podem ser configuradas tr\u00eas unidades para sa\u00edda trif\u00e1sica, atribuindo cada inversor a uma das tr\u00eas fases.<\/span><\/p>\n<\/div>\n<\/div>\n<\/div>\n<\/div>\n<\/section>\n<section class=\"productDetails__blocks\">\n<div class=\"container\">\n<div class=\"productDetails__block productDetails__block--image productDetails__block--right\">\n<div class=\"productDetails__block-content\">\n<p><strong><img decoding=\"async\" src=\"https:\/\/fvcomponentes.com\/wp-content\/uploads\/2022\/11\/Diagrama-Multiplus-trifasico.png\" alt=\"\" title=\"\"><img decoding=\"async\" src=\"https:\/\/fvcomponentes.com\/wp-content\/uploads\/2022\/11\/Diagrama-Multiplus-Paralelo.png\" alt=\"\" title=\"\"><\/strong><\/p>\n<h3 class=\"productDetails__block-title\"><span class=\"productDetails__block-title-content\">Corrente alternada ininterrupta (fun\u00e7\u00e3o UPS)<\/span><\/h3>\n<div class=\"productDetails__block-description\">\n<p>Em caso de falha de energia, ou de desconex\u00e3o da alimenta\u00e7\u00e3o em terra ou do gerador, o inversor integrado no Inversor Multiplus 12V 2000VA 80-32A da Victron ativa-se automaticamente e assume a alimenta\u00e7\u00e3o para alimentar as cargas ligadas. Isto acontece t\u00e3o rapidamente (menos de 20 milissegundos) que os computadores e outros equipamentos electr\u00f3nicos continuam a funcionar sem interrup\u00e7\u00e3o.<\/p>\n<\/div>\n<\/div>\n<\/div>\n<div class=\"productDetails__block productDetails__block--image productDetails__block--left\">\n<div class=\"productDetails__block-content\">\n<h3 class=\"productDetails__block-title\"><span class=\"productDetails__block-title-content\">Monitoriza\u00e7\u00e3o e controlo \u00e0 dist\u00e2ncia<\/span><\/h3>\n<div class=\"productDetails__block-description\">\n<p>Se estiver ligado a um dispositivo GX (por exemplo, um <a href=\"https:\/\/fvcomponentes.com\/pt\/produto\/monitor-victron-cerbo-gx-mk2-bpp900451100-victron-cerbo-mk2\/\" target=\"_blank\" rel=\"noopener\">Monitoriza\u00e7\u00e3o Victron Cerbo GX MK2 - BPP900451100<\/a>), pode monitorizar e controlar o inversor Victron Multiplus e o(s) seu(s) sistema(s) localmente (LAN) ou remotamente atrav\u00e9s da Internet a partir de qualquer parte do mundo utilizando a aplica\u00e7\u00e3o VRM gratuita e a aplica\u00e7\u00e3o <a href=\"https:\/\/vrm.victronenergy.com\/landingpage\" target=\"_blank\" rel=\"noopener\">portal gratuito VRM<\/a>. O acesso pode ser realizado a partir de um telem\u00f3vel, tablet ou PC com diferentes sistemas operativos. O n\u00edvel de controlo \u00e9 ilimitado, desde a regula\u00e7\u00e3o do Inversor Victron Multiplus 12V 2000VA 80-32A at\u00e9 ao arranque autom\u00e1tico de um gerador de reserva. E muito mais...<\/p>\n<h3>Fiabilidade comprovada<\/h3>\n<p>A topologia de ponte completa mais transformador toroidal provou a sua fiabilidade ao longo de muitos anos. O inversor \u00e9 \u00e0 prova de curto-circuito e est\u00e1 protegido contra sobreaquecimento, quer devido a sobrecarga quer a temperatura ambiente elevada.<\/p>\n<h3>PowerControl - Energia limitada a partir do gerador, da rede el\u00e9ctrica ou da energia da costa<\/h3>\n<p>No painel de controlo Multi, pode ser definida uma corrente m\u00e1xima do gerador ou da alimenta\u00e7\u00e3o em terra. O Inversor Multiplus Victron 12V 2000VA 80-32A assumir\u00e1 outras cargas CA e utilizar\u00e1 a corrente em excesso para carregamento, evitando assim sobrecarregar o gerador ou a alimenta\u00e7\u00e3o de terra.<\/p>\n<h3>PowerAssist - Aumento da capacidade el\u00e9ctrica da tomada de alimenta\u00e7\u00e3o em terra ou do gerador<\/h3>\n<p>Quando \u00e9 necess\u00e1rio um pico de energia durante um curto per\u00edodo de tempo, como \u00e9 frequentemente o caso, o Inversor Multiplus 12V 2000VA 80-32A da Victron compensar\u00e1 imediatamente a poss\u00edvel falta de energia da corrente da rede ou do gerador com energia da bateria. Quando a carga \u00e9 reduzida, a energia em excesso \u00e9 utilizada para recarregar a bateria.<\/p>\n<h3>Carregador vari\u00e1vel de quatro fases e carregamento de bancos de baterias duplos<\/h3>\n<p>A sa\u00edda principal fornece uma carga potente ao sistema de baterias atrav\u00e9s de um software avan\u00e7ado de \"carga vari\u00e1vel\". O software afina o processo autom\u00e1tico de tr\u00eas fases para se adequar \u00e0s condi\u00e7\u00f5es da bateria e adiciona uma quarta fase para per\u00edodos prolongados de flutua\u00e7\u00e3o. Para al\u00e9m disso, o MultiPlus pode carregar uma segunda bateria utilizando uma sa\u00edda de carga limitada separada, concebida para carregar uma bateria de arranque a partir do motor principal ou do gerador.<\/p>\n<h3>Elevada pot\u00eancia de arranque<\/h3>\n<p>Necess\u00e1rio para o arranque de cargas com corrente de arranque elevada, como conversores para l\u00e2mpadas LED, l\u00e2mpadas de halog\u00e9neo ou ferramentas el\u00e9ctricas.<\/p>\n<h3>Modo de pesquisa<\/h3>\n<p>Quando o modo de pesquisa \u00e9 ativado, o consumo do inversor em funcionamento sem carga diminui em aproximadamente 70%. Neste modo, o Inversor Victron Multiplus 12V 2000VA 80-32A, ao funcionar no modo de inversor, desliga-se se n\u00e3o houver carga ou se houver muito pouca carga, e volta a ligar-se a cada dois segundos durante um curto per\u00edodo de tempo. Se a corrente de sa\u00edda exceder um n\u00edvel predefinido, o inversor continuar\u00e1 a funcionar. Caso contr\u00e1rio, o inversor desliga-se novamente.<\/p>\n<h3>Rel\u00e9 program\u00e1vel<\/h3>\n<p>O rel\u00e9 program\u00e1vel est\u00e1, por defeito, configurado como um rel\u00e9 de alarme, ou seja, o rel\u00e9 ser\u00e1 desenergizado em caso de alarme ou pr\u00e9-alarme (o inversor est\u00e1 demasiado quente, a ondula\u00e7\u00e3o de entrada \u00e9 quase demasiado elevada e a tens\u00e3o da bateria \u00e9 demasiado baixa).<\/p>\n<h3>Ficha t\u00e9cnica Inversor Victron Multiplus 12V 2000VA 80-32A PMP122200000<\/h3>\n<\/div>\n<p><a href=\"https:\/\/fvcomponentes.com\/wp-content\/uploads\/2023\/03\/Datasheet-MultiPlus-500VA-2000VA-ES.pdf\" target=\"_blank\" rel=\"noopener\">Ficha t\u00e9cnica Inversor Victron Multiplus 12V 2000VA 80-32A PMP122200000<\/a><\/p>\n<\/div>\n<\/div>\n<\/div>\n<\/section>\n<\/div>\n<\/div>\n<\/div>\n<\/div>\n<\/div>\n<\/section>\n<section class=\"productDetails__blocks\">\n<div class=\"container\">\n<div class=\"productDetails__block productDetails__block--image productDetails__block--left\">\n<div class=\"productDetails__block-content\">\n<h2>Descarregar o esquema Victron Multiplus para carrinhas de campismo em formato PDF<\/h2>\n<p>Entre no nosso blogue e descarregue o diagrama em PDF para cablagem e liga\u00e7\u00e3o do seu inversor Victron Multiplus numa autocaravana. Pode encontrar o diagrama e muito mais informa\u00e7\u00f5es t\u00e9cnicas na nossa nova sec\u00e7\u00e3o do blogue.<\/p>\n<p>Clique para descarregar o nosso <a href=\"https:\/\/fvcomponentes.com\/pt\/esquema-victron-multiplus\/\" target=\"_blank\" rel=\"noopener\">esquema Victron Multiplus<\/a> do nosso blogue.<\/p>\n<\/div>\n<\/div>\n<\/div>\n<\/section>","protected":false},"excerpt":{"rendered":"<ul class=\"specification\">\n<li><strong>Pot\u00eancia de pico do inversor:<\/strong> 3500W<\/li>\n<li><strong>Tens\u00e3o de funcionamento do inversor:<\/strong>\u00a012V<\/li>\n<li><strong>Pot\u00eancia de sa\u00edda cont\u00ednua:\u00a0<\/strong>2000VA<\/li>\n<li><strong>Efici\u00eancia do inversor:<\/strong>\u00a0Onda sinusoidal pura<\/li>\n<li><strong>Peso do investidor:\u00a0<\/strong>16 kg<\/li>\n<li><strong>Dimens\u00f5es do inversor:<\/strong> 506x236x147 mm<\/li>\n<\/ul>","protected":false},"featured_media":3465,"comment_status":"open","ping_status":"closed","template":"","meta":{"site-sidebar-layout":"default","site-content-layout":"default","ast-site-content-layout":"default","site-content-style":"default","site-sidebar-style":"default","ast-global-header-display":"","ast-banner-title-visibility":"","ast-main-header-display":"","ast-hfb-above-header-display":"","ast-hfb-below-header-display":"","ast-hfb-mobile-header-display":"","site-post-title":"","ast-breadcrumbs-content":"","ast-featured-img":"","footer-sml-layout":"","ast-disable-related-posts":"","theme-transparent-header-meta":"default","adv-header-id-meta":"","stick-header-meta":"","header-above-stick-meta":"","header-main-stick-meta":"","header-below-stick-meta":"","astra-migrate-meta-layouts":"set","ast-page-background-enabled":"default","ast-page-background-meta":{"desktop":{"background-color":"var(--ast-global-color-4)","background-image":"","background-repeat":"repeat","background-position":"center center","background-size":"auto","background-attachment":"scroll","background-type":"","background-media":"","overlay-type":"","overlay-color":"","overlay-opacity":"","overlay-gradient":""},"tablet":{"background-color":"","background-image":"","background-repeat":"repeat","background-position":"center center","background-size":"auto","background-attachment":"scroll","background-type":"","background-media":"","overlay-type":"","overlay-color":"","overlay-opacity":"","overlay-gradient":""},"mobile":{"background-color":"","background-image":"","background-repeat":"repeat","background-position":"center center","background-size":"auto","background-attachment":"scroll","background-type":"","background-media":"","overlay-type":"","overlay-color":"","overlay-opacity":"","overlay-gradient":""}},"ast-content-background-meta":{"desktop":{"background-color":"var(--ast-global-color-5)","background-image":"","background-repeat":"repeat","background-position":"center center","background-size":"auto","background-attachment":"scroll","background-type":"","background-media":"","overlay-type":"","overlay-color":"","overlay-opacity":"","overlay-gradient":""},"tablet":{"background-color":"var(--ast-global-color-5)","background-image":"","background-repeat":"repeat","background-position":"center center","background-size":"auto","background-attachment":"scroll","background-type":"","background-media":"","overlay-type":"","overlay-color":"","overlay-opacity":"","overlay-gradient":""},"mobile":{"background-color":"var(--ast-global-color-5)","background-image":"","background-repeat":"repeat","background-position":"center center","background-size":"auto","background-attachment":"scroll","background-type":"","background-media":"","overlay-type":"","overlay-color":"","overlay-opacity":"","overlay-gradient":""}}},"pwb-brand":[332],"product_brand":[],"product_cat":[388,333],"product_tag":[],"class_list":{"0":"post-3464","1":"product","2":"type-product","3":"status-publish","4":"has-post-thumbnail","6":"pwb-brand-victron","7":"product_cat-inversores-cargadores-12v","8":"product_cat-inversores","9":"desktop-align-left","10":"tablet-align-left","11":"mobile-align-left","12":"ast-product-gallery-layout-horizontal-slider","13":"ast-product-tabs-layout-horizontal","15":"first","16":"instock","17":"taxable","18":"shipping-taxable","19":"purchasable","20":"product-type-simple"},"wcpa_form_fields":null,"brands":[{"id":332,"name":"Victron Energia","slug":"victron"}],"_links":{"self":[{"href":"https:\/\/fvcomponentes.com\/pt\/wp-json\/wp\/v2\/product\/3464","targetHints":{"allow":["GET"]}}],"collection":[{"href":"https:\/\/fvcomponentes.com\/pt\/wp-json\/wp\/v2\/product"}],"about":[{"href":"https:\/\/fvcomponentes.com\/pt\/wp-json\/wp\/v2\/types\/product"}],"replies":[{"embeddable":true,"href":"https:\/\/fvcomponentes.com\/pt\/wp-json\/wp\/v2\/comments?post=3464"}],"wp:featuredmedia":[{"embeddable":true,"href":"https:\/\/fvcomponentes.com\/pt\/wp-json\/wp\/v2\/media\/3465"}],"wp:attachment":[{"href":"https:\/\/fvcomponentes.com\/pt\/wp-json\/wp\/v2\/media?parent=3464"}],"wp:term":[{"taxonomy":"pwb-brand","embeddable":true,"href":"https:\/\/fvcomponentes.com\/pt\/wp-json\/wp\/v2\/pwb-brand?post=3464"},{"taxonomy":"product_brand","embeddable":true,"href":"https:\/\/fvcomponentes.com\/pt\/wp-json\/wp\/v2\/product_brand?post=3464"},{"taxonomy":"product_cat","embeddable":true,"href":"https:\/\/fvcomponentes.com\/pt\/wp-json\/wp\/v2\/product_cat?post=3464"},{"taxonomy":"product_tag","embeddable":true,"href":"https:\/\/fvcomponentes.com\/pt\/wp-json\/wp\/v2\/product_tag?post=3464"}],"curies":[{"name":"wp","href":"https:\/\/api.w.org\/{rel}","templated":true}]}}