{"id":3456,"date":"2021-06-10T10:48:31","date_gmt":"2021-06-10T08:48:31","guid":{"rendered":"https:\/\/fvcomponentes.com\/producto\/base-portafusibles-cilindricos-de-10x38mm-32a-df-electric-485150\/"},"modified":"2025-10-02T11:56:26","modified_gmt":"2025-10-02T09:56:26","slug":"porta-fusiveis-cilindrico-10x38mm-32a-df-electric-485150","status":"publish","type":"product","link":"https:\/\/fvcomponentes.com\/pt\/producto\/base-portafusibles-cilindricos-de-10x38mm-32a-df-electric-485150\/","title":{"rendered":"Porta-fus\u00edveis cil\u00edndrico base 10x38mm. Especial fotovoltaico 32A - DF Electric - 485150"},"content":{"rendered":"<h2>Porta-fus\u00edveis cil\u00edndrico base 10x38mm. Especial fotovoltaico 32A - DF Electric - 485150<\/h2>\n<p>A base do porta-fus\u00edvel cil\u00edndrico 10x38mm. Especial fotovoltaico 32A - DF Electric - 485150 pode ser utilizado em todos os tipos de instala\u00e7\u00f5es fotovoltaicas de corrente cont\u00ednua. Como \u00e9 compat\u00edvel com a calha DIN, \u00e9 f\u00e1cil de montar em qualquer quadro el\u00e9trico.<\/p>\n<p>Este porta-fus\u00edveis tem uma estrutura compacta e um suporte de etiquetas para facilitar a identifica\u00e7\u00e3o do circuito. Al\u00e9m disso, foi concebido com zonas de ventila\u00e7\u00e3o optimizadas para uma melhor dissipa\u00e7\u00e3o do calor e \u00e9 fabricado em pol\u00edmero de alto desempenho com uma temperatura de fus\u00e3o superior a 300\u00b0C para proporcionar uma maior margem de seguran\u00e7a contra o sobreaquecimento do cartucho.<\/p>\n<p>Fixa\u00e7\u00e3o em calha DIN em 2 posi\u00e7\u00f5es. A base PMX permite manipular a fixa\u00e7\u00e3o da calha DIN com a mesma ferramenta utilizada para a fixa\u00e7\u00e3o, independentemente de se tratar de uma ponta ranhurada ou de uma PZ2.<br \/>\nA base PMX \u00e9 feita de materiais pl\u00e1sticos sem halog\u00e9neos, preparada para futuras restri\u00e7\u00f5es de halog\u00e9neos.<\/p>\n<p>Testado de acordo com a norma IEC (CB).<\/p>\n<p>Para utiliza\u00e7\u00e3o com fus\u00edveis:<\/p>\n<ul>\n<li><a href=\"https:\/\/fvcomponentes.com\/pt\/produto\/fusivel-cilindrico-10x38mm-12a\/\" target=\"_blank\" rel=\"noopener\">Fus\u00edvel cil\u00edndrico 10x38mm. 12A 1000Vdc Crady especial fotovoltaico - 01 18005<\/a><\/li>\n<li><a href=\"https:\/\/fvcomponentes.com\/pt\/produto\/fusivel-cilindrico-10x38mm-12a-13\/\" target=\"_blank\" rel=\"noopener\">Fus\u00edvel cil\u00edndrico 10x38mm. 16A 1000Vdc df El\u00e9trico especial fotovoltaico - 491630<\/a><\/li>\n<li><a href=\"https:\/\/fvcomponentes.com\/pt\/produto\/fusivel-cilindrico-10x38mm-32a-deu\/\" target=\"_blank\" rel=\"noopener\">Fus\u00edvel cil\u00edndrico 10x38mm. 32A. Deu - 30F32GL<\/a><\/li>\n<\/ul>\n<h2>Base porta-fus\u00edveis cil\u00edndrica 10x38mm ficha t\u00e9cnica. Especial fotovoltaico 32A - DF Electric - 485150<\/h2>\n<p><a href=\"https:\/\/fvcomponentes.com\/wp-content\/uploads\/2025\/09\/DF-ELECTRICS_Catalogo-fusibles-y-portafusibles_ES.pdf\" target=\"_blank\" rel=\"noopener\">Ver ficha t\u00e9cnica da base do porta-fus\u00edvel cil\u00edndrico 10x38mm. Especial fotovoltaico 32A - DF Electric - 485150<\/a><\/p>","protected":false},"excerpt":{"rendered":"<ul>\n<li><strong>Intensidade m\u00e1xima:<\/strong> 32A<\/li>\n<li><strong>Tens\u00e3o m\u00e1xima: <\/strong>1000V DC<\/li>\n<li><strong>Para fus\u00edveis: <\/strong>Cil\u00edndrico 10\u00d738 mm<\/li>\n<li><strong>Poder de corte:<\/strong> 30kA<\/li>\n<li><strong>Grau de prote\u00e7\u00e3o:<\/strong>\u00a0IP20.<\/li>\n<\/ul>","protected":false},"featured_media":3457,"comment_status":"open","ping_status":"closed","template":"","meta":{"site-sidebar-layout":"default","site-content-layout":"","ast-site-content-layout":"default","site-content-style":"default","site-sidebar-style":"default","ast-global-header-display":"","ast-banner-title-visibility":"","ast-main-header-display":"","ast-hfb-above-header-display":"","ast-hfb-below-header-display":"","ast-hfb-mobile-header-display":"","site-post-title":"","ast-breadcrumbs-content":"","ast-featured-img":"","footer-sml-layout":"","ast-disable-related-posts":"","theme-transparent-header-meta":"default","adv-header-id-meta":"","stick-header-meta":"","header-above-stick-meta":"","header-main-stick-meta":"","header-below-stick-meta":"","astra-migrate-meta-layouts":"set","ast-page-background-enabled":"default","ast-page-background-meta":{"desktop":{"background-color":"var(--ast-global-color-4)","background-image":"","background-repeat":"repeat","background-position":"center center","background-size":"auto","background-attachment":"scroll","background-type":"","background-media":"","overlay-type":"","overlay-color":"","overlay-opacity":"","overlay-gradient":""},"tablet":{"background-color":"","background-image":"","background-repeat":"repeat","background-position":"center center","background-size":"auto","background-attachment":"scroll","background-type":"","background-media":"","overlay-type":"","overlay-color":"","overlay-opacity":"","overlay-gradient":""},"mobile":{"background-color":"","background-image":"","background-repeat":"repeat","background-position":"center center","background-size":"auto","background-attachment":"scroll","background-type":"","background-media":"","overlay-type":"","overlay-color":"","overlay-opacity":"","overlay-gradient":""}},"ast-content-background-meta":{"desktop":{"background-color":"var(--ast-global-color-5)","background-image":"","background-repeat":"repeat","background-position":"center center","background-size":"auto","background-attachment":"scroll","background-type":"","background-media":"","overlay-type":"","overlay-color":"","overlay-opacity":"","overlay-gradient":""},"tablet":{"background-color":"var(--ast-global-color-5)","background-image":"","background-repeat":"repeat","background-position":"center center","background-size":"auto","background-attachment":"scroll","background-type":"","background-media":"","overlay-type":"","overlay-color":"","overlay-opacity":"","overlay-gradient":""},"mobile":{"background-color":"var(--ast-global-color-5)","background-image":"","background-repeat":"repeat","background-position":"center center","background-size":"auto","background-attachment":"scroll","background-type":"","background-media":"","overlay-type":"","overlay-color":"","overlay-opacity":"","overlay-gradient":""}}},"pwb-brand":[],"product_brand":[],"product_cat":[410,988],"product_tag":[],"class_list":{"0":"post-3456","1":"product","2":"type-product","3":"status-publish","4":"has-post-thumbnail","6":"product_cat-material-electrico","7":"product_cat-portafusibles","8":"desktop-align-left","9":"tablet-align-left","10":"mobile-align-left","11":"ast-product-gallery-layout-horizontal-slider","12":"ast-product-gallery-with-no-image","13":"ast-product-tabs-layout-horizontal","15":"first","16":"instock","17":"taxable","18":"shipping-taxable","19":"purchasable","20":"product-type-simple"},"wcpa_form_fields":null,"brands":[],"_links":{"self":[{"href":"https:\/\/fvcomponentes.com\/pt\/wp-json\/wp\/v2\/product\/3456","targetHints":{"allow":["GET"]}}],"collection":[{"href":"https:\/\/fvcomponentes.com\/pt\/wp-json\/wp\/v2\/product"}],"about":[{"href":"https:\/\/fvcomponentes.com\/pt\/wp-json\/wp\/v2\/types\/product"}],"replies":[{"embeddable":true,"href":"https:\/\/fvcomponentes.com\/pt\/wp-json\/wp\/v2\/comments?post=3456"}],"wp:featuredmedia":[{"embeddable":true,"href":"https:\/\/fvcomponentes.com\/pt\/wp-json\/wp\/v2\/media\/3457"}],"wp:attachment":[{"href":"https:\/\/fvcomponentes.com\/pt\/wp-json\/wp\/v2\/media?parent=3456"}],"wp:term":[{"taxonomy":"pwb-brand","embeddable":true,"href":"https:\/\/fvcomponentes.com\/pt\/wp-json\/wp\/v2\/pwb-brand?post=3456"},{"taxonomy":"product_brand","embeddable":true,"href":"https:\/\/fvcomponentes.com\/pt\/wp-json\/wp\/v2\/product_brand?post=3456"},{"taxonomy":"product_cat","embeddable":true,"href":"https:\/\/fvcomponentes.com\/pt\/wp-json\/wp\/v2\/product_cat?post=3456"},{"taxonomy":"product_tag","embeddable":true,"href":"https:\/\/fvcomponentes.com\/pt\/wp-json\/wp\/v2\/product_tag?post=3456"}],"curies":[{"name":"wp","href":"https:\/\/api.w.org\/{rel}","templated":true}]}}