{"id":3454,"date":"2021-06-11T10:19:36","date_gmt":"2021-06-11T08:19:36","guid":{"rendered":"https:\/\/fvcomponentes.com\/producto\/base-portafusibles-cilindrico-de-22x58mm-125a-gave-231\/"},"modified":"2025-10-02T11:55:48","modified_gmt":"2025-10-02T09:55:48","slug":"suporte-de-fusivel-cilindrico-base-22x58mm-125a-deu-231","status":"publish","type":"product","link":"https:\/\/fvcomponentes.com\/pt\/producto\/base-portafusibles-cilindrico-de-22x58mm-125a-gave-231\/","title":{"rendered":"Base porta-fus\u00edveis cil\u00edndrica 22x58mm. 125A - Gave - 231"},"content":{"rendered":"<h2>Base porta-fus\u00edveis cil\u00edndrica 22x58mm. 125A - Gave<\/h2>\n<p>O porta-fus\u00edveis cil\u00edndrico 22x58mm. 125A - Gave - 231 pode ser utilizado em todos os tipos de instala\u00e7\u00f5es el\u00e9ctricas de baixa tens\u00e3o. Como \u00e9 compat\u00edvel com a calha Dim, \u00e9 f\u00e1cil de montar em qualquer quadro el\u00e9trico. \u00c9 fabricado em pol\u00edmero pl\u00e1stico de alta resist\u00eancia para garantir a sua durabilidade.<\/p>\n<p>At\u00e9 125A de corrente e 690V de tens\u00e3o. Para fus\u00edveis cil\u00edndricos de 22x58mm.<\/p>\n<p>Aparelhos de comuta\u00e7\u00e3o para instala\u00e7\u00f5es de baixa tens\u00e3o em conformidade com as normas IEC 60947-1 e IEC 60947-3.<\/p>\n<p>Para utiliza\u00e7\u00e3o com fus\u00edveis como o <a href=\"https:\/\/fvcomponentes.com\/pt\/produto\/fusivel-cilindrico-22x58mm-40a-deu-32f40gl\/\" target=\"_blank\" rel=\"noopener\">fus\u00edvel cil\u00edndrico 22x58mm. 40A. Deu - 32F40GL<\/a>.<\/p>\n<h2>Ficha t\u00e9cnica porta-fus\u00edvel cil\u00edndrico base 22x58mm. 125A - Gave - 231<\/h2>\n<p><a href=\"https:\/\/fvcomponentes.com\/wp-content\/uploads\/2025\/09\/231.pdf\" target=\"_blank\" rel=\"noopener\">Ver Base porta-fus\u00edveis cil\u00edndrica 22x58mm. 125A - Gave<\/a><\/p>","protected":false},"excerpt":{"rendered":"<ul>\n<li><strong>Intensidade m\u00e1xima:<\/strong> 125A<\/li>\n<li><strong>Tens\u00e3o m\u00e1xima: <\/strong>690V<\/li>\n<li><strong>Para fus\u00edveis: <\/strong>Cilindros de 22\u00d758 mm<\/li>\n<li><strong>Normas<\/strong>IEC 60947-1 e IEC 60947-3<\/li>\n<\/ul>","protected":false},"featured_media":3455,"comment_status":"open","ping_status":"closed","template":"","meta":{"site-sidebar-layout":"default","site-content-layout":"","ast-site-content-layout":"default","site-content-style":"default","site-sidebar-style":"default","ast-global-header-display":"","ast-banner-title-visibility":"","ast-main-header-display":"","ast-hfb-above-header-display":"","ast-hfb-below-header-display":"","ast-hfb-mobile-header-display":"","site-post-title":"","ast-breadcrumbs-content":"","ast-featured-img":"","footer-sml-layout":"","ast-disable-related-posts":"","theme-transparent-header-meta":"default","adv-header-id-meta":"","stick-header-meta":"","header-above-stick-meta":"","header-main-stick-meta":"","header-below-stick-meta":"","astra-migrate-meta-layouts":"set","ast-page-background-enabled":"default","ast-page-background-meta":{"desktop":{"background-color":"var(--ast-global-color-4)","background-image":"","background-repeat":"repeat","background-position":"center center","background-size":"auto","background-attachment":"scroll","background-type":"","background-media":"","overlay-type":"","overlay-color":"","overlay-opacity":"","overlay-gradient":""},"tablet":{"background-color":"","background-image":"","background-repeat":"repeat","background-position":"center center","background-size":"auto","background-attachment":"scroll","background-type":"","background-media":"","overlay-type":"","overlay-color":"","overlay-opacity":"","overlay-gradient":""},"mobile":{"background-color":"","background-image":"","background-repeat":"repeat","background-position":"center center","background-size":"auto","background-attachment":"scroll","background-type":"","background-media":"","overlay-type":"","overlay-color":"","overlay-opacity":"","overlay-gradient":""}},"ast-content-background-meta":{"desktop":{"background-color":"var(--ast-global-color-5)","background-image":"","background-repeat":"repeat","background-position":"center center","background-size":"auto","background-attachment":"scroll","background-type":"","background-media":"","overlay-type":"","overlay-color":"","overlay-opacity":"","overlay-gradient":""},"tablet":{"background-color":"var(--ast-global-color-5)","background-image":"","background-repeat":"repeat","background-position":"center center","background-size":"auto","background-attachment":"scroll","background-type":"","background-media":"","overlay-type":"","overlay-color":"","overlay-opacity":"","overlay-gradient":""},"mobile":{"background-color":"var(--ast-global-color-5)","background-image":"","background-repeat":"repeat","background-position":"center center","background-size":"auto","background-attachment":"scroll","background-type":"","background-media":"","overlay-type":"","overlay-color":"","overlay-opacity":"","overlay-gradient":""}}},"pwb-brand":[],"product_brand":[],"product_cat":[410,988],"product_tag":[],"class_list":{"0":"post-3454","1":"product","2":"type-product","3":"status-publish","4":"has-post-thumbnail","6":"product_cat-material-electrico","7":"product_cat-portafusibles","8":"desktop-align-left","9":"tablet-align-left","10":"mobile-align-left","11":"ast-product-gallery-layout-horizontal-slider","12":"ast-product-gallery-with-no-image","13":"ast-product-tabs-layout-horizontal","15":"first","16":"instock","17":"taxable","18":"shipping-taxable","19":"purchasable","20":"product-type-simple"},"wcpa_form_fields":null,"brands":[],"_links":{"self":[{"href":"https:\/\/fvcomponentes.com\/pt\/wp-json\/wp\/v2\/product\/3454","targetHints":{"allow":["GET"]}}],"collection":[{"href":"https:\/\/fvcomponentes.com\/pt\/wp-json\/wp\/v2\/product"}],"about":[{"href":"https:\/\/fvcomponentes.com\/pt\/wp-json\/wp\/v2\/types\/product"}],"replies":[{"embeddable":true,"href":"https:\/\/fvcomponentes.com\/pt\/wp-json\/wp\/v2\/comments?post=3454"}],"wp:featuredmedia":[{"embeddable":true,"href":"https:\/\/fvcomponentes.com\/pt\/wp-json\/wp\/v2\/media\/3455"}],"wp:attachment":[{"href":"https:\/\/fvcomponentes.com\/pt\/wp-json\/wp\/v2\/media?parent=3454"}],"wp:term":[{"taxonomy":"pwb-brand","embeddable":true,"href":"https:\/\/fvcomponentes.com\/pt\/wp-json\/wp\/v2\/pwb-brand?post=3454"},{"taxonomy":"product_brand","embeddable":true,"href":"https:\/\/fvcomponentes.com\/pt\/wp-json\/wp\/v2\/product_brand?post=3454"},{"taxonomy":"product_cat","embeddable":true,"href":"https:\/\/fvcomponentes.com\/pt\/wp-json\/wp\/v2\/product_cat?post=3454"},{"taxonomy":"product_tag","embeddable":true,"href":"https:\/\/fvcomponentes.com\/pt\/wp-json\/wp\/v2\/product_tag?post=3454"}],"curies":[{"name":"wp","href":"https:\/\/api.w.org\/{rel}","templated":true}]}}