{"id":34154,"date":"2025-11-27T13:12:23","date_gmt":"2025-11-27T12:12:23","guid":{"rendered":"https:\/\/fvcomponentes.com\/?post_type=product&#038;p=34154"},"modified":"2025-11-27T15:48:52","modified_gmt":"2025-11-27T14:48:52","slug":"bateria-estacionaria-tab-24v-12x-opzs-200-2v-200ah","status":"publish","type":"product","link":"https:\/\/fvcomponentes.com\/pt\/producto\/bateria-estacionaria-tab-24v-12x-opzs-200-2v-200ah\/","title":{"rendered":"Bateria estacion\u00e1ria TAB 24V \u2013 12x OPzS 200 2V\/200Ah"},"content":{"rendered":"<p>O pacote de baterias estacion\u00e1rias TAB 24V \u2013 12x OPzS 200 2V\/200 forma um banco de baterias estacion\u00e1rias de 24V e 215Ah em C10 atrav\u00e9s de 12 vasos OPzS de 2V em s\u00e9rie, com placa tubular inundada para ciclagem profunda. \u00c9 a configura\u00e7\u00e3o padr\u00e3o em fotovoltaicos isolados quando se procura m\u00e1xima vida \u00fatil e baixo custo por kWh, aceitando uma manuten\u00e7\u00e3o b\u00e1sica.<\/p>\n<h2 data-start=\"673\" data-end=\"699\">O que inclui o pacote?<\/h2>\n<p>O pacote de baterias estacion\u00e1rias TAB 24V \u2013 12x OPzS 200 2V\/200Ah inclui tudo o que \u00e9 necess\u00e1rio para a instala\u00e7\u00e3o simples e segura do banco de baterias, al\u00e9m dos elementos necess\u00e1rios para a sua manuten\u00e7\u00e3o peri\u00f3dica.<\/p>\n<ul>\n<li data-start=\"3962\" data-end=\"4011\"><strong data-start=\"3962\" data-end=\"3994\">12\u00d7 vasos TAB OPzS 4OPzS200TB<\/strong> (2V cada um).<\/li>\n<li data-start=\"4014\" data-end=\"4068\"><strong data-start=\"4014\" data-end=\"4066\">Conjunto de interconex\u00f5es e terminais de sa\u00edda.<\/strong><\/li>\n<li data-start=\"4071\" data-end=\"4129\"><strong data-start=\"4071\" data-end=\"4127\">Dens\u00edmetro para controlo da densidade do eletr\u00f3lito.<\/strong><\/li>\n<li data-start=\"4132\" data-end=\"4311\"><strong data-start=\"4132\" data-end=\"4186\">Tamp\u00f5es cer\u00e2micos e elementos b\u00e1sicos de seguran\u00e7a<\/strong> para ventila\u00e7\u00e3o e manuten\u00e7\u00e3o.<\/li>\n<\/ul>\n<h2 data-start=\"850\" data-end=\"901\">Vantagens das baterias TAB OPzS<\/h2>\n<ul>\n<li data-start=\"904\" data-end=\"1048\"><strong>Placa tubular OPzS inundada:<\/strong> Concebida para descargas lentas e profundas. Muito mais resistente ao ciclo do que os modelos monobloco.<\/li>\n<li data-start=\"1051\" data-end=\"1192\"><strong>Longa vida \u00fatil: <\/strong>Quando bem trabalhadas (DoD razo\u00e1vel + carga correta), s\u00e3o baterias com uma vida \u00fatil de muitos anos.<\/li>\n<li data-start=\"1195\" data-end=\"1305\"><strong>Manuten\u00e7\u00e3o control\u00e1vel:<\/strong> N\u00edvel de eletr\u00f3lito vis\u00edvel para poder reabastecer com \u00e1gua quando necess\u00e1rio.<\/li>\n<li><strong data-start=\"4669\" data-end=\"4703\">Recuper\u00e1veis por equaliza\u00e7\u00e3o:<\/strong> podem recuperar a capacidade ap\u00f3s sulfata\u00e7\u00e3o leve por mau uso pontual.<\/li>\n<li data-start=\"1195\" data-end=\"1305\"><strong data-start=\"4783\" data-end=\"4815\">Melhor \u20ac\/kWh \u00fatil do que gel\/AGM<\/strong> em bancos de m\u00e9dio e grande porte.<\/li>\n<\/ul>\n<p data-start=\"1473\" data-end=\"1626\">Estas baterias foram concebidas para oferecer as melhores condi\u00e7\u00f5es de fiabilidade a um custo reduzido.<\/p>\n<h2 data-start=\"1633\" data-end=\"1659\">Aplica\u00e7\u00f5es t\u00edpicas da bateria estacion\u00e1ria TAB 24V \u2013 12x OPzS 200 2V\/200Ah<\/h2>\n<ul>\n<li data-start=\"1662\" data-end=\"1698\">Habita\u00e7\u00f5es isoladas de uso habitual<\/li>\n<li data-start=\"1701\" data-end=\"1734\">Sistemas h\u00edbridos com gerador<\/li>\n<li data-start=\"1737\" data-end=\"1792\">Casas de campo \/ propriedades rurais com consumo noturno prolongado<\/li>\n<li data-start=\"1795\" data-end=\"1858\">Telecomunica\u00e7\u00f5es, sinaliza\u00e7\u00e3o, SAI em regime estacion\u00e1rio<\/li>\n<li data-start=\"1861\" data-end=\"1899\">Amplia\u00e7\u00f5es de bancos OPzS existentes<\/li>\n<\/ul>\n<h2 data-start=\"1906\" data-end=\"1941\">Caracter\u00edsticas t\u00e9cnicas do pacote 24V<\/h2>\n<ul>\n<li><strong data-start=\"1942\" data-end=\"1962\">Tens\u00e3o nominal:<\/strong> 24 V (12 x 2 V)<\/li>\n<li><strong style=\"font-size: 16px;\">Capacidade nominal:<\/strong>\n<ul>\n<li>C5: 157 Ah<\/li>\n<li><span style=\"font-size: 16px;\">C10: 215 Ah<br \/>\n<\/span><\/li>\n<li><span style=\"font-size: 16px;\">C100: 301 Ah<\/span><\/li>\n<\/ul>\n<\/li>\n<li><strong>Tempo de carregamento at\u00e9 ao 92%: <\/strong>at\u00e9 6h com corrente inicial 1,5*I10, 2,23 V\/c\u00e9lula, 50 % C10 descarregado<\/li>\n<li><strong data-start=\"5447\" data-end=\"5465\">Vida \u00fatil estimada:<\/strong> at\u00e9 <strong data-start=\"5472\" data-end=\"5486\">15\u201320 anos<\/strong> em condi\u00e7\u00f5es adequadas (temperatura moderada, DoD razo\u00e1vel e carga correta).<\/li>\n<li><strong>Ciclos de utiliza\u00e7\u00e3o:<\/strong> 1.000 \u2013 1.500 ciclos (de acordo com a norma de ensaio do fabricante e profundidade de descarga).<\/li>\n<li><strong>Intervalo de temperatura de funcionamento:<\/strong> \u201320 \u00b0C a +55 \u00b0C<\/li>\n<li><strong>Garantia:<\/strong> 2 anos<\/li>\n<li><strong>Dimens\u00f5es por copo:<\/strong>\u00a0 103 \u00d7 206 \u00d7 420 mm (comprimento \u00d7 largura \u00d7 altura)<\/li>\n<li><strong data-start=\"2143\" data-end=\"2158\">Peso total:<\/strong> ~210 kg<\/li>\n<\/ul>\n<h3 data-start=\"2143\" data-end=\"2172\">Recomenda\u00e7\u00f5es de carga para baterias estacion\u00e1rias de 24 V OPzS<\/h3>\n<p>A vida \u00fatil das baterias OPzS depende da profundidade das descargas realizadas. Para descargas com profundidade de 60%, a vida \u00fatil estimada dessas baterias seria de 1500 ciclos.<\/p>\n<ul>\n<li><strong>Tens\u00f5es de carga recomendadas (por c\u00e9lula):<\/strong>\n<ul>\n<li><strong style=\"font-size: 16px;\">Flutua\u00e7\u00e3o \/ manuten\u00e7\u00e3o:<\/strong><span style=\"font-size: 16px;\"> \u2248 2,23 \u2013 2,25 V\/c\u00e9lula (isto aplica-se \u00e0 carga flutuante entre 10\u201330 \u00b0C, com corre\u00e7\u00e3o por temperatura). <strong>26,8\u201327,0 V<\/strong>\u00a0o pacote<\/span><\/li>\n<li><strong style=\"font-size: 16px;\">Carregamento r\u00e1pido \/ recarga r\u00e1pida:<\/strong><span style=\"font-size: 16px;\"> \u2248 2,35 \u2013 2,40 V\/c\u00e9lula (tempo limitado; normalmente 3\u20135 h ap\u00f3s atingir esta tens\u00e3o). <strong>28,2\u201328,8 V<\/strong><\/span>\u00a0o pacote<\/li>\n<\/ul>\n<\/li>\n<li><strong>Profundidade de descarga:<\/strong> Normalmente at\u00e9 80 %. Devem ser evitadas descargas superiores a 80 % de DOD ou descargas al\u00e9m das tens\u00f5es finais de descarga.<\/li>\n<\/ul>\n<h3 data-start=\"6414\" data-end=\"6441\">Instala\u00e7\u00e3o e seguran\u00e7a<\/h3>\n<ul>\n<li data-start=\"6444\" data-end=\"6515\"><strong>Ventila\u00e7\u00e3o obrigat\u00f3ria<\/strong> no habit\u00e1culo\/bancada (emiss\u00e3o de gases).<\/li>\n<li data-start=\"6518\" data-end=\"6577\"><strong>Controlo peri\u00f3dico<\/strong> n\u00edvel e densidade do eletr\u00f3lito.<\/li>\n<li data-start=\"6580\" data-end=\"6645\"><strong>Manipula\u00e7\u00e3o com EPI<\/strong> (luvas, \u00f3culos) devido \u00e0 presen\u00e7a de \u00e1cido.<\/li>\n<\/ul>\n<p>A liga\u00e7\u00e3o destas baterias deve ser feita <strong data-start=\"210\" data-end=\"230\" data-is-only-node=\"\">sempre em s\u00e9rie<\/strong> para atingir a tens\u00e3o total do sistema, como no exemplo seguinte:<\/p>\n<p><img fetchpriority=\"high\" decoding=\"async\" class=\"size-full wp-image-34170\" src=\"https:\/\/fvcomponentes.com\/wp-content\/uploads\/2025\/11\/Serie-24V-OPzS.png\" alt=\"S\u00e9rie 24V OPzS\" width=\"1521\" height=\"252\" title=\"\"><\/p>\n<h2>Ficha t\u00e9cnica da bateria estacion\u00e1ria TAB 24V \u2013 12x OPzS 200 2V\/200Ah<\/h2>\n<p><a href=\"https:\/\/fvcomponentes.com\/wp-content\/uploads\/2025\/11\/TAB_OPzS_Ficha_Tecnica.pdf\" target=\"_blank\" rel=\"noopener\">Ficha t\u00e9cnica da bateria estacion\u00e1ria TAB 24V \u2013 12x OPzS 200 2V\/200Ah <\/a><\/p>","protected":false},"excerpt":{"rendered":"<p><span style=\"color: #ff0000;\"><strong>IMAGEM INDICATIVA<\/strong><\/span><\/p>\n<p><strong>Tens\u00e3o nominal:<\/strong> 24 V<br \/>\n<strong>Capacidade nominal:<br \/>\n<\/strong>C5: 232 Ah<br \/>\n<span style=\"font-size: 16px;\">C10: 268 Ah<br \/>\n<\/span><span style=\"font-size: 16px;\">C100: 376 A<br \/>\n<\/span><strong style=\"font-size: 16px;\">Terminais M10:<\/strong><span style=\"font-size: 16px;\"> 2 por copo<br \/>\n<\/span><span style=\"font-size: 16px;\"><strong>Ciclos de utiliza\u00e7\u00e3o:<\/strong> 1.000 \u2013 1.500 ciclos (de acordo com a norma de ensaio e profundidade de descarga).<br \/>\n<\/span><strong style=\"font-size: 16px;\">Vida \u00fatil estimada:<\/strong><span style=\"font-size: 16px;\"> at\u00e9 15\u201320 anos (dependendo da temperatura e do regime de utiliza\u00e7\u00e3o).<br \/>\n<\/span><strong>Garantia:<\/strong> 2 anos<\/p>","protected":false},"featured_media":34162,"comment_status":"closed","ping_status":"closed","template":"","meta":{"site-sidebar-layout":"default","site-content-layout":"","ast-site-content-layout":"default","site-content-style":"default","site-sidebar-style":"default","ast-global-header-display":"","ast-banner-title-visibility":"","ast-main-header-display":"","ast-hfb-above-header-display":"","ast-hfb-below-header-display":"","ast-hfb-mobile-header-display":"","site-post-title":"","ast-breadcrumbs-content":"","ast-featured-img":"","footer-sml-layout":"","ast-disable-related-posts":"","theme-transparent-header-meta":"default","adv-header-id-meta":"","stick-header-meta":"","header-above-stick-meta":"","header-main-stick-meta":"","header-below-stick-meta":"","astra-migrate-meta-layouts":"set","ast-page-background-enabled":"default","ast-page-background-meta":{"desktop":{"background-color":"var(--ast-global-color-4)","background-image":"","background-repeat":"repeat","background-position":"center center","background-size":"auto","background-attachment":"scroll","background-type":"","background-media":"","overlay-type":"","overlay-color":"","overlay-opacity":"","overlay-gradient":""},"tablet":{"background-color":"","background-image":"","background-repeat":"repeat","background-position":"center center","background-size":"auto","background-attachment":"scroll","background-type":"","background-media":"","overlay-type":"","overlay-color":"","overlay-opacity":"","overlay-gradient":""},"mobile":{"background-color":"","background-image":"","background-repeat":"repeat","background-position":"center center","background-size":"auto","background-attachment":"scroll","background-type":"","background-media":"","overlay-type":"","overlay-color":"","overlay-opacity":"","overlay-gradient":""}},"ast-content-background-meta":{"desktop":{"background-color":"var(--ast-global-color-5)","background-image":"","background-repeat":"repeat","background-position":"center center","background-size":"auto","background-attachment":"scroll","background-type":"","background-media":"","overlay-type":"","overlay-color":"","overlay-opacity":"","overlay-gradient":""},"tablet":{"background-color":"var(--ast-global-color-5)","background-image":"","background-repeat":"repeat","background-position":"center center","background-size":"auto","background-attachment":"scroll","background-type":"","background-media":"","overlay-type":"","overlay-color":"","overlay-opacity":"","overlay-gradient":""},"mobile":{"background-color":"var(--ast-global-color-5)","background-image":"","background-repeat":"repeat","background-position":"center center","background-size":"auto","background-attachment":"scroll","background-type":"","background-media":"","overlay-type":"","overlay-color":"","overlay-opacity":"","overlay-gradient":""}}},"pwb-brand":[1013],"product_brand":[],"product_cat":[340,1012],"product_tag":[],"class_list":{"0":"post-34154","1":"product","2":"type-product","3":"status-publish","4":"has-post-thumbnail","6":"pwb-brand-baterias-tab","7":"product_cat-baterias","8":"product_cat-baterias-opzs","9":"product_shipping_class-baterias","10":"desktop-align-left","11":"tablet-align-left","12":"mobile-align-left","13":"ast-product-gallery-layout-horizontal-slider","14":"ast-product-gallery-with-no-image","15":"ast-product-tabs-layout-horizontal","17":"first","18":"instock","19":"taxable","20":"shipping-taxable","21":"purchasable","22":"product-type-yith_bundle"},"wcpa_form_fields":null,"brands":[{"id":1013,"name":"Baterias TAB","slug":"baterias-tab"}],"_links":{"self":[{"href":"https:\/\/fvcomponentes.com\/pt\/wp-json\/wp\/v2\/product\/34154","targetHints":{"allow":["GET"]}}],"collection":[{"href":"https:\/\/fvcomponentes.com\/pt\/wp-json\/wp\/v2\/product"}],"about":[{"href":"https:\/\/fvcomponentes.com\/pt\/wp-json\/wp\/v2\/types\/product"}],"replies":[{"embeddable":true,"href":"https:\/\/fvcomponentes.com\/pt\/wp-json\/wp\/v2\/comments?post=34154"}],"wp:featuredmedia":[{"embeddable":true,"href":"https:\/\/fvcomponentes.com\/pt\/wp-json\/wp\/v2\/media\/34162"}],"wp:attachment":[{"href":"https:\/\/fvcomponentes.com\/pt\/wp-json\/wp\/v2\/media?parent=34154"}],"wp:term":[{"taxonomy":"pwb-brand","embeddable":true,"href":"https:\/\/fvcomponentes.com\/pt\/wp-json\/wp\/v2\/pwb-brand?post=34154"},{"taxonomy":"product_brand","embeddable":true,"href":"https:\/\/fvcomponentes.com\/pt\/wp-json\/wp\/v2\/product_brand?post=34154"},{"taxonomy":"product_cat","embeddable":true,"href":"https:\/\/fvcomponentes.com\/pt\/wp-json\/wp\/v2\/product_cat?post=34154"},{"taxonomy":"product_tag","embeddable":true,"href":"https:\/\/fvcomponentes.com\/pt\/wp-json\/wp\/v2\/product_tag?post=34154"}],"curies":[{"name":"wp","href":"https:\/\/api.w.org\/{rel}","templated":true}]}}