{"id":33992,"date":"2026-01-05T09:42:10","date_gmt":"2026-01-05T08:42:10","guid":{"rendered":"https:\/\/fvcomponentes.com\/?post_type=product&#038;p=33992"},"modified":"2026-03-30T12:15:36","modified_gmt":"2026-03-30T10:15:36","slug":"inversor-huawei-sun2000-5k-lb0-hibrido-monofasico-01077156","status":"publish","type":"product","link":"https:\/\/fvcomponentes.com\/pt\/producto\/inversor-huawei-sun2000-5k-lb0-hibrido-monofasico-01077156\/","title":{"rendered":"Inversor monof\u00e1sico h\u00edbrido Huawei SUN2000 5K LB0 - 01077156"},"content":{"rendered":"<h2>Inversor Huawei SUN2000-5K-LB0 H\u00edbrido Monof\u00e1sico \u2013 01077156<\/h2>\n<p data-start=\"1040\" data-end=\"1460\">O Huawei SUN2000-5K-LB0 \u00e9 um inversor h\u00edbrido monof\u00e1sico de 5 kW concebido para instala\u00e7\u00f5es fotovoltaicas residenciais de autoconsumo. Inclui duplo MPPT, conectividade Wi-Fi integrada, prote\u00e7\u00e3o AFCI contra arco el\u00e9trico, grau de prote\u00e7\u00e3o IP66 e compatibilidade total com a bateria Huawei LUNA2000, oferecendo uma solu\u00e7\u00e3o preparada para fotovoltaica com armazenamento.<\/p>\n<p data-start=\"1462\" data-end=\"1637\">\u00c9 ideal para resid\u00eancias com um consumo m\u00e9dio que desejam economizar na conta, aproveitar melhor a energia solar e deixar em aberto a op\u00e7\u00e3o de instalar uma bateria posteriormente.<\/p>\n<h2>Caracter\u00edsticas do inversor Huawei SUN2000-5K-LB0 h\u00edbrido monof\u00e1sico<\/h2>\n<h3>Design compacto e leve<\/h3>\n<p>\u00c9 um inversor compacto e f\u00e1cil de instalar, ideal para resid\u00eancias onde o espa\u00e7o \u00e9 limitado.<br \/>\nGra\u00e7as \u00e0 sua prote\u00e7\u00e3o IP66, resiste bem ao p\u00f3 e \u00e0 \u00e1gua, pelo que pode ser instalado no exterior sem problemas.<br \/>\nAl\u00e9m disso, incorpora refrigera\u00e7\u00e3o por convec\u00e7\u00e3o natural, pelo que funciona de forma silenciosa e sem ventilador.<\/p>\n<h3>Prote\u00e7\u00f5es e seguran\u00e7a<\/h3>\n<p>O Huawei SUN2000-5K-LB0 inclui v\u00e1rias medidas de seguran\u00e7a para proteger a sua instala\u00e7\u00e3o:<\/p>\n<ul>\n<li>Deteta arcos el\u00e9tricos para reduzir o risco de inc\u00eandio (AFCI).<\/li>\n<li>Protege contra picos de tens\u00e3o tanto em pain\u00e9is como na rede (SPD tipo II).<\/li>\n<li>Impede que o sistema continue a enviar eletricidade para a rede se esta for cortada (anti-ilha).<\/li>\n<li>Adicione controlos adicionais, como dete\u00e7\u00e3o de fugas, isolamento, polaridade invertida e avisos de falhas.<\/li>\n<\/ul>\n<h3>Conectividade e monitoriza\u00e7\u00e3o inteligente<\/h3>\n<p>Inclui Wi-Fi integrado, para ligar o inversor \u00e0 sua rede e controlar a instala\u00e7\u00e3o a partir do telem\u00f3vel com o FusionSolar (produ\u00e7\u00e3o, consumo e avisos).<br \/>\nTamb\u00e9m disp\u00f5e de porta RS-485 e suporta acess\u00f3rios (4G ou Ethernet) para melhorar a liga\u00e7\u00e3o, se necess\u00e1rio.<br \/>\nAl\u00e9m disso, incorpora luzes LED que indicam o estado do equipamento de forma simples.<\/p>\n<h3>Compatibilidade<\/h3>\n<p>Este inversor \u00e9 compat\u00edvel com as baterias Huawei LUNA2000, ideal para quem deseja adicionar baterias agora e, assim, melhorar a autossufici\u00eancia energ\u00e9tica e aproveitar ao m\u00e1ximo os excedentes solares.<\/p>\n<p>Al\u00e9m disso, tamb\u00e9m \u00e9 compat\u00edvel com os otimizadores da Huawei (por exemplo, os modelos SUN2000-450W-P2 e 600W-P), o que permite maximizar a produ\u00e7\u00e3o em configura\u00e7\u00f5es com sombras ou diferentes orienta\u00e7\u00f5es de m\u00f3dulos.<\/p>\n<h2>Vantagens do inversor Huawei SUN2000-5K-LB0 h\u00edbrido monof\u00e1sico<\/h2>\n<h3>Maior produ\u00e7\u00e3o e alta efici\u00eancia<\/h3>\n<p>Gra\u00e7as \u00e0 sua alta efici\u00eancia (at\u00e9 96,6 %), aproveita muito bem a energia dos pain\u00e9is solares. Al\u00e9m disso, adapta-se melhor a situa\u00e7\u00f5es em que h\u00e1 sombras parciais ou pain\u00e9is com orienta\u00e7\u00f5es diferentes, para que a sua instala\u00e7\u00e3o tenha um melhor rendimento.<\/p>\n<h3>Pronto para adicionar baterias<\/h3>\n<p>\u00c9 um inversor h\u00edbrido, o que significa que pode come\u00e7ar apenas com pain\u00e9is e adicionar uma bateria mais tarde, sem necessidade de trocar o inversor.<\/p>\n<h3>Mais seguran\u00e7a<\/h3>\n<p>Inclui prote\u00e7\u00f5es avan\u00e7adas que melhoram a seguran\u00e7a da instala\u00e7\u00e3o, como dete\u00e7\u00e3o de arcos el\u00e9tricos (AFCI), prote\u00e7\u00e3o contra sobretens\u00f5es e controlo de poss\u00edveis fugas ou falhas.<\/p>\n<h3>Resistente e adequado para uso externo<\/h3>\n<p>Possui prote\u00e7\u00e3o IP66, o que o torna resistente ao p\u00f3 e \u00e0 \u00e1gua. Pode ser instalado em ambientes internos ou externos com total confiabilidade e funciona em uma ampla faixa de temperaturas.<\/p>\n<h3>Instala\u00e7\u00e3o simples e pouca manuten\u00e7\u00e3o<\/h3>\n<p>O seu peso leve e refrigera\u00e7\u00e3o sem ventila\u00e7\u00e3o facilitam a montagem e reduzem a necessidade de manuten\u00e7\u00e3o. Al\u00e9m disso, pode ser montado na parede ou num suporte, o que facilita a sua integra\u00e7\u00e3o em qualquer tipo de instala\u00e7\u00e3o.<\/p>\n<h3>Monitoriza\u00e7\u00e3o a partir de qualquer lugar<\/h3>\n<p>Este inversor da Huawei possui Wi-Fi integrado e funciona com a aplica\u00e7\u00e3o FusionSolar, com a qual pode ver, em tempo real, a produ\u00e7\u00e3o, o consumo, o estado da bateria (se tiver uma instalada) e gerir o sistema de forma f\u00e1cil e intuitiva.<\/p>\n<h3>Capacidade de backup contra falhas de energia (com bateria + sistema de backup)<\/h3>\n<p>Pode fornecer energia a cargas essenciais durante uma falha de energia se instalado em conjunto com uma bateria Huawei LUNA2000 e o sistema de backup compat\u00edvel, al\u00e9m da configura\u00e7\u00e3o adequada.<\/p>\n<h2>Especifica\u00e7\u00f5es t\u00e9cnicas<\/h2>\n<ul>\n<li>Pot\u00eancia: 5.000 W<\/li>\n<li>AC: 5.500 W<\/li>\n<li>DC: 7.500 W<\/li>\n<li>Tens\u00e3o de sa\u00edda: 230 V<\/li>\n<li>Frequ\u00eancia 50 Hz \/ 60 Hz.<\/li>\n<li>Efici\u00eancia: 97,1 %<\/li>\n<li>Fases: 1 fase (monof\u00e1sico)<\/li>\n<li>N\u00famero de MPPT: 2<\/li>\n<li>Ecr\u00e3: N\u00e3o<\/li>\n<li>Conector DC: Amphenol H4<\/li>\n<li>Intervalo de temperatura de funcionamento: de -25 \u00b0C a +60 \u00b0C<\/li>\n<li>Baterias compat\u00edveis: LUNA2000-5\/10\/15-S0 e LUNA2000-7\/14\/21-S1<\/li>\n<li>Otimizadores compat\u00edveis: SUN2000-450W-P2 e SUN2000-600W-P<\/li>\n<li>Dimens\u00f5es: 42,5 x 36,5 x 13,0 cm<\/li>\n<li>Peso: 15,0 kg<\/li>\n<li>Garantia do produto: 10 anos. Extens\u00e3o por 15 e 20 anos.<\/li>\n<\/ul>\n<h2>Ficha t\u00e9cnica e manual do Inversor Huawei SUN2000-5K-LB0 H\u00edbrido Monof\u00e1sico \u2013 01077156<\/h2>\n<p><a href=\"https:\/\/fvcomponentes.com\/wp-content\/uploads\/2025\/11\/Huawei_TDS_SUN2000_3K-6K_LB0_ES.pdf\" target=\"_blank\" rel=\"noopener\">Ficha t\u00e9cnica do inversor Huawei SUN2000-5K-LB0 h\u00edbrido monof\u00e1sico<\/a><\/p>\n<p><a href=\"https:\/\/fvcomponentes.com\/wp-content\/uploads\/2025\/11\/Manual-del-usuario-de-la-serie-SUN2000-3K-6K-LB0.pdf\" target=\"_blank\" rel=\"noopener\">Manual do Investidor Huawei SUN2000-5K-LB0 H\u00edbrido Monof\u00e1sico<\/a><\/p>","protected":false},"excerpt":{"rendered":"<div><strong><span style=\"color: #ff0000\">Dispon\u00edvel a partir de 16 de mar\u00e7o!<\/span><\/strong><\/div>\n<div class=\"baywa-details-fields\"><span class=\"baywa-details-label\"><strong>Pot\u00eancia:<\/strong> 5.0<\/span><span class=\"baywa-details-values\">00 W<\/span><\/div>\n<div class=\"baywa-details-fields\"><strong><span class=\"baywa-details-label\">Pot\u00eancia m\u00e1xima dos pain\u00e9is solares: <\/span><\/strong><span class=\"baywa-details-values\">7.500 W<\/span><\/div>\n<div class=\"baywa-details-fields\"><strong><span class=\"baywa-details-label\">Efici\u00eancia:<\/span><\/strong><span class=\"baywa-details-values\"><strong>\u00a0<\/strong>97,1%\u00a0<\/span><\/div>\n<div><strong>Baterias compat\u00edveis:<\/strong> Huawei LUNA2000-5\/10\/15-S0 e Huawei LUNA2000-7\/14\/21-S1<\/div>","protected":false},"featured_media":33989,"comment_status":"closed","ping_status":"closed","template":"","meta":{"site-sidebar-layout":"default","site-content-layout":"","ast-site-content-layout":"default","site-content-style":"default","site-sidebar-style":"default","ast-global-header-display":"","ast-banner-title-visibility":"","ast-main-header-display":"","ast-hfb-above-header-display":"","ast-hfb-below-header-display":"","ast-hfb-mobile-header-display":"","site-post-title":"","ast-breadcrumbs-content":"","ast-featured-img":"","footer-sml-layout":"","ast-disable-related-posts":"","theme-transparent-header-meta":"default","adv-header-id-meta":"","stick-header-meta":"","header-above-stick-meta":"","header-main-stick-meta":"","header-below-stick-meta":"","astra-migrate-meta-layouts":"set","ast-page-background-enabled":"default","ast-page-background-meta":{"desktop":{"background-color":"var(--ast-global-color-4)","background-image":"","background-repeat":"repeat","background-position":"center center","background-size":"auto","background-attachment":"scroll","background-type":"","background-media":"","overlay-type":"","overlay-color":"","overlay-opacity":"","overlay-gradient":""},"tablet":{"background-color":"","background-image":"","background-repeat":"repeat","background-position":"center center","background-size":"auto","background-attachment":"scroll","background-type":"","background-media":"","overlay-type":"","overlay-color":"","overlay-opacity":"","overlay-gradient":""},"mobile":{"background-color":"","background-image":"","background-repeat":"repeat","background-position":"center center","background-size":"auto","background-attachment":"scroll","background-type":"","background-media":"","overlay-type":"","overlay-color":"","overlay-opacity":"","overlay-gradient":""}},"ast-content-background-meta":{"desktop":{"background-color":"var(--ast-global-color-5)","background-image":"","background-repeat":"repeat","background-position":"center center","background-size":"auto","background-attachment":"scroll","background-type":"","background-media":"","overlay-type":"","overlay-color":"","overlay-opacity":"","overlay-gradient":""},"tablet":{"background-color":"var(--ast-global-color-5)","background-image":"","background-repeat":"repeat","background-position":"center center","background-size":"auto","background-attachment":"scroll","background-type":"","background-media":"","overlay-type":"","overlay-color":"","overlay-opacity":"","overlay-gradient":""},"mobile":{"background-color":"var(--ast-global-color-5)","background-image":"","background-repeat":"repeat","background-position":"center center","background-size":"auto","background-attachment":"scroll","background-type":"","background-media":"","overlay-type":"","overlay-color":"","overlay-opacity":"","overlay-gradient":""}}},"pwb-brand":[381],"product_brand":[],"product_cat":[333,359,924],"product_tag":[],"class_list":{"0":"post-33992","1":"product","2":"type-product","3":"status-publish","4":"has-post-thumbnail","6":"pwb-brand-huawei","7":"product_cat-inversores","8":"product_cat-inversores-autoconsumo-hibridos","9":"product_cat-inversores-autoconsumo-hibridos-monofasicos","10":"desktop-align-left","11":"tablet-align-left","12":"mobile-align-left","13":"ast-product-gallery-layout-horizontal-slider","14":"ast-product-gallery-with-no-image","15":"ast-product-tabs-layout-horizontal","17":"first","18":"instock","19":"taxable","20":"shipping-taxable","21":"purchasable","22":"product-type-simple"},"wcpa_form_fields":null,"brands":[{"id":381,"name":"Inversores Huawei","slug":"huawei"}],"_links":{"self":[{"href":"https:\/\/fvcomponentes.com\/pt\/wp-json\/wp\/v2\/product\/33992","targetHints":{"allow":["GET"]}}],"collection":[{"href":"https:\/\/fvcomponentes.com\/pt\/wp-json\/wp\/v2\/product"}],"about":[{"href":"https:\/\/fvcomponentes.com\/pt\/wp-json\/wp\/v2\/types\/product"}],"replies":[{"embeddable":true,"href":"https:\/\/fvcomponentes.com\/pt\/wp-json\/wp\/v2\/comments?post=33992"}],"wp:featuredmedia":[{"embeddable":true,"href":"https:\/\/fvcomponentes.com\/pt\/wp-json\/wp\/v2\/media\/33989"}],"wp:attachment":[{"href":"https:\/\/fvcomponentes.com\/pt\/wp-json\/wp\/v2\/media?parent=33992"}],"wp:term":[{"taxonomy":"pwb-brand","embeddable":true,"href":"https:\/\/fvcomponentes.com\/pt\/wp-json\/wp\/v2\/pwb-brand?post=33992"},{"taxonomy":"product_brand","embeddable":true,"href":"https:\/\/fvcomponentes.com\/pt\/wp-json\/wp\/v2\/product_brand?post=33992"},{"taxonomy":"product_cat","embeddable":true,"href":"https:\/\/fvcomponentes.com\/pt\/wp-json\/wp\/v2\/product_cat?post=33992"},{"taxonomy":"product_tag","embeddable":true,"href":"https:\/\/fvcomponentes.com\/pt\/wp-json\/wp\/v2\/product_tag?post=33992"}],"curies":[{"name":"wp","href":"https:\/\/api.w.org\/{rel}","templated":true}]}}