{"id":3392,"date":"2021-05-27T09:03:04","date_gmt":"2021-05-27T07:03:04","guid":{"rendered":"https:\/\/fvcomponentes.com\/producto\/armario-rack-baterias-pylontech-22u-ncb22-68-cab-blanco\/"},"modified":"2025-09-16T07:34:23","modified_gmt":"2025-09-16T05:34:23","slug":"armario-para-baterias-pylontech-22u-ncb22-68-cab-branco","status":"publish","type":"product","link":"https:\/\/fvcomponentes.com\/pt\/producto\/armario-rack-baterias-pylontech-22u-ncb22-68-cab-blanco\/","title":{"rendered":"Arm\u00e1rio para bateria 22U Pylontech - NCB22-68-CAB - Branco"},"content":{"rendered":"<h2>Arm\u00e1rio para bateria 22U Pylontech - NCB22-68-CAB - Branco<\/h2>\n<p>Arm\u00e1rio bastidor para armazenamento de baterias de l\u00edtio em instala\u00e7\u00f5es fotovoltaicas de 22U em branco. Uma solu\u00e7\u00e3o perfeita para o armazenamento de qualquer tipo de bateria de l\u00edtio ou outros componentes electr\u00f3nicos para sistemas de telecomunica\u00e7\u00f5es, seguran\u00e7a ou armazenamento de dados. Para al\u00e9m da seguran\u00e7a e organiza\u00e7\u00e3o, estes arm\u00e1rios permitem um acesso r\u00e1pido e f\u00e1cil aos componentes armazenados.<\/p>\n<h3>Solu\u00e7\u00e3o de armazenamento vers\u00e1til<\/h3>\n<p>Para al\u00e9m do armazenamento de m\u00f3dulos compat\u00edveis com a estrutura do arm\u00e1rio rack, tais como baterias de l\u00edtio <a href=\"https:\/\/fvcomponentes.com\/pt\/categoria-produto\/baterias\/baterias-de-litio-de-48v\/\" target=\"_blank\" rel=\"noopener\">Pylontech<\/a> ou Turbo Energy, permite o armazenamento de outros componentes n\u00e3o compat\u00edveis, tais como gravadores ou unidades de armazenamento, atrav\u00e9s de prateleiras. Est\u00e1 dispon\u00edvel uma vasta gama de acess\u00f3rios para aumentar ainda mais as op\u00e7\u00f5es de armazenamento e ajust\u00e1-las \u00e0s necessidades espec\u00edficas de cada caso.<\/p>\n<p>Tem duas condutas de cabos, uma no teto e outra no ch\u00e3o, e a estrutura tem uma capacidade de carga at\u00e9 70 kg.<\/p>\n<h3>Conce\u00e7\u00e3o robusta e funcional<\/h3>\n<p>A caixa para bastidor de baterias MicroConnect foi concebida tendo em mente a funcionalidade e a durabilidade, sendo fabricada em chapa de a\u00e7o laminado a frio de 1,5 mm. O vidro da porta frontal \u00e9 um vidro temperado fumado com 5 mm de espessura e os perfis frontal e traseiro, com 48,26 cm de comprimento e gravados com as dimens\u00f5es em U, t\u00eam 2 mm de espessura. As portas laterais t\u00eam uma espessura de 1,2 mm. A superf\u00edcie do arm\u00e1rio \u00e9 desengordurada, decapada, fosfatada e o revestimento \u00e9 pintado com tinta de estufa.<\/p>\n<p>Todo o conjunto \u00e9 muito vers\u00e1til, uma vez que os pain\u00e9is laterais s\u00e3o muito f\u00e1ceis de remover e as portas dianteira e traseira incluem fechaduras com chave. Al\u00e9m disso, a porta traseira inclui um sistema de ranhuras para ventila\u00e7\u00e3o passiva do arm\u00e1rio.<\/p>\n<p>Inclui um conjunto de 4 rod\u00edzios montados, dois com trav\u00f5es e dois sem trav\u00f5es, e quatro p\u00e9s regul\u00e1veis em altura.<\/p>\n<h2><\/h2>\n<p>&nbsp;<\/p>","protected":false},"excerpt":{"rendered":"<ul>\n<li><strong>Compat\u00edvel com pilhas de l\u00edtio<\/strong>Pylontech, Turbo Energy, Dyness, etc.<\/li>\n<li><strong>Compat\u00edvel com ETSI e normas internacionais de 19\u2033.<\/strong><\/li>\n<li><strong>Folha laminada de 1,5 mm<\/strong><\/li>\n<li><strong>Medidas externas:<\/strong> 22HU altura: 1166 mm, largura: 600 mm, profundidade: 800 mm<\/li>\n<li><strong>Em conformidade com os regulamentos:<\/strong> ANSI\/EIARS-310-D, DIN41491, PARTE 1, IEC297-2, DIN41494, PARTE 7, GB\/T3047.2-92<\/li>\n<li><strong>Inclui rede e pernas ajust\u00e1veis<\/strong><\/li>\n<li><strong>Cor:<\/strong> Branco<\/li>\n<\/ul>\n<p>&nbsp;<\/p>","protected":false},"featured_media":3387,"comment_status":"open","ping_status":"closed","template":"","meta":{"site-sidebar-layout":"default","site-content-layout":"default","ast-site-content-layout":"default","site-content-style":"default","site-sidebar-style":"default","ast-global-header-display":"","ast-banner-title-visibility":"","ast-main-header-display":"","ast-hfb-above-header-display":"","ast-hfb-below-header-display":"","ast-hfb-mobile-header-display":"","site-post-title":"","ast-breadcrumbs-content":"","ast-featured-img":"","footer-sml-layout":"","ast-disable-related-posts":"","theme-transparent-header-meta":"default","adv-header-id-meta":"","stick-header-meta":"","header-above-stick-meta":"","header-main-stick-meta":"","header-below-stick-meta":"","astra-migrate-meta-layouts":"set","ast-page-background-enabled":"default","ast-page-background-meta":{"desktop":{"background-color":"var(--ast-global-color-4)","background-image":"","background-repeat":"repeat","background-position":"center center","background-size":"auto","background-attachment":"scroll","background-type":"","background-media":"","overlay-type":"","overlay-color":"","overlay-opacity":"","overlay-gradient":""},"tablet":{"background-color":"","background-image":"","background-repeat":"repeat","background-position":"center center","background-size":"auto","background-attachment":"scroll","background-type":"","background-media":"","overlay-type":"","overlay-color":"","overlay-opacity":"","overlay-gradient":""},"mobile":{"background-color":"","background-image":"","background-repeat":"repeat","background-position":"center center","background-size":"auto","background-attachment":"scroll","background-type":"","background-media":"","overlay-type":"","overlay-color":"","overlay-opacity":"","overlay-gradient":""}},"ast-content-background-meta":{"desktop":{"background-color":"var(--ast-global-color-5)","background-image":"","background-repeat":"repeat","background-position":"center center","background-size":"auto","background-attachment":"scroll","background-type":"","background-media":"","overlay-type":"","overlay-color":"","overlay-opacity":"","overlay-gradient":""},"tablet":{"background-color":"var(--ast-global-color-5)","background-image":"","background-repeat":"repeat","background-position":"center center","background-size":"auto","background-attachment":"scroll","background-type":"","background-media":"","overlay-type":"","overlay-color":"","overlay-opacity":"","overlay-gradient":""},"mobile":{"background-color":"var(--ast-global-color-5)","background-image":"","background-repeat":"repeat","background-position":"center center","background-size":"auto","background-attachment":"scroll","background-type":"","background-media":"","overlay-type":"","overlay-color":"","overlay-opacity":"","overlay-gradient":""}}},"pwb-brand":[339],"product_brand":[],"product_cat":[414,340],"product_tag":[],"class_list":{"0":"post-3392","1":"product","2":"type-product","3":"status-publish","4":"has-post-thumbnail","6":"pwb-brand-pylontech","7":"product_cat-armarios-rack-para-baterias","8":"product_cat-baterias","9":"desktop-align-left","10":"tablet-align-left","11":"mobile-align-left","12":"ast-product-gallery-layout-horizontal-slider","13":"ast-product-tabs-layout-horizontal","15":"first","16":"instock","17":"taxable","18":"shipping-taxable","19":"purchasable","20":"product-type-simple"},"wcpa_form_fields":null,"brands":[{"id":339,"name":"Baterias Pylontech","slug":"pylontech"}],"_links":{"self":[{"href":"https:\/\/fvcomponentes.com\/pt\/wp-json\/wp\/v2\/product\/3392","targetHints":{"allow":["GET"]}}],"collection":[{"href":"https:\/\/fvcomponentes.com\/pt\/wp-json\/wp\/v2\/product"}],"about":[{"href":"https:\/\/fvcomponentes.com\/pt\/wp-json\/wp\/v2\/types\/product"}],"replies":[{"embeddable":true,"href":"https:\/\/fvcomponentes.com\/pt\/wp-json\/wp\/v2\/comments?post=3392"}],"wp:featuredmedia":[{"embeddable":true,"href":"https:\/\/fvcomponentes.com\/pt\/wp-json\/wp\/v2\/media\/3387"}],"wp:attachment":[{"href":"https:\/\/fvcomponentes.com\/pt\/wp-json\/wp\/v2\/media?parent=3392"}],"wp:term":[{"taxonomy":"pwb-brand","embeddable":true,"href":"https:\/\/fvcomponentes.com\/pt\/wp-json\/wp\/v2\/pwb-brand?post=3392"},{"taxonomy":"product_brand","embeddable":true,"href":"https:\/\/fvcomponentes.com\/pt\/wp-json\/wp\/v2\/product_brand?post=3392"},{"taxonomy":"product_cat","embeddable":true,"href":"https:\/\/fvcomponentes.com\/pt\/wp-json\/wp\/v2\/product_cat?post=3392"},{"taxonomy":"product_tag","embeddable":true,"href":"https:\/\/fvcomponentes.com\/pt\/wp-json\/wp\/v2\/product_tag?post=3392"}],"curies":[{"name":"wp","href":"https:\/\/api.w.org\/{rel}","templated":true}]}}