{"id":33711,"date":"2025-11-24T09:22:49","date_gmt":"2025-11-24T08:22:49","guid":{"rendered":"https:\/\/fvcomponentes.com\/?post_type=product&#038;p=33711"},"modified":"2025-11-24T09:22:50","modified_gmt":"2025-11-24T08:22:50","slug":"bateria-tab-opzs-elemento-tubular-de-pb-aberto-2v-1000ah-10-opzs-1000","status":"publish","type":"product","link":"https:\/\/fvcomponentes.com\/pt\/producto\/bateria-tab-opzs-elemento-tubular-de-pb-abierto-2v-1000ah-10-opzs-1000\/","title":{"rendered":"Bateria TAB OPzS Elemento tubular de PB aberto 2V\/1000Ah \u2013 10 OPzS 1000"},"content":{"rendered":"<p data-start=\"2473\" data-end=\"2816\">O <strong data-start=\"2476\" data-end=\"2497\">TAB OPzS 2V\/1000Ah <\/strong>\u00e9 uma bateria estacion\u00e1ria de chumbo-\u00e1cido ventilada, fabricada com <strong data-start=\"2566\" data-end=\"2596\">placas tubulares positivas<\/strong> e eletr\u00f3lito l\u00edquido. Foi concebida para oferecer <strong data-start=\"2647\" data-end=\"2727\">alta fiabilidade, longa vida \u00fatil e excelente desempenho em ciclos profundos<\/strong>, sendo uma solu\u00e7\u00e3o profissional para sistemas que necessitam de energia est\u00e1vel e duradoura.<\/p>\n<p data-start=\"2818\" data-end=\"3009\">Recomendado especialmente para <strong data-start=\"2849\" data-end=\"2883\">instala\u00e7\u00f5es solares isoladas<\/strong>, telecomunica\u00e7\u00f5es, sistemas UPS, ilumina\u00e7\u00e3o de emerg\u00eancia, subesta\u00e7\u00f5es, controlo industrial e aplica\u00e7\u00f5es cr\u00edticas 24 horas por dia, 7 dias por semana.<\/p>\n<h3 data-start=\"1220\" data-end=\"1296\"><strong data-start=\"1225\" data-end=\"1296\">Por que escolher uma bateria OPzS TAB para energia solar e industrial<\/strong><\/h3>\n<p data-start=\"1297\" data-end=\"1348\">A tecnologia OPzS \u00e9 uma das mais utilizadas em:<\/p>\n<ul>\n<li data-start=\"1352\" data-end=\"1384\">Instala\u00e7\u00f5es solares isoladas<\/li>\n<li data-start=\"1387\" data-end=\"1407\">Telecomunica\u00e7\u00f5es<\/li>\n<li data-start=\"1410\" data-end=\"1424\">Sistemas UPS<\/li>\n<li data-start=\"1427\" data-end=\"1454\">Ilumina\u00e7\u00e3o de emerg\u00eancia<\/li>\n<li data-start=\"1457\" data-end=\"1493\">Subesta\u00e7\u00f5es e centros de controlo<\/li>\n<li data-start=\"1496\" data-end=\"1528\">Sistemas auxiliares e cr\u00edticos<\/li>\n<\/ul>\n<p data-start=\"1530\" data-end=\"1624\">O seu design tubular garante <strong data-start=\"1558\" data-end=\"1623\">estabilidade, durabilidade e um custo por ciclo muito competitivo<\/strong>.<\/p>\n<h2>Principais vantagens da bateria TAB OPzS Elemento tubular de Pb aberto 2V\/1000Ah \u2013 10 OPzS 1000<\/h2>\n<h3>Longa vida \u00fatil<\/h3>\n<p>Gra\u00e7as \u00e0 constru\u00e7\u00e3o tubular, aos materiais de qualidade e ao design robusto, estas baterias oferecem um ciclo de vida superior ao de muitas baterias convencionais de chumbo-\u00e1cido.<br \/>\nA sua vida \u00fatil pode durar at\u00e9 15\u201320 anos em uso estacion\u00e1rio, com a manuten\u00e7\u00e3o adequada.<\/p>\n<h3 data-start=\"1887\" data-end=\"1944\"><strong data-start=\"1893\" data-end=\"1944\">Excelente desempenho em descargas profundas<\/strong><\/h3>\n<p data-start=\"1945\" data-end=\"2065\">Por serem concebidas para aplica\u00e7\u00f5es estacion\u00e1rias e de ciclo profundo, permitem um maior n\u00famero de ciclos (1.000 \u2013 1.500) quando utilizadas corretamente (descargas a 50 % ou menos), gra\u00e7as ao seu design tubular.<\/p>\n<h3 data-start=\"2067\" data-end=\"2102\"><strong data-start=\"2073\" data-end=\"2102\">Baixa manuten\u00e7\u00e3o<\/strong><\/h3>\n<p>Embora sejam baterias abertas (ventiladas), o design inclui uma s\u00e9rie de vantagens que facilitam a sua manuten\u00e7\u00e3o:<\/p>\n<ul>\n<li data-start=\"2105\" data-end=\"2141\">Baixa autodescarga (\u22482\u20133 % mensal).<\/li>\n<li data-start=\"2144\" data-end=\"2207\">Intervalos de enchimento amplos (aproximadamente a cada 2 anos a 20 \u00b0C).<\/li>\n<li data-start=\"2210\" data-end=\"2261\">Recipiente transparente que facilita a inspe\u00e7\u00e3o.<\/li>\n<\/ul>\n<h3>Ampla faixa de temperatura operacional<\/h3>\n<p>Esta bateria mant\u00e9m um desempenho est\u00e1vel mesmo em ambientes quentes ou frios devido \u00e0 sua faixa de temperatura de opera\u00e7\u00e3o, que varia entre \u201320 \u00b0C e +55 \u00b0C, embora seja recomend\u00e1vel mant\u00ea-la entre 20 \u00b0C e 25 \u00b0C.<\/p>\n<p>Gra\u00e7as ao seu excelente comportamento em altas e baixas temperaturas e \u00e0 sua resist\u00eancia a descargas prolongadas, a gama OPzS funciona de forma fi\u00e1vel mesmo em ambientes exigentes.<\/p>\n<h3>Flexibilidade para instala\u00e7\u00f5es grandes e pequenas<\/h3>\n<p>Ao usar vasos de 2 V, \u00e9 poss\u00edvel configur\u00e1-los em v\u00e1rias tens\u00f5es (12 V, 24 V, 48 V) e capacidades, dependendo do n\u00famero de vasos em s\u00e9rie\/paralelo, o que \u00e9 muito \u00fatil em instala\u00e7\u00f5es solares, telecomunica\u00e7\u00f5es, armazenamento de energia, etc.<\/p>\n<h3 data-start=\"1945\" data-end=\"2065\">Custo por ciclo muito competitivo<\/h3>\n<p data-start=\"1945\" data-end=\"2065\">A gama OPzS oferece um dos melhores custos por ciclo dentro da tecnologia de chumbo-\u00e1cido, combinando uma vida \u00fatil de at\u00e9 15\u201320 anos com 1.000\u20131.500 ciclos reais a 50 % DoD. Isto traduz-se num custo total de propriedade significativamente inferior ao da AGM ou GEL em aplica\u00e7\u00f5es estacion\u00e1rias.<\/p>\n<h2>Especifica\u00e7\u00f5es operacionais e el\u00e9tricas da bateria TAB OPzS Elemento tubular de Pb aberto 2V\/31000Ah \u2013 6 OPzS 1000<\/h2>\n<ul>\n<li><strong>Tens\u00e3o nominal por c\u00e9lula:<\/strong> 2 V<\/li>\n<li><strong>Capacidade nominal:<\/strong>\n<ul>\n<li>C5: 972 Ah<\/li>\n<li>C10: 1140 Ah<\/li>\n<li>C100: 1510 Ah<\/li>\n<\/ul>\n<\/li>\n<li><strong>Tempo de carregamento at\u00e9 92 %: <\/strong>at\u00e9 6 h com corrente inicial 1,5*I10, 2,23 V\/c\u00e9lula, 50 % C10 descarregado<\/li>\n<li><strong>Tens\u00f5es de carga recomendadas (por c\u00e9lula):<br \/>\n<\/strong>\u2013 <strong style=\"font-size: 16px;\">Flutua\u00e7\u00e3o \/ manuten\u00e7\u00e3o:<\/strong><span style=\"font-size: 16px;\"> \u2248 2,23 \u2013 2,25 V\/c\u00e9lula (isto aplica-se \u00e0 carga flutuante entre 10\u201330 \u00b0C, com corre\u00e7\u00e3o por temperatura).<br \/>\n<\/span>\u2013 <strong style=\"font-size: 16px;\">Carregamento r\u00e1pido \/ recarga r\u00e1pida:<\/strong><span style=\"font-size: 16px;\"> \u2248 2,35 \u2013 2,40 V\/c\u00e9lula (tempo limitado; normalmente 3\u20135 h ap\u00f3s atingir esta tens\u00e3o).<\/span><\/li>\n<li><strong>Profundidade de descarga:<\/strong> Normalmente at\u00e9 80 %. Devem ser evitadas descargas superiores a 80 % de DOD ou descargas al\u00e9m das tens\u00f5es finais de descarga.<\/li>\n<li><strong>Terminais M10:<\/strong> 4<\/li>\n<li><strong>Vida \u00fatil estimada:<\/strong> at\u00e9 15\u201320 anos (dependendo da temperatura e do regime de utiliza\u00e7\u00e3o).<\/li>\n<li><strong>Ciclos de utiliza\u00e7\u00e3o:<\/strong> 1.000 \u2013 1.500 ciclos (de acordo com a norma de ensaio e profundidade de descarga).<\/li>\n<li><strong>Intervalo de temperatura de funcionamento:<\/strong> \u201320 \u00b0C a +55 \u00b0C<\/li>\n<li><strong>Garantia:<\/strong> 2 anos<\/li>\n<li><strong>Dimens\u00f5es:<\/strong> 210 \u00d7 233 \u00d7 711 mm (comprimento \u00d7 largura \u00d7 altura)<\/li>\n<li><strong>Peso:<\/strong> 77 kg<\/li>\n<\/ul>\n<p>&nbsp;<\/p>\n<p><img fetchpriority=\"high\" decoding=\"async\" class=\"size-full wp-image-32718 aligncenter\" src=\"https:\/\/fvcomponentes.com\/wp-content\/uploads\/2025\/11\/Captura-de-pantalla-2025-11-03-120408.jpg\" alt=\"\" width=\"617\" height=\"502\" title=\"\"><\/p>\n<h2><\/h2>\n<h2>Ficha t\u00e9cnica da bateria TAB OPzS Elemento tubular de Pb aberto 2V\/1000Ah \u2013 10 OPzS 1000<\/h2>\n<p><a href=\"https:\/\/fvcomponentes.com\/wp-content\/uploads\/2025\/11\/TAB_OPzS_Ficha_Tecnica.pdf\" target=\"_blank\" rel=\"noopener\">Ficha t\u00e9cnica da bateria TAB OPzS Elemento tubular de Pb aberto 2V\/1000Ah \u2013 10 OPzS 1000<\/a><\/p>","protected":false},"excerpt":{"rendered":"<p><span style=\"color: #ff0000;\"><strong>IMAGEM INDICATIVA<\/strong><\/span><\/p>\n<p><strong>Tens\u00e3o nominal por c\u00e9lula:<\/strong> 2 V<br \/>\n<strong>Capacidade nominal:<\/strong><br \/>\nC5: 972 Ah<br \/>\nC10: 1140 Ah<br \/>\nC100: 1510 Ah<br \/>\n<strong>Intervalo de temperatura de funcionamento:<\/strong> \u201320 \u00b0C a +55 \u00b0C<br \/>\n<strong style=\"font-size: 16px;\">Terminais M10:<\/strong><span style=\"font-size: 16px;\"> 4<br \/>\n<strong>Ciclos de utiliza\u00e7\u00e3o:<\/strong> 1.000 \u2013 1.500 ciclos (de acordo com a norma de ensaio e profundidade de descarga).<br \/>\n<\/span><strong style=\"font-size: 16px;\">Vida \u00fatil estimada:<\/strong><span style=\"font-size: 16px;\"> at\u00e9 15\u201320 anos (dependendo da temperatura e do regime de utiliza\u00e7\u00e3o).<br \/>\n<\/span><strong>Garantia:<\/strong> 2 anos<\/p>","protected":false},"featured_media":32850,"comment_status":"closed","ping_status":"closed","template":"","meta":{"site-sidebar-layout":"default","site-content-layout":"","ast-site-content-layout":"default","site-content-style":"default","site-sidebar-style":"default","ast-global-header-display":"","ast-banner-title-visibility":"","ast-main-header-display":"","ast-hfb-above-header-display":"","ast-hfb-below-header-display":"","ast-hfb-mobile-header-display":"","site-post-title":"","ast-breadcrumbs-content":"","ast-featured-img":"","footer-sml-layout":"","ast-disable-related-posts":"","theme-transparent-header-meta":"default","adv-header-id-meta":"","stick-header-meta":"","header-above-stick-meta":"","header-main-stick-meta":"","header-below-stick-meta":"","astra-migrate-meta-layouts":"set","ast-page-background-enabled":"default","ast-page-background-meta":{"desktop":{"background-color":"var(--ast-global-color-4)","background-image":"","background-repeat":"repeat","background-position":"center center","background-size":"auto","background-attachment":"scroll","background-type":"","background-media":"","overlay-type":"","overlay-color":"","overlay-opacity":"","overlay-gradient":""},"tablet":{"background-color":"","background-image":"","background-repeat":"repeat","background-position":"center center","background-size":"auto","background-attachment":"scroll","background-type":"","background-media":"","overlay-type":"","overlay-color":"","overlay-opacity":"","overlay-gradient":""},"mobile":{"background-color":"","background-image":"","background-repeat":"repeat","background-position":"center center","background-size":"auto","background-attachment":"scroll","background-type":"","background-media":"","overlay-type":"","overlay-color":"","overlay-opacity":"","overlay-gradient":""}},"ast-content-background-meta":{"desktop":{"background-color":"var(--ast-global-color-5)","background-image":"","background-repeat":"repeat","background-position":"center center","background-size":"auto","background-attachment":"scroll","background-type":"","background-media":"","overlay-type":"","overlay-color":"","overlay-opacity":"","overlay-gradient":""},"tablet":{"background-color":"var(--ast-global-color-5)","background-image":"","background-repeat":"repeat","background-position":"center center","background-size":"auto","background-attachment":"scroll","background-type":"","background-media":"","overlay-type":"","overlay-color":"","overlay-opacity":"","overlay-gradient":""},"mobile":{"background-color":"var(--ast-global-color-5)","background-image":"","background-repeat":"repeat","background-position":"center center","background-size":"auto","background-attachment":"scroll","background-type":"","background-media":"","overlay-type":"","overlay-color":"","overlay-opacity":"","overlay-gradient":""}}},"pwb-brand":[1013],"product_brand":[],"product_cat":[340,1012],"product_tag":[],"class_list":{"0":"post-33711","1":"product","2":"type-product","3":"status-publish","4":"has-post-thumbnail","6":"pwb-brand-baterias-tab","7":"product_cat-baterias","8":"product_cat-baterias-opzs","9":"product_shipping_class-baterias","10":"desktop-align-left","11":"tablet-align-left","12":"mobile-align-left","13":"ast-product-gallery-layout-horizontal-slider","14":"ast-product-tabs-layout-horizontal","16":"first","17":"instock","18":"taxable","19":"shipping-taxable","20":"purchasable","21":"product-type-simple"},"wcpa_form_fields":null,"brands":[{"id":1013,"name":"Baterias TAB","slug":"baterias-tab"}],"_links":{"self":[{"href":"https:\/\/fvcomponentes.com\/pt\/wp-json\/wp\/v2\/product\/33711","targetHints":{"allow":["GET"]}}],"collection":[{"href":"https:\/\/fvcomponentes.com\/pt\/wp-json\/wp\/v2\/product"}],"about":[{"href":"https:\/\/fvcomponentes.com\/pt\/wp-json\/wp\/v2\/types\/product"}],"replies":[{"embeddable":true,"href":"https:\/\/fvcomponentes.com\/pt\/wp-json\/wp\/v2\/comments?post=33711"}],"wp:featuredmedia":[{"embeddable":true,"href":"https:\/\/fvcomponentes.com\/pt\/wp-json\/wp\/v2\/media\/32850"}],"wp:attachment":[{"href":"https:\/\/fvcomponentes.com\/pt\/wp-json\/wp\/v2\/media?parent=33711"}],"wp:term":[{"taxonomy":"pwb-brand","embeddable":true,"href":"https:\/\/fvcomponentes.com\/pt\/wp-json\/wp\/v2\/pwb-brand?post=33711"},{"taxonomy":"product_brand","embeddable":true,"href":"https:\/\/fvcomponentes.com\/pt\/wp-json\/wp\/v2\/product_brand?post=33711"},{"taxonomy":"product_cat","embeddable":true,"href":"https:\/\/fvcomponentes.com\/pt\/wp-json\/wp\/v2\/product_cat?post=33711"},{"taxonomy":"product_tag","embeddable":true,"href":"https:\/\/fvcomponentes.com\/pt\/wp-json\/wp\/v2\/product_tag?post=33711"}],"curies":[{"name":"wp","href":"https:\/\/api.w.org\/{rel}","templated":true}]}}