{"id":3366,"date":"2021-05-26T08:00:13","date_gmt":"2021-05-26T06:00:13","guid":{"rendered":"https:\/\/fvcomponentes.com\/producto\/kit-estructura-aluminio-3-paneles-vertical-inclinacion-ajustable-suelo-sunfer-14-1v3\/"},"modified":"2026-02-19T12:29:43","modified_gmt":"2026-02-19T11:29:43","slug":"sunfer-14-1v3-kit-de-estrutura-de-aluminio-3-paineis-verticais-piso-com-inclinacao-regulavel","status":"publish","type":"product","link":"https:\/\/fvcomponentes.com\/pt\/producto\/kit-estructura-aluminio-3-paneles-vertical-inclinacion-ajustable-suelo-sunfer-14-1v3\/","title":{"rendered":"Kit de estrutura em alum\u00ednio para 3 pain\u00e9is verticais. Inclina\u00e7\u00e3o regul\u00e1vel. Para cima do solo. Sunfer 14.1V3"},"content":{"rendered":"<h2>Kit de estrutura de alum\u00ednio para 3 pain\u00e9is verticais - Inclina\u00e7\u00e3o ajust\u00e1vel - Montagem no solo. Sunfer 14.1V3<\/h2>\n<p>O kit de estrutura de alum\u00ednio Sunfer 14.1V3 para 3 pain\u00e9is em inclina\u00e7\u00e3o vertical ajust\u00e1vel para coberturas planas \u00e9 fabricado em alum\u00ednio EN AW 6005A T6 de alta resist\u00eancia, especificamente concebido para ser colocado em coberturas planas ou outros tipos de subestruturas de bet\u00e3o. Trata-se de um suporte pr\u00e9-montado para colocar os pain\u00e9is na posi\u00e7\u00e3o vertical. Gra\u00e7as ao seu sistema de perfis telesc\u00f3picos, pode ser montado em \u00e2ngulos de 30\u00ba a 50\u00ba. Aceita m\u00f3dulos com uma dimens\u00e3o m\u00e1xima de 2279 x 1150 mm e uma espessura entre 30 e 45 mm, abrangendo uma vasta gama de modelos e fabricantes, tais como os pain\u00e9is de <a href=\"https:\/\/fvcomponentes.com\/pt\/produto\/kit-8x-panel-solar-ja-solar-405wp-mc4-evo2\/\" target=\"_blank\" rel=\"noopener\">Trina<\/a> que pode encontrar no nosso s\u00edtio Web.<\/p>\n<p>Esta estrutura Sunfer foi concebida para resistir a ventos at\u00e9 150 km\/h, o que, na escala de Beaufort, equivale a um vento com for\u00e7a de furac\u00e3o capaz de fazer tombar ve\u00edculos. Isto garante que pode ser instalada na grande maioria dos telhados sem risco de danos devido \u00e0 exposi\u00e7\u00e3o \u00e0 for\u00e7a normal do vento. Para garantir a resist\u00eancia \u00e0 velocidade m\u00e1xima de projeto, devem ser utilizadas fixa\u00e7\u00f5es adequadas e o lastro especificado pelo fabricante para cada situa\u00e7\u00e3o.<\/p>\n<p>Inclui parafusos de a\u00e7o inoxid\u00e1vel A2-70 para montagem. N\u00e3o inclui parafusos para montagem em superf\u00edcie.<\/p>\n<h2>Kit de estrutura de alum\u00ednio para 3 pain\u00e9is verticais - Inclina\u00e7\u00e3o ajust\u00e1vel - Montagem no solo. Sunfer 14.1V3<\/h2>\n<p><a href=\"https:\/\/fvcomponentes.com\/wp-content\/uploads\/2024\/09\/Ficha-tecnica-Sunfer-14.1V3.pdf\" target=\"_blank\" rel=\"noopener\">Kit de estrutura de alum\u00ednio para 3 pain\u00e9is verticais - Inclina\u00e7\u00e3o ajust\u00e1vel - Montagem no solo. Sunfer 14.1V3<\/a><\/p>","protected":false},"excerpt":{"rendered":"<ul>\n<li><strong>Fabricado em alum\u00ednio EN AW 6005A T6<\/strong><\/li>\n<li><strong>Inclina\u00e7\u00e3o regul\u00e1vel entre 30\u00ba e 50\u00ba.<\/strong><\/li>\n<li><strong>Disposi\u00e7\u00e3o dos m\u00f3dulos: Vertical<\/strong><\/li>\n<li><strong>Para pavimentos planos de bet\u00e3o<\/strong><\/li>\n<li><strong>Dimens\u00f5es: 239,0 x 20,0 x 22,0 cm<\/strong><\/li>\n<li><strong>Peso: 20,4 kg<\/strong><\/li>\n<\/ul>","protected":false},"featured_media":3367,"comment_status":"open","ping_status":"closed","template":"","meta":{"site-sidebar-layout":"default","site-content-layout":"default","ast-site-content-layout":"default","site-content-style":"default","site-sidebar-style":"default","ast-global-header-display":"","ast-banner-title-visibility":"","ast-main-header-display":"","ast-hfb-above-header-display":"","ast-hfb-below-header-display":"","ast-hfb-mobile-header-display":"","site-post-title":"","ast-breadcrumbs-content":"","ast-featured-img":"","footer-sml-layout":"","ast-disable-related-posts":"","theme-transparent-header-meta":"default","adv-header-id-meta":"","stick-header-meta":"","header-above-stick-meta":"","header-main-stick-meta":"","header-below-stick-meta":"","astra-migrate-meta-layouts":"set","ast-page-background-enabled":"default","ast-page-background-meta":{"desktop":{"background-color":"var(--ast-global-color-4)","background-image":"","background-repeat":"repeat","background-position":"center center","background-size":"auto","background-attachment":"scroll","background-type":"","background-media":"","overlay-type":"","overlay-color":"","overlay-opacity":"","overlay-gradient":""},"tablet":{"background-color":"","background-image":"","background-repeat":"repeat","background-position":"center center","background-size":"auto","background-attachment":"scroll","background-type":"","background-media":"","overlay-type":"","overlay-color":"","overlay-opacity":"","overlay-gradient":""},"mobile":{"background-color":"","background-image":"","background-repeat":"repeat","background-position":"center center","background-size":"auto","background-attachment":"scroll","background-type":"","background-media":"","overlay-type":"","overlay-color":"","overlay-opacity":"","overlay-gradient":""}},"ast-content-background-meta":{"desktop":{"background-color":"var(--ast-global-color-5)","background-image":"","background-repeat":"repeat","background-position":"center center","background-size":"auto","background-attachment":"scroll","background-type":"","background-media":"","overlay-type":"","overlay-color":"","overlay-opacity":"","overlay-gradient":""},"tablet":{"background-color":"var(--ast-global-color-5)","background-image":"","background-repeat":"repeat","background-position":"center center","background-size":"auto","background-attachment":"scroll","background-type":"","background-media":"","overlay-type":"","overlay-color":"","overlay-opacity":"","overlay-gradient":""},"mobile":{"background-color":"var(--ast-global-color-5)","background-image":"","background-repeat":"repeat","background-position":"center center","background-size":"auto","background-attachment":"scroll","background-type":"","background-media":"","overlay-type":"","overlay-color":"","overlay-opacity":"","overlay-gradient":""}}},"pwb-brand":[],"product_brand":[],"product_cat":[398,406],"product_tag":[],"class_list":{"0":"post-3366","1":"product","2":"type-product","3":"status-publish","4":"has-post-thumbnail","6":"product_cat-estructuras-placas-solares","7":"product_cat-estructuras-suelo","8":"desktop-align-left","9":"tablet-align-left","10":"mobile-align-left","11":"ast-product-gallery-layout-horizontal-slider","12":"ast-product-tabs-layout-horizontal","14":"first","15":"outofstock","16":"taxable","17":"shipping-taxable","18":"purchasable","19":"product-type-simple"},"wcpa_form_fields":null,"brands":[],"_links":{"self":[{"href":"https:\/\/fvcomponentes.com\/pt\/wp-json\/wp\/v2\/product\/3366","targetHints":{"allow":["GET"]}}],"collection":[{"href":"https:\/\/fvcomponentes.com\/pt\/wp-json\/wp\/v2\/product"}],"about":[{"href":"https:\/\/fvcomponentes.com\/pt\/wp-json\/wp\/v2\/types\/product"}],"replies":[{"embeddable":true,"href":"https:\/\/fvcomponentes.com\/pt\/wp-json\/wp\/v2\/comments?post=3366"}],"wp:featuredmedia":[{"embeddable":true,"href":"https:\/\/fvcomponentes.com\/pt\/wp-json\/wp\/v2\/media\/3367"}],"wp:attachment":[{"href":"https:\/\/fvcomponentes.com\/pt\/wp-json\/wp\/v2\/media?parent=3366"}],"wp:term":[{"taxonomy":"pwb-brand","embeddable":true,"href":"https:\/\/fvcomponentes.com\/pt\/wp-json\/wp\/v2\/pwb-brand?post=3366"},{"taxonomy":"product_brand","embeddable":true,"href":"https:\/\/fvcomponentes.com\/pt\/wp-json\/wp\/v2\/product_brand?post=3366"},{"taxonomy":"product_cat","embeddable":true,"href":"https:\/\/fvcomponentes.com\/pt\/wp-json\/wp\/v2\/product_cat?post=3366"},{"taxonomy":"product_tag","embeddable":true,"href":"https:\/\/fvcomponentes.com\/pt\/wp-json\/wp\/v2\/product_tag?post=3366"}],"curies":[{"name":"wp","href":"https:\/\/api.w.org\/{rel}","templated":true}]}}