{"id":3362,"date":"2021-05-26T06:57:58","date_gmt":"2021-05-26T04:57:58","guid":{"rendered":"https:\/\/fvcomponentes.com\/producto\/kit-estructura-aluminio-5-paneles-vertical-30o-suelo-sunfer-09v2_30\/"},"modified":"2026-02-19T12:30:58","modified_gmt":"2026-02-19T11:30:58","slug":"kit-de-estrutura-de-aluminio-5-paineis-verticais-30o-floor-sunfer-09v2_30","status":"publish","type":"product","link":"https:\/\/fvcomponentes.com\/pt\/producto\/kit-estructura-aluminio-5-paneles-vertical-30o-suelo-sunfer-09v2_30\/","title":{"rendered":"Kit de estrutura em alum\u00ednio para 5 pain\u00e9is verticais. 30\u00ba. Acima do solo. Sunfer 09V5_30"},"content":{"rendered":"<h2>Kit de estrutura em alum\u00ednio para 5 pain\u00e9is verticais - 30\u00ba acima do solo. Sunfer 09V5_30<\/h2>\n<p>O kit de estrutura de alum\u00ednio para 5 pain\u00e9is verticais - 30\u00ba acima do solo. O Sunfer 09V5_30 \u00e9 fabricado em alum\u00ednio de alta resist\u00eancia EN AW 6005A T6, especificamente concebido para ser instalado em coberturas planas ou outros tipos de subestruturas de bet\u00e3o.<\/p>\n<p>\u00c9 um suporte pr\u00e9-montado com uma inclina\u00e7\u00e3o padr\u00e3o que pode ser ajustada para 15\u00b0 ou 30\u00b0 para posicionar os pain\u00e9is verticalmente.<\/p>\n<p>Suporta m\u00f3dulos at\u00e9 um tamanho m\u00e1ximo de 2279 x 1150 mm e uma espessura entre 30 e 45 mm. \u00c9 abrangida por uma vasta gama de modelos e fabricantes, tais como pain\u00e9is de <a href=\"https:\/\/fvcomponentes.com\/pt\/categoria-produto\/paineis-solares\/paineis-solares-12-v\/\" target=\"_blank\" rel=\"noopener\">Victron<\/a> que pode encontrar no nosso s\u00edtio Web.<\/p>\n<p>Esta estrutura Sunfer foi concebida para resistir a ventos at\u00e9 150 km\/h, o que, na escala de Beaufort, equivale a um vento com for\u00e7a de furac\u00e3o capaz de fazer tombar ve\u00edculos.<\/p>\n<p>Isto garante que pode ser instalado na grande maioria dos telhados sem o risco de ser danificado pela exposi\u00e7\u00e3o \u00e0 for\u00e7a normal do vento.<\/p>\n<p>Para assegurar a resist\u00eancia \u00e0 velocidade m\u00e1xima de projeto, devem ser utilizados ancoradouros adequados e o lastro indicado pelo construtor para cada situa\u00e7\u00e3o.<\/p>\n<p>Inclui parafusos de a\u00e7o inoxid\u00e1vel A2-70 para montagem. N\u00e3o inclui parafusos para montagem em superf\u00edcie.<\/p>\n<h3>Ficha t\u00e9cnica do kit de estrutura de alum\u00ednio para 5 pain\u00e9is verticais - 30\u00ba acima do solo. Sunfer 09V5_30<\/h3>\n<p><a href=\"https:\/\/fvcomponentes.com\/wp-content\/uploads\/2024\/09\/Ficha-tecnica-Sunfer-09V4_30-1.pdf\" target=\"_blank\" rel=\"noopener\">Ver ficha t\u00e9cnica do kit de estrutura de alum\u00ednio para 5 pain\u00e9is verticais - 30\u00ba acima do solo. Sunfer 09V5_30<\/a><\/p>\n<p><a href=\"https:\/\/fvcomponentes.com\/wp-content\/uploads\/2024\/09\/Esquema-montaje-Sunfer-09V5_30.pdf\" target=\"_blank\" rel=\"noopener\">Ver os esquemas de montagem da estrutura de alum\u00ednio para 5 pain\u00e9is verticais. 30\u00ba. No solo.\u00a0<\/a><\/p>","protected":false},"excerpt":{"rendered":"<ul>\n<li><strong>Fabricado em alum\u00ednio EN AW 6005A T6<\/strong><\/li>\n<li><strong>15\u00ba ou 30\u00ba de inclina\u00e7\u00e3o<\/strong><\/li>\n<li><strong>Disposi\u00e7\u00e3o dos m\u00f3dulos: Vertical<\/strong><\/li>\n<li><strong>Para telhados planos<\/strong><\/li>\n<li><strong>Dimens\u00f5es: 195,0 x 20,0 x 22,0 cm<\/strong><\/li>\n<li><strong>Peso: 23,2 kg<\/strong><\/li>\n<\/ul>","protected":false},"featured_media":3352,"comment_status":"open","ping_status":"closed","template":"","meta":{"site-sidebar-layout":"default","site-content-layout":"default","ast-site-content-layout":"default","site-content-style":"default","site-sidebar-style":"default","ast-global-header-display":"","ast-banner-title-visibility":"","ast-main-header-display":"","ast-hfb-above-header-display":"","ast-hfb-below-header-display":"","ast-hfb-mobile-header-display":"","site-post-title":"","ast-breadcrumbs-content":"","ast-featured-img":"","footer-sml-layout":"","ast-disable-related-posts":"","theme-transparent-header-meta":"default","adv-header-id-meta":"","stick-header-meta":"","header-above-stick-meta":"","header-main-stick-meta":"","header-below-stick-meta":"","astra-migrate-meta-layouts":"set","ast-page-background-enabled":"default","ast-page-background-meta":{"desktop":{"background-color":"var(--ast-global-color-4)","background-image":"","background-repeat":"repeat","background-position":"center center","background-size":"auto","background-attachment":"scroll","background-type":"","background-media":"","overlay-type":"","overlay-color":"","overlay-opacity":"","overlay-gradient":""},"tablet":{"background-color":"","background-image":"","background-repeat":"repeat","background-position":"center center","background-size":"auto","background-attachment":"scroll","background-type":"","background-media":"","overlay-type":"","overlay-color":"","overlay-opacity":"","overlay-gradient":""},"mobile":{"background-color":"","background-image":"","background-repeat":"repeat","background-position":"center center","background-size":"auto","background-attachment":"scroll","background-type":"","background-media":"","overlay-type":"","overlay-color":"","overlay-opacity":"","overlay-gradient":""}},"ast-content-background-meta":{"desktop":{"background-color":"var(--ast-global-color-5)","background-image":"","background-repeat":"repeat","background-position":"center center","background-size":"auto","background-attachment":"scroll","background-type":"","background-media":"","overlay-type":"","overlay-color":"","overlay-opacity":"","overlay-gradient":""},"tablet":{"background-color":"var(--ast-global-color-5)","background-image":"","background-repeat":"repeat","background-position":"center center","background-size":"auto","background-attachment":"scroll","background-type":"","background-media":"","overlay-type":"","overlay-color":"","overlay-opacity":"","overlay-gradient":""},"mobile":{"background-color":"var(--ast-global-color-5)","background-image":"","background-repeat":"repeat","background-position":"center center","background-size":"auto","background-attachment":"scroll","background-type":"","background-media":"","overlay-type":"","overlay-color":"","overlay-opacity":"","overlay-gradient":""}}},"pwb-brand":[],"product_brand":[],"product_cat":[398,406],"product_tag":[],"class_list":{"0":"post-3362","1":"product","2":"type-product","3":"status-publish","4":"has-post-thumbnail","6":"product_cat-estructuras-placas-solares","7":"product_cat-estructuras-suelo","8":"desktop-align-left","9":"tablet-align-left","10":"mobile-align-left","11":"ast-product-gallery-layout-horizontal-slider","12":"ast-product-tabs-layout-horizontal","14":"first","15":"outofstock","16":"taxable","17":"shipping-taxable","18":"purchasable","19":"product-type-simple"},"wcpa_form_fields":null,"brands":[],"_links":{"self":[{"href":"https:\/\/fvcomponentes.com\/pt\/wp-json\/wp\/v2\/product\/3362","targetHints":{"allow":["GET"]}}],"collection":[{"href":"https:\/\/fvcomponentes.com\/pt\/wp-json\/wp\/v2\/product"}],"about":[{"href":"https:\/\/fvcomponentes.com\/pt\/wp-json\/wp\/v2\/types\/product"}],"replies":[{"embeddable":true,"href":"https:\/\/fvcomponentes.com\/pt\/wp-json\/wp\/v2\/comments?post=3362"}],"wp:featuredmedia":[{"embeddable":true,"href":"https:\/\/fvcomponentes.com\/pt\/wp-json\/wp\/v2\/media\/3352"}],"wp:attachment":[{"href":"https:\/\/fvcomponentes.com\/pt\/wp-json\/wp\/v2\/media?parent=3362"}],"wp:term":[{"taxonomy":"pwb-brand","embeddable":true,"href":"https:\/\/fvcomponentes.com\/pt\/wp-json\/wp\/v2\/pwb-brand?post=3362"},{"taxonomy":"product_brand","embeddable":true,"href":"https:\/\/fvcomponentes.com\/pt\/wp-json\/wp\/v2\/product_brand?post=3362"},{"taxonomy":"product_cat","embeddable":true,"href":"https:\/\/fvcomponentes.com\/pt\/wp-json\/wp\/v2\/product_cat?post=3362"},{"taxonomy":"product_tag","embeddable":true,"href":"https:\/\/fvcomponentes.com\/pt\/wp-json\/wp\/v2\/product_tag?post=3362"}],"curies":[{"name":"wp","href":"https:\/\/api.w.org\/{rel}","templated":true}]}}