{"id":3344,"date":"2021-04-22T08:11:53","date_gmt":"2021-04-22T06:11:53","guid":{"rendered":"https:\/\/fvcomponentes.com\/producto\/adaptador-victron-ve-bus-smart-dongle\/"},"modified":"2026-04-08T21:30:49","modified_gmt":"2026-04-08T19:30:49","slug":"adaptador-dongle-inteligente-victron-ve-bus","status":"publish","type":"product","link":"https:\/\/fvcomponentes.com\/pt\/producto\/adaptador-victron-ve-bus-smart-dongle\/","title":{"rendered":"Adaptador de dongle inteligente VE.Bus da Victron - ASS030537010"},"content":{"rendered":"<h2>Adaptador de Dongle Inteligente VE.Bus Victron<\/h2>\n<div class=\"oSioSc\">\n<div id=\"tw-target\">\n<div id=\"tw-target-text-container\" class=\"gsrt tw-ta-container tw-nfl\">\n<p id=\"tw-target-text\" class=\"tw-data-text tw-ta tw-text-small\" dir=\"ltr\"><span lang=\"es\">O Victron VE.Bus Smart Dongle \u00e9 uma interface VE.Bus activada por Bluetooth Smart com sensor de temperatura e tens\u00e3o da bateria. Este dispositivo comunica informa\u00e7\u00f5es do sistema diretamente para o seu smartphone, utilizando a aplica\u00e7\u00e3o gratuita. <a href=\"https:\/\/www.victronenergy.com.es\/panel-systems-remote-monitoring\/victronconnect\" target=\"_blank\" rel=\"noopener\">VictronConnect.<\/a><\/span><\/p>\n<\/div>\n<\/div>\n<\/div>\n<h2>Caracter\u00edsticas<\/h2>\n<p>\u00c9 um acess\u00f3rio Bluetooth para a gama de inversores\/carregadores: Multis, MultiPlus, MultiPlus-II, MultiGrid, MultiGrid-II, Quattros e a s\u00e9rie de inversores Phoenix com uma porta VE.Bus.<\/p>\n<p>Uma vez instalado, utilize a aplica\u00e7\u00e3o VictronConnect para monitorizar o desempenho e tamb\u00e9m operar o sistema: pode alterar o limite de corrente de entrada e alternar entre os modos Desligado, Ligado e Apenas carregador.<\/p>\n<p>Em segundo lugar, pode funcionar como um dispositivo de dete\u00e7\u00e3o de tens\u00e3o e temperatura para o inversor\/carregador. Isto funciona com todos os modelos, mas \u00e9 especialmente \u00fatil em combina\u00e7\u00e3o com o MultiPlus-II, uma vez que este n\u00e3o tem terminais incorporados para a cablagem de dete\u00e7\u00e3o de tens\u00e3o e temperatura.<\/p>\n<p>Para a monitoriza\u00e7\u00e3o, o dispositivo \u00e9 uma excelente alternativa em caravanas, iates mais pequenos e autocaravanas para os quais o Color Control GX ou o Venus GX est\u00e3o demasiado longe.<\/p>\n<p>O Smart Dongle funciona com outros produtos <a href=\"https:\/\/fvcomponentes.com\/pt\/marca\/victron\/\" target=\"_blank\" rel=\"noopener\">Victron<\/a> com portas VE.Direct.<\/p>\n<p>\u00c9 compat\u00edvel com inversores Phoenix, controladores de carga MPPT e monitores BMV, entre outros.<\/p>\n<h2>Ficha t\u00e9cnica Adaptador de dongle inteligente VE.Bus da Victron - ASS030537010<\/h2>\n<p><a href=\"https:\/\/fvcomponentes.com\/wp-content\/uploads\/2025\/09\/temperature_sensors.pdf\" target=\"_blank\" rel=\"noopener\">Ver ficha de dados do adaptador de dongle inteligente VE.Bus da Victron - ASS030537010<\/a><\/p>","protected":false},"excerpt":{"rendered":"<p>VE Bus interface activada com Bluetooth Smart. O VE. Bus Smart Dongle combina dois dispositivos num s\u00f3. Por um lado, a liga\u00e7\u00e3o Bluetooth e VE. Bus e, por outro lado, detecta a tens\u00e3o e a temperatura do inversor\/carregador.<\/p>\n<p>Cont\u00e9m:<\/p>\n<ol>\n<li class=\"level1\">\n<div class=\"li\">Dongle inteligente VE.Bus<\/div>\n<\/li>\n<li class=\"level1\">\n<div class=\"li\">Cabo vermelho (+) de liga\u00e7\u00e3o da bateria com ilh\u00f3 de 10 mm e fus\u00edvel em linha.<\/div>\n<\/li>\n<li class=\"level1\">\n<div class=\"li\">Cabo de liga\u00e7\u00e3o da bateria preto (-) com ilh\u00f3 de 10 mm<\/div>\n<\/li>\n<li class=\"level1\">\n<div class=\"li\">Bloco de conectores com terminais de parafuso.<\/div>\n<\/li>\n<\/ol>","protected":false},"featured_media":3346,"comment_status":"open","ping_status":"closed","template":"","meta":{"site-sidebar-layout":"default","site-content-layout":"default","ast-site-content-layout":"default","site-content-style":"default","site-sidebar-style":"default","ast-global-header-display":"","ast-banner-title-visibility":"","ast-main-header-display":"","ast-hfb-above-header-display":"","ast-hfb-below-header-display":"","ast-hfb-mobile-header-display":"","site-post-title":"","ast-breadcrumbs-content":"","ast-featured-img":"","footer-sml-layout":"","ast-disable-related-posts":"","theme-transparent-header-meta":"default","adv-header-id-meta":"","stick-header-meta":"","header-above-stick-meta":"","header-main-stick-meta":"","header-below-stick-meta":"","astra-migrate-meta-layouts":"set","ast-page-background-enabled":"default","ast-page-background-meta":{"desktop":{"background-color":"var(--ast-global-color-4)","background-image":"","background-repeat":"repeat","background-position":"center center","background-size":"auto","background-attachment":"scroll","background-type":"","background-media":"","overlay-type":"","overlay-color":"","overlay-opacity":"","overlay-gradient":""},"tablet":{"background-color":"","background-image":"","background-repeat":"repeat","background-position":"center center","background-size":"auto","background-attachment":"scroll","background-type":"","background-media":"","overlay-type":"","overlay-color":"","overlay-opacity":"","overlay-gradient":""},"mobile":{"background-color":"","background-image":"","background-repeat":"repeat","background-position":"center center","background-size":"auto","background-attachment":"scroll","background-type":"","background-media":"","overlay-type":"","overlay-color":"","overlay-opacity":"","overlay-gradient":""}},"ast-content-background-meta":{"desktop":{"background-color":"var(--ast-global-color-5)","background-image":"","background-repeat":"repeat","background-position":"center center","background-size":"auto","background-attachment":"scroll","background-type":"","background-media":"","overlay-type":"","overlay-color":"","overlay-opacity":"","overlay-gradient":""},"tablet":{"background-color":"var(--ast-global-color-5)","background-image":"","background-repeat":"repeat","background-position":"center center","background-size":"auto","background-attachment":"scroll","background-type":"","background-media":"","overlay-type":"","overlay-color":"","overlay-opacity":"","overlay-gradient":""},"mobile":{"background-color":"var(--ast-global-color-5)","background-image":"","background-repeat":"repeat","background-position":"center center","background-size":"auto","background-attachment":"scroll","background-type":"","background-media":"","overlay-type":"","overlay-color":"","overlay-opacity":"","overlay-gradient":""}}},"pwb-brand":[332],"product_brand":[],"product_cat":[351,878,333,410],"product_tag":[],"class_list":{"0":"post-3344","1":"product","2":"type-product","3":"status-publish","4":"has-post-thumbnail","6":"pwb-brand-victron","7":"product_cat-accesorios","8":"product_cat-cables-victron","9":"product_cat-inversores","10":"product_cat-material-electrico","11":"desktop-align-left","12":"tablet-align-left","13":"mobile-align-left","14":"ast-product-gallery-layout-horizontal-slider","15":"ast-product-tabs-layout-horizontal","17":"first","18":"instock","19":"taxable","20":"shipping-taxable","21":"purchasable","22":"product-type-simple"},"wcpa_form_fields":null,"brands":[{"id":332,"name":"Victron Energia","slug":"victron"}],"_links":{"self":[{"href":"https:\/\/fvcomponentes.com\/pt\/wp-json\/wp\/v2\/product\/3344","targetHints":{"allow":["GET"]}}],"collection":[{"href":"https:\/\/fvcomponentes.com\/pt\/wp-json\/wp\/v2\/product"}],"about":[{"href":"https:\/\/fvcomponentes.com\/pt\/wp-json\/wp\/v2\/types\/product"}],"replies":[{"embeddable":true,"href":"https:\/\/fvcomponentes.com\/pt\/wp-json\/wp\/v2\/comments?post=3344"}],"wp:featuredmedia":[{"embeddable":true,"href":"https:\/\/fvcomponentes.com\/pt\/wp-json\/wp\/v2\/media\/3346"}],"wp:attachment":[{"href":"https:\/\/fvcomponentes.com\/pt\/wp-json\/wp\/v2\/media?parent=3344"}],"wp:term":[{"taxonomy":"pwb-brand","embeddable":true,"href":"https:\/\/fvcomponentes.com\/pt\/wp-json\/wp\/v2\/pwb-brand?post=3344"},{"taxonomy":"product_brand","embeddable":true,"href":"https:\/\/fvcomponentes.com\/pt\/wp-json\/wp\/v2\/product_brand?post=3344"},{"taxonomy":"product_cat","embeddable":true,"href":"https:\/\/fvcomponentes.com\/pt\/wp-json\/wp\/v2\/product_cat?post=3344"},{"taxonomy":"product_tag","embeddable":true,"href":"https:\/\/fvcomponentes.com\/pt\/wp-json\/wp\/v2\/product_tag?post=3344"}],"curies":[{"name":"wp","href":"https:\/\/api.w.org\/{rel}","templated":true}]}}