{"id":3340,"date":"2021-04-22T07:10:07","date_gmt":"2021-04-22T05:10:07","guid":{"rendered":"https:\/\/fvcomponentes.com\/producto\/adaptador-gx-touch-50-corte-ccgx\/"},"modified":"2026-04-04T12:43:32","modified_gmt":"2026-04-04T10:43:32","slug":"adaptador-gx-touch-50-cut-ccgx","status":"publish","type":"product","link":"https:\/\/fvcomponentes.com\/pt\/producto\/adaptador-gx-touch-50-corte-ccgx\/","title":{"rendered":"Adaptador Victron GX Touch 50 para corte CCGX - BPP900460050"},"content":{"rendered":"<h2><strong>Adaptador GX Touch 50 para cortador CCGX<\/strong><\/h2>\n<p>Este adaptador GX Touch 50 para o CCGX Cutting CCGX da <a href=\"https:\/\/www.victronenergy.com.es\/\" target=\"_blank\" rel=\"noopener\">Victron<\/a> foi concebido para substituir facilmente o ecr\u00e3 CCGX pelo mais recente GX Touch 50. A embalagem cont\u00e9m o suporte met\u00e1lico, a moldura de pl\u00e1stico e quatro parafusos de montagem.<\/p>\n<p><strong>Existem dois m\u00e9todos de montagem.<\/strong><\/p>\n<ul>\n<li>Instala\u00e7\u00e3o com ecr\u00e3 inclu\u00eddo: a montagem mais segura do ecr\u00e3 t\u00e1til GX<\/li>\n<li>Instalar sem ecr\u00e3: o ecr\u00e3 GX Touch \u00e9 mais f\u00e1cil de remover e o adaptador pode ser montado antes de a cablagem estar conclu\u00edda.<\/li>\n<\/ul>\n<p><a href=\"https:\/\/fvcomponentes.com\/wp-content\/uploads\/2021\/04\/Quick-Install-Guide-GX-Touch-50-adapter-for-CCGX-cut-out-EN.pdf\" target=\"_blank\" rel=\"noopener\">Guia de instala\u00e7\u00e3o r\u00e1pida do GX Touch 50<\/a><\/p>","protected":false},"excerpt":{"rendered":"<p>O Touch 50 \u00e9 vendido em separado. A embalagem cont\u00e9m: suporte met\u00e1lico, moldura de pl\u00e1stico e quatro parafusos de montagem.<br \/>\nExistem dois m\u00e9todos de montagem descritos no guia de instala\u00e7\u00e3o, um concebido para uma remo\u00e7\u00e3o f\u00e1cil e outro para uma montagem mais segura.<\/p>","protected":false},"featured_media":3341,"comment_status":"open","ping_status":"closed","template":"","meta":{"site-sidebar-layout":"default","site-content-layout":"default","ast-site-content-layout":"default","site-content-style":"default","site-sidebar-style":"default","ast-global-header-display":"","ast-banner-title-visibility":"","ast-main-header-display":"","ast-hfb-above-header-display":"","ast-hfb-below-header-display":"","ast-hfb-mobile-header-display":"","site-post-title":"","ast-breadcrumbs-content":"","ast-featured-img":"","footer-sml-layout":"","ast-disable-related-posts":"","theme-transparent-header-meta":"default","adv-header-id-meta":"","stick-header-meta":"","header-above-stick-meta":"","header-main-stick-meta":"","header-below-stick-meta":"","astra-migrate-meta-layouts":"set","ast-page-background-enabled":"default","ast-page-background-meta":{"desktop":{"background-color":"var(--ast-global-color-4)","background-image":"","background-repeat":"repeat","background-position":"center center","background-size":"auto","background-attachment":"scroll","background-type":"","background-media":"","overlay-type":"","overlay-color":"","overlay-opacity":"","overlay-gradient":""},"tablet":{"background-color":"","background-image":"","background-repeat":"repeat","background-position":"center center","background-size":"auto","background-attachment":"scroll","background-type":"","background-media":"","overlay-type":"","overlay-color":"","overlay-opacity":"","overlay-gradient":""},"mobile":{"background-color":"","background-image":"","background-repeat":"repeat","background-position":"center center","background-size":"auto","background-attachment":"scroll","background-type":"","background-media":"","overlay-type":"","overlay-color":"","overlay-opacity":"","overlay-gradient":""}},"ast-content-background-meta":{"desktop":{"background-color":"var(--ast-global-color-5)","background-image":"","background-repeat":"repeat","background-position":"center center","background-size":"auto","background-attachment":"scroll","background-type":"","background-media":"","overlay-type":"","overlay-color":"","overlay-opacity":"","overlay-gradient":""},"tablet":{"background-color":"var(--ast-global-color-5)","background-image":"","background-repeat":"repeat","background-position":"center center","background-size":"auto","background-attachment":"scroll","background-type":"","background-media":"","overlay-type":"","overlay-color":"","overlay-opacity":"","overlay-gradient":""},"mobile":{"background-color":"var(--ast-global-color-5)","background-image":"","background-repeat":"repeat","background-position":"center center","background-size":"auto","background-attachment":"scroll","background-type":"","background-media":"","overlay-type":"","overlay-color":"","overlay-opacity":"","overlay-gradient":""}}},"pwb-brand":[332],"product_brand":[],"product_cat":[351,333],"product_tag":[],"class_list":{"0":"post-3340","1":"product","2":"type-product","3":"status-publish","4":"has-post-thumbnail","6":"pwb-brand-victron","7":"product_cat-accesorios","8":"product_cat-inversores","9":"desktop-align-left","10":"tablet-align-left","11":"mobile-align-left","12":"ast-product-gallery-layout-horizontal-slider","13":"ast-product-tabs-layout-horizontal","15":"first","16":"instock","17":"taxable","18":"shipping-taxable","19":"purchasable","20":"product-type-simple"},"wcpa_form_fields":null,"brands":[{"id":332,"name":"Victron Energia","slug":"victron"}],"_links":{"self":[{"href":"https:\/\/fvcomponentes.com\/pt\/wp-json\/wp\/v2\/product\/3340","targetHints":{"allow":["GET"]}}],"collection":[{"href":"https:\/\/fvcomponentes.com\/pt\/wp-json\/wp\/v2\/product"}],"about":[{"href":"https:\/\/fvcomponentes.com\/pt\/wp-json\/wp\/v2\/types\/product"}],"replies":[{"embeddable":true,"href":"https:\/\/fvcomponentes.com\/pt\/wp-json\/wp\/v2\/comments?post=3340"}],"wp:featuredmedia":[{"embeddable":true,"href":"https:\/\/fvcomponentes.com\/pt\/wp-json\/wp\/v2\/media\/3341"}],"wp:attachment":[{"href":"https:\/\/fvcomponentes.com\/pt\/wp-json\/wp\/v2\/media?parent=3340"}],"wp:term":[{"taxonomy":"pwb-brand","embeddable":true,"href":"https:\/\/fvcomponentes.com\/pt\/wp-json\/wp\/v2\/pwb-brand?post=3340"},{"taxonomy":"product_brand","embeddable":true,"href":"https:\/\/fvcomponentes.com\/pt\/wp-json\/wp\/v2\/product_brand?post=3340"},{"taxonomy":"product_cat","embeddable":true,"href":"https:\/\/fvcomponentes.com\/pt\/wp-json\/wp\/v2\/product_cat?post=3340"},{"taxonomy":"product_tag","embeddable":true,"href":"https:\/\/fvcomponentes.com\/pt\/wp-json\/wp\/v2\/product_tag?post=3340"}],"curies":[{"name":"wp","href":"https:\/\/api.w.org\/{rel}","templated":true}]}}