{"id":3332,"date":"2021-04-21T11:42:41","date_gmt":"2021-04-21T09:42:41","guid":{"rendered":"https:\/\/fvcomponentes.com\/producto\/victron-smartshunt-1000a-50mv\/"},"modified":"2026-04-04T11:16:54","modified_gmt":"2026-04-04T09:16:54","slug":"victron-smartshunt-1000a-50mv","status":"publish","type":"product","link":"https:\/\/fvcomponentes.com\/pt\/producto\/victron-smartshunt-1000a-50mv\/","title":{"rendered":"Victron SmartShunt 1000A\/50mV - SHU050210050"},"content":{"rendered":"<h2>Victron SmartShunt 1000A\/50mV<\/h2>\n<div class=\"hidden-xs\">\n<div class=\"productDetail__content-subheader\">\n<h2 class=\"productDetail__content-subheader-icon\">A deriva\u00e7\u00e3o inteligente da bateria<\/h2>\n<\/div>\n<\/div>\n<div class=\"productDetail__content-desc\">\n<p>O Victron SmartShunt 1000A\/50mv \u00e9 um monitor de bateria tudo-em-um, mas sem ecr\u00e3. Utiliza o ecr\u00e3 do seu telem\u00f3vel para todas as defini\u00e7\u00f5es e leitura de par\u00e2metros. O SmartShunt liga-se via Bluetooth \u00e0 aplica\u00e7\u00e3o VictronConnect no seu telem\u00f3vel (ou tablet) para que possa ler convenientemente todos os par\u00e2metros monitorizados da bateria, tais como o estado de carga, autonomia restante, dados hist\u00f3ricos e muito mais.<\/p>\n<p>Tamb\u00e9m pode ser ligado e lido com um dispositivo GX. A liga\u00e7\u00e3o ao SmartShunt \u00e9 feita com um cabo VE.Diret, como o <a href=\"https:\/\/fvcomponentes.com\/pt\/produto\/cabo-direto-victron-ve-3m\/\" target=\"_blank\" rel=\"noopener\">Cabo Victron VE.Diret 3m - ASS030530230.<\/a><\/p>\n<p><span class=\"a-list-item\">Par\u00e2metros como o estado da carga, tempo restante, informa\u00e7\u00f5es sobre o curso e muito mais podem ser monitorizados. O SmartShunt \u00e9 a alternativa perfeita para sistemas onde se pretende menos cablagem e onde um ecr\u00e3 permanente por monitor, como o monitor de bateria BMV, n\u00e3o \u00e9 a op\u00e7\u00e3o desejada.<\/span><\/p>\n<p>O SmartShunt tem Bluetooth, uma porta VE.Direct e uma liga\u00e7\u00e3o que pode ser utilizada para: controlar uma segunda bateria, seguir o ponto m\u00e9dio ou ligar um sensor de temperatura.<\/p>\n<h2>Caracter\u00edsticas do SmartShunt 1000A\/50mV<\/h2>\n<p><strong>Tens\u00e3o de alimenta\u00e7\u00e3o<\/strong> 6,5 - 70V DC<br \/>\n<strong>Consumo atual<\/strong> &lt; 1mA<br \/>\n<strong>Gama de tens\u00e3o de entrada, bateria auxiliar<\/strong> 6,5 - 70V DC<br \/>\n<strong>Capacidade da bateria (Ah)<\/strong> 1 - 9999Ah<br \/>\n<strong>Gama de temperaturas de funcionamento<\/strong> -40 +50\u00b0C (-40 - 120\u00b0F)<br \/>\n<strong>Gama de medi\u00e7\u00e3o da temperatura<\/strong> -20 +50\u00b0C<br \/>\n<strong>Porta de comunica\u00e7\u00e3o<\/strong> VE.Direct Sim<\/p>\n<h2>Resolu\u00e7\u00e3o e precis\u00e3o<\/h2>\n<p><strong style=\"font-size: 16px;\">Atual<\/strong><span style=\"font-size: 16px;\"> \u00b1 0.01A<\/span><\/p>\n<\/div>\n<div class=\"productDetail__content-desc\">\n<p><strong>Tens\u00e3o<\/strong> \u00b1 0.01V<br \/>\n<strong>Amperes-hora<\/strong> \u00b1 0,1 Ah<br \/>\n<strong>Estado de carga<\/strong> (0 - 100%) \u00b1 0,1%<br \/>\n<strong>Alcance restante<\/strong> \u00b1 1 min<br \/>\n<strong>Temperatura<\/strong> (com sensor de temperatura opcional ligado) \u00b1 1\u00b0C\/\u00b0F (0 - 50\u00b0C ou 30 - 120\u00b0F)<br \/>\n<strong>Precis\u00e3o da medi\u00e7\u00e3o de corrente<\/strong> \u00b1 0,4%<br \/>\n<strong>Compensa\u00e7\u00e3o<\/strong> Menos de 20 \/ 40 \/ 80 mA<br \/>\n<strong>Precis\u00e3o da medi\u00e7\u00e3o da tens\u00e3o<\/strong> \u00b1 0,3%<\/p>\n<p><strong>Inclui dois cabos com fus\u00edvel para liga\u00e7\u00e3o \"+\" e liga\u00e7\u00e3o a uma bateria de arranque ou ao ponto interm\u00e9dio.<\/strong><\/p>\n<\/div>\n<h2>Ficha t\u00e9cnica Victron SmartShunt 1000A\/50mV - SHU050210050<\/h2>\n<div class=\"productDetail__content-desc\">\n<p><a href=\"https:\/\/fvcomponentes.com\/wp-content\/uploads\/2021\/04\/Datasheet-SmartShunt-ES.pdf\" target=\"_blank\" rel=\"noopener\">Veja a folha de dados do SmartShunt 1000A\/50mV da Victron - SHU050210050<\/a><\/p>\n<\/div>","protected":false},"excerpt":{"rendered":"<p>SmartShunt 1000A\/50mv: monitor de bateria tudo-em-um que utiliza o ecr\u00e3 m\u00f3vel para todas as defini\u00e7\u00f5es e leituras de par\u00e2metros. Liga-se via Bluetooth \u00e0 aplica\u00e7\u00e3o VictronConnect para que possa ler convenientemente o estado de carga da bateria, a autonomia restante, os dados hist\u00f3ricos, etc.<\/p>","protected":false},"featured_media":3333,"comment_status":"open","ping_status":"closed","template":"","meta":{"site-sidebar-layout":"default","site-content-layout":"default","ast-site-content-layout":"default","site-content-style":"default","site-sidebar-style":"default","ast-global-header-display":"","ast-banner-title-visibility":"","ast-main-header-display":"","ast-hfb-above-header-display":"","ast-hfb-below-header-display":"","ast-hfb-mobile-header-display":"","site-post-title":"","ast-breadcrumbs-content":"","ast-featured-img":"","footer-sml-layout":"","ast-disable-related-posts":"","theme-transparent-header-meta":"default","adv-header-id-meta":"","stick-header-meta":"","header-above-stick-meta":"","header-main-stick-meta":"","header-below-stick-meta":"","astra-migrate-meta-layouts":"set","ast-page-background-enabled":"default","ast-page-background-meta":{"desktop":{"background-color":"var(--ast-global-color-4)","background-image":"","background-repeat":"repeat","background-position":"center center","background-size":"auto","background-attachment":"scroll","background-type":"","background-media":"","overlay-type":"","overlay-color":"","overlay-opacity":"","overlay-gradient":""},"tablet":{"background-color":"","background-image":"","background-repeat":"repeat","background-position":"center center","background-size":"auto","background-attachment":"scroll","background-type":"","background-media":"","overlay-type":"","overlay-color":"","overlay-opacity":"","overlay-gradient":""},"mobile":{"background-color":"","background-image":"","background-repeat":"repeat","background-position":"center center","background-size":"auto","background-attachment":"scroll","background-type":"","background-media":"","overlay-type":"","overlay-color":"","overlay-opacity":"","overlay-gradient":""}},"ast-content-background-meta":{"desktop":{"background-color":"var(--ast-global-color-5)","background-image":"","background-repeat":"repeat","background-position":"center center","background-size":"auto","background-attachment":"scroll","background-type":"","background-media":"","overlay-type":"","overlay-color":"","overlay-opacity":"","overlay-gradient":""},"tablet":{"background-color":"var(--ast-global-color-5)","background-image":"","background-repeat":"repeat","background-position":"center center","background-size":"auto","background-attachment":"scroll","background-type":"","background-media":"","overlay-type":"","overlay-color":"","overlay-opacity":"","overlay-gradient":""},"mobile":{"background-color":"var(--ast-global-color-5)","background-image":"","background-repeat":"repeat","background-position":"center center","background-size":"auto","background-attachment":"scroll","background-type":"","background-media":"","overlay-type":"","overlay-color":"","overlay-opacity":"","overlay-gradient":""}}},"pwb-brand":[332],"product_brand":[],"product_cat":[391,340,933],"product_tag":[],"class_list":{"0":"post-3332","1":"product","2":"type-product","3":"status-publish","4":"has-post-thumbnail","6":"pwb-brand-victron","7":"product_cat-accesorios-para-baterias","8":"product_cat-baterias","9":"product_cat-monitores-de-baterias","10":"desktop-align-left","11":"tablet-align-left","12":"mobile-align-left","13":"ast-product-gallery-layout-horizontal-slider","14":"ast-product-tabs-layout-horizontal","16":"first","17":"instock","18":"taxable","19":"shipping-taxable","20":"purchasable","21":"product-type-simple"},"wcpa_form_fields":null,"brands":[{"id":332,"name":"Victron Energia","slug":"victron"}],"_links":{"self":[{"href":"https:\/\/fvcomponentes.com\/pt\/wp-json\/wp\/v2\/product\/3332","targetHints":{"allow":["GET"]}}],"collection":[{"href":"https:\/\/fvcomponentes.com\/pt\/wp-json\/wp\/v2\/product"}],"about":[{"href":"https:\/\/fvcomponentes.com\/pt\/wp-json\/wp\/v2\/types\/product"}],"replies":[{"embeddable":true,"href":"https:\/\/fvcomponentes.com\/pt\/wp-json\/wp\/v2\/comments?post=3332"}],"wp:featuredmedia":[{"embeddable":true,"href":"https:\/\/fvcomponentes.com\/pt\/wp-json\/wp\/v2\/media\/3333"}],"wp:attachment":[{"href":"https:\/\/fvcomponentes.com\/pt\/wp-json\/wp\/v2\/media?parent=3332"}],"wp:term":[{"taxonomy":"pwb-brand","embeddable":true,"href":"https:\/\/fvcomponentes.com\/pt\/wp-json\/wp\/v2\/pwb-brand?post=3332"},{"taxonomy":"product_brand","embeddable":true,"href":"https:\/\/fvcomponentes.com\/pt\/wp-json\/wp\/v2\/product_brand?post=3332"},{"taxonomy":"product_cat","embeddable":true,"href":"https:\/\/fvcomponentes.com\/pt\/wp-json\/wp\/v2\/product_cat?post=3332"},{"taxonomy":"product_tag","embeddable":true,"href":"https:\/\/fvcomponentes.com\/pt\/wp-json\/wp\/v2\/product_tag?post=3332"}],"curies":[{"name":"wp","href":"https:\/\/api.w.org\/{rel}","templated":true}]}}