{"id":3283,"date":"2021-03-25T12:07:08","date_gmt":"2021-03-25T11:07:08","guid":{"rendered":"https:\/\/fvcomponentes.com\/?post_type=product&#038;p=3283"},"modified":"2026-01-15T10:08:26","modified_gmt":"2026-01-15T09:08:26","slug":"bateria-victron-12v-90ah-agm-bateria-de-ciclo-profundo","status":"publish","type":"product","link":"https:\/\/fvcomponentes.com\/pt\/producto\/bateria-victron-12v-90ah-agm-deep-cycle-batt\/","title":{"rendered":"Bateria de ciclo profundo AGM 12V\/90Ah Victron - BAT412800084"},"content":{"rendered":"<h2>Bateria de ciclo profundo AGM 12V\/90Ah Victron - BAT412800084<\/h2>\n<p>Bateria de ciclo profundo Victron 12V\/90Ah AGM - BAT412800084: Novas baterias 12V \/ 110Ah Absorbent Glass Mat equipadas com tecnologia VRLA da Victron - BAT412800084. <a href=\"https:\/\/www.victronenergy.com.es\/\" target=\"_blank\" rel=\"noopener\">Victron Energia<\/a>. As baterias hermeticamente seladas e com baixa auto-descarga permitem o armazenamento durante longos per\u00edodos de tempo sem prejudicar o desempenho.<\/p>\n<p>A gama AGM tem uma resist\u00eancia interna muito baixa, o que a torna particularmente adequada para aplica\u00e7\u00f5es de descarga de alta corrente, como inversores ou propulsores, bem como para motores de arranque em ve\u00edculos como caravanas e carrinhos de golfe ou electrodom\u00e9sticos como frigor\u00edficos e m\u00e1quinas de lavar roupa.<\/p>\n<h3>Tecnologia VRLA<\/h3>\n<p>Nestas baterias, o eletr\u00f3lito \u00e9 absorvido por um tapete de fibra de vidro entre as placas por a\u00e7\u00e3o capilar. As baterias AGM s\u00e3o mais adequadas para o fornecimento a curto prazo de correntes muito elevadas (arranque do motor) do que as baterias de gel.<\/p>\n<h3>Bateria de ciclo profundo AGM Victron 12V\/90Ah - BAT412800084: Baixa auto-descarga<\/h3>\n<p>Devido \u00e0 utiliza\u00e7\u00e3o de grelhas de chumbo-c\u00e1lcio e materiais de elevada pureza, as baterias Victron VRLA podem ser armazenadas durante longos per\u00edodos de tempo sem recarga. A taxa de auto-descarga \u00e9 inferior a 2% por m\u00eas a 20\u00b0C. A taxa de auto-descarga duplica por cada aumento de temperatura de 10\u00b0C. Por conseguinte, as baterias AGM Victron podem ser armazenadas at\u00e9 um ano sem recarga, se mantidas nas condi\u00e7\u00f5es de humidade e temperatura adequadas.<\/p>\n<h3>Capacidade excecional de recupera\u00e7\u00e3o de descargas profundas<\/h3>\n<p>As baterias Victron t\u00eam uma recupera\u00e7\u00e3o de descarga excecional, mesmo ap\u00f3s uma descarga profunda ou prolongada. As baterias AGM da Victron Energy t\u00eam uma excelente capacidade de recupera\u00e7\u00e3o. Normalmente, as descargas profundas ou prolongadas encurtam a vida \u00fatil das baterias de chumbo\/\u00e1cido. As baterias AGM da Victron Energy n\u00e3o sofrem deste fen\u00f3meno.<\/p>\n<p>A capacidade nominal das baterias de ciclo profundo Victron AGM e Gel \u00e9 de 20 horas de descarga a 25\u00ba, ou seja, uma corrente de descarga de 0,05 C. \u00c9 de notar que a capacidade efectiva destas baterias diminui com o aumento da corrente de descarga. A redu\u00e7\u00e3o da capacidade de carga ser\u00e1 ainda mais r\u00e1pida no caso de uma carga de energia constante, como um inversor.<\/p>\n<h3>Caracter\u00edsticas da bateria de ciclo profundo AGM 12V\/90Ah da Victron - BAT412800084<\/h3>\n<ul>\n<li>Capacidade nominal: 20 horas. Descarga a 25 \u00b0C<\/li>\n<li>Prazo de validade (flutuante): 7 a 10 anos a 20 \u00b0C<\/li>\n<li>Ciclos: 400 a 80 descargas %, 600 a 50 descargas %, 1500 a 30 descargas %.<\/li>\n<li>Recomendada para utiliza\u00e7\u00e3o como bateria de arranque ou outras aplica\u00e7\u00f5es de descarga de corrente elevada devido \u00e0 sua baixa resist\u00eancia interna.<\/li>\n<li>Gra\u00e7as \u00e0 arquitetura interna e aos materiais utilizados na Victron 12V\/90Ah AGM Deep Cycle Batt, \u00e9 garantida uma auto-descarga particularmente baixa.<\/li>\n<\/ul>\n<h2>Ficha t\u00e9cnica Bateria Victron 12V\/90Ah AGM Ciclo Profundo - BAT412800084<\/h2>\n<p><a href=\"https:\/\/fvcomponentes.com\/wp-content\/uploads\/2023\/08\/Datasheet-GEL-and-AGM-Batteries-ES.pdf\" target=\"_blank\" rel=\"noopener\">Ver ficha t\u00e9cnica da bateria Victron 12V\/90Ah AGM de ciclo profundo - BAT412800084<\/a><\/p>","protected":false},"excerpt":{"rendered":"<ul>\n<li><strong>Tens\u00e3o;<\/strong>\u00a012V<\/li>\n<li><strong>Ampere horas:<\/strong> 90 Ah<\/li>\n<li><strong>Capacidade nominal:<\/strong>\u00a020 horas. Descarga a 25 \u00b0C<\/li>\n<li><strong>Tempo de vida (flutuante):<\/strong>\u00a07 a 10 anos a 20 \u00b0C<\/li>\n<li><strong>Ciclos:<\/strong>\u00a0400 a 80 descarga %, 600 a 50 descarga %, 1500 a 30 descarga %.<\/li>\n<li><strong>Recomendado para:<\/strong>\u00a0bateria de arranque ou outras aplica\u00e7\u00f5es de descarga de corrente elevada devido \u00e0 sua baixa resist\u00eancia interna.<\/li>\n<li><strong>Baixa auto-descarga.<\/strong><\/li>\n<\/ul>","protected":false},"featured_media":3284,"comment_status":"open","ping_status":"closed","template":"","meta":{"site-sidebar-layout":"default","site-content-layout":"","ast-site-content-layout":"default","site-content-style":"default","site-sidebar-style":"default","ast-global-header-display":"","ast-banner-title-visibility":"","ast-main-header-display":"","ast-hfb-above-header-display":"","ast-hfb-below-header-display":"","ast-hfb-mobile-header-display":"","site-post-title":"","ast-breadcrumbs-content":"","ast-featured-img":"","footer-sml-layout":"","ast-disable-related-posts":"","theme-transparent-header-meta":"default","adv-header-id-meta":"","stick-header-meta":"","header-above-stick-meta":"","header-main-stick-meta":"","header-below-stick-meta":"","astra-migrate-meta-layouts":"set","ast-page-background-enabled":"default","ast-page-background-meta":{"desktop":{"background-color":"var(--ast-global-color-4)","background-image":"","background-repeat":"repeat","background-position":"center center","background-size":"auto","background-attachment":"scroll","background-type":"","background-media":"","overlay-type":"","overlay-color":"","overlay-opacity":"","overlay-gradient":""},"tablet":{"background-color":"","background-image":"","background-repeat":"repeat","background-position":"center center","background-size":"auto","background-attachment":"scroll","background-type":"","background-media":"","overlay-type":"","overlay-color":"","overlay-opacity":"","overlay-gradient":""},"mobile":{"background-color":"","background-image":"","background-repeat":"repeat","background-position":"center center","background-size":"auto","background-attachment":"scroll","background-type":"","background-media":"","overlay-type":"","overlay-color":"","overlay-opacity":"","overlay-gradient":""}},"ast-content-background-meta":{"desktop":{"background-color":"var(--ast-global-color-5)","background-image":"","background-repeat":"repeat","background-position":"center center","background-size":"auto","background-attachment":"scroll","background-type":"","background-media":"","overlay-type":"","overlay-color":"","overlay-opacity":"","overlay-gradient":""},"tablet":{"background-color":"var(--ast-global-color-5)","background-image":"","background-repeat":"repeat","background-position":"center center","background-size":"auto","background-attachment":"scroll","background-type":"","background-media":"","overlay-type":"","overlay-color":"","overlay-opacity":"","overlay-gradient":""},"mobile":{"background-color":"var(--ast-global-color-5)","background-image":"","background-repeat":"repeat","background-position":"center center","background-size":"auto","background-attachment":"scroll","background-type":"","background-media":"","overlay-type":"","overlay-color":"","overlay-opacity":"","overlay-gradient":""}}},"pwb-brand":[332],"product_brand":[],"product_cat":[375,340],"product_tag":[],"class_list":{"0":"post-3283","1":"product","2":"type-product","3":"status-publish","4":"has-post-thumbnail","6":"pwb-brand-victron","7":"product_cat-baterias-agm","8":"product_cat-baterias","9":"product_shipping_class-baterias","10":"desktop-align-left","11":"tablet-align-left","12":"mobile-align-left","13":"ast-product-gallery-layout-horizontal-slider","14":"ast-product-tabs-layout-horizontal","16":"first","17":"instock","18":"taxable","19":"shipping-taxable","20":"purchasable","21":"product-type-simple"},"wcpa_form_fields":null,"brands":[{"id":332,"name":"Victron Energia","slug":"victron"}],"_links":{"self":[{"href":"https:\/\/fvcomponentes.com\/pt\/wp-json\/wp\/v2\/product\/3283","targetHints":{"allow":["GET"]}}],"collection":[{"href":"https:\/\/fvcomponentes.com\/pt\/wp-json\/wp\/v2\/product"}],"about":[{"href":"https:\/\/fvcomponentes.com\/pt\/wp-json\/wp\/v2\/types\/product"}],"replies":[{"embeddable":true,"href":"https:\/\/fvcomponentes.com\/pt\/wp-json\/wp\/v2\/comments?post=3283"}],"wp:featuredmedia":[{"embeddable":true,"href":"https:\/\/fvcomponentes.com\/pt\/wp-json\/wp\/v2\/media\/3284"}],"wp:attachment":[{"href":"https:\/\/fvcomponentes.com\/pt\/wp-json\/wp\/v2\/media?parent=3283"}],"wp:term":[{"taxonomy":"pwb-brand","embeddable":true,"href":"https:\/\/fvcomponentes.com\/pt\/wp-json\/wp\/v2\/pwb-brand?post=3283"},{"taxonomy":"product_brand","embeddable":true,"href":"https:\/\/fvcomponentes.com\/pt\/wp-json\/wp\/v2\/product_brand?post=3283"},{"taxonomy":"product_cat","embeddable":true,"href":"https:\/\/fvcomponentes.com\/pt\/wp-json\/wp\/v2\/product_cat?post=3283"},{"taxonomy":"product_tag","embeddable":true,"href":"https:\/\/fvcomponentes.com\/pt\/wp-json\/wp\/v2\/product_tag?post=3283"}],"curies":[{"name":"wp","href":"https:\/\/api.w.org\/{rel}","templated":true}]}}