{"id":32571,"date":"2025-11-03T09:02:07","date_gmt":"2025-11-03T08:02:07","guid":{"rendered":"https:\/\/fvcomponentes.com\/?post_type=product&#038;p=32571"},"modified":"2025-11-03T09:26:29","modified_gmt":"2025-11-03T08:26:29","slug":"bateria-de-litio-hv-byd-caixa-de-bateria-premium-hvm-16-6-kwh","status":"publish","type":"product","link":"https:\/\/fvcomponentes.com\/pt\/producto\/bateria-de-litio-hv-byd-battery-box-premium-hvm-16-6-kwh\/","title":{"rendered":"Bateria de l\u00edtio HV BYD Battery-Box Premium HVM+ 16,6 kWh"},"content":{"rendered":"<h2>Bateria de l\u00edtio HV BYD Battery-Box Premium HVM+ 16,6 kWh<\/h2>\n<p>A BYD, l\u00edder mundial no fabrico de baterias e solu\u00e7\u00f5es de mobilidade el\u00e9ctrica, actualiza mais uma vez a sua gama de baterias de alta tens\u00e3o com a chegada da nova s\u00e9rie Battery-Box Premium HVM+.<br \/>\nEsta evolu\u00e7\u00e3o direta da bem sucedida linha HVM oferece maior capacidade por m\u00f3dulo, mais pot\u00eancia, melhor efici\u00eancia e compatibilidade alargada com os principais inversores do mercado.<\/p>\n<p>A bateria de l\u00edtio BYD Battery-Box Premium HVM+ 16,6 kWh faz parte da nova gera\u00e7\u00e3o HVM+, concebida para fornecer um armazenamento robusto, modular e facilmente escal\u00e1vel em instala\u00e7\u00f5es de auto-consumo, h\u00edbridas ou de energia de reserva.<\/p>\n<p>Gra\u00e7as \u00e0 sua arquitetura empilh\u00e1vel e ao seu design \u201cplug &amp; play\u201d, permite uma instala\u00e7\u00e3o r\u00e1pida, segura e expans\u00edvel, adaptando-se \u00e0s necessidades energ\u00e9ticas tanto das habita\u00e7\u00f5es como das pequenas ind\u00fastrias.<\/p>\n<h2>Porqu\u00ea escolher a BYD Battery-Box Premium HVM+ 16,6 kWh?<\/h2>\n<p>A Battery-Box Premium HVM+ 16,6 kWh \u00e9 composta por 1 unidade <a href=\"https:\/\/fvcomponentes.com\/pt\/produto\/bcubase-para-bateria-de-litio-hv-byd-caixa-de-bateria-premium-hvs-hvm-16541149-00\/\" target=\"_blank\" rel=\"noopener\">BCU+Base para Bateria de L\u00edtio HV BYD Caixa de Bateria Premium HVS+ \/ HVM+ - 16541149-00<\/a> y 6 <a href=\"https:\/\/fvcomponentes.com\/pt\/produto\/modulo-de-bateria-de-litio-hv-byd-premium-hvm-2-76-18487580-00\/\" target=\"_blank\" rel=\"noopener\">2,76 kWh M\u00f3dulos HVM+<\/a> cada, oferecendo uma capacidade \u00fatil total de 16,56 kWh.<\/p>\n<p>Cada torre pode ser expandida atrav\u00e9s da adi\u00e7\u00e3o de m\u00f3dulos HVM+ adicionais, at\u00e9 um m\u00e1ximo de 8 m\u00f3dulos (22,1 kWh) por torre.<\/p>\n<p>Esta combina\u00e7\u00e3o forma uma torre de alta tens\u00e3o capaz de fornecer uma pot\u00eancia cont\u00ednua elevada e de gerir a energia com precis\u00e3o, gra\u00e7as ao BMS (Battery Management System) inteligente integrado.<\/p>\n<p>O sistema integrado de gest\u00e3o da bateria (BMS) da BCU gere o fluxo de energia em tempo real: equilibra as c\u00e9lulas, monitoriza a temperatura, a tens\u00e3o e o estado de carga e protege contra sobrecargas, descargas excessivas ou curto-circuitos. Esta abordagem permite um desempenho fi\u00e1vel e seguro e uma longa vida \u00fatil.<\/p>\n<h2>Principais fun\u00e7\u00f5es da BYD Battery-Box Premium HVM+ 16,6 kWh<\/h2>\n<h3>Gest\u00e3o e controlo inteligentes<\/h3>\n<p>O sistema BMS monitoriza continuamente a tens\u00e3o, a corrente e a temperatura de cada m\u00f3dulo, optimizando as estrat\u00e9gias de carga e descarga, equilibrando as c\u00e9lulas.<br \/>\nDesta forma, a bateria funciona de forma est\u00e1vel e eficiente, maximizando a sua durabilidade e energia dispon\u00edvel.<\/p>\n<h3>Seguran\u00e7a e prote\u00e7\u00e3o<\/h3>\n<p>Inclui protec\u00e7\u00f5es internas contra sobrecarga, descarga profunda, curto-circuito e sobreaquecimento.<br \/>\nEst\u00e1 em conformidade com as principais normas internacionais de seguran\u00e7a: IEC 62619, UN 38.3, CE, VDE 2510-50, garantindo a seguran\u00e7a el\u00e9ctrica, mec\u00e2nica e t\u00e9rmica.<\/p>\n<h3>Comunica\u00e7\u00e3o avan\u00e7ada<\/h3>\n<p>Inclui interfaces CAN e RS485, permitindo uma comunica\u00e7\u00e3o bidirecional e sem falhas com os principais inversores do mercado.<br \/>\nEsta compatibilidade facilita uma integra\u00e7\u00e3o inteligente do fluxo de energia entre o painel fotovoltaico, a bateria e o consumo dom\u00e9stico ou industrial.<\/p>\n<h3>Conce\u00e7\u00e3o modular e escal\u00e1vel<\/h3>\n<p>A s\u00e9rie HVM+ permite que 3 a 8 m\u00f3dulos sejam empilhados verticalmente numa Base BCU+, sem cablagem interna, facilitando a expans\u00e3o do sistema no futuro sem a necessidade de substituir a unidade base. O modelo de 16,6 kWh \u00e9 composto por 6 m\u00f3dulos HVM+ (2,76 kWh cada).<\/p>\n<p>Os m\u00f3dulos HVM+ n\u00e3o s\u00e3o compat\u00edveis com as vers\u00f5es anteriores do HVM standard na mesma torre, e as torres de diferentes vers\u00f5es n\u00e3o podem ser misturadas em paralelo.<\/p>\n<h3>Armazenamento eficiente e est\u00e1vel<\/h3>\n<p>A bateria utiliza tecnologia de l\u00edtio-ferrofosfato (LiFePO\u2084, LFP), uma qu\u00edmica sem cobalto que oferece elevada estabilidade t\u00e9rmica, boa longevidade, baixa degrada\u00e7\u00e3o com ciclos de carga\/descarga, maior seguran\u00e7a estrutural e melhor desempenho contra sobreaquecimento ou reac\u00e7\u00f5es adversas.<\/p>\n<h3>Instala\u00e7\u00e3o r\u00e1pida e segura<\/h3>\n<p>O design plug &amp; play permite uma f\u00e1cil coloca\u00e7\u00e3o em funcionamento, sem necessidade de cablagem interna entre m\u00f3dulos.<br \/>\nOs m\u00f3dulos s\u00e3o empilhados verticalmente na base, o que reduz os tempos de instala\u00e7\u00e3o e minimiza os erros.<br \/>\nGra\u00e7as \u00e0 sua arquitetura modular, a expans\u00e3o futura \u00e9 muito f\u00e1cil.<\/p>\n<h3>Estrutura robusta e modular<\/h3>\n<p>A Battery-Box Premium HVM+ possui uma caixa met\u00e1lica refor\u00e7ada, um design compacto e vertical optimizado para a dissipa\u00e7\u00e3o de calor e um alinhamento mec\u00e2nico preciso, que aproveita ao m\u00e1ximo o espa\u00e7o e garante o desempenho mesmo em ambientes exigentes. Foi concebida para instala\u00e7\u00e3o no ch\u00e3o, com prote\u00e7\u00e3o contra a \u00e1gua e o p\u00f3 (classifica\u00e7\u00e3o IP55).<\/p>\n<h3>Compatibilidade entre os sistemas de baterias BYD<\/h3>\n<p data-start=\"5075\" data-end=\"5343\">A Battery-Box Premium HVM+ 16,6 kWh pertence \u00e0 nova gera\u00e7\u00e3o de baterias. <strong data-start=\"5154\" data-end=\"5162\">HVM+<\/strong>, compat\u00edvel apenas com a s\u00e9rie HVM+ e a unidade HVM+.\u00a0<strong data-start=\"5201\" data-end=\"5227\">BCU + Base 16541149-00<\/strong>\u00a0nova gera\u00e7\u00e3o.<\/p>\n<p>Battery-Box Premium HVM+: Empilh\u00e1vel de 3 a 8 m\u00f3dulos (8,28 - 22,08 kWh utiliz\u00e1veis).<\/p>\n<p>Os m\u00f3dulos HVM+ n\u00e3o s\u00e3o compat\u00edveis com as vers\u00f5es anteriores do HVM standard, pelo que n\u00e3o podem ser combinados com m\u00f3dulos ou BCUs de vers\u00f5es anteriores. N\u00e3o podem ser misturados na mesma torre ou colocar novas torres em paralelo com torres de m\u00f3dulos de vers\u00f5es anteriores.<\/p>\n<h3>Compatibilidade com inversores<\/h3>\n<p>As baterias de l\u00edtio BYD Battery-Box Premium HVM+ s\u00e3o compat\u00edveis com uma vasta gama de inversores l\u00edderes de mercado, tais como Fronius, GoodWe, SMA, Kostal, Victron, Huawei ou Solis.<br \/>\nEsta compatibilidade garante uma f\u00e1cil integra\u00e7\u00e3o em sistemas de autoconsumo com armazenamento, instala\u00e7\u00f5es h\u00edbridas ou configura\u00e7\u00f5es de backup.<\/p>\n<p><a href=\"https:\/\/fvcomponentes.com\/wp-content\/uploads\/2025\/10\/Compatible-Inverter-List_HVBHVMHVS_MLL_V1.3.pdf\" target=\"_blank\" rel=\"noopener\"><strong>Lista actualizada de inversores compat\u00edveis com as baterias BYD Battery Box Premium HVS+ \/ HVM+ Vers\u00e3o V1.3, actualizada a 17\/10\/25<\/strong><\/a><\/p>\n<h3>Baterias HVM+<\/h3>\n<p><img decoding=\"async\" src=\"https:\/\/fvcomponentes.com\/wp-content\/uploads\/2025\/10\/ByD-HVM-Caracteristicas.png\" alt=\"Carater\u00edsticas do ByD HVM\" title=\"\"><\/p>\n<h2>Vantagens da nova bateria de l\u00edtio BYD Premium HV HVM+ 16,6 kWh<\/h2>\n<h3>Instala\u00e7\u00e3o simples<\/h3>\n<p>O HMV+ apresenta um sistema empilh\u00e1vel verticalmente sem cablagem interna entre m\u00f3dulos, reduzindo os erros de instala\u00e7\u00e3o e os tempos de montagem.<br \/>\nGra\u00e7as a este sistema, a expans\u00e3o da capacidade \u00e9 conseguida atrav\u00e9s da simples adi\u00e7\u00e3o de novos m\u00f3dulos no topo da torre existente, permitindo que o sistema seja aumentado no futuro sem a necessidade de substituir os componentes de base.<\/p>\n<h3>Manuten\u00e7\u00e3o m\u00ednima<\/h3>\n<p>O design sem ventoinhas ou pe\u00e7as m\u00f3veis, juntamente com o arrefecimento passivo e a veda\u00e7\u00e3o IP, reduz a necessidade de manuten\u00e7\u00e3o preventiva e garante um funcionamento silencioso.<\/p>\n<h3>Integra\u00e7\u00e3o perfeita com inversores de \u00faltima gera\u00e7\u00e3o<\/h3>\n<p>Inclui perfis de comunica\u00e7\u00e3o actualizados para Fronius GEN24 Plus, GoodWe ET Plus+, SMA Sunny Boy Storage, Kostal Plenticore Plus, Victron Multiplus II e outros.<\/p>\n<h3>Instala\u00e7\u00e3o modular e expans\u00edvel<\/h3>\n<p>Permite uma configura\u00e7\u00e3o de 6 m\u00f3dulos (16,6 kWh) e pode ser expandida conforme necess\u00e1rio sem alterar a unidade de base, simplesmente adicionando mais m\u00f3dulos no topo da torre existente.<\/p>\n<h2>Exemplo de uma instala\u00e7\u00e3o BYD Battery Box Premium HVM+<\/h2>\n<p>Uma bateria t\u00edpica, a BYD Battery Box Premium HVM+ 16,6 kWh, inclui:<\/p>\n<p>1 \u00d7 BCU+Base - 16541149-00<br \/>\n6 \u00d7 m\u00f3dulos HVM+ de 2,76 kWh cada<\/p>\n<p>Com esta configura\u00e7\u00e3o, obt\u00e9m-se uma capacidade \u00fatil de 16,56 kWh, suficiente para cobrir o consumo noturno de muitas casas ou pequenos escrit\u00f3rios. Em caso de aumento da procura, podem ser adicionados 1 ou mais m\u00f3dulos at\u00e9 \u00e0 configura\u00e7\u00e3o m\u00e1xima da torre (8 m\u00f3dulos) ou as torres podem ser ligadas em paralelo.<\/p>\n<h2>Instala\u00e7\u00e3o recomendada de uma bateria de l\u00edtio de alta tens\u00e3o<\/h2>\n<ul>\n<li><strong>Localiza\u00e7\u00e3o:<\/strong>\u00a0secar no interior, sobre uma superf\u00edcie est\u00e1vel, ao abrigo da humidade ou do calor.<\/li>\n<li><strong>Montagem:<\/strong>\u00a0a BCU+Base \u00e9 instalada em primeiro lugar; os m\u00f3dulos s\u00e3o empilhados verticalmente por cima com liga\u00e7\u00e3o plug &amp; play, sem cabos internos. S\u00e3o encaixados uns nos outros com os conectores integrados.<\/li>\n<li><strong>Liga\u00e7\u00e3o:<\/strong>\u00a0os cabos de alimenta\u00e7\u00e3o e comunica\u00e7\u00e3o s\u00e3o ligados diretamente da BCU atrav\u00e9s dos protocolos CAN \/ RS485 ao inversor, sem cablagem adicional entre os m\u00f3dulos.<\/li>\n<li><strong>Coloca\u00e7\u00e3o em funcionamento:<\/strong>\u00a0Isto \u00e9 feito a partir da interface do inversor compat\u00edvel, que detecta automaticamente a bateria e configura o sistema de acordo com os par\u00e2metros do BMS (Battery Management System).<\/li>\n<li><strong>Compatibilidade:<\/strong>\u00a0Exclusivamente com a nova gera\u00e7\u00e3o de sistemas BYD Premium HVS+ e BCU+Base.<\/li>\n<\/ul>\n<h2>Qual \u00e9 a garantia das baterias de l\u00edtio HV BYD Battery Box Premium HVS+ \/ HVM+?<\/h2>\n<p>A BYD oferece uma garantia de 10 anos, que abrange tanto a BCU como os m\u00f3dulos de bateria, desde que o sistema tenha sido instalado de acordo com as especifica\u00e7\u00f5es oficiais e com inversores aprovados.<\/p>\n<h2>Especifica\u00e7\u00f5es t\u00e9cnicas da bateria de l\u00edtio HV BYD Premium HVM+ 16,6 kWh HV<\/h2>\n<table>\n<thead>\n<tr>\n<th>Par\u00e2metro<\/th>\n<th>Valor estimado \/ calculado*<\/th>\n<\/tr>\n<\/thead>\n<tbody>\n<tr>\n<td>Modelo<\/td>\n<td>BYD Battery-Box Premium HVM+ 13,8 kWh<\/td>\n<\/tr>\n<tr>\n<td>Capacidade \u00fatil<\/td>\n<td>16,56 kWh<\/td>\n<\/tr>\n<tr>\n<td>Configura\u00e7\u00e3o<\/td>\n<td>1 \u00d7 BCU + Base + 6 m\u00f3dulos HVM+ (2,76 kWh cada)<\/td>\n<\/tr>\n<tr>\n<td>Tecnologia<\/td>\n<td>LiFePO\u2084 (ferrofosfato de l\u00edtio)<\/td>\n<\/tr>\n<tr>\n<td>Tens\u00e3o nominal do sistema<\/td>\n<td>307.2 V<\/td>\n<\/tr>\n<tr>\n<td>Gama de tens\u00f5es de funcionamento<\/td>\n<td>240 - 345.6 V<\/td>\n<\/tr>\n<tr>\n<td>Corrente nominal \/ de pico<\/td>\n<td>50 A \/ 80 A (15 s)<\/td>\n<\/tr>\n<tr>\n<td>Efici\u00eancia na viagem de ida e volta<\/td>\n<td>\u2265 96 %<\/td>\n<\/tr>\n<tr>\n<td>Ciclos de vida previstos<\/td>\n<td>&gt; 6.000 (80 % DOD)<\/td>\n<\/tr>\n<tr>\n<td>Dimens\u00f5es (L \u00d7 C \u00d7 P)<\/td>\n<td>1707 \u00d7 610 \u00d7 282 mm<\/td>\n<\/tr>\n<tr>\n<td>Peso total estimado<\/td>\n<td>262,5 kg<\/td>\n<\/tr>\n<tr>\n<td>Prote\u00e7\u00e3o<\/td>\n<td>IP55<\/td>\n<\/tr>\n<tr>\n<td>Temperatura de funcionamento<\/td>\n<td>-10 \u00b0C a +50 \u00b0C<\/td>\n<\/tr>\n<tr>\n<td>Comunica\u00e7\u00e3o<\/td>\n<td>CAN \/ RS485<\/td>\n<\/tr>\n<tr>\n<td>Certifica\u00e7\u00f5es<\/td>\n<td>IEC 62619, UN 38.3, VDE 2510-50, CE<\/td>\n<\/tr>\n<tr>\n<td>Garantia<\/td>\n<td>10 anos (sob condi\u00e7\u00e3o de utiliza\u00e7\u00e3o e instala\u00e7\u00e3o corretas de acordo com a BYD)<\/td>\n<\/tr>\n<\/tbody>\n<\/table>\n<h2>Ficha t\u00e9cnica Bateria de l\u00edtio HV BYD Battery-Box Premium HVM+ 16,6 kWh<\/h2>\n<p><a href=\"https:\/\/fvcomponentes.com\/wp-content\/uploads\/2025\/10\/BYD_Battery-Box_HVM_Datasheet_V1.0_EN.pdf\" target=\"_blank\" rel=\"noopener\">Folha de dados da bateria de l\u00edtio HV BYD Battery-Box Premium HVM+ 16,6 kWh<\/a><\/p>\n<h2>Manual de instala\u00e7\u00e3o Bateria de l\u00edtio HV BYD Battery-Box Premium HVM+ 16,6 kWh<\/h2>\n<p><a href=\"https:\/\/fvcomponentes.com\/wp-content\/uploads\/2025\/10\/BYD_Quick-Start-Guide_HVS_HVM_HVB_V1.3_EN.pdf\" target=\"_blank\" rel=\"noopener\">Manual de instala\u00e7\u00e3o da BYD Battery-Box Premium HV Battery-Box HVM+ 16,6 kWh Bateria de l\u00edtio<\/a><\/p>","protected":false},"excerpt":{"rendered":"<p><strong><span style=\"color: #ff0000\">IMAGEM INDICATIVA<\/span><\/strong><\/p>\n<p><strong>PRE\u00c7O ESPECIAL B&amp;D para envios DIRECTOS.<\/strong><\/p>\n<p>Energia utiliz\u00e1vel: 16,56 kWh<br \/>\nN\u00famero de m\u00f3dulos: 6<br \/>\nTens\u00e3o nominal: 307,2 V<br \/>\nGama de tens\u00e3o de funcionamento: 240 - 345,6 V<br \/>\nCorrente m\u00e1xima de sa\u00edda: 50 A<br \/>\nCorrente de sa\u00edda de pico: 80 A durante 15 segundos<\/p>","protected":false},"featured_media":32572,"comment_status":"closed","ping_status":"closed","template":"","meta":{"site-sidebar-layout":"default","site-content-layout":"","ast-site-content-layout":"default","site-content-style":"default","site-sidebar-style":"default","ast-global-header-display":"","ast-banner-title-visibility":"","ast-main-header-display":"","ast-hfb-above-header-display":"","ast-hfb-below-header-display":"","ast-hfb-mobile-header-display":"","site-post-title":"","ast-breadcrumbs-content":"","ast-featured-img":"","footer-sml-layout":"","ast-disable-related-posts":"","theme-transparent-header-meta":"default","adv-header-id-meta":"","stick-header-meta":"","header-above-stick-meta":"","header-main-stick-meta":"","header-below-stick-meta":"","astra-migrate-meta-layouts":"set","ast-page-background-enabled":"default","ast-page-background-meta":{"desktop":{"background-color":"var(--ast-global-color-4)","background-image":"","background-repeat":"repeat","background-position":"center center","background-size":"auto","background-attachment":"scroll","background-type":"","background-media":"","overlay-type":"","overlay-color":"","overlay-opacity":"","overlay-gradient":""},"tablet":{"background-color":"","background-image":"","background-repeat":"repeat","background-position":"center center","background-size":"auto","background-attachment":"scroll","background-type":"","background-media":"","overlay-type":"","overlay-color":"","overlay-opacity":"","overlay-gradient":""},"mobile":{"background-color":"","background-image":"","background-repeat":"repeat","background-position":"center center","background-size":"auto","background-attachment":"scroll","background-type":"","background-media":"","overlay-type":"","overlay-color":"","overlay-opacity":"","overlay-gradient":""}},"ast-content-background-meta":{"desktop":{"background-color":"var(--ast-global-color-5)","background-image":"","background-repeat":"repeat","background-position":"center center","background-size":"auto","background-attachment":"scroll","background-type":"","background-media":"","overlay-type":"","overlay-color":"","overlay-opacity":"","overlay-gradient":""},"tablet":{"background-color":"var(--ast-global-color-5)","background-image":"","background-repeat":"repeat","background-position":"center center","background-size":"auto","background-attachment":"scroll","background-type":"","background-media":"","overlay-type":"","overlay-color":"","overlay-opacity":"","overlay-gradient":""},"mobile":{"background-color":"var(--ast-global-color-5)","background-image":"","background-repeat":"repeat","background-position":"center center","background-size":"auto","background-attachment":"scroll","background-type":"","background-media":"","overlay-type":"","overlay-color":"","overlay-opacity":"","overlay-gradient":""}}},"pwb-brand":[897],"product_brand":[],"product_cat":[340,379],"product_tag":[],"class_list":{"0":"post-32571","1":"product","2":"type-product","3":"status-publish","4":"has-post-thumbnail","6":"pwb-brand-byd","7":"product_cat-baterias","8":"product_cat-baterias-de-litio-de-alto-voltaje","9":"product_shipping_class-baterias","10":"desktop-align-left","11":"tablet-align-left","12":"mobile-align-left","13":"ast-product-gallery-layout-horizontal-slider","14":"ast-product-tabs-layout-horizontal","16":"first","17":"instock","18":"taxable","19":"shipping-taxable","20":"purchasable","21":"product-type-yith_bundle"},"wcpa_form_fields":null,"brands":[{"id":897,"name":"Baterias B&amp;D","slug":"byd"}],"_links":{"self":[{"href":"https:\/\/fvcomponentes.com\/pt\/wp-json\/wp\/v2\/product\/32571","targetHints":{"allow":["GET"]}}],"collection":[{"href":"https:\/\/fvcomponentes.com\/pt\/wp-json\/wp\/v2\/product"}],"about":[{"href":"https:\/\/fvcomponentes.com\/pt\/wp-json\/wp\/v2\/types\/product"}],"replies":[{"embeddable":true,"href":"https:\/\/fvcomponentes.com\/pt\/wp-json\/wp\/v2\/comments?post=32571"}],"wp:featuredmedia":[{"embeddable":true,"href":"https:\/\/fvcomponentes.com\/pt\/wp-json\/wp\/v2\/media\/32572"}],"wp:attachment":[{"href":"https:\/\/fvcomponentes.com\/pt\/wp-json\/wp\/v2\/media?parent=32571"}],"wp:term":[{"taxonomy":"pwb-brand","embeddable":true,"href":"https:\/\/fvcomponentes.com\/pt\/wp-json\/wp\/v2\/pwb-brand?post=32571"},{"taxonomy":"product_brand","embeddable":true,"href":"https:\/\/fvcomponentes.com\/pt\/wp-json\/wp\/v2\/product_brand?post=32571"},{"taxonomy":"product_cat","embeddable":true,"href":"https:\/\/fvcomponentes.com\/pt\/wp-json\/wp\/v2\/product_cat?post=32571"},{"taxonomy":"product_tag","embeddable":true,"href":"https:\/\/fvcomponentes.com\/pt\/wp-json\/wp\/v2\/product_tag?post=32571"}],"curies":[{"name":"wp","href":"https:\/\/api.w.org\/{rel}","templated":true}]}}