{"id":3254,"date":"2021-03-24T11:06:26","date_gmt":"2021-03-24T10:06:26","guid":{"rendered":"https:\/\/fvcomponentes.com\/producto\/cable-victron-ve-direct-cable-10m\/"},"modified":"2026-04-04T12:43:16","modified_gmt":"2026-04-04T10:43:16","slug":"cabo-direto-victron-ve-10m","status":"publish","type":"product","link":"https:\/\/fvcomponentes.com\/pt\/producto\/cable-victron-ve-direct-cable-10m\/","title":{"rendered":"Cabo Victron VE.Direct 10m - ASS030530310"},"content":{"rendered":"<h2>Cabo Victron VE.Direct 10m<\/h2>\n<p>Com este cabo pode ligar os seus produtos Victron uns aos outros atrav\u00e9s das portas VE.Direct e monitorizar todos os dados, por exemplo, dos seus produtos Victron. <a href=\"https:\/\/fvcomponentes.com\/pt\/categoria-produto\/controladores-de-carga\/reguladores-de-mppt\/\" target=\"_blank\" rel=\"noopener\">Controladores MPPT<\/a> .<\/p>\n<p><span lang=\"es\">O consumo de energia pode ser significativamente reduzido pela possibilidade de regular a intensidade da luz quando necess\u00e1rio.<br \/>\nUm consumo mais baixo reduzir\u00e1 o custo total e a disponibilidade de energia aumentar\u00e1 mesmo que a bateria esteja meio carregada devido \u00e0 pouca luz solar.<\/span><\/p>\n<p>Outros tamanhos de cabos:<br \/>\n<a href=\"https:\/\/fvcomponentes.com\/pt\/produto\/cabo-direto-victron-ve-03m\/\" target=\"_blank\" rel=\"noopener\">Cabo Victron VE.Direct 0,3m<\/a><br \/>\n<a href=\"https:\/\/fvcomponentes.com\/pt\/produto\/cabo-direto-victron-ve-09m\/\" target=\"_blank\" rel=\"noopener\">Cabo Victron VE.Direct 0,9m<\/a><br \/>\n<a href=\"https:\/\/fvcomponentes.com\/pt\/produto\/cabo-direto-victron-ve-3m\/\" target=\"_blank\" rel=\"noopener\">Cabo Victron VE.Direct 3m<\/a><br \/>\n<a href=\"https:\/\/fvcomponentes.com\/pt\/produto\/cabo-direto-victron-ve-5m\/\" target=\"_blank\" rel=\"noopener\">Cabo Victron VE.Direct 5m<\/a><\/p>\n<p>&nbsp;<\/p>","protected":false},"excerpt":{"rendered":"<p><strong>Cabo Victron VE.Direct 10m<\/strong><\/p>\n<p>Necess\u00e1rio para comunicar entre os diferentes dispositivos Victron.<\/p>","protected":false},"featured_media":3133,"comment_status":"open","ping_status":"closed","template":"","meta":{"site-sidebar-layout":"default","site-content-layout":"default","ast-site-content-layout":"default","site-content-style":"default","site-sidebar-style":"default","ast-global-header-display":"","ast-banner-title-visibility":"","ast-main-header-display":"","ast-hfb-above-header-display":"","ast-hfb-below-header-display":"","ast-hfb-mobile-header-display":"","site-post-title":"","ast-breadcrumbs-content":"","ast-featured-img":"","footer-sml-layout":"","ast-disable-related-posts":"","theme-transparent-header-meta":"default","adv-header-id-meta":"","stick-header-meta":"","header-above-stick-meta":"","header-main-stick-meta":"","header-below-stick-meta":"","astra-migrate-meta-layouts":"set","ast-page-background-enabled":"default","ast-page-background-meta":{"desktop":{"background-color":"var(--ast-global-color-4)","background-image":"","background-repeat":"repeat","background-position":"center center","background-size":"auto","background-attachment":"scroll","background-type":"","background-media":"","overlay-type":"","overlay-color":"","overlay-opacity":"","overlay-gradient":""},"tablet":{"background-color":"","background-image":"","background-repeat":"repeat","background-position":"center center","background-size":"auto","background-attachment":"scroll","background-type":"","background-media":"","overlay-type":"","overlay-color":"","overlay-opacity":"","overlay-gradient":""},"mobile":{"background-color":"","background-image":"","background-repeat":"repeat","background-position":"center center","background-size":"auto","background-attachment":"scroll","background-type":"","background-media":"","overlay-type":"","overlay-color":"","overlay-opacity":"","overlay-gradient":""}},"ast-content-background-meta":{"desktop":{"background-color":"var(--ast-global-color-5)","background-image":"","background-repeat":"repeat","background-position":"center center","background-size":"auto","background-attachment":"scroll","background-type":"","background-media":"","overlay-type":"","overlay-color":"","overlay-opacity":"","overlay-gradient":""},"tablet":{"background-color":"var(--ast-global-color-5)","background-image":"","background-repeat":"repeat","background-position":"center center","background-size":"auto","background-attachment":"scroll","background-type":"","background-media":"","overlay-type":"","overlay-color":"","overlay-opacity":"","overlay-gradient":""},"mobile":{"background-color":"var(--ast-global-color-5)","background-image":"","background-repeat":"repeat","background-position":"center center","background-size":"auto","background-attachment":"scroll","background-type":"","background-media":"","overlay-type":"","overlay-color":"","overlay-opacity":"","overlay-gradient":""}}},"pwb-brand":[332],"product_brand":[],"product_cat":[351,878,333,410],"product_tag":[],"class_list":{"0":"post-3254","1":"product","2":"type-product","3":"status-publish","4":"has-post-thumbnail","6":"pwb-brand-victron","7":"product_cat-accesorios","8":"product_cat-cables-victron","9":"product_cat-inversores","10":"product_cat-material-electrico","11":"desktop-align-left","12":"tablet-align-left","13":"mobile-align-left","14":"ast-product-gallery-layout-horizontal-slider","15":"ast-product-gallery-with-no-image","16":"ast-product-tabs-layout-horizontal","18":"first","19":"instock","20":"taxable","21":"shipping-taxable","22":"purchasable","23":"product-type-simple"},"wcpa_form_fields":null,"brands":[{"id":332,"name":"Victron Energia","slug":"victron"}],"_links":{"self":[{"href":"https:\/\/fvcomponentes.com\/pt\/wp-json\/wp\/v2\/product\/3254","targetHints":{"allow":["GET"]}}],"collection":[{"href":"https:\/\/fvcomponentes.com\/pt\/wp-json\/wp\/v2\/product"}],"about":[{"href":"https:\/\/fvcomponentes.com\/pt\/wp-json\/wp\/v2\/types\/product"}],"replies":[{"embeddable":true,"href":"https:\/\/fvcomponentes.com\/pt\/wp-json\/wp\/v2\/comments?post=3254"}],"wp:featuredmedia":[{"embeddable":true,"href":"https:\/\/fvcomponentes.com\/pt\/wp-json\/wp\/v2\/media\/3133"}],"wp:attachment":[{"href":"https:\/\/fvcomponentes.com\/pt\/wp-json\/wp\/v2\/media?parent=3254"}],"wp:term":[{"taxonomy":"pwb-brand","embeddable":true,"href":"https:\/\/fvcomponentes.com\/pt\/wp-json\/wp\/v2\/pwb-brand?post=3254"},{"taxonomy":"product_brand","embeddable":true,"href":"https:\/\/fvcomponentes.com\/pt\/wp-json\/wp\/v2\/product_brand?post=3254"},{"taxonomy":"product_cat","embeddable":true,"href":"https:\/\/fvcomponentes.com\/pt\/wp-json\/wp\/v2\/product_cat?post=3254"},{"taxonomy":"product_tag","embeddable":true,"href":"https:\/\/fvcomponentes.com\/pt\/wp-json\/wp\/v2\/product_tag?post=3254"}],"curies":[{"name":"wp","href":"https:\/\/api.w.org\/{rel}","templated":true}]}}