{"id":3251,"date":"2021-03-23T15:14:23","date_gmt":"2021-03-23T14:14:23","guid":{"rendered":"https:\/\/fvcomponentes.com\/producto\/victron-shunt-6000a-50mv\/"},"modified":"2026-04-04T12:48:36","modified_gmt":"2026-04-04T10:48:36","slug":"derivacao-victron-6000a-50mv","status":"publish","type":"product","link":"https:\/\/fvcomponentes.com\/pt\/producto\/victron-shunt-6000a-50mv\/","title":{"rendered":"Deriva\u00e7\u00e3o Victron 6000A\/50mV - SHU60202050200"},"content":{"rendered":"<h2>Deriva\u00e7\u00e3o Victron 6000A\/50mV<\/h2>\n<p>O Shunt 6000A\/50mV da Victron \u00e9 um componente necess\u00e1rio para medidores de corrente com um ecr\u00e3 anal\u00f3gico ou digital, uma vez que estas medi\u00e7\u00f5es s\u00e3o normalmente efectuadas a uma tens\u00e3o muito baixa. Quanto mais baixa for a tens\u00e3o de medi\u00e7\u00e3o nos comutadores, mais baixos ser\u00e3o os efeitos no restante circuito do sistema.<\/p>\n<p>Geralmente, a resist\u00eancia de um shunt \u00e9 conhecida com precis\u00e3o e \u00e9 utilizada para determinar a intensidade da corrente el\u00e9ctrica que flui atrav\u00e9s desta carga, medindo a diferen\u00e7a de tens\u00e3o atrav\u00e9s dela.<\/p>\n<p>A deriva\u00e7\u00e3o de <a href=\"https:\/\/www.victronenergy.com.es\/\" target=\"_blank\" rel=\"noopener\">Victron<\/a> \u00e9 integrado na linha com a corrente a ser medida. A pequena tens\u00e3o que surge desta resist\u00eancia \u00e9 avaliada com um medidor como o <a href=\"https:\/\/fvcomponentes.com\/pt\/produto\/monitor-de-bateria-victron-bmv-700\/\" target=\"_blank\" rel=\"noopener\">Monitor de bateria BMV-700<\/a> e apresenta valores como o fluxo de corrente atual.<\/p>\n<p>Para saber se necessita de uma deriva\u00e7\u00e3o para o seu dispositivo de visualiza\u00e7\u00e3o, consulte as instru\u00e7\u00f5es do respetivo dispositivo.<\/p>","protected":false},"excerpt":{"rendered":"<ul>\n<li><span class=\"a-list-item\">Tens\u00e3o de medi\u00e7\u00e3o: 50 mV<\/span><\/li>\n<\/ul>","protected":false},"featured_media":3244,"comment_status":"open","ping_status":"closed","template":"","meta":{"site-sidebar-layout":"default","site-content-layout":"default","ast-site-content-layout":"default","site-content-style":"default","site-sidebar-style":"default","ast-global-header-display":"","ast-banner-title-visibility":"","ast-main-header-display":"","ast-hfb-above-header-display":"","ast-hfb-below-header-display":"","ast-hfb-mobile-header-display":"","site-post-title":"","ast-breadcrumbs-content":"","ast-featured-img":"","footer-sml-layout":"","ast-disable-related-posts":"","theme-transparent-header-meta":"default","adv-header-id-meta":"","stick-header-meta":"","header-above-stick-meta":"","header-main-stick-meta":"","header-below-stick-meta":"","astra-migrate-meta-layouts":"set","ast-page-background-enabled":"default","ast-page-background-meta":{"desktop":{"background-color":"var(--ast-global-color-4)","background-image":"","background-repeat":"repeat","background-position":"center center","background-size":"auto","background-attachment":"scroll","background-type":"","background-media":"","overlay-type":"","overlay-color":"","overlay-opacity":"","overlay-gradient":""},"tablet":{"background-color":"","background-image":"","background-repeat":"repeat","background-position":"center center","background-size":"auto","background-attachment":"scroll","background-type":"","background-media":"","overlay-type":"","overlay-color":"","overlay-opacity":"","overlay-gradient":""},"mobile":{"background-color":"","background-image":"","background-repeat":"repeat","background-position":"center center","background-size":"auto","background-attachment":"scroll","background-type":"","background-media":"","overlay-type":"","overlay-color":"","overlay-opacity":"","overlay-gradient":""}},"ast-content-background-meta":{"desktop":{"background-color":"var(--ast-global-color-5)","background-image":"","background-repeat":"repeat","background-position":"center center","background-size":"auto","background-attachment":"scroll","background-type":"","background-media":"","overlay-type":"","overlay-color":"","overlay-opacity":"","overlay-gradient":""},"tablet":{"background-color":"var(--ast-global-color-5)","background-image":"","background-repeat":"repeat","background-position":"center center","background-size":"auto","background-attachment":"scroll","background-type":"","background-media":"","overlay-type":"","overlay-color":"","overlay-opacity":"","overlay-gradient":""},"mobile":{"background-color":"var(--ast-global-color-5)","background-image":"","background-repeat":"repeat","background-position":"center center","background-size":"auto","background-attachment":"scroll","background-type":"","background-media":"","overlay-type":"","overlay-color":"","overlay-opacity":"","overlay-gradient":""}}},"pwb-brand":[332],"product_brand":[],"product_cat":[391,340,933],"product_tag":[],"class_list":{"0":"post-3251","1":"product","2":"type-product","3":"status-publish","4":"has-post-thumbnail","6":"pwb-brand-victron","7":"product_cat-accesorios-para-baterias","8":"product_cat-baterias","9":"product_cat-monitores-de-baterias","10":"desktop-align-left","11":"tablet-align-left","12":"mobile-align-left","13":"ast-product-gallery-layout-horizontal-slider","14":"ast-product-tabs-layout-horizontal","16":"first","17":"instock","18":"taxable","19":"shipping-taxable","20":"purchasable","21":"product-type-simple"},"wcpa_form_fields":null,"brands":[{"id":332,"name":"Victron Energia","slug":"victron"}],"_links":{"self":[{"href":"https:\/\/fvcomponentes.com\/pt\/wp-json\/wp\/v2\/product\/3251","targetHints":{"allow":["GET"]}}],"collection":[{"href":"https:\/\/fvcomponentes.com\/pt\/wp-json\/wp\/v2\/product"}],"about":[{"href":"https:\/\/fvcomponentes.com\/pt\/wp-json\/wp\/v2\/types\/product"}],"replies":[{"embeddable":true,"href":"https:\/\/fvcomponentes.com\/pt\/wp-json\/wp\/v2\/comments?post=3251"}],"wp:featuredmedia":[{"embeddable":true,"href":"https:\/\/fvcomponentes.com\/pt\/wp-json\/wp\/v2\/media\/3244"}],"wp:attachment":[{"href":"https:\/\/fvcomponentes.com\/pt\/wp-json\/wp\/v2\/media?parent=3251"}],"wp:term":[{"taxonomy":"pwb-brand","embeddable":true,"href":"https:\/\/fvcomponentes.com\/pt\/wp-json\/wp\/v2\/pwb-brand?post=3251"},{"taxonomy":"product_brand","embeddable":true,"href":"https:\/\/fvcomponentes.com\/pt\/wp-json\/wp\/v2\/product_brand?post=3251"},{"taxonomy":"product_cat","embeddable":true,"href":"https:\/\/fvcomponentes.com\/pt\/wp-json\/wp\/v2\/product_cat?post=3251"},{"taxonomy":"product_tag","embeddable":true,"href":"https:\/\/fvcomponentes.com\/pt\/wp-json\/wp\/v2\/product_tag?post=3251"}],"curies":[{"name":"wp","href":"https:\/\/api.w.org\/{rel}","templated":true}]}}