{"id":32489,"date":"2025-11-04T10:11:20","date_gmt":"2025-11-04T09:11:20","guid":{"rendered":"https:\/\/fvcomponentes.com\/?post_type=product&#038;p=32489"},"modified":"2025-11-20T15:04:02","modified_gmt":"2025-11-20T14:04:02","slug":"bateria-de-litio-hv-byd-caixa-de-bateria-premium-hvs-7-7-kwh","status":"publish","type":"product","link":"https:\/\/fvcomponentes.com\/pt\/producto\/bateria-de-litio-hv-byd-battery-box-premium-hvs-7-7-kwh\/","title":{"rendered":"Bateria de l\u00edtio HV BYD Battery-Box Premium HVS+ 7,7 kWh"},"content":{"rendered":"<h2>Bateria de l\u00edtio HV BYD Battery-Box Premium HVS+ 7,7 kWh<\/h2>\n<p>A BYD, um fabricante l\u00edder de baterias e solu\u00e7\u00f5es de mobilidade el\u00e9ctrica, est\u00e1 mais uma vez a atualizar as suas baterias de alta tens\u00e3o. As novas baterias de l\u00edtio de alta tens\u00e3o BYD Battery Box Premium HVS+ s\u00e3o a evolu\u00e7\u00e3o direta da bem sucedida s\u00e9rie HVS.<\/p>\n<p>Estas novas baterias oferecem maior densidade energ\u00e9tica, melhor desempenho, compatibilidade alargada e integra\u00e7\u00e3o mais f\u00e1cil com os principais inversores do mercado.<\/p>\n<p>Gra\u00e7as ao seu design modular empilh\u00e1vel, esta bateria permite uma instala\u00e7\u00e3o r\u00e1pida, segura e escal\u00e1vel, adaptando-se a diferentes necessidades de consumo, tanto em casas como em pequenas empresas.<\/p>\n<h2>Porque \u00e9 que a BYD Battery-Box Premium HVS+ 7,7 kWh \u00e9 uma das melhores op\u00e7\u00f5es do mercado?<\/h2>\n<p>A bateria de l\u00edtio HV BYD Battery-Box Premium HVS+ 7,7 kWh \u00e9 composta por 1 unidade\u00a0<a href=\"https:\/\/fvcomponentes.com\/pt\/produto\/bcubase-para-bateria-de-litio-hv-byd-caixa-de-bateria-premium-hvs-hvm-16541149-00\/\" target=\"_blank\" rel=\"noopener\">BCU+Base para Bateria de L\u00edtio HV BYD Caixa de Bateria Premium HVS+ \/ HVM+ - 16541149-00<\/a> y 3 <a href=\"https:\/\/fvcomponentes.com\/pt\/produto\/modulo-de-bateria-de-litio-hv-byd-premium-hvs-2-56-18487497-00\/\" target=\"_blank\" rel=\"noopener\">2,56 kWh M\u00f3dulos HVS<\/a> cada, atingindo uma capacidade \u00fatil total de 7,68 kWh.<\/p>\n<p>Esta combina\u00e7\u00e3o forma uma torre de alta tens\u00e3o capaz de fornecer uma pot\u00eancia cont\u00ednua elevada e de gerir a energia com precis\u00e3o, gra\u00e7as ao BMS (Battery Management System) inteligente integrado.<\/p>\n<p>O BMS (Battery Management System) integrado na BCU gere a energia em tempo real, equilibrando as c\u00e9lulas, controlando a temperatura e protegendo o sistema contra qualquer incidente. Todo o sistema foi concebido para oferecer desempenho, fiabilidade e seguran\u00e7a m\u00e1xima durante mais de 6.000 ciclos de carga.<\/p>\n<h2>Principais fun\u00e7\u00f5es da BYD Battery-Box Premium HVS+ 7,7 kWh<\/h2>\n<h3>Conce\u00e7\u00e3o modular e escal\u00e1vel<\/h3>\n<p>O sistema BYD HVS+ permite o empilhamento de 2 a 5 m\u00f3dulos numa BCU+Base.<br \/>\nIsto facilita a expans\u00e3o futura do sistema at\u00e9 12,8 kWh \u00fateis sem substitui\u00e7\u00e3o de componentes, simplesmente adicionando novos m\u00f3dulos HVS+.<\/p>\n<h3>Armazenamento eficiente e est\u00e1vel<\/h3>\n<p>Cada m\u00f3dulo HVS+ utiliza a tecnologia de l\u00edtio-ferrofosfato (LFP), uma das mais seguras do mercado.<br \/>\nEsta qu\u00edmica oferece uma elevada estabilidade t\u00e9rmica, uma longa dura\u00e7\u00e3o (mais de 6.000 ciclos) e um desempenho consistente mesmo em ambientes exigentes.<\/p>\n<h3>Gest\u00e3o e controlo inteligentes<\/h3>\n<p>O sistema BMS monitoriza continuamente a tens\u00e3o, a corrente e a temperatura de cada c\u00e9lula, assegurando um funcionamento eficiente e est\u00e1vel. Tamb\u00e9m optimiza a utiliza\u00e7\u00e3o da energia armazenada para prolongar a vida \u00fatil do sistema.<\/p>\n<h3>M\u00e1xima seguran\u00e7a, prote\u00e7\u00e3o e fiabilidade<\/h3>\n<p>Est\u00e1 em conformidade com as normas internacionais IEC 62619, UN38.3 e CE, garantindo a seguran\u00e7a el\u00e9ctrica, mec\u00e2nica, t\u00e9rmica e de transporte.<br \/>\nA bateria incorpora protec\u00e7\u00f5es avan\u00e7adas contra sobrecarga, descarga excessiva, curto-circuitos e temperaturas extremas.<br \/>\nA sua caixa met\u00e1lica selada e o design sem ventoinha permitem um funcionamento silencioso e sem manuten\u00e7\u00e3o.<\/p>\n<h3>Comunica\u00e7\u00e3o avan\u00e7ada<\/h3>\n<p>Integra interfaces CAN e RS485, permitindo uma comunica\u00e7\u00e3o bidirecional e sem falhas com os principais inversores do mercado.<br \/>\nEsta comunica\u00e7\u00e3o bidirecional permite uma gest\u00e3o inteligente do fluxo de energia entre o painel fotovoltaico, a bateria e o consumo dom\u00e9stico.<\/p>\n<h3>Instala\u00e7\u00e3o r\u00e1pida e segura<\/h3>\n<p>O sistema plug &amp; play elimina a necessidade de cablagem interna.<br \/>\nOs m\u00f3dulos s\u00e3o empilhados verticalmente sobre a base, assegurando uma liga\u00e7\u00e3o mec\u00e2nica e el\u00e9ctrica autom\u00e1tica entre eles.<br \/>\nIsto reduz os tempos de montagem e minimiza o risco de erros de instala\u00e7\u00e3o.<\/p>\n<h3>Compatibilidade entre os sistemas de baterias BYD<\/h3>\n<p>A Battery-Box Premium HVS+ 7,7 kWh faz parte da nova gera\u00e7\u00e3o de baterias de alta tens\u00e3o da BYD e \u00e9 exclusivamente compat\u00edvel com a s\u00e9rie HVS+ e a nova gera\u00e7\u00e3o da unidade base BCU+.<\/p>\n<p>Battery-Box Premium HVS+: Empilh\u00e1vel de 2 a 5 m\u00f3dulos (5,1 - 12,8 kWh utiliz\u00e1veis).<\/p>\n<p>Os m\u00f3dulos HVS+ n\u00e3o s\u00e3o retrocompat\u00edveis (HVS), pelo que n\u00e3o podem ser combinados com m\u00f3dulos ou BCUs de vers\u00f5es anteriores. N\u00e3o podem ser misturados na mesma torre ou colocar novas torres em paralelo com torres de m\u00f3dulos de vers\u00f5es anteriores.<\/p>\n<h3>Compatibilidade com inversores<\/h3>\n<p>As baterias de l\u00edtio BYD Battery-Box Premium HVS+ s\u00e3o compat\u00edveis com uma vasta gama de inversores l\u00edderes de mercado, tais como Fronius, GoodWe, SMA, Kostal, Victron, Huawei ou Solis.<br \/>\nEsta compatibilidade garante uma f\u00e1cil integra\u00e7\u00e3o em sistemas de autoconsumo com armazenamento, instala\u00e7\u00f5es h\u00edbridas ou configura\u00e7\u00f5es de backup.<\/p>\n<p><a href=\"https:\/\/fvcomponentes.com\/wp-content\/uploads\/2025\/10\/Compatible-Inverter-List_HVBHVMHVS_MLL_V1.3.pdf\" target=\"_blank\" rel=\"noopener\"><strong>Lista actualizada de inversores compat\u00edveis com as baterias BYD Battery Box Premium HVS+ \/ HVM+ Vers\u00e3o V1.3, actualizada a 17\/10\/25<\/strong><\/a><\/p>\n<h3>Baterias HVS<\/h3>\n<p><img decoding=\"async\" src=\"https:\/\/fvcomponentes.com\/wp-content\/uploads\/2025\/10\/ByD-HVS-Caracteristicas.png\" alt=\"Carater\u00edsticas da B&amp;H HVS\" title=\"\"><\/p>\n<h2>Vantagens do novo design da BYD Battery-Box Premium HVS+ 7,7 kWh<\/h2>\n<h3>Mais pot\u00eancia e flexibilidade<\/h3>\n<p>O modelo HVS+ 7,7 kWh oferece maior pot\u00eancia e densidade energ\u00e9tica do que a s\u00e9rie anterior. \u00c9 ideal para sistemas fotovoltaicos residenciais que exigem autonomia nocturna ou backup de energia est\u00e1vel.<\/p>\n<h3>Integra\u00e7\u00e3o perfeita com inversores de \u00faltima gera\u00e7\u00e3o<\/h3>\n<p>Totalmente compat\u00edvel com Fronius GEN24 Plus, GoodWe ET Plus+, SMA Sunny Boy Storage, Kostal Plenticore Plus e Victron Multiplus II, entre outros.<\/p>\n<h3>Instala\u00e7\u00e3o modular e expans\u00edvel<\/h3>\n<p>Permite come\u00e7ar com dois m\u00f3dulos (7,7 kWh) e expandir at\u00e9 12,8 kWh, bastando empilhar novos m\u00f3dulos na mesma base, sem necessidade de alterar a unidade inicial.<\/p>\n<h3>Manuten\u00e7\u00e3o m\u00ednima<\/h3>\n<p>Sem ventoinhas ou pe\u00e7as m\u00f3veis. O arrefecimento passivo e a veda\u00e7\u00e3o IP55 garantem uma longa vida \u00fatil sem manuten\u00e7\u00e3o peri\u00f3dica.<\/p>\n<h3>Conce\u00e7\u00e3o robusta e segura<\/h3>\n<p>Estrutura met\u00e1lica refor\u00e7ada com isolamento total contra contactos acidentais.<br \/>\nAdequado para instala\u00e7\u00e3o no interior (garagens, salas t\u00e9cnicas, s\u00f3t\u00e3os, etc.).<\/p>\n<h2>Como dimensionar uma bateria?<\/h2>\n<p>O primeiro passo \u00e9 definir o objetivo para o qual pretende a bateria. Pretende poupar energia e armazen\u00e1-la durante o dia para a utilizar \u00e0 noite? Necessita de um sistema de reserva para emerg\u00eancias, como cortes de energia ou apag\u00f5es prolongados? Pretende ganhar autonomia e maior independ\u00eancia em rela\u00e7\u00e3o \u00e0s empresas de servi\u00e7os p\u00fablicos?<\/p>\n<p>Uma vez definido o objetivo, s\u00f3 tem de calcular o consumo durante as horas de utiliza\u00e7\u00e3o da bateria. Este c\u00e1lculo \u00e9 muito f\u00e1cil se estiver a expandir a sua instala\u00e7\u00e3o de pain\u00e9is, porque poder\u00e1 aceder aos seus dados reais atrav\u00e9s da aplica\u00e7\u00e3o do seu inversor, como o Fronius Solar.web. Se n\u00e3o tiver esses dados, pode sempre consultar o seu fornecedor. Regra geral, cerca de 40% do consumo di\u00e1rio \u00e9 efectuado quando n\u00e3o h\u00e1 sol.<\/p>\n<p>Deve tamb\u00e9m ter em conta a pot\u00eancia que a combina\u00e7\u00e3o de bateria e inversor pode fornecer, que deve ser capaz de cobrir o seu pico de consumo.<\/p>\n<p>Com estas informa\u00e7\u00f5es, pode agora escolher a bateria que melhor se adapta \u00e0s suas necessidades.<\/p>\n<h2>Exemplo de instala\u00e7\u00e3o de uma BYD Battery-Box Premium HVS+ 7,7 kWh<\/h2>\n<p>Uma instala\u00e7\u00e3o t\u00edpica inclui:<\/p>\n<p>1 \u00d7 BCU+Base - 16541149-00<br \/>\n3 \u00d7 m\u00f3dulos HVS+ (2,56 kWh cada)<\/p>\n<p>Esta configura\u00e7\u00e3o, com os seus 7,7 kWh \u00fateis, pode cobrir o consumo noturno de uma casa unifamiliar m\u00e9dia ou de um pequeno escrit\u00f3rio com um consumo di\u00e1rio de eletricidade de 6 a 8 kWh.<\/p>\n<h2>Instala\u00e7\u00e3o recomendada de uma bateria de l\u00edtio de alta tens\u00e3o<\/h2>\n<ul>\n<li><strong>Localiza\u00e7\u00e3o:<\/strong> secar no interior, sobre uma superf\u00edcie est\u00e1vel, ao abrigo da humidade ou do calor.<\/li>\n<li><strong>Montagem:<\/strong> a BCU+Base \u00e9 instalada primeiro; os m\u00f3dulos s\u00e3o empilhados sobre ela <span style=\"font-size: 16px;\">verticalmente com liga\u00e7\u00e3o plug &amp; play, <\/span><span style=\"font-size: 16px;\">sem cabos internos. S\u00e3o encaixados no lugar utilizando os conectores integrados.<\/span><\/li>\n<li><strong>Liga\u00e7\u00e3o:<\/strong> os cabos de alimenta\u00e7\u00e3o e de comunica\u00e7\u00e3o s\u00e3o ligados diretamente \u00e0 BCU <span style=\"font-size: 16px;\">atrav\u00e9s dos protocolos CAN \/ RS485 para o inversor<\/span><span style=\"font-size: 16px;\">, sem cablagem adicional entre m\u00f3dulos.<\/span><\/li>\n<li><strong style=\"font-size: 16px;\">Coloca\u00e7\u00e3o em funcionamento:<\/strong><span style=\"font-size: 16px;\"> Isto \u00e9 feito a partir da interface do inversor compat\u00edvel, que detecta automaticamente a bateria e configura o sistema de acordo com os par\u00e2metros do BMS (Battery Management System).<\/span><\/li>\n<li><strong style=\"font-size: 16px;\">Compatibilidade:<\/strong><span style=\"font-size: 16px;\">\u00a0Exclusivamente com a nova gera\u00e7\u00e3o de sistemas BYD Premium HVS+ e BCU+Base.<\/span><\/li>\n<\/ul>\n<h2>Qual \u00e9 a garantia das baterias de l\u00edtio BYD Battery Box Premium HVS+?<\/h2>\n<p>A BYD Battery-Box Premium HVS+ 7,7 kWh tem uma garantia oficial BYD de 10 anos, que cobre tanto a BCU como os m\u00f3dulos, desde que o sistema seja instalado de acordo com as especifica\u00e7\u00f5es do fabricante e com inversores aprovados.<\/p>\n<h2>Especifica\u00e7\u00f5es t\u00e9cnicas da Battery-Box Premium HV BYD HVS+ HVS+ 7,7 kWh Bateria de l\u00edtio<\/h2>\n<table>\n<thead>\n<tr>\n<th>Par\u00e2metro<\/th>\n<th>Valor<\/th>\n<\/tr>\n<\/thead>\n<tbody>\n<tr>\n<td><strong>Modelo<\/strong><\/td>\n<td>BYD Battery-Box Premium HVS+ 7.7<\/td>\n<\/tr>\n<tr>\n<td><strong>Configura\u00e7\u00e3o<\/strong><\/td>\n<td>1 \u00d7 BCU+Base + 3 \u00d7 M\u00f3dulos HVS+ 2,56<\/td>\n<\/tr>\n<tr>\n<td><strong>Capacidade \u00fatil (nominal)<\/strong><\/td>\n<td>7,68 kWh<\/td>\n<\/tr>\n<tr>\n<td><strong>Tipo de c\u00e9lula<\/strong><\/td>\n<td>L\u00edtio-ferro-fosfato (LFP)<\/td>\n<\/tr>\n<tr>\n<td><strong>Tens\u00e3o nominal do sistema<\/strong><\/td>\n<td>\u2248 307.2 V<\/td>\n<\/tr>\n<tr>\n<td><strong>Gama de tens\u00e3o total<\/strong><\/td>\n<td>240 - 345.6 V<\/td>\n<\/tr>\n<tr>\n<td><strong>Capacidade nominal<\/strong><\/td>\n<td>25 Ah<\/td>\n<\/tr>\n<tr>\n<td><strong>Efici\u00eancia energ\u00e9tica<\/strong><\/td>\n<td>&gt;95%<\/td>\n<\/tr>\n<tr>\n<td><strong>Ciclos de vida<\/strong><\/td>\n<td>&gt;6.000 ciclos (de acordo com DoD 80%)<\/td>\n<\/tr>\n<tr>\n<td><strong>Gama de temperaturas de funcionamento<\/strong><\/td>\n<td>-10 \u00b0C a +50 \u00b0C<\/td>\n<\/tr>\n<tr>\n<td><strong>Grau de prote\u00e7\u00e3o<\/strong><\/td>\n<td>IP55<\/td>\n<\/tr>\n<tr>\n<td><strong>Montagem<\/strong><\/td>\n<td>Vertical, empilh\u00e1vel<\/td>\n<\/tr>\n<tr>\n<td><strong>Peso total aproximado<\/strong><\/td>\n<td>129,6 kg<\/td>\n<\/tr>\n<tr>\n<td><strong>Certifica\u00e7\u00f5es<\/strong><\/td>\n<td>UN38.3, IEC 62619, CE<\/td>\n<\/tr>\n<tr>\n<td><strong>Garantia<\/strong><\/td>\n<td>10 anos BYD<\/td>\n<\/tr>\n<\/tbody>\n<\/table>\n<h2>Ficha t\u00e9cnica Bateria de l\u00edtio de alta tens\u00e3o BYD Battery-Box Premium HVS+ 7,7 kWh<\/h2>\n<p><a href=\"https:\/\/fvcomponentes.com\/wp-content\/uploads\/2025\/10\/Datasheet_HVS_EN_V1.0_250729.pdf\" target=\"_blank\" rel=\"noopener\">BYD Battery-Box Premium HVS+ HVS+ 7,7 kWh Bateria de l\u00edtio Ficha t\u00e9cnica<\/a><\/p>\n<h2>Manual de instala\u00e7\u00e3o Bateria de l\u00edtio AT BYD Battery-Box Premium HVS+ 7,7 kWh<\/h2>\n<p><a href=\"https:\/\/fvcomponentes.com\/wp-content\/uploads\/2025\/10\/BYD_Quick-Start-Guide_HVS_HVM_HVB_V1.3_EN.pdf\" target=\"_blank\" rel=\"noopener\">Manual de instala\u00e7\u00e3o da BYD Battery-Box Premium HVS+ HVS+ 7,7 kWh Bateria de l\u00edtio<\/a><\/p>","protected":false},"excerpt":{"rendered":"<p><span style=\"color: #ff0000;\"><strong>IMAGEM INDICATIVA<\/strong><\/span><\/p>\n<p><strong>PRE\u00c7O ESPECIAL B&amp;D para envios DIRECTOS.<\/strong><\/p>\n<p>Energia utiliz\u00e1vel: 7,68 kWh<br \/>\nN\u00famero de m\u00f3dulos: 3<br \/>\nTens\u00e3o nominal: 307,2 V<br \/>\nGama de tens\u00e3o de funcionamento: 240-345,6 V<br \/>\nCorrente m\u00e1xima de sa\u00edda: 25A<br \/>\nCorrente de sa\u00edda de pico: 55A durante 15 segundos<\/p>","protected":false},"featured_media":32493,"comment_status":"closed","ping_status":"closed","template":"","meta":{"site-sidebar-layout":"default","site-content-layout":"","ast-site-content-layout":"default","site-content-style":"default","site-sidebar-style":"default","ast-global-header-display":"","ast-banner-title-visibility":"","ast-main-header-display":"","ast-hfb-above-header-display":"","ast-hfb-below-header-display":"","ast-hfb-mobile-header-display":"","site-post-title":"","ast-breadcrumbs-content":"","ast-featured-img":"","footer-sml-layout":"","ast-disable-related-posts":"","theme-transparent-header-meta":"default","adv-header-id-meta":"","stick-header-meta":"","header-above-stick-meta":"","header-main-stick-meta":"","header-below-stick-meta":"","astra-migrate-meta-layouts":"set","ast-page-background-enabled":"default","ast-page-background-meta":{"desktop":{"background-color":"var(--ast-global-color-4)","background-image":"","background-repeat":"repeat","background-position":"center center","background-size":"auto","background-attachment":"scroll","background-type":"","background-media":"","overlay-type":"","overlay-color":"","overlay-opacity":"","overlay-gradient":""},"tablet":{"background-color":"","background-image":"","background-repeat":"repeat","background-position":"center center","background-size":"auto","background-attachment":"scroll","background-type":"","background-media":"","overlay-type":"","overlay-color":"","overlay-opacity":"","overlay-gradient":""},"mobile":{"background-color":"","background-image":"","background-repeat":"repeat","background-position":"center center","background-size":"auto","background-attachment":"scroll","background-type":"","background-media":"","overlay-type":"","overlay-color":"","overlay-opacity":"","overlay-gradient":""}},"ast-content-background-meta":{"desktop":{"background-color":"var(--ast-global-color-5)","background-image":"","background-repeat":"repeat","background-position":"center center","background-size":"auto","background-attachment":"scroll","background-type":"","background-media":"","overlay-type":"","overlay-color":"","overlay-opacity":"","overlay-gradient":""},"tablet":{"background-color":"var(--ast-global-color-5)","background-image":"","background-repeat":"repeat","background-position":"center center","background-size":"auto","background-attachment":"scroll","background-type":"","background-media":"","overlay-type":"","overlay-color":"","overlay-opacity":"","overlay-gradient":""},"mobile":{"background-color":"var(--ast-global-color-5)","background-image":"","background-repeat":"repeat","background-position":"center center","background-size":"auto","background-attachment":"scroll","background-type":"","background-media":"","overlay-type":"","overlay-color":"","overlay-opacity":"","overlay-gradient":""}}},"pwb-brand":[897],"product_brand":[],"product_cat":[340,379],"product_tag":[],"class_list":{"0":"post-32489","1":"product","2":"type-product","3":"status-publish","4":"has-post-thumbnail","6":"pwb-brand-byd","7":"product_cat-baterias","8":"product_cat-baterias-de-litio-de-alto-voltaje","9":"product_shipping_class-baterias","10":"desktop-align-left","11":"tablet-align-left","12":"mobile-align-left","13":"ast-product-gallery-layout-horizontal-slider","14":"ast-product-tabs-layout-horizontal","16":"first","17":"instock","18":"taxable","19":"shipping-taxable","20":"purchasable","21":"product-type-yith_bundle"},"wcpa_form_fields":null,"brands":[{"id":897,"name":"Baterias B&amp;D","slug":"byd"}],"_links":{"self":[{"href":"https:\/\/fvcomponentes.com\/pt\/wp-json\/wp\/v2\/product\/32489","targetHints":{"allow":["GET"]}}],"collection":[{"href":"https:\/\/fvcomponentes.com\/pt\/wp-json\/wp\/v2\/product"}],"about":[{"href":"https:\/\/fvcomponentes.com\/pt\/wp-json\/wp\/v2\/types\/product"}],"replies":[{"embeddable":true,"href":"https:\/\/fvcomponentes.com\/pt\/wp-json\/wp\/v2\/comments?post=32489"}],"wp:featuredmedia":[{"embeddable":true,"href":"https:\/\/fvcomponentes.com\/pt\/wp-json\/wp\/v2\/media\/32493"}],"wp:attachment":[{"href":"https:\/\/fvcomponentes.com\/pt\/wp-json\/wp\/v2\/media?parent=32489"}],"wp:term":[{"taxonomy":"pwb-brand","embeddable":true,"href":"https:\/\/fvcomponentes.com\/pt\/wp-json\/wp\/v2\/pwb-brand?post=32489"},{"taxonomy":"product_brand","embeddable":true,"href":"https:\/\/fvcomponentes.com\/pt\/wp-json\/wp\/v2\/product_brand?post=32489"},{"taxonomy":"product_cat","embeddable":true,"href":"https:\/\/fvcomponentes.com\/pt\/wp-json\/wp\/v2\/product_cat?post=32489"},{"taxonomy":"product_tag","embeddable":true,"href":"https:\/\/fvcomponentes.com\/pt\/wp-json\/wp\/v2\/product_tag?post=32489"}],"curies":[{"name":"wp","href":"https:\/\/api.w.org\/{rel}","templated":true}]}}