{"id":32350,"date":"2025-10-28T15:47:36","date_gmt":"2025-10-28T14:47:36","guid":{"rendered":"https:\/\/fvcomponentes.com\/?post_type=product&#038;p=32350"},"modified":"2025-12-29T10:29:23","modified_gmt":"2025-12-29T09:29:23","slug":"modulo-de-bateria-de-litio-hv-byd-premium-hvs-2-56-18487497-00","status":"publish","type":"product","link":"https:\/\/fvcomponentes.com\/pt\/producto\/modulo-bateria-de-litio-hv-byd-premium-hvs-2-56-18487497-00\/","title":{"rendered":"M\u00f3dulo de bateria de l\u00edtio HV BYD Premium HVS+ 2.56 - 18487497-00"},"content":{"rendered":"<h2>M\u00f3dulo de bateria de l\u00edtio HV BYD Premium HVS+ 2.56 - 18487497-00<\/h2>\n<p>A BYD, um fabricante l\u00edder de baterias e solu\u00e7\u00f5es de mobilidade el\u00e9ctrica, est\u00e1 mais uma vez a atualizar as suas baterias de alta tens\u00e3o. As novas baterias de l\u00edtio HV BYD Battery Box Premium HVS+ s\u00e3o a evolu\u00e7\u00e3o direta da bem sucedida s\u00e9rie HVS. Estas novas baterias oferecem maior capacidade, mais pot\u00eancia e compatibilidade alargada com os principais inversores do mercado.<\/p>\n<p>O m\u00f3dulo de baterias de l\u00edtio de alta tens\u00e3o BYD Premium HVS+ 2.56 - 18487497-00 faz parte da nova gera\u00e7\u00e3o de sistemas de armazenamento de energia de alta tens\u00e3o BYD Battery Box Premium HVS+, desenvolvidos para oferecer a m\u00e1xima efici\u00eancia, seguran\u00e7a e escalabilidade em instala\u00e7\u00f5es fotovoltaicas residenciais, comerciais ou industriais.<\/p>\n<p>Cada m\u00f3dulo HVS+ representa uma unidade \u00fatil de armazenamento de 2,56 kWh, que pode ser combinada com outros m\u00f3dulos da mesma s\u00e9rie para formar torres com capacidades de 5,12 kWh a 12,8 kWh, dependendo das necessidades do utilizador.<\/p>\n<p>Concebido para funcionar em conjunto com o <a href=\"https:\/\/fvcomponentes.com\/pt\/?post_type=product&amp;p=32133&amp;preview=true\" target=\"_blank\" rel=\"noopener\">BCU+Base para Bateria de L\u00edtio HV BYD Caixa de Bateria Premium HVS+ \/ HVM+ - 16541149-00<\/a>, Este m\u00f3dulo constitui o bloco de energia fundamental das novas baterias de alta tens\u00e3o da BYD.<\/p>\n<h2>Principais fun\u00e7\u00f5es do m\u00f3dulo de bateria de l\u00edtio HV BYD Premium HVS+ 2.56 HV BYD Premium HVS+ 2.56<\/h2>\n<h3>Conce\u00e7\u00e3o modular e escal\u00e1vel<\/h3>\n<p>O sistema HVS+ permite o empilhamento de 2 a 5 m\u00f3dulos numa unidade BCU+Base, sem necessidade de cablagem interna.<br \/>\nA liga\u00e7\u00e3o plug &amp; play facilita uma instala\u00e7\u00e3o r\u00e1pida, limpa e segura, reduzindo os tempos de montagem e poss\u00edveis erros de liga\u00e7\u00e3o.<\/p>\n<h3>Armazenamento eficiente<\/h3>\n<p>Cada m\u00f3dulo HVS+ oferece 2,56 kWh de capacidade \u00fatil e um desempenho excecional gra\u00e7as \u00e0 sua qu\u00edmica LFP (fosfato de ferro de l\u00edtio), conhecida pela sua elevada estabilidade t\u00e9rmica, longa dura\u00e7\u00e3o e seguran\u00e7a melhorada em compara\u00e7\u00e3o com outras tecnologias de l\u00edtio.<\/p>\n<h3>M\u00e1xima seguran\u00e7a e fiabilidade<\/h3>\n<p>Os m\u00f3dulos HVS+ cumprem as normas internacionais IEC 62619, UN38.3 e CE, garantindo um funcionamento seguro mesmo em condi\u00e7\u00f5es exigentes.<br \/>\nA sua constru\u00e7\u00e3o estanque e a caixa met\u00e1lica refor\u00e7ada oferecem prote\u00e7\u00e3o contra impactos e condi\u00e7\u00f5es ambientais adversas.<br \/>\nPara al\u00e9m disso, a sua tecnologia LFP torna o BYD Premium HVS+ mais seguro, mais est\u00e1vel e mais dur\u00e1vel.<\/p>\n<h3>Compatibilidade entre os sistemas de baterias BYD<\/h3>\n<p>O m\u00f3dulo BYD HVS+ 2.56 \u00e9 exclusivamente compat\u00edvel com a s\u00e9rie HVS+ e com a unidade de base BCU+ de nova gera\u00e7\u00e3o.<\/p>\n<p>Battery-Box Premium HVS+: Empilh\u00e1vel de 2 a 5 m\u00f3dulos (5,1 - 12,8 kWh utiliz\u00e1veis).<\/p>\n<p>Os novos m\u00f3dulos HVS+ n\u00e3o s\u00e3o compat\u00edveis com os antigos, pelo que n\u00e3o podem ser combinados com m\u00f3dulos ou BCUs de vers\u00f5es anteriores. N\u00e3o podem ser misturados na mesma torre ou colocar novas torres em paralelo com torres de m\u00f3dulos de vers\u00f5es anteriores.<\/p>\n<h3>Compatibilidade com inversores<\/h3>\n<p>As baterias BYD garantem consist\u00eancia t\u00e9cnica e compatibilidade total com os mais recentes inversores no mercado, tais como Fronius, GoodWe, SMA, Kostal, Victron, Huawei ou Solis.<\/p>\n<p><a href=\"https:\/\/fvcomponentes.com\/wp-content\/uploads\/2025\/10\/Compatible-Inverter-List_HVBHVMHVS_MLL_V1.3.pdf\" target=\"_blank\" rel=\"noopener\">Lista actualizada de inversores compat\u00edveis com as baterias BYD Battery Box Premium HVS+ \/ HVM+ Vers\u00e3o V1.3, actualizada a 17\/10\/25<\/a><\/p>\n<h3>Baterias HVS<\/h3>\n<p><img decoding=\"async\" src=\"https:\/\/fvcomponentes.com\/wp-content\/uploads\/2025\/10\/ByD-HVS-Caracteristicas.png\" alt=\"Carater\u00edsticas da B&amp;H HVS\" title=\"\"><\/p>\n<h2>Vantagens do novo m\u00f3dulo de bateria de l\u00edtio HV BYD Premium HVS+ 2.56<\/h2>\n<h3>Instala\u00e7\u00e3o simples<\/h3>\n<p>Gra\u00e7as ao sistema empilh\u00e1vel verticalmente sem cablagem interna, a expans\u00e3o da capacidade \u00e9 efectuada atrav\u00e9s da simples adi\u00e7\u00e3o de novos m\u00f3dulos no topo da torre existente. Isto permite que o sistema seja aumentado no futuro sem a necessidade de substituir os componentes de base.<\/p>\n<h3>Manuten\u00e7\u00e3o m\u00ednima<\/h3>\n<p>O design sem ventoinhas nem pe\u00e7as m\u00f3veis, juntamente com o arrefecimento passivo e a veda\u00e7\u00e3o IP, garante um funcionamento silencioso e sem manuten\u00e7\u00e3o, com uma vida \u00fatil de mais de 10 anos em condi\u00e7\u00f5es normais de utiliza\u00e7\u00e3o.<\/p>\n<h3>Integra\u00e7\u00e3o perfeita com inversores de \u00faltima gera\u00e7\u00e3o<\/h3>\n<p>Inclui perfis de comunica\u00e7\u00e3o actualizados para Fronius GEN24 Plus, GoodWe ET Plus+, SMA Sunny Boy Storage, Kostal Plenticore Plus, Victron Multiplus II e outros.<\/p>\n<h3>Instala\u00e7\u00e3o modular e expans\u00edvel<\/h3>\n<p>Permite-lhe come\u00e7ar com uma pequena configura\u00e7\u00e3o de dois m\u00f3dulos e expandi-la no futuro sem alterar a unidade de base, simplesmente adicionando mais m\u00f3dulos.<\/p>\n<h2>Exemplo de uma instala\u00e7\u00e3o BYD Battery Box Premium HVS+<\/h2>\n<p>Uma bateria t\u00edpica, a BYD Battery Box Premium HVS+ 5,12 kWh, inclui<\/p>\n<p>1 \u00d7 BCU+Base - 16541149-00<br \/>\n2 \u00d7 m\u00f3dulos HVS+ (2,56 kWh cada)<\/p>\n<p>Capacidade total: 5,12 kWh \u00fateis (expans\u00edvel at\u00e9 12,8 kWh com o empilhamento de at\u00e9 5 m\u00f3dulos)<\/p>\n<p>Com esta configura\u00e7\u00e3o, o consumo de uma casa unifamiliar pode ser alimentado com um consumo m\u00e9dio de at\u00e9 5kWh durante a noite. A dura\u00e7\u00e3o da bateria depende do consumo e do seu n\u00edvel de carga. Quanto maior for a percentagem de carga aquando da utiliza\u00e7\u00e3o da bateria e quanto menor for o consumo, maior ser\u00e1 a sua dura\u00e7\u00e3o.<\/p>\n<h2>Instala\u00e7\u00e3o recomendada de uma bateria de l\u00edtio de alta tens\u00e3o<\/h2>\n<p><strong>Localiza\u00e7\u00e3o<\/strong>No interior, seco, sobre uma superf\u00edcie est\u00e1vel, afastado de fontes de calor ou humidade.<br \/>\n<strong>Montagem<\/strong>Os m\u00f3dulos de bateria s\u00e3o empilhados verticalmente na BCU com liga\u00e7\u00e3o plug &amp; play e encaixados atrav\u00e9s dos conectores integrados.<br \/>\n<strong>Comunica\u00e7\u00e3o:<\/strong> Gerido pela BCU atrav\u00e9s de protocolos CAN \/ RS485 para o inversor, sem cablagem adicional entre m\u00f3dulos.<br \/>\n<strong>Coloca\u00e7\u00e3o em funcionamento:<\/strong> Isto \u00e9 feito a partir da interface do inversor compat\u00edvel, que detecta automaticamente a bateria e configura o sistema de acordo com os par\u00e2metros do BMS (Battery Management System).<br \/>\n<strong>Compatibilidade:<\/strong> Exclusivamente com a nova gera\u00e7\u00e3o de sistemas BYD Premium HVS+ e BCU+Base.<\/p>\n<h2>Qual \u00e9 a garantia das baterias de l\u00edtio HV BYD Battery Box Premium HVS+ \/ HVM+?<\/h2>\n<p>O m\u00f3dulo HVS+ 2.56 - 18487497-00 tem uma garantia oficial BYD de 10 anos, desde que seja instalado de acordo com as especifica\u00e7\u00f5es e em conjunto com a BCU+Base aprovada.<\/p>\n<h2>Especifica\u00e7\u00f5es t\u00e9cnicas do m\u00f3dulo de bateria de l\u00edtio HV BYD Premium HVS+ 2.56 - 18487497-00<\/h2>\n<table>\n<thead>\n<tr>\n<th><strong>Par\u00e2metro<\/strong><\/th>\n<th><strong>Valor<\/strong><\/th>\n<\/tr>\n<\/thead>\n<tbody>\n<tr>\n<td><strong>Modelo<\/strong><\/td>\n<td>M\u00f3dulo BYD Battery Box Premium HVS+ 2.56<\/td>\n<\/tr>\n<tr>\n<td><strong>Refer\u00eancia<\/strong><\/td>\n<td>18487497-00<\/td>\n<\/tr>\n<tr>\n<td><strong>Capacidade \u00fatil (nominal)<\/strong><\/td>\n<td>2,56 kWh<\/td>\n<\/tr>\n<tr>\n<td><strong>Tipo de c\u00e9lula<\/strong><\/td>\n<td>L\u00edtio-ferro-fosfato (LFP)<\/td>\n<\/tr>\n<tr>\n<td><strong>Tens\u00e3o nominal<\/strong><\/td>\n<td>\u2248 102,4 V<\/td>\n<\/tr>\n<tr>\n<td><strong>Gama de tens\u00f5es por m\u00f3dulo<\/strong><\/td>\n<td>88 - 120 V<\/td>\n<\/tr>\n<tr>\n<td><strong>Capacidade nominal<\/strong><\/td>\n<td>25 Ah<\/td>\n<\/tr>\n<tr>\n<td><strong>Configura\u00e7\u00e3o da c\u00e9lula<\/strong><\/td>\n<td>32 c\u00e9lulas em s\u00e9rie<\/td>\n<\/tr>\n<tr>\n<td><strong>Efici\u00eancia energ\u00e9tica<\/strong><\/td>\n<td>96%<\/td>\n<\/tr>\n<tr>\n<td><strong>Gama de temperaturas de funcionamento<\/strong><\/td>\n<td>-10 \u00b0C a +50 \u00b0C<\/td>\n<\/tr>\n<tr>\n<td><strong>Grau de prote\u00e7\u00e3o<\/strong><\/td>\n<td>IP55<\/td>\n<\/tr>\n<tr>\n<td><strong>Peso<\/strong><\/td>\n<td>\u2248 38,3 kg<\/td>\n<\/tr>\n<tr>\n<td><strong>Montagem<\/strong><\/td>\n<td>Empilh\u00e1vel em BCU+Base (vertical)<\/td>\n<\/tr>\n<tr>\n<td><strong>Liga\u00e7\u00e3o<\/strong><\/td>\n<td>Plug &amp; play sem cablagem interna<\/td>\n<\/tr>\n<tr>\n<td><strong>Certifica\u00e7\u00f5es<\/strong><\/td>\n<td>UN38.3, IEC 62619, CE<\/td>\n<\/tr>\n<tr>\n<td><strong>Garantia<\/strong><\/td>\n<td>10 anos (juntamente com o sistema BYD completo)<\/td>\n<\/tr>\n<\/tbody>\n<\/table>\n<h2>Ficha t\u00e9cnica M\u00f3dulo de bateria de l\u00edtio HV BYD Premium HVS+ 2.56 - 18487497-00<\/h2>\n<p><a href=\"https:\/\/fvcomponentes.com\/wp-content\/uploads\/2025\/10\/Datasheet_HVS_EN_V1.0_250729.pdf\" target=\"_blank\" rel=\"noopener\">Ficha t\u00e9cnica M\u00f3dulo de bateria de l\u00edtio HV BYD Premium HVS+ 2.56 - 18487497-00<\/a><\/p>\n<h2>Manual de instala\u00e7\u00e3o M\u00f3dulo de bateria de l\u00edtio HV BYD Premium HVS+ 2.56 - 18487497-00<\/h2>\n<p><a href=\"https:\/\/fvcomponentes.com\/wp-content\/uploads\/2025\/10\/BYD_Quick-Start-Guide_HVS_HVM_HVB_V1.3_EN.pdf\" target=\"_blank\" rel=\"noopener\">Manual de instala\u00e7\u00e3o do m\u00f3dulo de bateria de l\u00edtio BYD HVD Premium HVS+ 2.56 - 18487497-00<\/a><\/p>","protected":false},"excerpt":{"rendered":"<p><span style=\"color: #ff0000\">Este produto necessita de um m\u00f3dulo de controlo (BCU) para funcionar.<br \/>\n<a href=\"https:\/\/fvcomponentes.com\/pt\/?post_type=product&amp;p=32133&amp;preview=true\" target=\"_blank\" rel=\"noopener\">BCU+Base para Bateria de L\u00edtio HV BYD Caixa de Bateria Premium HVS+ \/ HVM+ - 16541149-00<\/a><br \/>\n<\/span><\/p>\n<p><strong><span style=\"color: #ff9900\">O m\u00f3dulo BYD HVS+ 2.56 \u00e9 compat\u00edvel exclusivamente com o sistema Battery Box Premium HVS+.<\/span><\/strong><br \/>\n<strong><span style=\"color: #ff9900\">N\u00e3o \u00e9 compat\u00edvel com sistemas HVM+ nem com vers\u00f5es anteriores (HVS).<\/span><\/strong><br \/>\n<strong><span style=\"color: #ff9900\">N\u00e3o \u00e9 poss\u00edvel misturar m\u00f3dulos de s\u00e9ries diferentes dentro da mesma torre ou em paralelo.<\/span><\/strong><\/p>\n<p>Tipo de bateria: DC de alta tens\u00e3o<br \/>\nEnergia nominal total (KWH): 2,56kW<br \/>\nPot\u00eancia m\u00e1xima de carga e descarga (KW) 25A<br \/>\nPot\u00eancia m\u00e1xima de pico de carga e descarga (KW) 50A 5s<br \/>\nEfici\u00eancia: 96.0%<br \/>\nProte\u00e7\u00e3o IP: IP55<br \/>\nComunica\u00e7\u00e3o: CAN (Inv), RS485 (Inv)<br \/>\nInversores compat\u00edveis: Fronius, Goodwe, Kostal, SMA<br \/>\nGarantia do produto: 10 anos<br \/>\nUm SoC \u00fatil de 60,0 % \u00e9 garantido ap\u00f3s 10 anos.<\/p>","protected":false},"featured_media":32417,"comment_status":"closed","ping_status":"closed","template":"","meta":{"site-sidebar-layout":"default","site-content-layout":"","ast-site-content-layout":"default","site-content-style":"default","site-sidebar-style":"default","ast-global-header-display":"","ast-banner-title-visibility":"","ast-main-header-display":"","ast-hfb-above-header-display":"","ast-hfb-below-header-display":"","ast-hfb-mobile-header-display":"","site-post-title":"","ast-breadcrumbs-content":"","ast-featured-img":"","footer-sml-layout":"","ast-disable-related-posts":"","theme-transparent-header-meta":"default","adv-header-id-meta":"","stick-header-meta":"","header-above-stick-meta":"","header-main-stick-meta":"","header-below-stick-meta":"","astra-migrate-meta-layouts":"set","ast-page-background-enabled":"default","ast-page-background-meta":{"desktop":{"background-color":"var(--ast-global-color-4)","background-image":"","background-repeat":"repeat","background-position":"center center","background-size":"auto","background-attachment":"scroll","background-type":"","background-media":"","overlay-type":"","overlay-color":"","overlay-opacity":"","overlay-gradient":""},"tablet":{"background-color":"","background-image":"","background-repeat":"repeat","background-position":"center center","background-size":"auto","background-attachment":"scroll","background-type":"","background-media":"","overlay-type":"","overlay-color":"","overlay-opacity":"","overlay-gradient":""},"mobile":{"background-color":"","background-image":"","background-repeat":"repeat","background-position":"center center","background-size":"auto","background-attachment":"scroll","background-type":"","background-media":"","overlay-type":"","overlay-color":"","overlay-opacity":"","overlay-gradient":""}},"ast-content-background-meta":{"desktop":{"background-color":"var(--ast-global-color-5)","background-image":"","background-repeat":"repeat","background-position":"center center","background-size":"auto","background-attachment":"scroll","background-type":"","background-media":"","overlay-type":"","overlay-color":"","overlay-opacity":"","overlay-gradient":""},"tablet":{"background-color":"var(--ast-global-color-5)","background-image":"","background-repeat":"repeat","background-position":"center center","background-size":"auto","background-attachment":"scroll","background-type":"","background-media":"","overlay-type":"","overlay-color":"","overlay-opacity":"","overlay-gradient":""},"mobile":{"background-color":"var(--ast-global-color-5)","background-image":"","background-repeat":"repeat","background-position":"center center","background-size":"auto","background-attachment":"scroll","background-type":"","background-media":"","overlay-type":"","overlay-color":"","overlay-opacity":"","overlay-gradient":""}}},"pwb-brand":[897],"product_brand":[],"product_cat":[340,379],"product_tag":[],"class_list":{"0":"post-32350","1":"product","2":"type-product","3":"status-publish","4":"has-post-thumbnail","6":"pwb-brand-byd","7":"product_cat-baterias","8":"product_cat-baterias-de-litio-de-alto-voltaje","9":"product_shipping_class-baterias","10":"desktop-align-left","11":"tablet-align-left","12":"mobile-align-left","13":"ast-product-gallery-layout-horizontal-slider","14":"ast-product-tabs-layout-horizontal","16":"first","17":"instock","18":"taxable","19":"shipping-taxable","20":"purchasable","21":"product-type-simple"},"wcpa_form_fields":null,"brands":[{"id":897,"name":"Baterias B&amp;D","slug":"byd"}],"_links":{"self":[{"href":"https:\/\/fvcomponentes.com\/pt\/wp-json\/wp\/v2\/product\/32350","targetHints":{"allow":["GET"]}}],"collection":[{"href":"https:\/\/fvcomponentes.com\/pt\/wp-json\/wp\/v2\/product"}],"about":[{"href":"https:\/\/fvcomponentes.com\/pt\/wp-json\/wp\/v2\/types\/product"}],"replies":[{"embeddable":true,"href":"https:\/\/fvcomponentes.com\/pt\/wp-json\/wp\/v2\/comments?post=32350"}],"wp:featuredmedia":[{"embeddable":true,"href":"https:\/\/fvcomponentes.com\/pt\/wp-json\/wp\/v2\/media\/32417"}],"wp:attachment":[{"href":"https:\/\/fvcomponentes.com\/pt\/wp-json\/wp\/v2\/media?parent=32350"}],"wp:term":[{"taxonomy":"pwb-brand","embeddable":true,"href":"https:\/\/fvcomponentes.com\/pt\/wp-json\/wp\/v2\/pwb-brand?post=32350"},{"taxonomy":"product_brand","embeddable":true,"href":"https:\/\/fvcomponentes.com\/pt\/wp-json\/wp\/v2\/product_brand?post=32350"},{"taxonomy":"product_cat","embeddable":true,"href":"https:\/\/fvcomponentes.com\/pt\/wp-json\/wp\/v2\/product_cat?post=32350"},{"taxonomy":"product_tag","embeddable":true,"href":"https:\/\/fvcomponentes.com\/pt\/wp-json\/wp\/v2\/product_tag?post=32350"}],"curies":[{"name":"wp","href":"https:\/\/api.w.org\/{rel}","templated":true}]}}