{"id":3233,"date":"2021-03-23T08:18:56","date_gmt":"2021-03-23T07:18:56","guid":{"rendered":"https:\/\/fvcomponentes.com\/producto\/battery-balancer-victron-equilibrador-baterias\/"},"modified":"2026-04-04T12:45:02","modified_gmt":"2026-04-04T10:45:02","slug":"equilibrador-de-bateria-victron-equilibrador-de-bateria","status":"publish","type":"product","link":"https:\/\/fvcomponentes.com\/pt\/producto\/battery-balancer-victron-equilibrador-baterias\/","title":{"rendered":"Equilibrador de baterias Victron (Equilibrador de baterias) - BBA000100100100"},"content":{"rendered":"<h2 style=\"text-align: left\">Equilibrador de baterias Victron (Equilibrador de baterias)<\/h2>\n<h3 style=\"text-align: left\">O problema: a vida \u00fatil de um banco de baterias pode ser consideravelmente reduzida devido a um estado de carga desequilibrado.<\/h3>\n<p style=\"text-align: left\">Uma corrente de fuga interna ligeiramente superior numa das baterias de um banco de v\u00e1rias baterias de 24 ou 48V ligadas em s\u00e9rie\/paralelo resultaria numa falta de carga dessa bateria e das baterias ligadas em paralelo, e numa sobrecarga das baterias ligadas em s\u00e9rie. Al\u00e9m disso, quando novas c\u00e9lulas ou baterias s\u00e3o ligadas em s\u00e9rie, todas elas devem ter o mesmo estado inicial de carga.<br \/>\nPequenas diferen\u00e7as ser\u00e3o neutralizadas durante a carga de absor\u00e7\u00e3o ou de igualiza\u00e7\u00e3o, mas diferen\u00e7as maiores resultar\u00e3o em danos devido \u00e0 gaseifica\u00e7\u00e3o excessiva (sobrecarga) das baterias com uma carga inicial mais elevada e \u00e0 sulfata\u00e7\u00e3o (subcarga) das baterias com uma carga inicial mais baixa.<\/p>\n<h3 style=\"text-align: left\">A solu\u00e7\u00e3o: equilibrar a bateria<\/h3>\n<p style=\"text-align: left\">O equilibrador de baterias Victron (Battery Balancer)<strong> equilibra o estado de carga de duas baterias de 12V ligadas em s\u00e9rie<\/strong>ou v\u00e1rias cadeias paralelas de baterias ligadas em s\u00e9rie.<br \/>\nNo caso de a tens\u00e3o de carga de um sistema de baterias de 24V subir acima de 27,3V, o Balanceador de Baterias ser\u00e1 ativado e comparar\u00e1 a tens\u00e3o que atinge as duas baterias ligadas em s\u00e9rie. O Equilibrador de Baterias retirar\u00e1 uma corrente at\u00e9 0,7A da bateria (ou baterias ligadas em paralelo) com a tens\u00e3o mais elevada. O diferencial de corrente de carga resultante assegurar\u00e1 que todas as baterias convergem para o mesmo estado de carga.<br \/>\nSe necess\u00e1rio, podem ser colocados v\u00e1rios equilibradores em paralelo.<br \/>\n<strong>Um banco de baterias de 48 V pode ser equilibrado com tr\u00eas equilibradores de baterias de 48 V da <a href=\"https:\/\/www.victronenergy.com.es\/\" target=\"_blank\" rel=\"noopener\">Victron<\/a>.<\/strong><\/p>\n<h3 style=\"text-align: left\">Indicadores LED do equilibrador de baterias Victron<\/h3>\n<p style=\"text-align: left\">Verde: ativo (tens\u00e3o da bateria &gt; 27,3V)<br \/>\nLaranja: circuito de bateria ativo mais baixo (desvio &gt; 0,1V)<br \/>\nLaranja: circuito da bateria mais elevada ativo (desvio &gt; 0,1V)<br \/>\nVermelho: alarme (desvio &gt; 0,2V). Permanece ativo at\u00e9 que o desvio seja reduzido para menos de 0,14V ou at\u00e9 que a tens\u00e3o do sistema des\u00e7a para menos de 26,6V.<\/p>\n<h3 style=\"text-align: left\">Rel\u00e9 de alarme<\/h3>\n<p style=\"text-align: left\">Normalmente aberto. Fecha-se quando o LED vermelho se acende e abre-se quando o LED vermelho se apaga.<\/p>\n<h3 style=\"text-align: left\">Repor o alarme<\/h3>\n<p style=\"text-align: left\">Est\u00e3o dispon\u00edveis dois terminais para a liga\u00e7\u00e3o de um bot\u00e3o de press\u00e3o. A interconex\u00e3o dos dois terminais reinicia o rel\u00e9.<br \/>\nEsta condi\u00e7\u00e3o de reposi\u00e7\u00e3o permanece ativa at\u00e9 o alarme terminar. O rel\u00e9 voltar\u00e1 a fechar-se quando ocorrer um novo alarme.<\/p>\n<h3 style=\"text-align: left\">Mais informa\u00e7\u00e3o privilegiada e controlo com a fun\u00e7\u00e3o de monitoriza\u00e7\u00e3o do ponto m\u00e9dio do <a href=\"https:\/\/fvcomponentes.com\/pt\/produto\/monitor-de-bateria-victron-bmv-702\/\" target=\"_blank\" rel=\"noopener\">monitor de bateria BMV-702.<\/a><\/h3>\n<p style=\"text-align: left\">O BMV-702 mede o ponto m\u00e9dio de uma cadeia de c\u00e9lulas ou baterias. Apresenta o desvio do ponto m\u00e9dio ideal em volts ou percentagem. Podem ser definidos desvios percentuais separados para acionar um alarme visual\/aud\u00edvel e para fechar um contacto de rel\u00e9 desenergizado para ativar um alarme remoto.<\/p>\n<p style=\"text-align: left\">No caso de a tens\u00e3o de carga de um sistema de baterias de 24 V subir acima dos 27 V, o Equilibrador de Baterias Victron ser\u00e1 ativado e comparar\u00e1 a tens\u00e3o que atinge as duas baterias ligadas em s\u00e9rie. O Equilibrador de Baterias extrair\u00e1 uma corrente de at\u00e9 1A da bateria (ou baterias ligadas em paralelo) com a tens\u00e3o mais elevada. O diferencial de corrente de carga resultante ir\u00e1 assegurar que todas as baterias convergem para o mesmo estado de carga.<\/p>\n<h2>Ficha t\u00e9cnica Balanceador de baterias Victron (Balanceador de baterias) - BBA000100100100<\/h2>\n<p><a href=\"https:\/\/fvcomponentes.com\/wp-content\/uploads\/2025\/09\/Manual-Battery-Balancer-ES-1.pdf\" target=\"_blank\" rel=\"noopener\">Ver ficha de dados do equilibrador de baterias Victron (Battery Balancer) - BBA000100100100<\/a><\/p>","protected":false},"excerpt":{"rendered":"<ul>\n<li>Equilibra o estado de carga de duas baterias de 12 V ligadas em s\u00e9rie, ou de v\u00e1rias cadeias de baterias paralelas ligadas em s\u00e9rie.<\/li>\n<li>Se necess\u00e1rio, podem ser colocados v\u00e1rios equilibradores em paralelo.<\/li>\n<li>Um banco de baterias de 48 V pode ser equilibrado com tr\u00eas equilibradores de baterias.<\/li>\n<\/ul>","protected":false},"featured_media":3234,"comment_status":"open","ping_status":"closed","template":"","meta":{"site-sidebar-layout":"default","site-content-layout":"default","ast-site-content-layout":"default","site-content-style":"default","site-sidebar-style":"default","ast-global-header-display":"","ast-banner-title-visibility":"","ast-main-header-display":"","ast-hfb-above-header-display":"","ast-hfb-below-header-display":"","ast-hfb-mobile-header-display":"","site-post-title":"","ast-breadcrumbs-content":"","ast-featured-img":"","footer-sml-layout":"","ast-disable-related-posts":"","theme-transparent-header-meta":"default","adv-header-id-meta":"","stick-header-meta":"","header-above-stick-meta":"","header-main-stick-meta":"","header-below-stick-meta":"","astra-migrate-meta-layouts":"set","ast-page-background-enabled":"default","ast-page-background-meta":{"desktop":{"background-color":"var(--ast-global-color-4)","background-image":"","background-repeat":"repeat","background-position":"center center","background-size":"auto","background-attachment":"scroll","background-type":"","background-media":"","overlay-type":"","overlay-color":"","overlay-opacity":"","overlay-gradient":""},"tablet":{"background-color":"","background-image":"","background-repeat":"repeat","background-position":"center center","background-size":"auto","background-attachment":"scroll","background-type":"","background-media":"","overlay-type":"","overlay-color":"","overlay-opacity":"","overlay-gradient":""},"mobile":{"background-color":"","background-image":"","background-repeat":"repeat","background-position":"center center","background-size":"auto","background-attachment":"scroll","background-type":"","background-media":"","overlay-type":"","overlay-color":"","overlay-opacity":"","overlay-gradient":""}},"ast-content-background-meta":{"desktop":{"background-color":"var(--ast-global-color-5)","background-image":"","background-repeat":"repeat","background-position":"center center","background-size":"auto","background-attachment":"scroll","background-type":"","background-media":"","overlay-type":"","overlay-color":"","overlay-opacity":"","overlay-gradient":""},"tablet":{"background-color":"var(--ast-global-color-5)","background-image":"","background-repeat":"repeat","background-position":"center center","background-size":"auto","background-attachment":"scroll","background-type":"","background-media":"","overlay-type":"","overlay-color":"","overlay-opacity":"","overlay-gradient":""},"mobile":{"background-color":"var(--ast-global-color-5)","background-image":"","background-repeat":"repeat","background-position":"center center","background-size":"auto","background-attachment":"scroll","background-type":"","background-media":"","overlay-type":"","overlay-color":"","overlay-opacity":"","overlay-gradient":""}}},"pwb-brand":[332],"product_brand":[],"product_cat":[391,340,932,931,933,929,930],"product_tag":[],"class_list":{"0":"post-3233","1":"product","2":"type-product","3":"status-publish","4":"has-post-thumbnail","6":"pwb-brand-victron","7":"product_cat-accesorios-para-baterias","8":"product_cat-baterias","9":"product_cat-combinadores-de-baterias","10":"product_cat-diodos-separador-de-baterias","11":"product_cat-monitores-de-baterias","12":"product_cat-protectores-de-bateria","13":"product_cat-reles-separador-de-baterias","14":"desktop-align-left","15":"tablet-align-left","16":"mobile-align-left","17":"ast-product-gallery-layout-horizontal-slider","18":"ast-product-tabs-layout-horizontal","20":"first","21":"instock","22":"taxable","23":"shipping-taxable","24":"purchasable","25":"product-type-simple"},"wcpa_form_fields":null,"brands":[{"id":332,"name":"Victron Energia","slug":"victron"}],"_links":{"self":[{"href":"https:\/\/fvcomponentes.com\/pt\/wp-json\/wp\/v2\/product\/3233","targetHints":{"allow":["GET"]}}],"collection":[{"href":"https:\/\/fvcomponentes.com\/pt\/wp-json\/wp\/v2\/product"}],"about":[{"href":"https:\/\/fvcomponentes.com\/pt\/wp-json\/wp\/v2\/types\/product"}],"replies":[{"embeddable":true,"href":"https:\/\/fvcomponentes.com\/pt\/wp-json\/wp\/v2\/comments?post=3233"}],"wp:featuredmedia":[{"embeddable":true,"href":"https:\/\/fvcomponentes.com\/pt\/wp-json\/wp\/v2\/media\/3234"}],"wp:attachment":[{"href":"https:\/\/fvcomponentes.com\/pt\/wp-json\/wp\/v2\/media?parent=3233"}],"wp:term":[{"taxonomy":"pwb-brand","embeddable":true,"href":"https:\/\/fvcomponentes.com\/pt\/wp-json\/wp\/v2\/pwb-brand?post=3233"},{"taxonomy":"product_brand","embeddable":true,"href":"https:\/\/fvcomponentes.com\/pt\/wp-json\/wp\/v2\/product_brand?post=3233"},{"taxonomy":"product_cat","embeddable":true,"href":"https:\/\/fvcomponentes.com\/pt\/wp-json\/wp\/v2\/product_cat?post=3233"},{"taxonomy":"product_tag","embeddable":true,"href":"https:\/\/fvcomponentes.com\/pt\/wp-json\/wp\/v2\/product_tag?post=3233"}],"curies":[{"name":"wp","href":"https:\/\/api.w.org\/{rel}","templated":true}]}}