{"id":3231,"date":"2021-03-23T07:56:54","date_gmt":"2021-03-23T06:56:54","guid":{"rendered":"https:\/\/fvcomponentes.com\/producto\/monitor-de-bateria-bmv-712-smart-victron\/"},"modified":"2026-04-04T12:47:37","modified_gmt":"2026-04-04T10:47:37","slug":"bmv-712-monitor-inteligente-de-bateria-victron","status":"publish","type":"product","link":"https:\/\/fvcomponentes.com\/pt\/producto\/monitor-de-bateria-bmv-712-smart-victron\/","title":{"rendered":"Monitor de bateria BMV-712 Smart Victron - BAM030712000"},"content":{"rendered":"<h2>Monitor de bateria inteligente Victron BMV-712<\/h2>\n<h2>Bluetooth integrado<\/h2>\n<p>Com conetividade Bluetooth integrada, o BMV-712 Smart Battery Monitor est\u00e1 pronto para a era da Internet das Coisas. Gra\u00e7as ao facto de a maioria dos outros produtos da <a href=\"https:\/\/www.victronenergy.com.es\/\" target=\"_blank\" rel=\"noopener\">Victron Energia<\/a> t\u00eam Bluetooth integrado, a comunica\u00e7\u00e3o sem fios entre eles simplifica a instala\u00e7\u00e3o de sistemas e melhora o seu desempenho.<\/p>\n<h2>Descarregar a aplica\u00e7\u00e3o Bluetooth Victron<\/h2>\n<p>Utilize o seu smartphone ou outro dispositivo com Bluetooth para:<br \/>\n- personalizar as defini\u00e7\u00f5es,<br \/>\n- para consultar todos os dados importantes num \u00fanico ecr\u00e3,<br \/>\n- ver dados hist\u00f3ricos<br \/>\n- atualizar o software \u00e0 medida que s\u00e3o acrescentadas novas fun\u00e7\u00f5es.<\/p>\n<h2>F\u00e1cil de instalar:<\/h2>\n<p>Todas as liga\u00e7\u00f5es el\u00e9ctricas s\u00e3o feitas \u00e0 PCB de liga\u00e7\u00e3o r\u00e1pida da deriva\u00e7\u00e3o de pot\u00eancia. A deriva\u00e7\u00e3o \u00e9 ligada ao monitor atrav\u00e9s de um cabo telef\u00f3nico RJ12 padr\u00e3o.<br \/>\nInclu\u00eddo: cabo RJ 12 (10 m) e cabo da bateria com fus\u00edvel (2 m); n\u00e3o \u00e9 necess\u00e1rio mais.<br \/>\nInclui tamb\u00e9m uma placa de acabamento do ecr\u00e3 frontal, quadrada ou redonda, um anel de fixa\u00e7\u00e3o traseiro e parafusos para montagem frontal.<\/p>\n<h2>Controlo da tens\u00e3o no ponto m\u00e9dio<\/h2>\n<p>Esta fun\u00e7\u00e3o \u00e9 geralmente utilizada para monitorizar grandes bancos de baterias a um custo elevado. Com o Monitor de Bateria Inteligente Victron BMV-712 podemos monitorizar este par\u00e2metro por um custo muito mais baixo. Um banco de baterias consiste numa s\u00e9rie de c\u00e9lulas ligadas em s\u00e9rie. O <strong>tens\u00e3o do ponto m\u00e9dio<\/strong> \u00e9 a tens\u00e3o obtida no meio desta cadeia. Idealmente, a tens\u00e3o do ponto m\u00e9dio seria exatamente metade da tens\u00e3o total. No entanto, na pr\u00e1tica, verificam-se desvios em fun\u00e7\u00e3o de muitos factores, como o diferente estado de carga das pilhas ou baterias novas, as suas diferentes temperaturas, as correntes de fuga internas, as capacidades e muito mais.<br \/>\nDesvios significativos ou crescentes da tens\u00e3o de ponto m\u00e9dio indicam manuten\u00e7\u00e3o incorrecta ou falha de uma bateria ou c\u00e9lula. As medidas correctivas tomadas ap\u00f3s um alarme de tens\u00e3o de ponto m\u00e9dio podem evitar poss\u00edveis danos numa bateria.<\/p>\n<h2>Consumo de corrente reduzido da bateria<\/h2>\n<p>Consumo de energia: 0,7Ah por m\u00eas (1mA) a 12V e 0,6Ah por m\u00eas (0,8mA) a 24V<\/p>\n<p>Em particular, as baterias de i\u00f5es de l\u00edtio ficam praticamente sem capacidade quando s\u00e3o descarregadas at\u00e9 ao n\u00edvel de corte de baixa tens\u00e3o.<\/p>\n<p>Ap\u00f3s a desconex\u00e3o de baixa tens\u00e3o das c\u00e9lulas, a capacidade de reserva de uma bateria de i\u00f5es de l\u00edtio \u00e9 de aproximadamente 1Ah por cada 100Ah de capacidade. A bateria ser\u00e1 danificada se a capacidade de reserva restante da bateria for removida. Uma corrente residual de 10mA, por exemplo, pode danificar uma bateria de 200 Ah se o sistema for deixado num estado descarregado durante mais de 8 dias.<\/p>\n<h2>Rel\u00e9 de alarme biest\u00e1vel<\/h2>\n<p>Evita que a drenagem de corrente aumente em caso de alarme.<\/p>\n<h2>Outras fun\u00e7\u00f5es do Monitor de Bateria BMV-712 Smart Victron<\/h2>\n<p>- Tens\u00e3o, corrente, pot\u00eancia, amperes-horas consumidos e estado de carga da bateria<\/p>\n<p>- Autonomia restante \u00e0 taxa de descarga atual.<\/p>\n<p>- Alarme visual e sonoro program\u00e1vel<\/p>\n<p>- Rel\u00e9 program\u00e1vel, para desligar cargas n\u00e3o cr\u00edticas ou para acionar um gerador, se necess\u00e1rio.<\/p>\n<p>- Kit de liga\u00e7\u00e3o e deriva\u00e7\u00e3o de liga\u00e7\u00e3o r\u00e1pida de 500 amp<\/p>\n<p>- Sele\u00e7\u00e3o da capacidade de deriva\u00e7\u00e3o at\u00e9 10.000 amperes<\/p>\n<p>- Porta de comunica\u00e7\u00e3o direta VE<\/p>\n<p>- Armazena uma vasta gama de dados hist\u00f3ricos que podem ser utilizados para avaliar os padr\u00f5es de utiliza\u00e7\u00e3o e o estado da bateria<\/p>\n<p>- Ampla gama de tens\u00e3o de entrada: 6,5 \u021a \"70V<\/p>\n<p>- Alta resolu\u00e7\u00e3o de medi\u00e7\u00e3o de corrente: 10 mA (0,01A)<\/p>\n<p>- Entrada adicional para medir a tens\u00e3o (a partir de uma segunda bateria), a temperatura ou a tens\u00e3o de ponto m\u00e9dio e as correspondentes defini\u00e7\u00f5es de alarme e rel\u00e9.<\/p>\n<h2>Ficha t\u00e9cnica e manual Monitor de bateria BMV-712 Smart Victron \u2013 BAM030712000<\/h2>\n<p><a href=\"https:\/\/fvcomponentes.com\/wp-content\/uploads\/2021\/03\/Datasheet-BMV-712-Smart-ES.pdf\" target=\"_blank\" rel=\"noopener\">Ver BMV-712 Monitor de bateria BMV-712 Smart Victron - Folha de dados BAM030712000<\/a><\/p>\n<p><a href=\"https:\/\/fvcomponentes.com\/wp-content\/uploads\/2025\/11\/9172-Manual_BMV_and_SmartShunt-pdf-es.pdf\" target=\"_blank\" rel=\"noopener\">Consulte o manual do Monitor de Bateria BMV-712 Smart Victron \u2013 BAM030712000<\/a><\/p>","protected":false},"excerpt":{"rendered":"<p>Com conetividade Bluetooth integrada, o Monitor de Bateria Inteligente Victron BMV-712 est\u00e1 pronto para a era da Internet das Coisas. Gra\u00e7as \u00e0 sua liga\u00e7\u00e3o sem fios, pode comunicar com outros produtos Victron para simplificar a instala\u00e7\u00e3o e melhorar o desempenho.<\/p>","protected":false},"featured_media":3232,"comment_status":"open","ping_status":"closed","template":"","meta":{"site-sidebar-layout":"default","site-content-layout":"default","ast-site-content-layout":"default","site-content-style":"default","site-sidebar-style":"default","ast-global-header-display":"","ast-banner-title-visibility":"","ast-main-header-display":"","ast-hfb-above-header-display":"","ast-hfb-below-header-display":"","ast-hfb-mobile-header-display":"","site-post-title":"","ast-breadcrumbs-content":"","ast-featured-img":"","footer-sml-layout":"","ast-disable-related-posts":"","theme-transparent-header-meta":"default","adv-header-id-meta":"","stick-header-meta":"","header-above-stick-meta":"","header-main-stick-meta":"","header-below-stick-meta":"","astra-migrate-meta-layouts":"set","ast-page-background-enabled":"default","ast-page-background-meta":{"desktop":{"background-color":"var(--ast-global-color-4)","background-image":"","background-repeat":"repeat","background-position":"center center","background-size":"auto","background-attachment":"scroll","background-type":"","background-media":"","overlay-type":"","overlay-color":"","overlay-opacity":"","overlay-gradient":""},"tablet":{"background-color":"","background-image":"","background-repeat":"repeat","background-position":"center center","background-size":"auto","background-attachment":"scroll","background-type":"","background-media":"","overlay-type":"","overlay-color":"","overlay-opacity":"","overlay-gradient":""},"mobile":{"background-color":"","background-image":"","background-repeat":"repeat","background-position":"center center","background-size":"auto","background-attachment":"scroll","background-type":"","background-media":"","overlay-type":"","overlay-color":"","overlay-opacity":"","overlay-gradient":""}},"ast-content-background-meta":{"desktop":{"background-color":"var(--ast-global-color-5)","background-image":"","background-repeat":"repeat","background-position":"center center","background-size":"auto","background-attachment":"scroll","background-type":"","background-media":"","overlay-type":"","overlay-color":"","overlay-opacity":"","overlay-gradient":""},"tablet":{"background-color":"var(--ast-global-color-5)","background-image":"","background-repeat":"repeat","background-position":"center center","background-size":"auto","background-attachment":"scroll","background-type":"","background-media":"","overlay-type":"","overlay-color":"","overlay-opacity":"","overlay-gradient":""},"mobile":{"background-color":"var(--ast-global-color-5)","background-image":"","background-repeat":"repeat","background-position":"center center","background-size":"auto","background-attachment":"scroll","background-type":"","background-media":"","overlay-type":"","overlay-color":"","overlay-opacity":"","overlay-gradient":""}}},"pwb-brand":[332],"product_brand":[],"product_cat":[391,340,933],"product_tag":[],"class_list":{"0":"post-3231","1":"product","2":"type-product","3":"status-publish","4":"has-post-thumbnail","6":"pwb-brand-victron","7":"product_cat-accesorios-para-baterias","8":"product_cat-baterias","9":"product_cat-monitores-de-baterias","10":"desktop-align-left","11":"tablet-align-left","12":"mobile-align-left","13":"ast-product-gallery-layout-horizontal-slider","14":"ast-product-tabs-layout-horizontal","16":"first","17":"instock","18":"taxable","19":"shipping-taxable","20":"purchasable","21":"product-type-simple"},"wcpa_form_fields":null,"brands":[{"id":332,"name":"Victron Energia","slug":"victron"}],"_links":{"self":[{"href":"https:\/\/fvcomponentes.com\/pt\/wp-json\/wp\/v2\/product\/3231","targetHints":{"allow":["GET"]}}],"collection":[{"href":"https:\/\/fvcomponentes.com\/pt\/wp-json\/wp\/v2\/product"}],"about":[{"href":"https:\/\/fvcomponentes.com\/pt\/wp-json\/wp\/v2\/types\/product"}],"replies":[{"embeddable":true,"href":"https:\/\/fvcomponentes.com\/pt\/wp-json\/wp\/v2\/comments?post=3231"}],"wp:featuredmedia":[{"embeddable":true,"href":"https:\/\/fvcomponentes.com\/pt\/wp-json\/wp\/v2\/media\/3232"}],"wp:attachment":[{"href":"https:\/\/fvcomponentes.com\/pt\/wp-json\/wp\/v2\/media?parent=3231"}],"wp:term":[{"taxonomy":"pwb-brand","embeddable":true,"href":"https:\/\/fvcomponentes.com\/pt\/wp-json\/wp\/v2\/pwb-brand?post=3231"},{"taxonomy":"product_brand","embeddable":true,"href":"https:\/\/fvcomponentes.com\/pt\/wp-json\/wp\/v2\/product_brand?post=3231"},{"taxonomy":"product_cat","embeddable":true,"href":"https:\/\/fvcomponentes.com\/pt\/wp-json\/wp\/v2\/product_cat?post=3231"},{"taxonomy":"product_tag","embeddable":true,"href":"https:\/\/fvcomponentes.com\/pt\/wp-json\/wp\/v2\/product_tag?post=3231"}],"curies":[{"name":"wp","href":"https:\/\/api.w.org\/{rel}","templated":true}]}}