{"id":3225,"date":"2021-03-23T07:46:04","date_gmt":"2021-03-23T06:46:04","guid":{"rendered":"https:\/\/fvcomponentes.com\/producto\/monitor-de-bateria-bmv-700-victron\/"},"modified":"2026-04-04T12:46:20","modified_gmt":"2026-04-04T10:46:20","slug":"monitor-de-bateria-victron-bmv-700","status":"publish","type":"product","link":"https:\/\/fvcomponentes.com\/pt\/producto\/monitor-de-bateria-bmv-700-victron\/","title":{"rendered":"Monitor de bateria Victron BMV-700 - BAM010700000"},"content":{"rendered":"<h2>Indicador do n\u00edvel de carga, indicador do tempo de autonomia e muito mais<\/h2>\n<p>A capacidade restante da bateria depende dos amperes-hora consumidos, da corrente de descarga, da temperatura e da idade da bateria. \u00c9 necess\u00e1rio um software com algoritmos complexos para ter em conta todas estas vari\u00e1veis.<br \/>\nPara al\u00e9m das op\u00e7\u00f5es b\u00e1sicas de visualiza\u00e7\u00e3o, como a tens\u00e3o, a corrente e os amperes-hora consumidos, <strong>o Monitor de bateria Victron BMV-700<\/strong> mostra tamb\u00e9m o estado da carga, a autonomia restante e o consumo de energia em watts.<\/p>\n<h2>Bluetooth inteligente<\/h2>\n<p>Utilize a interface Bluetooth Smart para controlar as baterias a partir de smartphones, tablets, macbooks e outros dispositivos Apple ou Android.<\/p>\n<h2>F\u00e1cil de instalar<\/h2>\n<p>Todas as liga\u00e7\u00f5es el\u00e9ctricas s\u00e3o feitas \u00e0 PCB de liga\u00e7\u00e3o r\u00e1pida da deriva\u00e7\u00e3o de pot\u00eancia. A deriva\u00e7\u00e3o \u00e9 ligada ao monitor atrav\u00e9s de um cabo telef\u00f3nico RJ12 padr\u00e3o.<br \/>\n<strong>Inclu\u00eddo:<\/strong> Cabo RJ 12 (10 m) e cabo da bateria com fus\u00edvel (2 m); n\u00e3o \u00e9 necess\u00e1rio mais.<br \/>\nInclui tamb\u00e9m uma placa de acabamento do ecr\u00e3 frontal, quadrada ou redonda, um anel de fixa\u00e7\u00e3o traseiro e parafusos para montagem frontal.<\/p>\n<h2>F\u00e1cil de programar (com o seu smartphone!)<\/h2>\n<p>Como utilizador, disp\u00f5e de um menu de instala\u00e7\u00e3o r\u00e1pida e de um menu mais detalhado, com textos deslizantes, para efetuar as v\u00e1rias defini\u00e7\u00f5es.<\/p>\n<p>Em alternativa, pode optar por uma solu\u00e7\u00e3o r\u00e1pida e simples: descarregar a aplica\u00e7\u00e3o para smartphone (\u00e9 necess\u00e1ria uma interface Bluetooth Smart).<\/p>\n<h2>Caracter\u00edsticas padr\u00e3o do monitor de bateria Victron BMV-700<\/h2>\n<p>- Tens\u00e3o, corrente, pot\u00eancia, amperes-horas consumidos e estado de carga da bateria<br \/>\n- Autonomia restante \u00e0 taxa de descarga atual.<br \/>\n- Alarme visual e sonoro program\u00e1vel<br \/>\n- Rel\u00e9 program\u00e1vel, para desligar cargas n\u00e3o cr\u00edticas ou para acionar um gerador, se necess\u00e1rio.<br \/>\n- Kit de liga\u00e7\u00e3o e deriva\u00e7\u00e3o de liga\u00e7\u00e3o r\u00e1pida de 500 amp<br \/>\n- Sele\u00e7\u00e3o da capacidade de deriva\u00e7\u00e3o at\u00e9 10.000 amperes<br \/>\n- Porta de comunica\u00e7\u00e3o direta VE<br \/>\n- Armazena uma vasta gama de dados hist\u00f3ricos, que podem ser utilizados para avaliar os padr\u00f5es de utiliza\u00e7\u00e3o e o estado da bateria<br \/>\n- Ampla gama de tens\u00e3o de entrada: 6,5 - 95 V<br \/>\n- Alta resolu\u00e7\u00e3o de medi\u00e7\u00e3o de corrente: 10 mA (0,01A)<br \/>\n- Baixo consumo de energia: 2,9 Ah por m\u00eas (4 mA) a 12 V e 2,2 Ah por m\u00eas (3 mA) a 24 V<\/p>\n<h2>Outras op\u00e7\u00f5es de monitoriza\u00e7\u00e3o da bateria<\/h2>\n<p>- Deriva\u00e7\u00e3o Lynx VE.Can<\/p>\n<h2>Ficha t\u00e9cnica Monitor de bateria BMV-700 Victron - BAM010700000<\/h2>\n<p><a href=\"https:\/\/fvcomponentes.com\/wp-content\/uploads\/2021\/03\/Datasheet-BMV-700-series-ES.pdf\" target=\"_blank\" rel=\"noopener\">Ver folha de dados do Monitor de Bateria Victron BMV-700 - BAM010700000<\/a><\/p>\n<p>&nbsp;<\/p>","protected":false},"excerpt":{"rendered":"<p><strong>O BMV-700 \u00e9 um monitor de bateria de alta precis\u00e3o.<\/strong>. A sua principal fun\u00e7\u00e3o \u00e9 calcular os amperes-hora consumidos e o estado de carga das baterias. A s\u00e9rie BMV-700 apresenta a tens\u00e3o, a corrente e os amperes-hora consumidos, o estado de carga, a autonomia restante e a pot\u00eancia consumida.<\/p>","protected":false},"featured_media":3226,"comment_status":"open","ping_status":"closed","template":"","meta":{"site-sidebar-layout":"default","site-content-layout":"default","ast-site-content-layout":"default","site-content-style":"default","site-sidebar-style":"default","ast-global-header-display":"","ast-banner-title-visibility":"","ast-main-header-display":"","ast-hfb-above-header-display":"","ast-hfb-below-header-display":"","ast-hfb-mobile-header-display":"","site-post-title":"","ast-breadcrumbs-content":"","ast-featured-img":"","footer-sml-layout":"","ast-disable-related-posts":"","theme-transparent-header-meta":"default","adv-header-id-meta":"","stick-header-meta":"","header-above-stick-meta":"","header-main-stick-meta":"","header-below-stick-meta":"","astra-migrate-meta-layouts":"set","ast-page-background-enabled":"default","ast-page-background-meta":{"desktop":{"background-color":"var(--ast-global-color-4)","background-image":"","background-repeat":"repeat","background-position":"center center","background-size":"auto","background-attachment":"scroll","background-type":"","background-media":"","overlay-type":"","overlay-color":"","overlay-opacity":"","overlay-gradient":""},"tablet":{"background-color":"","background-image":"","background-repeat":"repeat","background-position":"center center","background-size":"auto","background-attachment":"scroll","background-type":"","background-media":"","overlay-type":"","overlay-color":"","overlay-opacity":"","overlay-gradient":""},"mobile":{"background-color":"","background-image":"","background-repeat":"repeat","background-position":"center center","background-size":"auto","background-attachment":"scroll","background-type":"","background-media":"","overlay-type":"","overlay-color":"","overlay-opacity":"","overlay-gradient":""}},"ast-content-background-meta":{"desktop":{"background-color":"var(--ast-global-color-5)","background-image":"","background-repeat":"repeat","background-position":"center center","background-size":"auto","background-attachment":"scroll","background-type":"","background-media":"","overlay-type":"","overlay-color":"","overlay-opacity":"","overlay-gradient":""},"tablet":{"background-color":"var(--ast-global-color-5)","background-image":"","background-repeat":"repeat","background-position":"center center","background-size":"auto","background-attachment":"scroll","background-type":"","background-media":"","overlay-type":"","overlay-color":"","overlay-opacity":"","overlay-gradient":""},"mobile":{"background-color":"var(--ast-global-color-5)","background-image":"","background-repeat":"repeat","background-position":"center center","background-size":"auto","background-attachment":"scroll","background-type":"","background-media":"","overlay-type":"","overlay-color":"","overlay-opacity":"","overlay-gradient":""}}},"pwb-brand":[332],"product_brand":[],"product_cat":[391,340,933],"product_tag":[],"class_list":{"0":"post-3225","1":"product","2":"type-product","3":"status-publish","4":"has-post-thumbnail","6":"pwb-brand-victron","7":"product_cat-accesorios-para-baterias","8":"product_cat-baterias","9":"product_cat-monitores-de-baterias","10":"desktop-align-left","11":"tablet-align-left","12":"mobile-align-left","13":"ast-product-gallery-layout-horizontal-slider","14":"ast-product-tabs-layout-horizontal","16":"first","17":"instock","18":"taxable","19":"shipping-taxable","20":"purchasable","21":"product-type-simple"},"wcpa_form_fields":null,"brands":[{"id":332,"name":"Victron Energia","slug":"victron"}],"_links":{"self":[{"href":"https:\/\/fvcomponentes.com\/pt\/wp-json\/wp\/v2\/product\/3225","targetHints":{"allow":["GET"]}}],"collection":[{"href":"https:\/\/fvcomponentes.com\/pt\/wp-json\/wp\/v2\/product"}],"about":[{"href":"https:\/\/fvcomponentes.com\/pt\/wp-json\/wp\/v2\/types\/product"}],"replies":[{"embeddable":true,"href":"https:\/\/fvcomponentes.com\/pt\/wp-json\/wp\/v2\/comments?post=3225"}],"wp:featuredmedia":[{"embeddable":true,"href":"https:\/\/fvcomponentes.com\/pt\/wp-json\/wp\/v2\/media\/3226"}],"wp:attachment":[{"href":"https:\/\/fvcomponentes.com\/pt\/wp-json\/wp\/v2\/media?parent=3225"}],"wp:term":[{"taxonomy":"pwb-brand","embeddable":true,"href":"https:\/\/fvcomponentes.com\/pt\/wp-json\/wp\/v2\/pwb-brand?post=3225"},{"taxonomy":"product_brand","embeddable":true,"href":"https:\/\/fvcomponentes.com\/pt\/wp-json\/wp\/v2\/product_brand?post=3225"},{"taxonomy":"product_cat","embeddable":true,"href":"https:\/\/fvcomponentes.com\/pt\/wp-json\/wp\/v2\/product_cat?post=3225"},{"taxonomy":"product_tag","embeddable":true,"href":"https:\/\/fvcomponentes.com\/pt\/wp-json\/wp\/v2\/product_tag?post=3225"}],"curies":[{"name":"wp","href":"https:\/\/api.w.org\/{rel}","templated":true}]}}