{"id":3196,"date":"2021-03-22T09:50:01","date_gmt":"2021-03-22T08:50:01","guid":{"rendered":"https:\/\/fvcomponentes.com\/producto\/inversor-victron-quattro-12-3000va-120a-5050a\/"},"modified":"2026-04-08T21:37:53","modified_gmt":"2026-04-08T19:37:53","slug":"inversor-victron-quattro-12-3000va-120a-5050a","status":"publish","type":"product","link":"https:\/\/fvcomponentes.com\/pt\/producto\/inversor-victron-quattro-12-3000va-120a-5050a\/","title":{"rendered":"Carregador de Inversor Victron Quattro 12\/3000VA 120A 50+50A - QUA123020010"},"content":{"rendered":"<div class=\"hidden-xs\">\n<div class=\"productDetail__content-subheader\">\n<h2>Inversor Victron Quattro 12\/3000VA 120A 50+50A<\/h2>\n<h2 class=\"productDetail__content-subheader-icon\">Multifuncional<\/h2>\n<\/div>\n<\/div>\n<div class=\"productDetail__content-desc\">\n<p>O inversor Victron Quattro 12\/3000VA 120A 50+50A \u00e9 uma combina\u00e7\u00e3o de inversor e carregador. Al\u00e9m disso, suporta duas entradas CA e liga-se automaticamente \u00e0 entrada ativa. As suas muitas funcionalidades incluem um inversor de onda sinusoidal pura, carga vari\u00e1vel, tecnologia PowerAssist h\u00edbrida, al\u00e9m de m\u00faltiplas funcionalidades para integra\u00e7\u00e3o em diferentes sistemas, tais como sistemas trif\u00e1sicos ou de fase dividida.<\/p>\n<h2 class=\"productDetails__block-title\"><span class=\"productDetails__block-title-content\">Duas entradas AC e duas sa\u00eddas AC<\/span><\/h2>\n<div class=\"productDetails__block-description\">\n<p>O Inversor Quattro 12\/3000VA da Victron pode ser ligado a duas fontes de alimenta\u00e7\u00e3o CA independentes, por exemplo, \u00e0 rede de terra e a um gerador, ou a dois geradores. Ligar-se-\u00e1 automaticamente \u00e0 fonte de alimenta\u00e7\u00e3o ativa. A sa\u00edda principal tem uma fun\u00e7\u00e3o \"no-break\". Em caso de falha de energia, desconex\u00e3o da rede el\u00e9ctrica ou do gerador, o Quattro assume a alimenta\u00e7\u00e3o das cargas ligadas. Isto acontece t\u00e3o rapidamente quanto <strong>(menos de 20 milissegundos)<\/strong> que os computadores e outros equipamentos electr\u00f3nicos continuem a funcionar sem interrup\u00e7\u00f5es. A segunda sa\u00edda s\u00f3 est\u00e1 ativa quando uma das entradas do Quattro tem alimenta\u00e7\u00e3o CA. As cargas que n\u00e3o devem ser alimentadas por bateria, como um ar condicionado ou um aquecedor de \u00e1gua, podem ser ligadas a esta sa\u00edda.<\/p>\n<h2><\/h2>\n<h2>Pot\u00eancia praticamente ilimitada gra\u00e7as ao funcionamento em paralelo<\/h2>\n<p>Podem funcionar em paralelo at\u00e9 6 unidades Quattro. Por exemplo: Seis unidades 48\/10000\/140 dar\u00e3o uma pot\u00eancia de 48kW \/ 60kVA e uma capacidade de carga de 840 amperes.<\/p>\n<h2>Capacidade de funcionamento trif\u00e1sico<\/h2>\n<p>Pot\u00eancia praticamente ilimitada gra\u00e7as ao funcionamento em paralelo de at\u00e9 10 unidades Quattro. Dez unidades 48\/5000\/70, por exemplo, dar\u00e3o uma pot\u00eancia de sa\u00edda de 45kW \/ 50kVA e uma capacidade de carga de 700 amperes.<\/p>\n<p>O inversor Victron Quattro 3000VA 12V\/120A tem capacidade de funcionamento trif\u00e1sico, o que significa que tr\u00eas unidades podem ser configuradas para sa\u00edda trif\u00e1sica. Mas isso n\u00e3o \u00e9 tudo: at\u00e9 10 grupos de tr\u00eas unidades podem ser ligados em paralelo para fornecer uma sa\u00edda de inversor de 135kW \/ 150kVA e mais de 2.000A de capacidade de carga.<\/p>\n<h2 class=\"productDetails__block-title\"><span class=\"productDetails__block-title-content\">A carater\u00edstica \u00fanica do PowerAssist<\/span><\/h2>\n<div class=\"productDetails__block-description\">\n<p>O Quattro pode evitar sobrecargas numa fonte de CA limitada, como um gerador ou alimenta\u00e7\u00e3o em terra. Em primeiro lugar, reduzir\u00e1 automaticamente a carga na bateria quando ocorrer uma sobrecarga. Em segundo lugar, retirar\u00e1 corrente da bateria para compensar a energia do gerador ou da rede el\u00e9ctrica.<\/p>\n<div class=\"productDetails__block-description\">\n<h2 class=\"productDetails__block-title\"><span class=\"productDetails__block-title-content\">Monitoriza\u00e7\u00e3o e controlo \u00e0 dist\u00e2ncia<\/span><\/h2>\n<div class=\"productDetails__block-description\">\n<p>Se o emparelhar com um dispositivo GX (por exemplo, um <a href=\"https:\/\/fvcomponentes.com\/pt\/produto\/monitor-victron-cerbo-gx-mk2-bpp900451100-victron-cerbo-mk2\/\" target=\"_blank\" rel=\"noopener\">Monitoriza\u00e7\u00e3o Victron Cerbo GX MK2 - BPP900451100<\/a>), pode monitorizar e controlar o seu Multi e o(s) seu(s) sistema(s) localmente (LAN) ou remotamente atrav\u00e9s da Internet a partir de qualquer parte do mundo com a aplica\u00e7\u00e3o gratuita VRM e a aplica\u00e7\u00e3o <a href=\"https:\/\/vrm.victronenergy.com\/landingpage\" target=\"_blank\" rel=\"noopener\">portal gratuito VRM<\/a>. O acesso pode ser efectuado a partir de um telem\u00f3vel, tablet ou PC com diferentes sistemas operativos. O n\u00edvel de controlo n\u00e3o tem limites, desde a regula\u00e7\u00e3o do seu Multi at\u00e9 ao arranque autom\u00e1tico de um gerador de reserva e muito mais...<\/p>\n<h2>Configura\u00e7\u00e3o do sistema<\/h2>\n<p>- No caso de uma aplica\u00e7\u00e3o aut\u00f3noma, se a configura\u00e7\u00e3o tiver de ser alterada, isso pode ser feito numa quest\u00e3o de minutos atrav\u00e9s de um procedimento de ajuste do interrutor DIP.<br \/>\n- As aplica\u00e7\u00f5es paralelas ou trif\u00e1sicas podem ser configuradas com o software VE.Bus Quick Configure e VE.Bus System Configurator.<br \/>\n- As aplica\u00e7\u00f5es fora da rede, interactivas \u00e0 rede e de autoconsumo que envolvem inversores ligados \u00e0 rede e\/ou carregadores solares MPPT podem ser configuradas com Wizards (software espec\u00edfico da aplica\u00e7\u00e3o).<\/p>\n<h2>Ficha t\u00e9cnica Inversor Victron Quattro 12\/3000VA 120A 50+50A - QUA123020010<\/h2>\n<\/div>\n<p><a href=\"https:\/\/fvcomponentes.com\/wp-content\/uploads\/2021\/03\/Datasheet-Quattro-3kVA-15kVA-ES.pdf\" target=\"_blank\" rel=\"noopener\">Ficha t\u00e9cnica Inversor Victron Quattro 12\/3000VA 120A 50+50A - QUA123020010<\/a><\/p>\n<\/div>\n<\/div>\n<\/div>\n<\/div>","protected":false},"excerpt":{"rendered":"<p>O Quattro \u00e9 uma combina\u00e7\u00e3o de inversor e carregador. Suporta duas entradas CA e liga-se automaticamente \u00e0 entrada ativa. Inclui um inversor de onda sinusoidal pura, carga vari\u00e1vel e tecnologia PowerAssist h\u00edbrida. Al\u00e9m disso, possui v\u00e1rias funcionalidades para integra\u00e7\u00e3o em diferentes sistemas, como sistemas trif\u00e1sicos ou bif\u00e1sicos.<\/p>","protected":false},"featured_media":3198,"comment_status":"open","ping_status":"closed","template":"","meta":{"site-sidebar-layout":"default","site-content-layout":"default","ast-site-content-layout":"default","site-content-style":"default","site-sidebar-style":"default","ast-global-header-display":"","ast-banner-title-visibility":"","ast-main-header-display":"","ast-hfb-above-header-display":"","ast-hfb-below-header-display":"","ast-hfb-mobile-header-display":"","site-post-title":"","ast-breadcrumbs-content":"","ast-featured-img":"","footer-sml-layout":"","ast-disable-related-posts":"","theme-transparent-header-meta":"default","adv-header-id-meta":"","stick-header-meta":"","header-above-stick-meta":"","header-main-stick-meta":"","header-below-stick-meta":"","astra-migrate-meta-layouts":"set","ast-page-background-enabled":"default","ast-page-background-meta":{"desktop":{"background-color":"var(--ast-global-color-4)","background-image":"","background-repeat":"repeat","background-position":"center center","background-size":"auto","background-attachment":"scroll","background-type":"","background-media":"","overlay-type":"","overlay-color":"","overlay-opacity":"","overlay-gradient":""},"tablet":{"background-color":"","background-image":"","background-repeat":"repeat","background-position":"center center","background-size":"auto","background-attachment":"scroll","background-type":"","background-media":"","overlay-type":"","overlay-color":"","overlay-opacity":"","overlay-gradient":""},"mobile":{"background-color":"","background-image":"","background-repeat":"repeat","background-position":"center center","background-size":"auto","background-attachment":"scroll","background-type":"","background-media":"","overlay-type":"","overlay-color":"","overlay-opacity":"","overlay-gradient":""}},"ast-content-background-meta":{"desktop":{"background-color":"var(--ast-global-color-5)","background-image":"","background-repeat":"repeat","background-position":"center center","background-size":"auto","background-attachment":"scroll","background-type":"","background-media":"","overlay-type":"","overlay-color":"","overlay-opacity":"","overlay-gradient":""},"tablet":{"background-color":"var(--ast-global-color-5)","background-image":"","background-repeat":"repeat","background-position":"center center","background-size":"auto","background-attachment":"scroll","background-type":"","background-media":"","overlay-type":"","overlay-color":"","overlay-opacity":"","overlay-gradient":""},"mobile":{"background-color":"var(--ast-global-color-5)","background-image":"","background-repeat":"repeat","background-position":"center center","background-size":"auto","background-attachment":"scroll","background-type":"","background-media":"","overlay-type":"","overlay-color":"","overlay-opacity":"","overlay-gradient":""}}},"pwb-brand":[332],"product_brand":[],"product_cat":[388,333],"product_tag":[],"class_list":{"0":"post-3196","1":"product","2":"type-product","3":"status-publish","4":"has-post-thumbnail","6":"pwb-brand-victron","7":"product_cat-inversores-cargadores-12v","8":"product_cat-inversores","9":"desktop-align-left","10":"tablet-align-left","11":"mobile-align-left","12":"ast-product-gallery-layout-horizontal-slider","13":"ast-product-tabs-layout-horizontal","15":"first","16":"instock","17":"taxable","18":"shipping-taxable","19":"purchasable","20":"product-type-simple"},"wcpa_form_fields":null,"brands":[{"id":332,"name":"Victron Energia","slug":"victron"}],"_links":{"self":[{"href":"https:\/\/fvcomponentes.com\/pt\/wp-json\/wp\/v2\/product\/3196","targetHints":{"allow":["GET"]}}],"collection":[{"href":"https:\/\/fvcomponentes.com\/pt\/wp-json\/wp\/v2\/product"}],"about":[{"href":"https:\/\/fvcomponentes.com\/pt\/wp-json\/wp\/v2\/types\/product"}],"replies":[{"embeddable":true,"href":"https:\/\/fvcomponentes.com\/pt\/wp-json\/wp\/v2\/comments?post=3196"}],"wp:featuredmedia":[{"embeddable":true,"href":"https:\/\/fvcomponentes.com\/pt\/wp-json\/wp\/v2\/media\/3198"}],"wp:attachment":[{"href":"https:\/\/fvcomponentes.com\/pt\/wp-json\/wp\/v2\/media?parent=3196"}],"wp:term":[{"taxonomy":"pwb-brand","embeddable":true,"href":"https:\/\/fvcomponentes.com\/pt\/wp-json\/wp\/v2\/pwb-brand?post=3196"},{"taxonomy":"product_brand","embeddable":true,"href":"https:\/\/fvcomponentes.com\/pt\/wp-json\/wp\/v2\/product_brand?post=3196"},{"taxonomy":"product_cat","embeddable":true,"href":"https:\/\/fvcomponentes.com\/pt\/wp-json\/wp\/v2\/product_cat?post=3196"},{"taxonomy":"product_tag","embeddable":true,"href":"https:\/\/fvcomponentes.com\/pt\/wp-json\/wp\/v2\/product_tag?post=3196"}],"curies":[{"name":"wp","href":"https:\/\/api.w.org\/{rel}","templated":true}]}}