{"id":3192,"date":"2021-03-22T08:16:37","date_gmt":"2021-03-22T07:16:37","guid":{"rendered":"https:\/\/fvcomponentes.com\/producto\/inversor-victron-48-6000-230v-smartsolar\/"},"modified":"2026-01-15T10:12:07","modified_gmt":"2026-01-15T09:12:07","slug":"inversor-victron-48-6000-230v-230v-smartsolar","status":"publish","type":"product","link":"https:\/\/fvcomponentes.com\/pt\/producto\/inversor-victron-48-6000-230v-smartsolar\/","title":{"rendered":"Inversor Victron RS 48\/6000 230V SmartSolar - PIN482601000"},"content":{"rendered":"<h2>Inversor Victron 48\/6000 230V SmartSolar<\/h2>\n<p>O inversor Victron RS 48\/6000 230V SmartSolar \u00e9 uma combina\u00e7\u00e3o de um potente inversor de 48 V CC, 6 kVA, 230 V CA e um carregador solar MPPT de alta tens\u00e3o, 80-450 V CC, 4 kW. Gra\u00e7as ao seu design moderno e \u00e0 tecnologia de alta frequ\u00eancia, o inversor pesa apenas 11 kg e tem uma excelente efici\u00eancia, baixa pot\u00eancia em standby e um funcionamento muito silencioso.<\/p>\n<p>O inversor Victron RS 48\/6000 230V SmartSolar est\u00e1 equipado com um ecr\u00e3 para leitura dos detalhes da bateria, do inversor e do carregador solar. Estes par\u00e2metros tamb\u00e9m podem ser lidos atrav\u00e9s de Bluetooth utilizando a aplica\u00e7\u00e3o VictronConnect. Al\u00e9m disso, o inversor tem uma porta VE.Direct e uma porta VE.Can, para liga\u00e7\u00e3o a um dispositivo GX para monitoriza\u00e7\u00e3o do sistema.<\/p>\n<h2><strong>Caracter\u00edsticas do Inversor SmartSolar Victron RS 48\/6000 230V<\/strong><\/h2>\n<h3><strong>Inversor Inversor Victron RS 48\/6000 230V SmartSolar fora da rede<\/strong><\/h3>\n<p>O inversor Victron RS 48\/6000 230V SmartSolar \u00e9 um inversor de 48V 6kVA com entrada PV de 450VDC 4kWp. \u00c9 utilizado em aplica\u00e7\u00f5es solares fora da rede onde \u00e9 necess\u00e1ria energia CA.<\/p>\n<h3><strong>Inversor, conversor CC-CC bidirecional e combina\u00e7\u00e3o MPPT<\/strong><\/h3>\n<p>O inversor produz uma onda sinusoidal perfeita, capaz de alimentar aparelhos de alta pot\u00eancia. \u00c9 alimentado por um conversor DC-DC bidirecional, que pode carregar a bateria quando h\u00e1 excesso de energia solar dispon\u00edvel ou converter a bateria quando necess\u00e1rio.<\/p>\n<h3><strong>Ampla gama de tens\u00e3o MPPT<\/strong><\/h3>\n<p>80 - 450VDC, com uma tens\u00e3o de arranque PV de 120VDC.<\/p>\n<h3><strong>Leve, eficiente e silencioso<\/strong><\/h3>\n<p>Gra\u00e7as \u00e0 tecnologia de alta frequ\u00eancia e a um novo design, este potente inversor pesa apenas 11 kg. Para al\u00e9m disso, tem uma excelente efici\u00eancia, baixa pot\u00eancia em standby e um funcionamento muito silencioso.<\/p>\n<h3><strong>Ecr\u00e3 e Bluetooth<\/strong><\/h3>\n<ul>\n<li>O ecr\u00e3 l\u00ea os par\u00e2metros da bateria, do inversor e do regulador de carga solar.<\/li>\n<li>Os mesmos par\u00e2metros podem ser acedidos com um smartphone ou outro dispositivo com Bluetooth.<\/li>\n<li>Al\u00e9m disso, o Bluetooth pode ser utilizado para configurar o sistema e alterar as defini\u00e7\u00f5es com o VictronConnect.<\/li>\n<\/ul>\n<h3><strong>Porta VE.Can e VE.Direct<\/strong><\/h3>\n<p>Para liga\u00e7\u00e3o a um dispositivo GX para monitoriza\u00e7\u00e3o do sistema, registo de dados e actualiza\u00e7\u00f5es remotas de firmware.<\/p>\n<h3><strong>Isolador fotovoltaico incorporado<\/strong><\/h3>\n<p>Ambas as cadeias fotovoltaicas paralelas ligadas \u00e0s tomadas MC4 podem ser isoladas em seguran\u00e7a com o grande interrutor incorporado na parte inferior da unidade.<\/p>\n<h3><strong>Liga\u00e7\u00f5es de E\/S<\/strong><\/h3>\n<p>Liga\u00e7\u00f5es de rel\u00e9 program\u00e1vel, sensor de temperatura e sensor de tens\u00e3o. A entrada remota tamb\u00e9m pode ser configurada para aceitar o miniBMS da Victron.<\/p>\n<h2>Ficha t\u00e9cnica Inversor Victron RS 48\/6000 230V SmartSolar - PIN482601000<\/h2>\n<p><a href=\"https:\/\/fvcomponentes.com\/wp-content\/uploads\/2021\/03\/Datasheet-Inverter-RS-Smart-Solar-ES.pdf\" target=\"_blank\" rel=\"noopener\">Ver ficha t\u00e9cnica do Inversor Victron 48\/6000 230V SmartSolar - PIN482601000<\/a><\/p>","protected":false},"excerpt":{"rendered":"<p>Dados t\u00e9cnicos:<\/p>\n<ul>\n<li>Design moderno<\/li>\n<li>Tecnologia de alta frequ\u00eancia<\/li>\n<li>Excelente efici\u00eancia<\/li>\n<li>Baixa pot\u00eancia em standby<\/li>\n<li>Funcionamento muito silencioso<\/li>\n<\/ul>","protected":false},"featured_media":3193,"comment_status":"open","ping_status":"closed","template":"","meta":{"site-sidebar-layout":"default","site-content-layout":"default","ast-site-content-layout":"default","site-content-style":"default","site-sidebar-style":"default","ast-global-header-display":"","ast-banner-title-visibility":"","ast-main-header-display":"","ast-hfb-above-header-display":"","ast-hfb-below-header-display":"","ast-hfb-mobile-header-display":"","site-post-title":"","ast-breadcrumbs-content":"","ast-featured-img":"","footer-sml-layout":"","ast-disable-related-posts":"","theme-transparent-header-meta":"default","adv-header-id-meta":"","stick-header-meta":"","header-above-stick-meta":"","header-main-stick-meta":"","header-below-stick-meta":"","astra-migrate-meta-layouts":"set","ast-page-background-enabled":"default","ast-page-background-meta":{"desktop":{"background-color":"var(--ast-global-color-4)","background-image":"","background-repeat":"repeat","background-position":"center center","background-size":"auto","background-attachment":"scroll","background-type":"","background-media":"","overlay-type":"","overlay-color":"","overlay-opacity":"","overlay-gradient":""},"tablet":{"background-color":"","background-image":"","background-repeat":"repeat","background-position":"center center","background-size":"auto","background-attachment":"scroll","background-type":"","background-media":"","overlay-type":"","overlay-color":"","overlay-opacity":"","overlay-gradient":""},"mobile":{"background-color":"","background-image":"","background-repeat":"repeat","background-position":"center center","background-size":"auto","background-attachment":"scroll","background-type":"","background-media":"","overlay-type":"","overlay-color":"","overlay-opacity":"","overlay-gradient":""}},"ast-content-background-meta":{"desktop":{"background-color":"var(--ast-global-color-5)","background-image":"","background-repeat":"repeat","background-position":"center center","background-size":"auto","background-attachment":"scroll","background-type":"","background-media":"","overlay-type":"","overlay-color":"","overlay-opacity":"","overlay-gradient":""},"tablet":{"background-color":"var(--ast-global-color-5)","background-image":"","background-repeat":"repeat","background-position":"center center","background-size":"auto","background-attachment":"scroll","background-type":"","background-media":"","overlay-type":"","overlay-color":"","overlay-opacity":"","overlay-gradient":""},"mobile":{"background-color":"var(--ast-global-color-5)","background-image":"","background-repeat":"repeat","background-position":"center center","background-size":"auto","background-attachment":"scroll","background-type":"","background-media":"","overlay-type":"","overlay-color":"","overlay-opacity":"","overlay-gradient":""}}},"pwb-brand":[332],"product_brand":[],"product_cat":[369,333],"product_tag":[],"class_list":{"0":"post-3192","1":"product","2":"type-product","3":"status-publish","4":"has-post-thumbnail","6":"pwb-brand-victron","7":"product_cat-inversores-48v","8":"product_cat-inversores","9":"desktop-align-left","10":"tablet-align-left","11":"mobile-align-left","12":"ast-product-gallery-layout-horizontal-slider","13":"ast-product-tabs-layout-horizontal","15":"first","16":"instock","17":"taxable","18":"shipping-taxable","19":"purchasable","20":"product-type-simple"},"wcpa_form_fields":null,"brands":[{"id":332,"name":"Victron Energia","slug":"victron"}],"_links":{"self":[{"href":"https:\/\/fvcomponentes.com\/pt\/wp-json\/wp\/v2\/product\/3192","targetHints":{"allow":["GET"]}}],"collection":[{"href":"https:\/\/fvcomponentes.com\/pt\/wp-json\/wp\/v2\/product"}],"about":[{"href":"https:\/\/fvcomponentes.com\/pt\/wp-json\/wp\/v2\/types\/product"}],"replies":[{"embeddable":true,"href":"https:\/\/fvcomponentes.com\/pt\/wp-json\/wp\/v2\/comments?post=3192"}],"wp:featuredmedia":[{"embeddable":true,"href":"https:\/\/fvcomponentes.com\/pt\/wp-json\/wp\/v2\/media\/3193"}],"wp:attachment":[{"href":"https:\/\/fvcomponentes.com\/pt\/wp-json\/wp\/v2\/media?parent=3192"}],"wp:term":[{"taxonomy":"pwb-brand","embeddable":true,"href":"https:\/\/fvcomponentes.com\/pt\/wp-json\/wp\/v2\/pwb-brand?post=3192"},{"taxonomy":"product_brand","embeddable":true,"href":"https:\/\/fvcomponentes.com\/pt\/wp-json\/wp\/v2\/product_brand?post=3192"},{"taxonomy":"product_cat","embeddable":true,"href":"https:\/\/fvcomponentes.com\/pt\/wp-json\/wp\/v2\/product_cat?post=3192"},{"taxonomy":"product_tag","embeddable":true,"href":"https:\/\/fvcomponentes.com\/pt\/wp-json\/wp\/v2\/product_tag?post=3192"}],"curies":[{"name":"wp","href":"https:\/\/api.w.org\/{rel}","templated":true}]}}