{"id":3178,"date":"2021-01-04T07:27:57","date_gmt":"2021-01-04T06:27:57","guid":{"rendered":"https:\/\/fvcomponentes.com\/producto\/fronius-smart-meter-100a-1\/"},"modified":"2026-03-30T12:16:56","modified_gmt":"2026-03-30T10:16:56","slug":"contador-inteligente-fronius-100a-1-2","status":"publish","type":"product","link":"https:\/\/fvcomponentes.com\/pt\/producto\/fronius-smart-meter-100a-1-2\/","title":{"rendered":"Contador inteligente Fronius TS 100A-1 Monof\u00e1sico - 42,0411,0344"},"content":{"rendered":"<p><strong>O <a href=\"https:\/\/www.fronius.com\/es-es\/spain\/energia-solar\" target=\"_blank\" rel=\"noopener\">Fronius<\/a> O contador inteligente TS 100A-1 monof\u00e1sico \u00e9 um dispositivo calibrado para medir a quantidade de energia que passa pela casa, a fim de otimizar perfeitamente o consumo.<\/strong>.<\/p>\n<p>Gra\u00e7as \u00e0s medi\u00e7\u00f5es da pin\u00e7a de corrente incorporada e \u00e0 comunica\u00e7\u00e3o r\u00e1pida da interface ModBus RTU, o inversor \u00e9 capaz de limitar a pot\u00eancia ao que a casa est\u00e1 a consumir nesse preciso momento.<\/p>\n<p>\u00c9 um dispositivo que permite o controlo da energia que \u00e9 introduzida na rede.<\/p>\n<p>O Fronius Smart Meter TS 100A-1 Single Phase \u00e9 um contador bidirecional que optimiza o autoconsumo e regista a curva de consumo da sua casa. Gra\u00e7as \u00e0 medi\u00e7\u00e3o de alta precis\u00e3o e \u00e0 comunica\u00e7\u00e3o r\u00e1pida atrav\u00e9s da interface Modbus RTU, a limita\u00e7\u00e3o remota da pot\u00eancia, quando s\u00e3o impostos limites, \u00e9 mais r\u00e1pida e exacta do que com o controlador S0. Juntamente com o Fronius Solar.web, oferece uma vis\u00e3o geral detalhada do consumo de energia na sua casa. Para a solu\u00e7\u00e3o de armazenamento Fronius Energy Package baseada no Fronius Symo Hybrid, o Fronius Smart Meter permite uma gest\u00e3o sistematizada dos diferentes fluxos de energia, optimizando assim a energia total. \u00c9 perfeito para utiliza\u00e7\u00e3o em conjunto com o Fronius Symo, Fronius Symo Hybrid, Fronius Galvo, Fronius Primo, Fronius Eco e Fronius Datamanager 2.0.<\/p>\n<h2>Vantagens do <a href=\"https:\/\/www.fronius.com\/es-es\/spain\/energia-solar\" target=\"_blank\" rel=\"noopener\">Fronius<\/a> Contador inteligente TS 100A-1 Monof\u00e1sico<\/h2>\n<p>- Limita\u00e7\u00e3o de pot\u00eancia remota r\u00e1pida e precisa.<\/p>\n<p>- Em conjunto com o Fronius Solar.web, oferece uma vis\u00e3o geral pormenorizada do consumo de energia na sua casa.<\/p>\n<p>- Otimizar a gest\u00e3o de energia com a solu\u00e7\u00e3o de armazenamento Fronius Energy Package<\/p>","protected":false},"excerpt":{"rendered":"<p><a href=\"https:\/\/www.fronius.com\/es-es\/spain\/energia-solar\" target=\"_blank\" rel=\"noopener\">Fronius<\/a> Contador inteligente TS 100A-1 monof\u00e1sico. O Fronius Smart Meter \u00e9 um contador bidirecional que optimiza o autoconsumo e regista a curva de carga dom\u00e9stica.<\/p>","protected":false},"featured_media":3179,"comment_status":"open","ping_status":"closed","template":"","meta":{"site-sidebar-layout":"default","site-content-layout":"default","ast-site-content-layout":"default","site-content-style":"default","site-sidebar-style":"default","ast-global-header-display":"","ast-banner-title-visibility":"","ast-main-header-display":"","ast-hfb-above-header-display":"","ast-hfb-below-header-display":"","ast-hfb-mobile-header-display":"","site-post-title":"","ast-breadcrumbs-content":"","ast-featured-img":"","footer-sml-layout":"","ast-disable-related-posts":"","theme-transparent-header-meta":"default","adv-header-id-meta":"","stick-header-meta":"","header-above-stick-meta":"","header-main-stick-meta":"","header-below-stick-meta":"","astra-migrate-meta-layouts":"set","ast-page-background-enabled":"default","ast-page-background-meta":{"desktop":{"background-color":"var(--ast-global-color-4)","background-image":"","background-repeat":"repeat","background-position":"center center","background-size":"auto","background-attachment":"scroll","background-type":"","background-media":"","overlay-type":"","overlay-color":"","overlay-opacity":"","overlay-gradient":""},"tablet":{"background-color":"","background-image":"","background-repeat":"repeat","background-position":"center center","background-size":"auto","background-attachment":"scroll","background-type":"","background-media":"","overlay-type":"","overlay-color":"","overlay-opacity":"","overlay-gradient":""},"mobile":{"background-color":"","background-image":"","background-repeat":"repeat","background-position":"center center","background-size":"auto","background-attachment":"scroll","background-type":"","background-media":"","overlay-type":"","overlay-color":"","overlay-opacity":"","overlay-gradient":""}},"ast-content-background-meta":{"desktop":{"background-color":"var(--ast-global-color-5)","background-image":"","background-repeat":"repeat","background-position":"center center","background-size":"auto","background-attachment":"scroll","background-type":"","background-media":"","overlay-type":"","overlay-color":"","overlay-opacity":"","overlay-gradient":""},"tablet":{"background-color":"var(--ast-global-color-5)","background-image":"","background-repeat":"repeat","background-position":"center center","background-size":"auto","background-attachment":"scroll","background-type":"","background-media":"","overlay-type":"","overlay-color":"","overlay-opacity":"","overlay-gradient":""},"mobile":{"background-color":"var(--ast-global-color-5)","background-image":"","background-repeat":"repeat","background-position":"center center","background-size":"auto","background-attachment":"scroll","background-type":"","background-media":"","overlay-type":"","overlay-color":"","overlay-opacity":"","overlay-gradient":""}}},"pwb-brand":[344],"product_brand":[],"product_cat":[349,333],"product_tag":[],"class_list":{"0":"post-3178","1":"product","2":"type-product","3":"status-publish","4":"has-post-thumbnail","6":"pwb-brand-fronius","7":"product_cat-meters","8":"product_cat-inversores","9":"desktop-align-left","10":"tablet-align-left","11":"mobile-align-left","12":"ast-product-gallery-layout-horizontal-slider","13":"ast-product-gallery-with-no-image","14":"ast-product-tabs-layout-horizontal","16":"first","17":"instock","18":"taxable","19":"shipping-taxable","20":"purchasable","21":"product-type-simple"},"wcpa_form_fields":null,"brands":[{"id":344,"name":"Inversores Fronius","slug":"frontais"}],"_links":{"self":[{"href":"https:\/\/fvcomponentes.com\/pt\/wp-json\/wp\/v2\/product\/3178","targetHints":{"allow":["GET"]}}],"collection":[{"href":"https:\/\/fvcomponentes.com\/pt\/wp-json\/wp\/v2\/product"}],"about":[{"href":"https:\/\/fvcomponentes.com\/pt\/wp-json\/wp\/v2\/types\/product"}],"replies":[{"embeddable":true,"href":"https:\/\/fvcomponentes.com\/pt\/wp-json\/wp\/v2\/comments?post=3178"}],"wp:featuredmedia":[{"embeddable":true,"href":"https:\/\/fvcomponentes.com\/pt\/wp-json\/wp\/v2\/media\/3179"}],"wp:attachment":[{"href":"https:\/\/fvcomponentes.com\/pt\/wp-json\/wp\/v2\/media?parent=3178"}],"wp:term":[{"taxonomy":"pwb-brand","embeddable":true,"href":"https:\/\/fvcomponentes.com\/pt\/wp-json\/wp\/v2\/pwb-brand?post=3178"},{"taxonomy":"product_brand","embeddable":true,"href":"https:\/\/fvcomponentes.com\/pt\/wp-json\/wp\/v2\/product_brand?post=3178"},{"taxonomy":"product_cat","embeddable":true,"href":"https:\/\/fvcomponentes.com\/pt\/wp-json\/wp\/v2\/product_cat?post=3178"},{"taxonomy":"product_tag","embeddable":true,"href":"https:\/\/fvcomponentes.com\/pt\/wp-json\/wp\/v2\/product_tag?post=3178"}],"curies":[{"name":"wp","href":"https:\/\/api.w.org\/{rel}","templated":true}]}}