{"id":3144,"date":"2020-09-17T08:13:37","date_gmt":"2020-09-17T06:13:37","guid":{"rendered":"https:\/\/fvcomponentes.com\/producto\/monitorizacion-victron-venus-gx\/"},"modified":"2026-04-04T12:48:14","modified_gmt":"2026-04-04T10:48:14","slug":"monitorizacao-victron-venus-gx","status":"publish","type":"product","link":"https:\/\/fvcomponentes.com\/pt\/producto\/monitorizacion-victron-venus-gx\/","title":{"rendered":"Unidade de controlo Victron Venus GX - BPP900400100100"},"content":{"rendered":"<p>O Venus GX - BPP900400100100 \u00e9 o centro de comunica\u00e7\u00f5es do seu sistema de energia. Permite-lhe ligar e controlar todos os componentes Victron, assegurando que funcionam em perfeita harmonia. Al\u00e9m disso, pode monitorizar em tempo real e ajustar as defini\u00e7\u00f5es a partir do seu smartphone ou de qualquer outro dispositivo, utilizando o portal gratuito Victron Remote Management (VRM).<\/p>\n<p>O Venus GX oferece um controlo e monitoriza\u00e7\u00e3o intuitivos de todo o seu sistema el\u00e9trico Victron. \u00c9 compat\u00edvel com uma vasta gama de produtos, tais como inversores, Multis, Quattros, carregadores solares MPPT, monitores de bateria BMV, Lynx Ion + Shunt, entre muitos outros.<\/p>\n<h2>Principais carater\u00edsticas da unidade de controlo Victron Venus GX - BPP900400100100<\/h2>\n<h3>Vis\u00e3o geral intuitiva do sistema - tudo o que precisa de saber<\/h3>\n<p>Assim que iniciar sess\u00e3o, o Venus GX fornece instantaneamente uma vis\u00e3o geral do sistema: estado de carga da bateria, consumo de energia atual, produ\u00e7\u00e3o de energia do painel fotovoltaico, energia da rede\/gerador.<\/p>\n<h3>Toda a pot\u00eancia da Gest\u00e3o Remota Victron<\/h3>\n<p>A Gest\u00e3o Remota Victron (VRM) permite o acesso a toda a gama de controlos e defini\u00e7\u00f5es para todos os componentes do sistema ligados ao CCGX ou Venus GX. Qualquer utilizador ou instalador pode iniciar sess\u00e3o, a partir de qualquer lugar, em qualquer altura. Esta poderosa aplica\u00e7\u00e3o tamb\u00e9m oferece a capacidade de efetuar diagn\u00f3sticos e an\u00e1lises de informa\u00e7\u00e3o arquivada sem problemas.<\/p>\n<h3 class=\"productDetails__block-title\"><span class=\"productDetails__block-title-content\">Arranque\/paragem autom\u00e1tica do gerador<\/span><\/h3>\n<div class=\"productDetails__block-description\">\n<p>O Venus GX pode ser programado para arrancar automaticamente o seu gerador com base em crit\u00e9rios de baixa tens\u00e3o, elevada procura ou estado de carga da bateria. Pode tamb\u00e9m ser programado para atrasar o arranque at\u00e9 ao final dos per\u00edodos de \"sil\u00eancio\", evitando assim perturba\u00e7\u00f5es acidentais a meio da noite.<\/p>\n<h3>Consola remota<\/h3>\n<p>A consola remota permite-lhe visualizar os dados e as defini\u00e7\u00f5es do Venus GX em tempo real... e como \u00e9 remota, pode faz\u00ea-lo a partir de qualquer parte do mundo.<\/p>\n<h3>Sistemas de armazenamento de energia - monitoriza\u00e7\u00e3o 24 horas por dia<\/h3>\n<p>O Venus GX pode gerir sistemas de armazenamento de energia. Mant\u00e9m a bateria de reserva a 100%, arranca em caso de apag\u00e3o e desvia o excesso de energia (solar) para o autoconsumo, poupando dinheiro.<\/p>\n<h3>Controlo remoto de dispositivos el\u00e9ctricos no seu barco ou caravana<\/h3>\n<p>Est\u00e1 a planear uma viagem? O controlo remoto do Venus GX permite-lhe certificar-se de que o seu barco ou caravana est\u00e1 pronto para partir. O Venus GX tamb\u00e9m permite comunicar com dispositivos de terceiros, se estes estiverem ligados.<\/p>\n<h2>Venus GX - BPP900400100100 - Vantagens extraordin\u00e1rias<\/h2>\n<ul>\n<li>Quando ligado \u00e0 Internet, o Venus GX actualiza-se automaticamente se estiver dispon\u00edvel uma nova vers\u00e3o de software.<\/li>\n<li>V\u00e1rios idiomas: ingl\u00eas, checo, alem\u00e3o, espanhol, franc\u00eas, italiano, holand\u00eas, russo, sueco, turco, chin\u00eas e \u00e1rabe.<\/li>\n<li>Utilize o Venus GX como um gateway Modbus-TCP para todos os produtos Victron ligados.<\/li>\n<li>Com sistema operativo integrado <a href=\"https:\/\/github.com\/victronenergy\/venus\/wiki\/sales-pitch\" target=\"_blank\" rel=\"noopener\">Linux Venus OS<\/a>.<\/li>\n<\/ul>\n<h2>Produtos compat\u00edveis para Venus GX - BPP900400100100<\/h2>\n<ul>\n<li>Multis e Quattros, incluindo sistemas trif\u00e1sicos e bif\u00e1sicos. Monitoriza\u00e7\u00e3o e controlo (On\/Off e limitador de corrente). Possibilidade de altera\u00e7\u00e3o da configura\u00e7\u00e3o (apenas remotamente via Internet, n\u00e3o sem liga\u00e7\u00e3o \u00e0 Internet).<\/li>\n<li>EasySolar 1600VA<\/li>\n<li>Carregadores solares BlueSolar MPPT com porta VE.Diret.<\/li>\n<li>BlueSolar MPPT 150\/70 e o MPPT 150\/85 com porta VE.Can.<\/li>\n<li>SmartSolar MPPT 150\/70 e o MPPT 150\/100 com porta VE.Can. Se forem utilizados v\u00e1rios BlueSolar MPPT ou SmartSolar MPPT com VE.Can em paralelo, ser\u00e3o apresentadas todas as informa\u00e7\u00f5es combinadas. Veja tamb\u00e9m o nosso blogue sobre a sincroniza\u00e7\u00e3o de v\u00e1rios carregadores solares MPPT 150\/70.<\/li>\n<li>A fam\u00edlia BMV-700, tal como a <a href=\"https:\/\/fvcomponentes.com\/pt\/produto\/monitor-de-bateria-victron-bmv-700\/\" target=\"_blank\" rel=\"noopener\">Monitor de bateria BMV-700 Victron - BAM010700000<\/a>Diret, pode ligar-se diretamente \u00e0s portas VE.Diret do Venus GX. Para o efeito, utilize o cabo VE.Diret.<\/li>\n<li>A fam\u00edlia BMV-600 pode ser ligada \u00e0s portas VE.Diret do Venus GX. \u00c9 necess\u00e1rio um cabo acess\u00f3rio.<\/li>\n<li>Lynx Ion + Bypass<\/li>\n<li>BMS Lynx Ion<\/li>\n<li>Deriva\u00e7\u00e3o Lynx VE.Can<\/li>\n<li>Carregadores de baterias Skylla TG<\/li>\n<li>Sensores de tanque NMEA2000<\/li>\n<li>Pode ser ligado um GPS USB \u00e0 porta USB. Os dados s\u00e3o enviados para o Portal do VRM para efeitos de localiza\u00e7\u00e3o. O mapa no VRM mostrar\u00e1 a \u00faltima posi\u00e7\u00e3o.<\/li>\n<li>Inversores fotovoltaicos <a href=\"https:\/\/fvcomponentes.com\/pt\/marca\/frontais\/\" target=\"_blank\" rel=\"noopener\">Fronius<\/a><\/li>\n<\/ul>\n<h2>Ficha t\u00e9cnica Unidade de controlo Victron Venus GX - BPP900400100100<\/h2>\n<p><a href=\"https:\/\/fvcomponentes.com\/wp-content\/uploads\/2025\/09\/Datasheet-Venus-GX-ES.pdf\" target=\"_blank\" rel=\"noopener\">Ficha de dados da unidade de controlo Victron Venus GX<\/a><\/p>\n<h2>Manual do painel de controlo Victron Venus GX - BPP900400100100<\/h2>\n<p><a href=\"https:\/\/fvcomponentes.com\/wp-content\/uploads\/2025\/10\/140558-Ekrano_GX__Venus_GX__Cerbo_GX__Cerbo-S_GX_Manual-pdf-es-1.pdf\" target=\"_blank\" rel=\"noopener\">Ver manual da unidade de controlo Victron Venus GX<\/a><\/p>\n<\/div>","protected":false},"excerpt":{"rendered":"<p><strong>Sistema de controlo e monitoriza\u00e7\u00e3o Victron Venus GX.<\/strong><\/p>\n<p>Atrav\u00e9s desta unidade de controlo e monitoriza\u00e7\u00e3o, \u00e9 poss\u00edvel interligar qualquer dispositivo Victron presente na instala\u00e7\u00e3o. Gra\u00e7as a esta comunica\u00e7\u00e3o direta entre os diferentes componentes, estes podem partilhar informa\u00e7\u00f5es entre si e visualizar o estado da instala\u00e7\u00e3o atrav\u00e9s do portal Victron VRM.<\/p>","protected":false},"featured_media":3145,"comment_status":"open","ping_status":"closed","template":"","meta":{"site-sidebar-layout":"default","site-content-layout":"default","ast-site-content-layout":"default","site-content-style":"default","site-sidebar-style":"default","ast-global-header-display":"","ast-banner-title-visibility":"","ast-main-header-display":"","ast-hfb-above-header-display":"","ast-hfb-below-header-display":"","ast-hfb-mobile-header-display":"","site-post-title":"","ast-breadcrumbs-content":"","ast-featured-img":"","footer-sml-layout":"","ast-disable-related-posts":"","theme-transparent-header-meta":"default","adv-header-id-meta":"","stick-header-meta":"","header-above-stick-meta":"","header-main-stick-meta":"","header-below-stick-meta":"","astra-migrate-meta-layouts":"set","ast-page-background-enabled":"default","ast-page-background-meta":{"desktop":{"background-color":"var(--ast-global-color-4)","background-image":"","background-repeat":"repeat","background-position":"center center","background-size":"auto","background-attachment":"scroll","background-type":"","background-media":"","overlay-type":"","overlay-color":"","overlay-opacity":"","overlay-gradient":""},"tablet":{"background-color":"","background-image":"","background-repeat":"repeat","background-position":"center center","background-size":"auto","background-attachment":"scroll","background-type":"","background-media":"","overlay-type":"","overlay-color":"","overlay-opacity":"","overlay-gradient":""},"mobile":{"background-color":"","background-image":"","background-repeat":"repeat","background-position":"center center","background-size":"auto","background-attachment":"scroll","background-type":"","background-media":"","overlay-type":"","overlay-color":"","overlay-opacity":"","overlay-gradient":""}},"ast-content-background-meta":{"desktop":{"background-color":"var(--ast-global-color-5)","background-image":"","background-repeat":"repeat","background-position":"center center","background-size":"auto","background-attachment":"scroll","background-type":"","background-media":"","overlay-type":"","overlay-color":"","overlay-opacity":"","overlay-gradient":""},"tablet":{"background-color":"var(--ast-global-color-5)","background-image":"","background-repeat":"repeat","background-position":"center center","background-size":"auto","background-attachment":"scroll","background-type":"","background-media":"","overlay-type":"","overlay-color":"","overlay-opacity":"","overlay-gradient":""},"mobile":{"background-color":"var(--ast-global-color-5)","background-image":"","background-repeat":"repeat","background-position":"center center","background-size":"auto","background-attachment":"scroll","background-type":"","background-media":"","overlay-type":"","overlay-color":"","overlay-opacity":"","overlay-gradient":""}}},"pwb-brand":[332],"product_brand":[],"product_cat":[333,351,934],"product_tag":[],"class_list":{"0":"post-3144","1":"product","2":"type-product","3":"status-publish","4":"has-post-thumbnail","6":"pwb-brand-victron","7":"product_cat-inversores","8":"product_cat-accesorios","9":"product_cat-monitorizacion","10":"desktop-align-left","11":"tablet-align-left","12":"mobile-align-left","13":"ast-product-gallery-layout-horizontal-slider","14":"ast-product-tabs-layout-horizontal","16":"first","17":"instock","18":"taxable","19":"shipping-taxable","20":"purchasable","21":"product-type-simple"},"wcpa_form_fields":null,"brands":[{"id":332,"name":"Victron Energia","slug":"victron"}],"_links":{"self":[{"href":"https:\/\/fvcomponentes.com\/pt\/wp-json\/wp\/v2\/product\/3144","targetHints":{"allow":["GET"]}}],"collection":[{"href":"https:\/\/fvcomponentes.com\/pt\/wp-json\/wp\/v2\/product"}],"about":[{"href":"https:\/\/fvcomponentes.com\/pt\/wp-json\/wp\/v2\/types\/product"}],"replies":[{"embeddable":true,"href":"https:\/\/fvcomponentes.com\/pt\/wp-json\/wp\/v2\/comments?post=3144"}],"wp:featuredmedia":[{"embeddable":true,"href":"https:\/\/fvcomponentes.com\/pt\/wp-json\/wp\/v2\/media\/3145"}],"wp:attachment":[{"href":"https:\/\/fvcomponentes.com\/pt\/wp-json\/wp\/v2\/media?parent=3144"}],"wp:term":[{"taxonomy":"pwb-brand","embeddable":true,"href":"https:\/\/fvcomponentes.com\/pt\/wp-json\/wp\/v2\/pwb-brand?post=3144"},{"taxonomy":"product_brand","embeddable":true,"href":"https:\/\/fvcomponentes.com\/pt\/wp-json\/wp\/v2\/product_brand?post=3144"},{"taxonomy":"product_cat","embeddable":true,"href":"https:\/\/fvcomponentes.com\/pt\/wp-json\/wp\/v2\/product_cat?post=3144"},{"taxonomy":"product_tag","embeddable":true,"href":"https:\/\/fvcomponentes.com\/pt\/wp-json\/wp\/v2\/product_tag?post=3144"}],"curies":[{"name":"wp","href":"https:\/\/api.w.org\/{rel}","templated":true}]}}