{"id":3089,"date":"2020-05-08T15:05:12","date_gmt":"2020-05-08T13:05:12","guid":{"rendered":"https:\/\/fvcomponentes.com\/producto\/inversor-phoenix-24-1200-ve-direct-schuko\/"},"modified":"2026-01-15T10:09:08","modified_gmt":"2026-01-15T09:09:08","slug":"inversor-schuko-direto-phoenix-24-1200-ve","status":"publish","type":"product","link":"https:\/\/fvcomponentes.com\/pt\/producto\/inversor-phoenix-24-1200-ve-direct-schuko\/","title":{"rendered":"Inversor Victron Phoenix 24\/1200 VE Diret Schuko - PIN242121200"},"content":{"rendered":"<h4><strong>A porta de comunica\u00e7\u00f5es Victron VE.Direct permite que o inversor FV seja ligado ao<\/strong><\/h4>\n<ul>\n<li>Um computador (\u00e9 necess\u00e1rio um cabo de interface VE.Direct para USB).<\/li>\n<li>Smartphones Apple e Android, tablets, mackbooks e outros dispositivos (\u00e9 necess\u00e1rio um dongle VE.Direct para Bluetooth Smart).<\/li>\n<\/ul>\n<h4><strong>O inversor Phoenix 24\/1200 VE Direct Schuko \u00e9 totalmente configur\u00e1vel:<\/strong><\/h4>\n<ul>\n<li>Alarme de tens\u00e3o baixa da bateria e n\u00edveis de reconex\u00e3o.<\/li>\n<li>N\u00edveis de desligamento e rein\u00edcio por baixa tens\u00e3o da bateria.<\/li>\n<li>Desconex\u00e3o din\u00e2mica: n\u00edvel de desconex\u00e3o dependente da carga<\/li>\n<li>Tens\u00e3o de sa\u00edda 210 - 245V<\/li>\n<li>Frequ\u00eancia 50 Hz ou 60 Hz<\/li>\n<li>Modo ECO ligado\/desligado e sensor de n\u00edvel do modo ECO<\/li>\n<\/ul>\n<h3>Funcionamento em modo ECO<\/h3>\n<p>O inversor permanece em stand-by quando a pot\u00eancia em Watts da sua sa\u00edda desce abaixo de um valor previamente configurado. Uma vez em stand-by, o inversor ligar-se-\u00e1 brevemente (ajust\u00e1vel; predefini\u00e7\u00e3o: a cada 2,5 segundos). Se a carga exceder o n\u00edvel predefinido, o inversor permanecer\u00e1 ligado.<\/p>\n<h3>Elevada pot\u00eancia de arranque de pico adicional<\/h3>\n<p>Uma das caracter\u00edsticas da tecnologia SinusMax \u00e9 a sua pot\u00eancia de arranque muito elevada. Estes inversores s\u00e3o adequados para alimentar cargas dif\u00edceis, como motores ou ferramentas el\u00e9ctricas com um pico de arranque elevado.<\/p>\n<h3>Interruptor remoto para ligar\/desligar<\/h3>\n<p>No Phoenix Inverter 24\/1200 VE Direct Schuko, \u00e9 poss\u00edvel ligar um interrutor On\/Off remoto e levar os dois fios ao inversor para ligar e desligar o inversor \u00e0 dist\u00e2ncia. Esta op\u00e7\u00e3o \u00e9 uma das mais valorizadas pelos clientes com uma caravana ou um barco ou veleiro.<\/p>\n<h2>Folha de dados Phoenix Inverter 24\/1200 VE Direct Schuko - PIN242121200<\/h2>\n<p><a href=\"https:\/\/fvcomponentes.com\/wp-content\/uploads\/2020\/05\/Datasheet-Phoenix-Inverter-VE.Direct-250VA-1200VA-ES.pdf\" target=\"_blank\" rel=\"noopener\">Ver ficha t\u00e9cnica do Phoenix Inverter 24\/1200 VE Direct Schuko - PIN242121200<\/a><\/p>","protected":false},"excerpt":{"rendered":"<ul>\n<li><strong>Pot\u00eancia nominal: <\/strong>1200W<\/li>\n<li><strong>Pot\u00eancia de pico: <\/strong>2200W<\/li>\n<li><strong>Tens\u00e3o de entrada: <\/strong>24V<\/li>\n<\/ul>","protected":false},"featured_media":3090,"comment_status":"open","ping_status":"closed","template":"","meta":{"site-sidebar-layout":"default","site-content-layout":"default","ast-site-content-layout":"default","site-content-style":"default","site-sidebar-style":"default","ast-global-header-display":"","ast-banner-title-visibility":"","ast-main-header-display":"","ast-hfb-above-header-display":"","ast-hfb-below-header-display":"","ast-hfb-mobile-header-display":"","site-post-title":"","ast-breadcrumbs-content":"","ast-featured-img":"","footer-sml-layout":"","ast-disable-related-posts":"","theme-transparent-header-meta":"default","adv-header-id-meta":"","stick-header-meta":"","header-above-stick-meta":"","header-main-stick-meta":"","header-below-stick-meta":"","astra-migrate-meta-layouts":"set","ast-page-background-enabled":"default","ast-page-background-meta":{"desktop":{"background-color":"var(--ast-global-color-4)","background-image":"","background-repeat":"repeat","background-position":"center center","background-size":"auto","background-attachment":"scroll","background-type":"","background-media":"","overlay-type":"","overlay-color":"","overlay-opacity":"","overlay-gradient":""},"tablet":{"background-color":"","background-image":"","background-repeat":"repeat","background-position":"center center","background-size":"auto","background-attachment":"scroll","background-type":"","background-media":"","overlay-type":"","overlay-color":"","overlay-opacity":"","overlay-gradient":""},"mobile":{"background-color":"","background-image":"","background-repeat":"repeat","background-position":"center center","background-size":"auto","background-attachment":"scroll","background-type":"","background-media":"","overlay-type":"","overlay-color":"","overlay-opacity":"","overlay-gradient":""}},"ast-content-background-meta":{"desktop":{"background-color":"var(--ast-global-color-5)","background-image":"","background-repeat":"repeat","background-position":"center center","background-size":"auto","background-attachment":"scroll","background-type":"","background-media":"","overlay-type":"","overlay-color":"","overlay-opacity":"","overlay-gradient":""},"tablet":{"background-color":"var(--ast-global-color-5)","background-image":"","background-repeat":"repeat","background-position":"center center","background-size":"auto","background-attachment":"scroll","background-type":"","background-media":"","overlay-type":"","overlay-color":"","overlay-opacity":"","overlay-gradient":""},"mobile":{"background-color":"var(--ast-global-color-5)","background-image":"","background-repeat":"repeat","background-position":"center center","background-size":"auto","background-attachment":"scroll","background-type":"","background-media":"","overlay-type":"","overlay-color":"","overlay-opacity":"","overlay-gradient":""}}},"pwb-brand":[332],"product_brand":[],"product_cat":[367,333],"product_tag":[],"class_list":{"0":"post-3089","1":"product","2":"type-product","3":"status-publish","4":"has-post-thumbnail","6":"pwb-brand-victron","7":"product_cat-inversores-24-v","8":"product_cat-inversores","9":"desktop-align-left","10":"tablet-align-left","11":"mobile-align-left","12":"ast-product-gallery-layout-horizontal-slider","13":"ast-product-gallery-with-no-image","14":"ast-product-tabs-layout-horizontal","16":"first","17":"instock","18":"taxable","19":"shipping-taxable","20":"purchasable","21":"product-type-simple"},"wcpa_form_fields":null,"brands":[{"id":332,"name":"Victron Energia","slug":"victron"}],"_links":{"self":[{"href":"https:\/\/fvcomponentes.com\/pt\/wp-json\/wp\/v2\/product\/3089","targetHints":{"allow":["GET"]}}],"collection":[{"href":"https:\/\/fvcomponentes.com\/pt\/wp-json\/wp\/v2\/product"}],"about":[{"href":"https:\/\/fvcomponentes.com\/pt\/wp-json\/wp\/v2\/types\/product"}],"replies":[{"embeddable":true,"href":"https:\/\/fvcomponentes.com\/pt\/wp-json\/wp\/v2\/comments?post=3089"}],"wp:featuredmedia":[{"embeddable":true,"href":"https:\/\/fvcomponentes.com\/pt\/wp-json\/wp\/v2\/media\/3090"}],"wp:attachment":[{"href":"https:\/\/fvcomponentes.com\/pt\/wp-json\/wp\/v2\/media?parent=3089"}],"wp:term":[{"taxonomy":"pwb-brand","embeddable":true,"href":"https:\/\/fvcomponentes.com\/pt\/wp-json\/wp\/v2\/pwb-brand?post=3089"},{"taxonomy":"product_brand","embeddable":true,"href":"https:\/\/fvcomponentes.com\/pt\/wp-json\/wp\/v2\/product_brand?post=3089"},{"taxonomy":"product_cat","embeddable":true,"href":"https:\/\/fvcomponentes.com\/pt\/wp-json\/wp\/v2\/product_cat?post=3089"},{"taxonomy":"product_tag","embeddable":true,"href":"https:\/\/fvcomponentes.com\/pt\/wp-json\/wp\/v2\/product_tag?post=3089"}],"curies":[{"name":"wp","href":"https:\/\/api.w.org\/{rel}","templated":true}]}}