{"id":3070,"date":"2020-05-08T14:50:26","date_gmt":"2020-05-08T12:50:26","guid":{"rendered":"https:\/\/fvcomponentes.com\/producto\/inversor-phoenix-12-800-ve-direct-schuko\/"},"modified":"2026-01-15T10:08:30","modified_gmt":"2026-01-15T09:08:30","slug":"inversor-schuko-direto-phoenix-12-800-ve","status":"publish","type":"product","link":"https:\/\/fvcomponentes.com\/pt\/producto\/inversor-phoenix-12-800-ve-direct-schuko\/","title":{"rendered":"Inversor Victron Phoenix 12\/800 VE Direct Schuko - PIN121801200"},"content":{"rendered":"<h2><strong>A porta de comunica\u00e7\u00f5es Victron VE.Direct permite que o inversor FV seja ligado ao<\/strong><\/h2>\n<ul>\n<li>Um computador (\u00e9 necess\u00e1rio um cabo de interface VE.Direct para USB).<\/li>\n<li>Smartphones Apple e Android, tablets, mackbooks e outros dispositivos (\u00e9 necess\u00e1rio um dongle VE.Direct para Bluetooth Smart).<\/li>\n<\/ul>\n<h2><strong>O inversor Phoenix 12\/800 \u00e9 totalmente configur\u00e1vel:<\/strong><\/h2>\n<ul>\n<li>Alarme de tens\u00e3o baixa da bateria e n\u00edveis de reconex\u00e3o.<\/li>\n<li>N\u00edveis de desligamento e rein\u00edcio por baixa tens\u00e3o da bateria.<\/li>\n<li>Desconex\u00e3o din\u00e2mica: n\u00edvel de desconex\u00e3o dependente da carga<\/li>\n<li>Tens\u00e3o de sa\u00edda 210 - 245V<\/li>\n<li>Frequ\u00eancia 50 Hz ou 60 Hz<\/li>\n<li>Modo ECO ligado\/desligado e sensor de n\u00edvel do modo ECO<\/li>\n<\/ul>\n<h2>Funcionamento em modo ECO<\/h2>\n<p>O inversor permanece em stand-by quando a pot\u00eancia em Watts da sua sa\u00edda desce abaixo de um valor previamente configurado. Uma vez em stand-by, o inversor ligar-se-\u00e1 brevemente (ajust\u00e1vel; predefini\u00e7\u00e3o: a cada 2,5 segundos). Se a carga exceder o n\u00edvel predefinido, o inversor permanecer\u00e1 ligado.<\/p>\n<h2>Elevada pot\u00eancia de arranque de pico adicional<\/h2>\n<p>Uma das caracter\u00edsticas da tecnologia SinusMax \u00e9 a sua pot\u00eancia de arranque muito elevada. Os inversores Phoenix s\u00e3o adequados para alimentar cargas dif\u00edceis, tais como motores ou ferramentas el\u00e9ctricas com uma pot\u00eancia de arranque de pico elevada.<\/p>\n<h2>Interruptor remoto para ligar\/desligar<\/h2>\n<p>Neste modelo de inversor solar, \u00e9 poss\u00edvel ligar um interrutor On\/Off remoto e passar os dois fios at\u00e9 ao inversor para ligar e desligar o inversor \u00e0 dist\u00e2ncia. Esta op\u00e7\u00e3o \u00e9 uma das mais valorizadas pelos clientes com uma caravana ou um barco ou veleiro.<\/p>\n<h2>Ficha t\u00e9cnica Victron Phoenix Inverter 12\/800 VE Direct Schuko - PIN121801200<\/h2>\n<p><a href=\"https:\/\/fvcomponentes.com\/wp-content\/uploads\/2020\/05\/Datasheet-Phoenix-Inverter-VE.Direct-250VA-1200VA-ES.pdf\" target=\"_blank\" rel=\"noopener\">Ver ficha t\u00e9cnica Phoenix Inverter 12\/800 VE Direct Schuko - PIN121801200<\/a><\/p>","protected":false},"excerpt":{"rendered":"<ul>\n<li><strong>Pot\u00eancia nominal: <\/strong>800W<\/li>\n<li><strong>Pot\u00eancia de pico: <\/strong>1500W<\/li>\n<li><strong>Tens\u00e3o de entrada: <\/strong>12V<\/li>\n<\/ul>","protected":false},"featured_media":3071,"comment_status":"open","ping_status":"closed","template":"","meta":{"site-sidebar-layout":"default","site-content-layout":"default","ast-site-content-layout":"default","site-content-style":"default","site-sidebar-style":"default","ast-global-header-display":"","ast-banner-title-visibility":"","ast-main-header-display":"","ast-hfb-above-header-display":"","ast-hfb-below-header-display":"","ast-hfb-mobile-header-display":"","site-post-title":"","ast-breadcrumbs-content":"","ast-featured-img":"","footer-sml-layout":"","ast-disable-related-posts":"","theme-transparent-header-meta":"default","adv-header-id-meta":"","stick-header-meta":"","header-above-stick-meta":"","header-main-stick-meta":"","header-below-stick-meta":"","astra-migrate-meta-layouts":"set","ast-page-background-enabled":"default","ast-page-background-meta":{"desktop":{"background-color":"var(--ast-global-color-4)","background-image":"","background-repeat":"repeat","background-position":"center center","background-size":"auto","background-attachment":"scroll","background-type":"","background-media":"","overlay-type":"","overlay-color":"","overlay-opacity":"","overlay-gradient":""},"tablet":{"background-color":"","background-image":"","background-repeat":"repeat","background-position":"center center","background-size":"auto","background-attachment":"scroll","background-type":"","background-media":"","overlay-type":"","overlay-color":"","overlay-opacity":"","overlay-gradient":""},"mobile":{"background-color":"","background-image":"","background-repeat":"repeat","background-position":"center center","background-size":"auto","background-attachment":"scroll","background-type":"","background-media":"","overlay-type":"","overlay-color":"","overlay-opacity":"","overlay-gradient":""}},"ast-content-background-meta":{"desktop":{"background-color":"var(--ast-global-color-5)","background-image":"","background-repeat":"repeat","background-position":"center center","background-size":"auto","background-attachment":"scroll","background-type":"","background-media":"","overlay-type":"","overlay-color":"","overlay-opacity":"","overlay-gradient":""},"tablet":{"background-color":"var(--ast-global-color-5)","background-image":"","background-repeat":"repeat","background-position":"center center","background-size":"auto","background-attachment":"scroll","background-type":"","background-media":"","overlay-type":"","overlay-color":"","overlay-opacity":"","overlay-gradient":""},"mobile":{"background-color":"var(--ast-global-color-5)","background-image":"","background-repeat":"repeat","background-position":"center center","background-size":"auto","background-attachment":"scroll","background-type":"","background-media":"","overlay-type":"","overlay-color":"","overlay-opacity":"","overlay-gradient":""}}},"pwb-brand":[332],"product_brand":[],"product_cat":[364,333],"product_tag":[],"class_list":{"0":"post-3070","1":"product","2":"type-product","3":"status-publish","4":"has-post-thumbnail","6":"pwb-brand-victron","7":"product_cat-inversores-12-v","8":"product_cat-inversores","9":"desktop-align-left","10":"tablet-align-left","11":"mobile-align-left","12":"ast-product-gallery-layout-horizontal-slider","13":"ast-product-gallery-with-no-image","14":"ast-product-tabs-layout-horizontal","16":"first","17":"instock","18":"taxable","19":"shipping-taxable","20":"purchasable","21":"product-type-simple"},"wcpa_form_fields":null,"brands":[{"id":332,"name":"Victron Energia","slug":"victron"}],"_links":{"self":[{"href":"https:\/\/fvcomponentes.com\/pt\/wp-json\/wp\/v2\/product\/3070","targetHints":{"allow":["GET"]}}],"collection":[{"href":"https:\/\/fvcomponentes.com\/pt\/wp-json\/wp\/v2\/product"}],"about":[{"href":"https:\/\/fvcomponentes.com\/pt\/wp-json\/wp\/v2\/types\/product"}],"replies":[{"embeddable":true,"href":"https:\/\/fvcomponentes.com\/pt\/wp-json\/wp\/v2\/comments?post=3070"}],"wp:featuredmedia":[{"embeddable":true,"href":"https:\/\/fvcomponentes.com\/pt\/wp-json\/wp\/v2\/media\/3071"}],"wp:attachment":[{"href":"https:\/\/fvcomponentes.com\/pt\/wp-json\/wp\/v2\/media?parent=3070"}],"wp:term":[{"taxonomy":"pwb-brand","embeddable":true,"href":"https:\/\/fvcomponentes.com\/pt\/wp-json\/wp\/v2\/pwb-brand?post=3070"},{"taxonomy":"product_brand","embeddable":true,"href":"https:\/\/fvcomponentes.com\/pt\/wp-json\/wp\/v2\/product_brand?post=3070"},{"taxonomy":"product_cat","embeddable":true,"href":"https:\/\/fvcomponentes.com\/pt\/wp-json\/wp\/v2\/product_cat?post=3070"},{"taxonomy":"product_tag","embeddable":true,"href":"https:\/\/fvcomponentes.com\/pt\/wp-json\/wp\/v2\/product_tag?post=3070"}],"curies":[{"name":"wp","href":"https:\/\/api.w.org\/{rel}","templated":true}]}}