{"id":3053,"date":"2020-03-30T21:58:24","date_gmt":"2020-03-30T19:58:24","guid":{"rendered":"https:\/\/fvcomponentes.com\/producto\/fronius-symo-5-0-3-m\/"},"modified":"2026-01-09T11:56:14","modified_gmt":"2026-01-09T10:56:14","slug":"fronius-symo-5-0-3-m","status":"publish","type":"product","link":"https:\/\/fvcomponentes.com\/pt\/producto\/fronius-symo-5-0-3-m\/","title":{"rendered":"Inversor trif\u00e1sico Fronius Symo 5.0-3-M - 4.210.034"},"content":{"rendered":"<h2><strong>Porque \u00e9 que o Fronius Symo 5.0 \u00e9 o melhor inversor solar para autoconsumo?<\/strong><\/h2>\n<p>O inversor trif\u00e1sico Fronius Symo 5.0-3-M - 4.210.034 <strong>\u00e9 a melhor solu\u00e7\u00e3o<\/strong> para um fornecimento flex\u00edvel de energia solar. Com uma capacidade m\u00e1xima de sa\u00edda do painel solar de 10 <strong>kWp<\/strong> O Fronius Symo \u00e9 o <strong><a href=\"https:\/\/fvcomponentes.com\/pt\/categoria-produto\/investidores-2\/inversores-de-autoconsumo\/\" target=\"_blank\" rel=\"noopener noreferrer\">inversor trif\u00e1sico<\/a><\/strong> ideal para qualquer tamanho de instala\u00e7\u00e3o.<\/p>\n<p>Com o seu design SuperFlex, \u00e9 perfeito para telhados com diferentes inclina\u00e7\u00f5es ou diferentes orienta\u00e7\u00f5es gra\u00e7as \u00e0s suas 2 entradas MPPT. A liga\u00e7\u00e3o \u00e0 Internet integrada de s\u00e9rie atrav\u00e9s de WLAN ou Ethernet e a f\u00e1cil integra\u00e7\u00e3o de componentes de terceiros fazem do Fronius Symo um dos inversores mais comunicativos do mercado. O ecr\u00e3 integrado permite uma visualiza\u00e7\u00e3o muito r\u00e1pida e clara do consumo.<\/p>\n<h3><strong>Como ligar o inversor solar?<\/strong><\/h3>\n<p>A sua instala\u00e7\u00e3o \u00e9 muito simples e r\u00e1pida, na parte inferior do equipamento podemos encontrar as entradas para a cablagem AC, o interrutor de corte de carga DC e as entradas para os strings (lembre-se que incorpora 2 trackers MPPT).<\/p>\n<p>No interior, ao retirar a tampa inferior, podemos encontrar as liga\u00e7\u00f5es para a rede ETHERNET, a antena WiFi e as liga\u00e7\u00f5es el\u00e9ctricas para podermos ligar-nos \u00e0 rede. <strong>ligar os aparelhos em fun\u00e7\u00e3o da produ\u00e7\u00e3o solar.<\/strong><\/p>\n<p><img fetchpriority=\"high\" decoding=\"async\" class=\"size-full wp-image-5565 alignnone\" src=\"https:\/\/fvcomponentes.com\/wp-content\/uploads\/2022\/11\/fronius-primo-connection-area-inverter-169.jpg\" alt=\"fronius-primo-connection-area-inverter\" width=\"770\" height=\"433\" title=\"\"><\/p>\n<h2><\/h2>\n<h3><strong>Diagrama de configura\u00e7\u00e3o trif\u00e1sica do Fronius Symo 5.0-3-M - 4.210.034<\/strong><\/h3>\n<p>O esquema de instala\u00e7\u00e3o \u00e9 muito simples, basta instalar o <strong><a href=\"https:\/\/fvcomponentes.com\/pt\/categoria-produto\/investidores-2\/acessorios\/\" target=\"_blank\" rel=\"noopener noreferrer\">Contador inteligente Fronius<\/a> <\/strong>no ponto de fronteira da nossa instala\u00e7\u00e3o e comunicam com o Inversor Fronius. Desta forma, podemos monitorizar toda a energia que consumimos da rede, dos pain\u00e9is ou a energia que alimentamos na rede.<\/p>\n<p><img decoding=\"async\" class=\"alignnone\" title=\"schema-connection-fronius\" src=\"https:\/\/fvcomponentes.com\/wp-content\/uploads\/2022\/11\/esquema-fronius.jpg\" alt=\"Esquema-Configura\u00e7\u00e3o-Fronius\" width=\"990\" height=\"350\" \/><\/p>\n<p>&nbsp;<\/p>\n<h3><strong>Monitoriza\u00e7\u00e3o do inversor Fronius Symo 5.0 <a href=\"https:\/\/www.solarweb.com\/\" target=\"_blank\" rel=\"noopener noreferrer\">Solarweb.com<\/a><\/strong><\/h3>\n<p>A montagem do Fronius Symo \u00e9 uma brincadeira de crian\u00e7as, assim como a sua opera\u00e7\u00e3o. Todos os modelos disp\u00f5em de um pacote de comunica\u00e7\u00e3o integrado com WLAN, um servidor Web e um Datalogger de s\u00e9rie. Atrav\u00e9s do nosso portal online Fronius Solar.web, os utilizadores podem monitorizar e controlar a pot\u00eancia do seu sistema fotovoltaico de forma c\u00f3moda e abrangente.<\/p>\n<p>A aplica\u00e7\u00e3o <strong><a href=\"https:\/\/www.solarweb.com\/\" target=\"_blank\" rel=\"noopener noreferrer\">Fronius Solar.web<\/a><\/strong> tamb\u00e9m lhes permite aceder a todos os dados do seu sistema em qualquer altura, mesmo quando est\u00e3o fora de casa. Isto proporciona a m\u00e1xima transpar\u00eancia e ajuda-o a tirar o m\u00e1ximo partido da sua energia solar auto-gerada.<\/p>\n<p>&nbsp;<\/p>\n<p><img decoding=\"async\" class=\"alignnone wp-image-5566 size-full\" src=\"https:\/\/fvcomponentes.com\/wp-content\/uploads\/2022\/11\/reference-solarweb-app-galvo-ried-tr-169.jpg\" alt=\"solarweb.com-fronius\" width=\"770\" height=\"433\" title=\"\"><\/p>\n<p><img loading=\"lazy\" decoding=\"async\" class=\"alignnone wp-image-5564 size-full\" title=\"fronius-solarweb-monitoring-desktop\" src=\"https:\/\/fvcomponentes.com\/wp-content\/uploads\/2022\/11\/fronius-solarweb-monitoring-desktop-169-en.jpg\" alt=\"fronius-solarweb-Fronius-Symo-3.0\" width=\"770\" height=\"433\" \/><\/p>\n<h2>Folha de dados Inversor Fronius Symo 5.0-3-M Trif\u00e1sico - 4.210.034<\/h2>\n<p><a href=\"https:\/\/fvcomponentes.com\/wp-content\/uploads\/2025\/09\/Fronius_TDS_Symo_3.0-3_20.0-3_ES.pdf\" target=\"_blank\" rel=\"noopener\">Ficha t\u00e9cnica Inversor trif\u00e1sico Fronius Symo 5.0-3-M - 4.210.034<\/a><\/p>\n<p>&nbsp;<\/p>","protected":false},"excerpt":{"rendered":"<p><strong>Inversor trif\u00e1sico Fronius Symo 5.0-3-M:\u00a0<\/strong><\/p>\n<ul>\n<li><strong>Pot\u00eancia m\u00e1xima de sa\u00edda;<\/strong> 5 kW<\/li>\n<li><strong>Pot\u00eancia m\u00e1xima dos pain\u00e9is solares;<\/strong> 10 kWp<\/li>\n<\/ul>","protected":false},"featured_media":3049,"comment_status":"open","ping_status":"closed","template":"","meta":{"site-sidebar-layout":"default","site-content-layout":"default","ast-site-content-layout":"default","site-content-style":"default","site-sidebar-style":"default","ast-global-header-display":"","ast-banner-title-visibility":"","ast-main-header-display":"","ast-hfb-above-header-display":"","ast-hfb-below-header-display":"","ast-hfb-mobile-header-display":"","site-post-title":"","ast-breadcrumbs-content":"","ast-featured-img":"","footer-sml-layout":"","ast-disable-related-posts":"","theme-transparent-header-meta":"default","adv-header-id-meta":"","stick-header-meta":"","header-above-stick-meta":"","header-main-stick-meta":"","header-below-stick-meta":"","astra-migrate-meta-layouts":"set","ast-page-background-enabled":"default","ast-page-background-meta":{"desktop":{"background-color":"var(--ast-global-color-4)","background-image":"","background-repeat":"repeat","background-position":"center center","background-size":"auto","background-attachment":"scroll","background-type":"","background-media":"","overlay-type":"","overlay-color":"","overlay-opacity":"","overlay-gradient":""},"tablet":{"background-color":"","background-image":"","background-repeat":"repeat","background-position":"center center","background-size":"auto","background-attachment":"scroll","background-type":"","background-media":"","overlay-type":"","overlay-color":"","overlay-opacity":"","overlay-gradient":""},"mobile":{"background-color":"","background-image":"","background-repeat":"repeat","background-position":"center center","background-size":"auto","background-attachment":"scroll","background-type":"","background-media":"","overlay-type":"","overlay-color":"","overlay-opacity":"","overlay-gradient":""}},"ast-content-background-meta":{"desktop":{"background-color":"var(--ast-global-color-5)","background-image":"","background-repeat":"repeat","background-position":"center center","background-size":"auto","background-attachment":"scroll","background-type":"","background-media":"","overlay-type":"","overlay-color":"","overlay-opacity":"","overlay-gradient":""},"tablet":{"background-color":"var(--ast-global-color-5)","background-image":"","background-repeat":"repeat","background-position":"center center","background-size":"auto","background-attachment":"scroll","background-type":"","background-media":"","overlay-type":"","overlay-color":"","overlay-opacity":"","overlay-gradient":""},"mobile":{"background-color":"var(--ast-global-color-5)","background-image":"","background-repeat":"repeat","background-position":"center center","background-size":"auto","background-attachment":"scroll","background-type":"","background-media":"","overlay-type":"","overlay-color":"","overlay-opacity":"","overlay-gradient":""}}},"pwb-brand":[344],"product_brand":[],"product_cat":[345,333,921],"product_tag":[],"class_list":{"0":"post-3053","1":"product","2":"type-product","3":"status-publish","4":"has-post-thumbnail","6":"pwb-brand-fronius","7":"product_cat-inversores-de-autoconsumo","8":"product_cat-inversores","9":"product_cat-inversores-autoconsumo-trifasicos","10":"desktop-align-left","11":"tablet-align-left","12":"mobile-align-left","13":"ast-product-gallery-layout-horizontal-slider","14":"ast-product-gallery-with-no-image","15":"ast-product-tabs-layout-horizontal","17":"first","18":"outofstock","19":"sale","20":"taxable","21":"shipping-taxable","22":"purchasable","23":"product-type-simple"},"wcpa_form_fields":null,"brands":[{"id":344,"name":"Inversores Fronius","slug":"frontais"}],"_links":{"self":[{"href":"https:\/\/fvcomponentes.com\/pt\/wp-json\/wp\/v2\/product\/3053","targetHints":{"allow":["GET"]}}],"collection":[{"href":"https:\/\/fvcomponentes.com\/pt\/wp-json\/wp\/v2\/product"}],"about":[{"href":"https:\/\/fvcomponentes.com\/pt\/wp-json\/wp\/v2\/types\/product"}],"replies":[{"embeddable":true,"href":"https:\/\/fvcomponentes.com\/pt\/wp-json\/wp\/v2\/comments?post=3053"}],"wp:featuredmedia":[{"embeddable":true,"href":"https:\/\/fvcomponentes.com\/pt\/wp-json\/wp\/v2\/media\/3049"}],"wp:attachment":[{"href":"https:\/\/fvcomponentes.com\/pt\/wp-json\/wp\/v2\/media?parent=3053"}],"wp:term":[{"taxonomy":"pwb-brand","embeddable":true,"href":"https:\/\/fvcomponentes.com\/pt\/wp-json\/wp\/v2\/pwb-brand?post=3053"},{"taxonomy":"product_brand","embeddable":true,"href":"https:\/\/fvcomponentes.com\/pt\/wp-json\/wp\/v2\/product_brand?post=3053"},{"taxonomy":"product_cat","embeddable":true,"href":"https:\/\/fvcomponentes.com\/pt\/wp-json\/wp\/v2\/product_cat?post=3053"},{"taxonomy":"product_tag","embeddable":true,"href":"https:\/\/fvcomponentes.com\/pt\/wp-json\/wp\/v2\/product_tag?post=3053"}],"curies":[{"name":"wp","href":"https:\/\/api.w.org\/{rel}","templated":true}]}}