{"id":3034,"date":"2020-03-30T21:48:57","date_gmt":"2020-03-30T19:48:57","guid":{"rendered":"https:\/\/fvcomponentes.com\/producto\/fronius-primo-gen-24-plus-4-6\/"},"modified":"2026-03-30T12:15:21","modified_gmt":"2026-03-30T10:15:21","slug":"fronius-primo-gen-24-plus-4-6-2","status":"publish","type":"product","link":"https:\/\/fvcomponentes.com\/pt\/producto\/fronius-primo-gen-24-plus-4-6-2\/","title":{"rendered":"Inversor Fronius Primo GEN24 4.6 Plus H\u00edbrido Monof\u00e1sico \u2013 4.210.143.002"},"content":{"rendered":"<h2><strong>Porque \u00e9 que o Primo GEN24 Plus 4.6 \u00e9 o melhor inversor solar h\u00edbrido?<\/strong><\/h2>\n<p>O inversor h\u00edbrido Fronius Primo GEN24 4.6 Plus <strong>\u00e9 a melhor solu\u00e7\u00e3o<\/strong> para um abastecimento flex\u00edvel de energia solar. Quer seja utilizado em sistemas fotovoltaicos, sistemas de armazenamento, energia de emerg\u00eancia, ar condicionado ou mobilidade el\u00e9ctrica, o Fronius GEN24 Plus oferece uma gama \u00fanica de solu\u00e7\u00f5es.<\/p>\n<div>\n<table>\n<tbody>\n<tr>\n<td><img decoding=\"async\" class=\"aligncenter size-full wp-image-6137\" src=\"https:\/\/fvcomponentes.com\/wp-content\/uploads\/2022\/11\/icon-gen24-enchufe.png\" alt=\"\" width=\"50\" height=\"50\" title=\"\"><\/td>\n<td><\/td>\n<td>\n<h3><strong>Sistema BACK-UP integrado<\/strong><\/h3>\n<p>Os inversores Fronius da s\u00e9rie GEN24 Plus disp\u00f5em de um sistema de emerg\u00eancia integrado que funciona mesmo em instala\u00e7\u00f5es sem bateria integrada.<\/td>\n<\/tr>\n<tr>\n<td><img decoding=\"async\" class=\"aligncenter size-full wp-image-6138\" src=\"https:\/\/fvcomponentes.com\/wp-content\/uploads\/2022\/11\/icon-gen24-llave.png\" alt=\"\" width=\"50\" height=\"50\" title=\"\"><\/td>\n<td><\/td>\n<td>\n<h3><strong>Instala\u00e7\u00e3o e coloca\u00e7\u00e3o em funcionamento simples<\/strong><\/h3>\n<p>Possui parafusos de fixa\u00e7\u00e3o r\u00e1pida e um sistema simples de montagem na parede. Configura\u00e7\u00e3o e coloca\u00e7\u00e3o em funcionamento simples e guiada atrav\u00e9s de uma aplica\u00e7\u00e3o no nosso telem\u00f3vel ou tablet.<\/td>\n<\/tr>\n<tr>\n<td><img decoding=\"async\" class=\"aligncenter size-full wp-image-6139\" src=\"https:\/\/fvcomponentes.com\/wp-content\/uploads\/2022\/11\/icon-gen24-casa.png\" alt=\"\" width=\"50\" height=\"50\" title=\"\"><\/td>\n<td><\/td>\n<td>\n<h3><strong>Gama m\u00e1xima de autoconsumo<\/strong><\/h3>\n<p>Sistema integrado de gest\u00e3o da energia. Otimiza\u00e7\u00e3o da energia excedente para obter o m\u00e1ximo r\u00e1cio de autoconsumo poss\u00edvel.<\/td>\n<\/tr>\n<tr>\n<td><img loading=\"lazy\" decoding=\"async\" class=\"aligncenter size-full wp-image-6140\" src=\"https:\/\/fvcomponentes.com\/wp-content\/uploads\/2022\/11\/icon-gen24-bateria.png\" alt=\"\" width=\"50\" height=\"50\" title=\"\"><\/td>\n<td><\/td>\n<td>\n<h3><strong>Tecnologia MULTIFLOW<\/strong><\/h3>\n<p>Permite o fluxo simult\u00e2neo de energia em todas as direc\u00e7\u00f5es, mas tamb\u00e9m o acoplamento AC, DC e AC &amp; DC do sistema de armazenamento da bateria.<\/td>\n<\/tr>\n<tr>\n<td><img loading=\"lazy\" decoding=\"async\" class=\"aligncenter size-full wp-image-6141\" src=\"https:\/\/fvcomponentes.com\/wp-content\/uploads\/2022\/11\/icon-gen24-ahorro.png\" alt=\"\" width=\"50\" height=\"50\" title=\"\"><\/td>\n<td><\/td>\n<td>\n<h3><strong>Poupan\u00e7a garantida<\/strong><\/h3>\n<p>Numerosas caracter\u00edsticas integradas na f\u00e1brica eliminam custos adicionais desnecess\u00e1rios. Caracter\u00edsticas integradas: Sistema de backup, ferramenta de rastreio e an\u00e1lise de energia, Dynamic Peak Manager, design SuperFlex, sistema de gest\u00e3o de excedentes...<\/td>\n<\/tr>\n<\/tbody>\n<\/table>\n<\/div>\n<h3>Integra\u00e7\u00e3o do inversor Fronius Primo GEN24 Plus<\/h3>\n<p>O inversor Fronius Primo GEN24 Plus \u00e9 a solu\u00e7\u00e3o mais vers\u00e1til que cobre todas as necessidades dom\u00e9sticas. A integra\u00e7\u00e3o energ\u00e9tica da casa est\u00e1 assegurada, com um elemento indispens\u00e1vel que transforma a energia dos pain\u00e9is solares em eletricidade adequada a todo o tipo de electrodom\u00e9sticos, esquentadores ou pontos de carregamento para os novos ve\u00edculos el\u00e9ctricos.<\/p>\n<p>A s\u00e9rie GEN24 Plus integra-se perfeitamente com um sistema integrado de monitoriza\u00e7\u00e3o e controlo com o qual temos acesso \u00e0 nossa instala\u00e7\u00e3o a partir de qualquer lugar com dados em tempo real gra\u00e7as a <a href=\"https:\/\/www.solarweb.com\/\" target=\"_blank\" rel=\"noreferrer noopener\">Solar.web<\/a>. Aplica\u00e7\u00e3o dispon\u00edvel para Android e Apple.<\/p>\n<h3><strong>Fronius PV-Point<\/strong><\/h3>\n<p>A tecnologia revolucion\u00e1ria da Fronius oferece-nos uma pot\u00eancia de 3 kW para situa\u00e7\u00f5es de emerg\u00eancia. A novidade \u00e9 que esta pot\u00eancia \u00e9 capaz de funcionar nas seguintes situa\u00e7\u00f5es<strong> n\u00e3o necessita de pilhas<\/strong>. Podemos alimentar diretamente qualquer equipamento numa base pontual, desde que os pain\u00e9is forne\u00e7am essa energia nesse momento.<\/p>\n<p><img loading=\"lazy\" decoding=\"async\" class=\"alignnone wp-image-5558\" src=\"https:\/\/fvcomponentes.com\/wp-content\/uploads\/2022\/11\/pv-point-fronius.png\" alt=\"pv-point-fronius\" width=\"800\" height=\"557\" title=\"\"><\/p>\n<p>Sem necessidade de rede el\u00e9ctrica e sem necessidade de uma bateria, podemos alimentar diretamente os pain\u00e9is solares com uma linha at\u00e9 3 kW.<\/p>\n<h3><strong>Tecnologia Multi Flow do Primo GEN24 Plus 4.6<\/strong><\/h3>\n<p>Agora a energia pode fluir em qualquer dire\u00e7\u00e3o, Pain\u00e9is - Bateria Solar e Rede, at\u00e9 mesmo regras de tempo podem ser criadas para carregar a partir da rede, definir uma descarga m\u00ednima da bateria, etc... Quase todas as combina\u00e7\u00f5es s\u00e3o poss\u00edveis.<\/p>\n<p><img loading=\"lazy\" decoding=\"async\" class=\"alignnone wp-image-5557\" src=\"https:\/\/fvcomponentes.com\/wp-content\/uploads\/2022\/11\/multiflow.png\" alt=\"fronius-multifow\" width=\"800\" height=\"541\" title=\"\"><\/p>\n<p>Isto permite-nos tirar partido de uma tarifa nocturna e conservar energia em baterias para o dia seguinte, alimentar a rede se tivermos a bateria com um m\u00ednimo de % de carga, controlar cargas se tivermos produ\u00e7\u00e3o excedent\u00e1ria a meio do dia (ligar o purificador da piscina, por exemplo...).<\/p>\n<h3><strong>Full-Backup Fronius Primo GEN24 Plus 4.6<\/strong><\/h3>\n<p>Gra\u00e7as a esta nova fun\u00e7\u00e3o Fronius, \u00e9 poss\u00edvel fornecer energia ao consumo dom\u00e9stico em caso de falha de corrente.<\/p>\n<p><img loading=\"lazy\" decoding=\"async\" class=\"alignnone wp-image-5559\" src=\"https:\/\/fvcomponentes.com\/wp-content\/uploads\/2022\/11\/full-backup-fronius-1024x675.png\" alt=\"full-backup-fronius\" width=\"800\" height=\"527\" title=\"\"><\/p>\n<p>Em caso de falha de energia, o sistema \u00e9 isolado da rede com um contactor e, ap\u00f3s 60 segundos, podemos utilizar a energia solar fotovoltaica para casos espec\u00edficos.<\/p>\n<p>Para mais informa\u00e7\u00f5es, consultar o s\u00edtio Web de <strong><a href=\"https:\/\/www.fronius.com\/es-es\/spain\/energia-solar\/experiencia\/gen24plus\" target=\"_blank\" rel=\"noopener noreferrer\">Fronius GEN24 Plus<\/a><\/strong><\/p>\n<h3><strong>Compatibilidade da bateria<\/strong><\/h3>\n<p>A gama de inversores Fronius GEN24 Plus \u00e9 compat\u00edvel com as seguintes baterias B&amp;D.<\/p>\n<p><img loading=\"lazy\" decoding=\"async\" class=\"size-full wp-image-5560 alignnone\" src=\"https:\/\/fvcomponentes.com\/wp-content\/uploads\/2022\/11\/compatibilidad-FRO_BYD_02.2020.png\" alt=\"compatibilidade-fronius-BYD\" width=\"581\" height=\"290\" title=\"\"><\/p>\n<h2><a href=\"https:\/\/fvcomponentes.com\/wp-content\/uploads\/2025\/09\/ES_Datasheet_PrimoGEN24-1.pdf\" target=\"_blank\" rel=\"noopener\">Ver ficha t\u00e9cnica Fronius Primo Inverter GEN24 Plus 4.6 Monof\u00e1sico H\u00edbrido - 4.210.143.002<\/a><\/h2>","protected":false},"excerpt":{"rendered":"<ul>\n<li><strong>Inversor h\u00edbrido Fronius Primo GEN24 4.6 Plus<\/strong><\/li>\n<li><strong>Pot\u00eancia m\u00e1xima de sa\u00edda;<\/strong> 4,6 kW<\/li>\n<li><strong>Pot\u00eancia m\u00e1xima dos pain\u00e9is solares;<\/strong> 6,9 kWp<\/li>\n<li><strong>Capacidade m\u00e1xima da bateria;<\/strong> 19,3 kW\/h<\/li>\n<li><strong>Sa\u00edda de emerg\u00eancia PV-Point;<\/strong> 3 kW<\/li>\n<\/ul>","protected":false},"featured_media":3028,"comment_status":"open","ping_status":"closed","template":"","meta":{"site-sidebar-layout":"default","site-content-layout":"default","ast-site-content-layout":"default","site-content-style":"default","site-sidebar-style":"default","ast-global-header-display":"","ast-banner-title-visibility":"","ast-main-header-display":"","ast-hfb-above-header-display":"","ast-hfb-below-header-display":"","ast-hfb-mobile-header-display":"","site-post-title":"","ast-breadcrumbs-content":"","ast-featured-img":"","footer-sml-layout":"","ast-disable-related-posts":"","theme-transparent-header-meta":"default","adv-header-id-meta":"","stick-header-meta":"","header-above-stick-meta":"","header-main-stick-meta":"","header-below-stick-meta":"","astra-migrate-meta-layouts":"set","ast-page-background-enabled":"default","ast-page-background-meta":{"desktop":{"background-color":"var(--ast-global-color-4)","background-image":"","background-repeat":"repeat","background-position":"center center","background-size":"auto","background-attachment":"scroll","background-type":"","background-media":"","overlay-type":"","overlay-color":"","overlay-opacity":"","overlay-gradient":""},"tablet":{"background-color":"","background-image":"","background-repeat":"repeat","background-position":"center center","background-size":"auto","background-attachment":"scroll","background-type":"","background-media":"","overlay-type":"","overlay-color":"","overlay-opacity":"","overlay-gradient":""},"mobile":{"background-color":"","background-image":"","background-repeat":"repeat","background-position":"center center","background-size":"auto","background-attachment":"scroll","background-type":"","background-media":"","overlay-type":"","overlay-color":"","overlay-opacity":"","overlay-gradient":""}},"ast-content-background-meta":{"desktop":{"background-color":"var(--ast-global-color-5)","background-image":"","background-repeat":"repeat","background-position":"center center","background-size":"auto","background-attachment":"scroll","background-type":"","background-media":"","overlay-type":"","overlay-color":"","overlay-opacity":"","overlay-gradient":""},"tablet":{"background-color":"var(--ast-global-color-5)","background-image":"","background-repeat":"repeat","background-position":"center center","background-size":"auto","background-attachment":"scroll","background-type":"","background-media":"","overlay-type":"","overlay-color":"","overlay-opacity":"","overlay-gradient":""},"mobile":{"background-color":"var(--ast-global-color-5)","background-image":"","background-repeat":"repeat","background-position":"center center","background-size":"auto","background-attachment":"scroll","background-type":"","background-media":"","overlay-type":"","overlay-color":"","overlay-opacity":"","overlay-gradient":""}}},"pwb-brand":[344],"product_brand":[],"product_cat":[359,924,333],"product_tag":[],"class_list":{"0":"post-3034","1":"product","2":"type-product","3":"status-publish","4":"has-post-thumbnail","6":"pwb-brand-fronius","7":"product_cat-inversores-autoconsumo-hibridos","8":"product_cat-inversores-autoconsumo-hibridos-monofasicos","9":"product_cat-inversores","10":"desktop-align-left","11":"tablet-align-left","12":"mobile-align-left","13":"ast-product-gallery-layout-horizontal-slider","14":"ast-product-gallery-with-no-image","15":"ast-product-tabs-layout-horizontal","17":"first","18":"instock","19":"taxable","20":"shipping-taxable","21":"purchasable","22":"product-type-simple"},"wcpa_form_fields":null,"brands":[{"id":344,"name":"Inversores Fronius","slug":"frontais"}],"_links":{"self":[{"href":"https:\/\/fvcomponentes.com\/pt\/wp-json\/wp\/v2\/product\/3034","targetHints":{"allow":["GET"]}}],"collection":[{"href":"https:\/\/fvcomponentes.com\/pt\/wp-json\/wp\/v2\/product"}],"about":[{"href":"https:\/\/fvcomponentes.com\/pt\/wp-json\/wp\/v2\/types\/product"}],"replies":[{"embeddable":true,"href":"https:\/\/fvcomponentes.com\/pt\/wp-json\/wp\/v2\/comments?post=3034"}],"wp:featuredmedia":[{"embeddable":true,"href":"https:\/\/fvcomponentes.com\/pt\/wp-json\/wp\/v2\/media\/3028"}],"wp:attachment":[{"href":"https:\/\/fvcomponentes.com\/pt\/wp-json\/wp\/v2\/media?parent=3034"}],"wp:term":[{"taxonomy":"pwb-brand","embeddable":true,"href":"https:\/\/fvcomponentes.com\/pt\/wp-json\/wp\/v2\/pwb-brand?post=3034"},{"taxonomy":"product_brand","embeddable":true,"href":"https:\/\/fvcomponentes.com\/pt\/wp-json\/wp\/v2\/product_brand?post=3034"},{"taxonomy":"product_cat","embeddable":true,"href":"https:\/\/fvcomponentes.com\/pt\/wp-json\/wp\/v2\/product_cat?post=3034"},{"taxonomy":"product_tag","embeddable":true,"href":"https:\/\/fvcomponentes.com\/pt\/wp-json\/wp\/v2\/product_tag?post=3034"}],"curies":[{"name":"wp","href":"https:\/\/api.w.org\/{rel}","templated":true}]}}