{"id":3015,"date":"2020-03-21T12:05:35","date_gmt":"2020-03-21T11:05:35","guid":{"rendered":"https:\/\/fvcomponentes.com\/producto\/regulador-bluesolar-pwm-light-12-24v-20a\/"},"modified":"2026-04-04T12:43:43","modified_gmt":"2026-04-04T10:43:43","slug":"bluesolar-pwm-luz-12-24v-20a-regulador","status":"publish","type":"product","link":"https:\/\/fvcomponentes.com\/pt\/producto\/regulador-bluesolar-pwm-light-12-24v-20a\/","title":{"rendered":"Controlador solar BlueSolar PWM Light 12\/24V-20A - SCC010020020"},"content":{"rendered":"<div class=\"description\">\n<h2>Controlador solar BlueSolar PWM Light 12\/24V 20A - SCC010020020<\/h2>\n<p>O controlador solar BlueSolar PWM Light 12\/24V-20A tem um ecr\u00e3 de dois d\u00edgitos de sete segmentos para um ajuste r\u00e1pido e f\u00e1cil da fun\u00e7\u00e3o de sa\u00edda de carga, incluindo a defini\u00e7\u00e3o do temporizador.<\/p>\n<p>Com carregamento da bateria em tr\u00eas fases (inicial, absor\u00e7\u00e3o e flutuante), n\u00e3o program\u00e1vel. O controlador solar BlueSolar PWM Light 12\/24V-20A possui uma sa\u00edda de carga protegida contra sobrecarga e curto-circuito. Protegido contra a invers\u00e3o de polaridade dos pain\u00e9is solares e\/ou da bateria.<\/p>\n<h3>\u00a0Tr\u00eas modelos: 5 A, 10 A ou 20 A a 12 V ou 24 V<\/h3>\n<p>- Controlador PWM de baixo custo.<br \/>\n- Sensor de temperatura interna.<br \/>\n- Carregamento da bateria em tr\u00eas fases (inicial, absor\u00e7\u00e3o e flutua\u00e7\u00e3o).<br \/>\n- Protegido contra sobreintensidades.<br \/>\n- Protegido contra curto-circuitos.<br \/>\n- Prote\u00e7\u00e3o contra a invers\u00e3o de polaridade dos pain\u00e9is solares e\/ou da bateria.<br \/>\n- Desconex\u00e3o da sa\u00edda da carga devido a baixa tens\u00e3o.<br \/>\n- Ecr\u00e3 remoto opcional (apenas modelos 20A).<\/p>\n<h3>Carater\u00edsticas do Controlador Solar BlueSolar PWM Light 12\/24V-20A - SCC010020020<\/h3>\n<ul>\n<li>Fun\u00e7\u00e3o de desconex\u00e3o da sa\u00edda de carga em caso de baixa tens\u00e3o da bateria.<\/li>\n<li>Fun\u00e7\u00e3o de controlo da luz de fundo, temporizador \u00fanico.<\/li>\n<li>Ecr\u00e3 de dois d\u00edgitos de sete segmentos para uma defini\u00e7\u00e3o r\u00e1pida e f\u00e1cil da fun\u00e7\u00e3o de sa\u00edda de carga, incluindo a defini\u00e7\u00e3o do temporizador.<\/li>\n<li>Carregamento da bateria em tr\u00eas fases (inicial, absor\u00e7\u00e3o e flutua\u00e7\u00e3o), n\u00e3o program\u00e1vel.<\/li>\n<li>Sa\u00edda de carga protegida contra sobrecarga e curto-circuito.<\/li>\n<li>Prote\u00e7\u00e3o contra a invers\u00e3o de polaridade dos pain\u00e9is solares e\/ou da bateria.<\/li>\n<li>Tens\u00e3o da bateria 12\/24V com dete\u00e7\u00e3o autom\u00e1tica da tens\u00e3o de entrada<\/li>\n<li>Corrente de carga nominal 20 A<\/li>\n<li>Desconex\u00e3o autom\u00e1tica da carga Sim<\/li>\n<li>Tens\u00e3o solar m\u00e1xima 28 V \/ 55 V (1)<\/li>\n<li>Auto-consumo &lt; 10 mA<\/li>\n<li>Sa\u00edda de carga Controlo manual + desconex\u00e3o de subtens\u00e3o<\/li>\n<li>Prote\u00e7\u00e3o Invers\u00e3o da polaridade da bateria (fus\u00edvel) Curto-circuito na sa\u00edda Sobretemperatura<\/li>\n<li>Prote\u00e7\u00e3o contra sobrecarga\n<ol>\n<li>Desligar ap\u00f3s 60 s em caso de atingir a carga 130%<\/li>\n<li>Desativa\u00e7\u00e3o ap\u00f3s 5 s se for atingida a carga de 160%<\/li>\n<li>Desconex\u00e3o imediata em caso de curto-circuito<\/li>\n<\/ol>\n<\/li>\n<li>Liga\u00e7\u00e3o \u00e0 terra Comum positivo<\/li>\n<li>Gama de temperaturas de funcionamento -20 a +50\u00b0C (carga total)<\/li>\n<li>Humidade (sem condensa\u00e7\u00e3o) M\u00e1x. 95 %<\/li>\n<\/ul>\n<h3>BATERIA<\/h3>\n<ul>\n<li>Tens\u00e3o de carga \"absor\u00e7\u00e3o\" 14,2 V\/28,4 V<\/li>\n<li>Tens\u00e3o de carga \"flutuante\" 13,8 V\/27,6 V<\/li>\n<li>Desconex\u00e3o da carga devido a baixa tens\u00e3o11,2 V\/22,4 V<\/li>\n<li>Recoloca\u00e7\u00e3o da carga devido a baixa tens\u00e3o\n<ol>\n<li>12,6 V \/ 25,2 V (manual)<\/li>\n<li>13,1 V \/ 26,2 V (autom\u00e1tico)<\/li>\n<\/ol>\n<\/li>\n<\/ul>\n<h3>HABITA\u00c7\u00c3O<\/h3>\n<ul>\n<li>Classe de prote\u00e7\u00e3o IP20<\/li>\n<li>Tamanho do terminal 5 mm\u00b2 \/ AWG10<\/li>\n<li>Peso 0,15 kg<\/li>\n<li>Dimens\u00f5es (A x L x P) 70 x 133 x 33,5 mm (2,8 x 5,3 x 1,3 polegadas)<\/li>\n<\/ul>\n<h3>NORMAS<\/h3>\n<ul>\n<li>Seguran\u00e7a IEC 62109-1<\/li>\n<li>EMC EN 61000-6-1, EN 61000-6-3, ISO 7637-2<\/li>\n<\/ul>\n<p>1) Utilizar pain\u00e9is solares de 36 c\u00e9lulas para 12V. Utilizar pain\u00e9is solares de 72 c\u00e9lulas para 24V ou 2 pain\u00e9is solares de 36 c\u00e9lulas ligados em s\u00e9rie.<\/p>\n<p>2) O controlador passa para o n\u00edvel de tens\u00e3o de flutua\u00e7\u00e3o 2 horas ap\u00f3s a tens\u00e3o de absor\u00e7\u00e3o ter sido atingida. Sempre que a tens\u00e3o da bateria desce abaixo dos 13 V, \u00e9 iniciado um novo ciclo de carga.<\/p>\n<\/div>\n<h2><a href=\"https:\/\/fvcomponentes.com\/wp-content\/uploads\/2020\/03\/Datasheet-BlueSolar-PWM-Light-Charge-Controllers-12-24V-ES.pdf\" target=\"_blank\" rel=\"noopener\">Informa\u00e7\u00f5es adicionais sobre o produto<\/a><\/h2>","protected":false},"excerpt":{"rendered":"<ul>\n<li><strong>Corrente de carga nominal<\/strong> 20 A<\/li>\n<li><strong>Tens\u00e3o da bateria<\/strong> 12\/24V<\/li>\n<li><strong>Desconex\u00e3o da sa\u00edda de carga devido \u00e0 baixa tens\u00e3o da bateria<\/strong><\/li>\n<li><strong>Controlo da retroilumina\u00e7\u00e3o<\/strong><\/li>\n<li><strong>Temporizador<\/strong><\/li>\n<\/ul>","protected":false},"featured_media":3012,"comment_status":"open","ping_status":"closed","template":"","meta":{"site-sidebar-layout":"default","site-content-layout":"","ast-site-content-layout":"default","site-content-style":"default","site-sidebar-style":"default","ast-global-header-display":"","ast-banner-title-visibility":"","ast-main-header-display":"","ast-hfb-above-header-display":"","ast-hfb-below-header-display":"","ast-hfb-mobile-header-display":"","site-post-title":"","ast-breadcrumbs-content":"","ast-featured-img":"","footer-sml-layout":"","ast-disable-related-posts":"","theme-transparent-header-meta":"default","adv-header-id-meta":"","stick-header-meta":"","header-above-stick-meta":"","header-main-stick-meta":"","header-below-stick-meta":"","astra-migrate-meta-layouts":"set","ast-page-background-enabled":"default","ast-page-background-meta":{"desktop":{"background-color":"var(--ast-global-color-4)","background-image":"","background-repeat":"repeat","background-position":"center center","background-size":"auto","background-attachment":"scroll","background-type":"","background-media":"","overlay-type":"","overlay-color":"","overlay-opacity":"","overlay-gradient":""},"tablet":{"background-color":"","background-image":"","background-repeat":"repeat","background-position":"center center","background-size":"auto","background-attachment":"scroll","background-type":"","background-media":"","overlay-type":"","overlay-color":"","overlay-opacity":"","overlay-gradient":""},"mobile":{"background-color":"","background-image":"","background-repeat":"repeat","background-position":"center center","background-size":"auto","background-attachment":"scroll","background-type":"","background-media":"","overlay-type":"","overlay-color":"","overlay-opacity":"","overlay-gradient":""}},"ast-content-background-meta":{"desktop":{"background-color":"var(--ast-global-color-5)","background-image":"","background-repeat":"repeat","background-position":"center center","background-size":"auto","background-attachment":"scroll","background-type":"","background-media":"","overlay-type":"","overlay-color":"","overlay-opacity":"","overlay-gradient":""},"tablet":{"background-color":"var(--ast-global-color-5)","background-image":"","background-repeat":"repeat","background-position":"center center","background-size":"auto","background-attachment":"scroll","background-type":"","background-media":"","overlay-type":"","overlay-color":"","overlay-opacity":"","overlay-gradient":""},"mobile":{"background-color":"var(--ast-global-color-5)","background-image":"","background-repeat":"repeat","background-position":"center center","background-size":"auto","background-attachment":"scroll","background-type":"","background-media":"","overlay-type":"","overlay-color":"","overlay-opacity":"","overlay-gradient":""}}},"pwb-brand":[332],"product_brand":[],"product_cat":[353,354],"product_tag":[],"class_list":{"0":"post-3015","1":"product","2":"type-product","3":"status-publish","4":"has-post-thumbnail","6":"pwb-brand-victron","7":"product_cat-reguladores-de-carga-solares","8":"product_cat-reguladores-pwm","9":"desktop-align-left","10":"tablet-align-left","11":"mobile-align-left","12":"ast-product-gallery-layout-horizontal-slider","13":"ast-product-gallery-with-no-image","14":"ast-product-tabs-layout-horizontal","16":"first","17":"instock","18":"taxable","19":"shipping-taxable","20":"purchasable","21":"product-type-simple"},"wcpa_form_fields":null,"brands":[{"id":332,"name":"Victron Energia","slug":"victron"}],"_links":{"self":[{"href":"https:\/\/fvcomponentes.com\/pt\/wp-json\/wp\/v2\/product\/3015","targetHints":{"allow":["GET"]}}],"collection":[{"href":"https:\/\/fvcomponentes.com\/pt\/wp-json\/wp\/v2\/product"}],"about":[{"href":"https:\/\/fvcomponentes.com\/pt\/wp-json\/wp\/v2\/types\/product"}],"replies":[{"embeddable":true,"href":"https:\/\/fvcomponentes.com\/pt\/wp-json\/wp\/v2\/comments?post=3015"}],"wp:featuredmedia":[{"embeddable":true,"href":"https:\/\/fvcomponentes.com\/pt\/wp-json\/wp\/v2\/media\/3012"}],"wp:attachment":[{"href":"https:\/\/fvcomponentes.com\/pt\/wp-json\/wp\/v2\/media?parent=3015"}],"wp:term":[{"taxonomy":"pwb-brand","embeddable":true,"href":"https:\/\/fvcomponentes.com\/pt\/wp-json\/wp\/v2\/pwb-brand?post=3015"},{"taxonomy":"product_brand","embeddable":true,"href":"https:\/\/fvcomponentes.com\/pt\/wp-json\/wp\/v2\/product_brand?post=3015"},{"taxonomy":"product_cat","embeddable":true,"href":"https:\/\/fvcomponentes.com\/pt\/wp-json\/wp\/v2\/product_cat?post=3015"},{"taxonomy":"product_tag","embeddable":true,"href":"https:\/\/fvcomponentes.com\/pt\/wp-json\/wp\/v2\/product_tag?post=3015"}],"curies":[{"name":"wp","href":"https:\/\/api.w.org\/{rel}","templated":true}]}}