{"id":3001,"date":"2020-03-21T09:57:00","date_gmt":"2020-03-21T08:57:00","guid":{"rendered":"https:\/\/fvcomponentes.com\/producto\/energy-meter-et112-carlo-gavacci-victron\/"},"modified":"2026-01-15T10:04:50","modified_gmt":"2026-01-15T09:04:50","slug":"contador-de-energia-et112-carlo-gavacci-victron","status":"publish","type":"product","link":"https:\/\/fvcomponentes.com\/pt\/producto\/energy-meter-et112-carlo-gavacci-victron\/","title":{"rendered":"Medidor de energia Victron ET112 Carlo Gavacci - REL300100000"},"content":{"rendered":"<div class=\"level2\">\n<h2>Medidor de energia Victron ET112 Carlo Gavacci - REL300100000<\/h2>\n<p>O Medidor de Energia Victron ET112 Carlo Gavacci pode ser utilizado para quatro coisas em combina\u00e7\u00e3o com os inversores Victron:<\/p>\n<ol>\n<li class=\"level1\">\n<div class=\"li\">Mede a energia da rede, liga-se \u00e0 entrada da rede (Iberdrola, Endesa, etc...) para uma configura\u00e7\u00e3o de <a class=\"wikilink1\" title=\"assistentes: assistente de ensaio\" href=\"https:\/\/fvcomponentes.com\/wp-content\/uploads\/2025\/09\/ess_-_start_page.pdf\" target=\"_blank\" rel=\"noopener\">Sistema ESS<\/a>.<\/div>\n<\/li>\n<li class=\"level1\">\n<div class=\"li\">Mede a sa\u00edda de um inversor FV ligado ao sistema.<\/div>\n<\/li>\n<li class=\"level1\">\n<div class=\"li\">Mede a sa\u00edda de um grupo gerador de CA ligado ao sistema.<\/div>\n<\/li>\n<\/ol>\n<p>Para ligar o medidor ET112 ao ecr\u00e3 Victron Color Control GX, podemos escolher uma das seguintes op\u00e7\u00f5es:<\/p>\n<ol>\n<li class=\"level1\">\n<div class=\"li\">Liga\u00e7\u00e3o direta, quer utilizando a interface RS485 para USB com um comprimento de cabo de 1,8 m, quer utilizando o cabo de 5,0 m (op\u00e7\u00e3o recomendada).<\/div>\n<\/li>\n<li class=\"level1\">\n<div class=\"li\">Liga\u00e7\u00e3o sem fios atrav\u00e9s de Zigbee.<\/div>\n<\/li>\n<\/ol>\n<\/div>\n<h3 id=\"configuration_options\" class=\"sectionedit4\">Op\u00e7\u00f5es de configura\u00e7\u00e3o e cablagem;<\/h3>\n<div class=\"level3\">\n<p><img fetchpriority=\"high\" decoding=\"async\" class=\"media alignnone\" src=\"https:\/\/fvcomponentes.com\/wp-content\/uploads\/2022\/11\/energy-metersschema_-_et112.png\" alt=\"Cablagem Contador de Energia ET112 Carlo Gavacci - Victron\" width=\"800\" height=\"329\" title=\"\"><\/p>\n<p>&nbsp;<\/p>\n<p><strong>Contador de rede<\/strong>Esquema de liga\u00e7\u00e3o quando utilizado como contador de rede.<\/p>\n<p><strong>Contador de energia PV\/Inversor de grupo <\/strong><b>gerador<\/b>Diagrama de cablagem quando utilizado para medir a pot\u00eancia do inversor FV ou do grupo gerador.<\/p>\n<p>Estas op\u00e7\u00f5es de configura\u00e7\u00e3o s\u00e3o definidas no pr\u00f3prio sistema de monitoriza\u00e7\u00e3o da Victron. <a class=\"wikilink1\" title=\"venus-os: in\u00edcio\" href=\"https:\/\/fvcomponentes.com\/wp-content\/uploads\/2025\/09\/victron_gx_product_range.pdf\" target=\"_blank\" rel=\"noopener\">Venus - Controlo de cor - Dispositivo GX<\/a> . Dependendo de como esta defini\u00e7\u00e3o \u00e9 configurada, afectar\u00e1 a forma como a informa\u00e7\u00e3o recebida do medidor \u00e9 apresentada no ecr\u00e3 COLOR CONTROL.<\/p>\n<\/div>\n<h3 id=\"example_diagram\" class=\"sectionedit5\">Diagrama de exemplo<\/h3>\n<div class=\"level3\">\n<p>Nesta configura\u00e7\u00e3o de exemplo, um \u00fanico Carlo Gavacci - Victron Energy Meter ET112 \u00e9 configurado como um <strong>contador de rede<\/strong> e medir\u00e1 a importa\u00e7\u00e3o\/exporta\u00e7\u00e3o da rede de um sistema ESS com um inversor AC PV (<a href=\"https:\/\/fvcomponentes.com\/pt\/marca\/frontais\/\" target=\"_blank\" rel=\"noopener\">Da Fronius, por exemplo...<\/a>). Embora a sa\u00edda exacta do inversor FV n\u00e3o seja apresentada na sua pot\u00eancia CA, esta informa\u00e7\u00e3o continua a ser muito \u00fatil, pois permite que toda a sa\u00edda FV flua primeiro para as cargas ligadas no mesmo circuito.<\/p>\n<p>Isto permitir\u00e1 alcan\u00e7ar os seguintes objectivos;<\/p>\n<ul>\n<li>A produ\u00e7\u00e3o solar direta do inversor FV deve ser utilizada como a PRIORIDADE MAIS ELEVADA (por exemplo <a href=\"https:\/\/fvcomponentes.com\/pt\/marca\/frontais\/\" target=\"_blank\" rel=\"noopener\">Fronius<\/a>)<\/li>\n<li class=\"level1\">\n<div class=\"li\">O excedente ser\u00e1 utilizado para carregar as baterias (o sistema procurar\u00e1 ter o excedente que program\u00e1mos; por exemplo, 0W).<\/div>\n<\/li>\n<li>Quando as baterias estiverem carregadas, teremos a op\u00e7\u00e3o de despejar o excedente, se o tivermos configurado dessa forma.<\/li>\n<\/ul>\n<p>Isto pode ser muito \u00fatil para fazer a melhor utiliza\u00e7\u00e3o da energia solar excedente se o sistema Victron ESS for instalado como uma extens\u00e3o de um sistema existente. <a href=\"https:\/\/icide.es\/placas-solares-murcia\/\" target=\"_blank\" rel=\"noopener\">autoconsumo<\/a> existente.<\/p>\n<\/div>\n<p>&nbsp;<\/p>\n<p><img decoding=\"async\" class=\"media alignnone\" src=\"https:\/\/fvcomponentes.com\/wp-content\/uploads\/2022\/11\/energy-metersenergy_meters_-_et112_-_2019-01-21.png\" alt=\"Exemplo de diagrama ET112 Victron Carlo Gavacci\" width=\"800\" height=\"591\" title=\"\"><\/p>\n<h2>Informa\u00e7\u00f5es t\u00e9cnicas para o contador de energia Victron ET112 Carlo Gavacci - REL300100000<\/h2>\n<p><a href=\"https:\/\/fvcomponentes.com\/wp-content\/uploads\/2026\/01\/ET112-DS-ESP.pdf\" target=\"_blank\" rel=\"noopener\">Ficha t\u00e9cnica ET112 Carlo Gavacci<\/a><\/p>\n<p><a href=\"https:\/\/fvcomponentes.com\/wp-content\/uploads\/2026\/01\/113406-Energy_Meters-pdf-es.pdf\" target=\"_blank\" rel=\"noopener\">ET112 Manual Carlo Gavacci<\/a><\/p>\n<p><a href=\"https:\/\/fvcomponentes.com\/wp-content\/uploads\/2026\/01\/Datasheet-Energy-Meters-Selection-Guide-ES.pdf\" target=\"_blank\" rel=\"noopener\">Guia para selecionar um contador de energia<\/a><\/p>","protected":false},"excerpt":{"rendered":"<ul>\n<li>Comunica com o ColorControl.<\/li>\n<li>Permite-lhe visualizar os requisitos de energia e os gr\u00e1ficos de consumo no portal Victron VRM ou na aplica\u00e7\u00e3o.<\/li>\n<\/ul>","protected":false},"featured_media":3004,"comment_status":"open","ping_status":"closed","template":"","meta":{"site-sidebar-layout":"default","site-content-layout":"default","ast-site-content-layout":"default","site-content-style":"default","site-sidebar-style":"default","ast-global-header-display":"","ast-banner-title-visibility":"","ast-main-header-display":"","ast-hfb-above-header-display":"","ast-hfb-below-header-display":"","ast-hfb-mobile-header-display":"","site-post-title":"","ast-breadcrumbs-content":"","ast-featured-img":"","footer-sml-layout":"","ast-disable-related-posts":"","theme-transparent-header-meta":"default","adv-header-id-meta":"","stick-header-meta":"","header-above-stick-meta":"","header-main-stick-meta":"","header-below-stick-meta":"","astra-migrate-meta-layouts":"set","ast-page-background-enabled":"default","ast-page-background-meta":{"desktop":{"background-color":"var(--ast-global-color-4)","background-image":"","background-repeat":"repeat","background-position":"center center","background-size":"auto","background-attachment":"scroll","background-type":"","background-media":"","overlay-type":"","overlay-color":"","overlay-opacity":"","overlay-gradient":""},"tablet":{"background-color":"","background-image":"","background-repeat":"repeat","background-position":"center center","background-size":"auto","background-attachment":"scroll","background-type":"","background-media":"","overlay-type":"","overlay-color":"","overlay-opacity":"","overlay-gradient":""},"mobile":{"background-color":"","background-image":"","background-repeat":"repeat","background-position":"center center","background-size":"auto","background-attachment":"scroll","background-type":"","background-media":"","overlay-type":"","overlay-color":"","overlay-opacity":"","overlay-gradient":""}},"ast-content-background-meta":{"desktop":{"background-color":"var(--ast-global-color-5)","background-image":"","background-repeat":"repeat","background-position":"center center","background-size":"auto","background-attachment":"scroll","background-type":"","background-media":"","overlay-type":"","overlay-color":"","overlay-opacity":"","overlay-gradient":""},"tablet":{"background-color":"var(--ast-global-color-5)","background-image":"","background-repeat":"repeat","background-position":"center center","background-size":"auto","background-attachment":"scroll","background-type":"","background-media":"","overlay-type":"","overlay-color":"","overlay-opacity":"","overlay-gradient":""},"mobile":{"background-color":"var(--ast-global-color-5)","background-image":"","background-repeat":"repeat","background-position":"center center","background-size":"auto","background-attachment":"scroll","background-type":"","background-media":"","overlay-type":"","overlay-color":"","overlay-opacity":"","overlay-gradient":""}}},"pwb-brand":[332],"product_brand":[],"product_cat":[349,333],"product_tag":[],"class_list":{"0":"post-3001","1":"product","2":"type-product","3":"status-publish","4":"has-post-thumbnail","6":"pwb-brand-victron","7":"product_cat-meters","8":"product_cat-inversores","9":"desktop-align-left","10":"tablet-align-left","11":"mobile-align-left","12":"ast-product-gallery-layout-horizontal-slider","13":"ast-product-gallery-with-no-image","14":"ast-product-tabs-layout-horizontal","16":"first","17":"instock","18":"taxable","19":"shipping-taxable","20":"purchasable","21":"product-type-simple"},"wcpa_form_fields":null,"brands":[{"id":332,"name":"Victron Energia","slug":"victron"}],"_links":{"self":[{"href":"https:\/\/fvcomponentes.com\/pt\/wp-json\/wp\/v2\/product\/3001","targetHints":{"allow":["GET"]}}],"collection":[{"href":"https:\/\/fvcomponentes.com\/pt\/wp-json\/wp\/v2\/product"}],"about":[{"href":"https:\/\/fvcomponentes.com\/pt\/wp-json\/wp\/v2\/types\/product"}],"replies":[{"embeddable":true,"href":"https:\/\/fvcomponentes.com\/pt\/wp-json\/wp\/v2\/comments?post=3001"}],"wp:featuredmedia":[{"embeddable":true,"href":"https:\/\/fvcomponentes.com\/pt\/wp-json\/wp\/v2\/media\/3004"}],"wp:attachment":[{"href":"https:\/\/fvcomponentes.com\/pt\/wp-json\/wp\/v2\/media?parent=3001"}],"wp:term":[{"taxonomy":"pwb-brand","embeddable":true,"href":"https:\/\/fvcomponentes.com\/pt\/wp-json\/wp\/v2\/pwb-brand?post=3001"},{"taxonomy":"product_brand","embeddable":true,"href":"https:\/\/fvcomponentes.com\/pt\/wp-json\/wp\/v2\/product_brand?post=3001"},{"taxonomy":"product_cat","embeddable":true,"href":"https:\/\/fvcomponentes.com\/pt\/wp-json\/wp\/v2\/product_cat?post=3001"},{"taxonomy":"product_tag","embeddable":true,"href":"https:\/\/fvcomponentes.com\/pt\/wp-json\/wp\/v2\/product_tag?post=3001"}],"curies":[{"name":"wp","href":"https:\/\/api.w.org\/{rel}","templated":true}]}}