{"id":3000,"date":"2020-03-19T15:32:52","date_gmt":"2020-03-19T14:32:52","guid":{"rendered":"https:\/\/fvcomponentes.com\/producto\/inversor-victron-multiplus-ii-3000va-48v-3532a\/"},"modified":"2026-04-04T12:50:44","modified_gmt":"2026-04-04T10:50:44","slug":"inversor-victron-multiplus-ii-3000va-48v-3532a","status":"publish","type":"product","link":"https:\/\/fvcomponentes.com\/pt\/producto\/inversor-victron-multiplus-ii-3000va-48v-3532a\/","title":{"rendered":"Carregador de inversor Victron MultiPlus II 48\/3000VA 48V 35A-32A - PMP482305010"},"content":{"rendered":"<h2>Inversor Victron MultiPlus II 48\/3000VA 48V 35-32A - PMP482305010<\/h2>\n<h3>Caracter\u00edsticas do Inversor Victron MultiPlus II 3000VA 48V 35-32A<\/h3>\n<p>O Inversor Victron MultiPlus II 3000VA 48V 35+32A \u00e9 um dispositivo avan\u00e7ado para a nossa instala\u00e7\u00e3o fotovoltaica. Permite-nos ter um sistema h\u00edbrido de autoconsumo com acumula\u00e7\u00e3o e com todas as garantias de funcionamento.<\/p>\n<p>O MultiPlus II \u00e9 um inversor com um carregador multifun\u00e7\u00f5es que inclui numerosos <strong>certifica\u00e7\u00f5es el\u00e9ctricas de um grande n\u00famero de pa\u00edses que o qualificam para utiliza\u00e7\u00e3o como um sistema de armazenamento de energia ligado \u00e0 rede (ESS).<\/strong>.<\/p>\n<p>O modelo MultiPlus II, anteriormente conhecido como MultiGrid II, tamb\u00e9m incorpora prote\u00e7\u00e3o anti-ilhamento e as funcionalidades Victron PowerControl e PowerAssist.<\/p>\n<p>O carregador inversor solar Victron MultiPlus II 3000VA 48V 35+32A \u00e9 uma garantia de fiabilidade e estabilidade, gra\u00e7as \u00e0 conce\u00e7\u00e3o avan\u00e7ada da sua fase de pot\u00eancia.<\/p>\n<p>O Inversor Victron MultiPlus II 3000VA 48V 35+32A oferece at\u00e9 3000VA de pot\u00eancia de sa\u00edda do pr\u00f3prio inversor, mas gra\u00e7as \u00e0 sua fun\u00e7\u00e3o PowerAssist. Pode fornecer mais pot\u00eancia de sa\u00edda adicionando energia da entrada CA e tamb\u00e9m das baterias para n\u00e3o sobrecarregar a entrada da rede externa. Funciona com baterias de 48V e tem um carregador de baterias interno de 70A.<\/p>\n<p>Gra\u00e7as \u00e0 sua fun\u00e7\u00e3o de UPS, \u00e9 capaz de oferecer uma sa\u00edda de energia ininterrupta, uma vez que a comuta\u00e7\u00e3o \u00e9 muito r\u00e1pida para que os consumos cr\u00edticos n\u00e3o sejam afectados. Tal como o resto da fam\u00edlia MultiPlus, \u00e9 altamente expans\u00edvel gra\u00e7as \u00e0 sua capacidade de trabalhar em paralelo com at\u00e9 6 unidades.<\/p>\n<p>Tamb\u00e9m \u00e9 poss\u00edvel utiliz\u00e1-lo numa rede trif\u00e1sica, instalando uma unidade para cada fase, \u00e0 qual tamb\u00e9m podemos acrescentar o funcionamento em paralelo dentro das pr\u00f3prias fases.<\/p>\n<h3>Funcionamento do Inversor Victron MultiPlus II 3000VA 48V 35-32A<\/h3>\n<p>O inversor MultiPlus II pode funcionar com qualquer topologia de armazenamento de energia comum. \u00c9 fornecido um sensor de corrente para que a entrada CA possa ser limitada de acordo com as suas necessidades. A pot\u00eancia de transfer\u00eancia e de carregamento do MultiPlus II pode ser demasiado elevada para a corrente dispon\u00edvel.<\/p>\n<p>A aplica\u00e7\u00e3o mais comum deste tipo de inversor \u00e9 a seguinte:<\/p>\n<p class=\"clear-block\"><img decoding=\"async\" class=\"left-align\" title=\"MultiPlus II utilizado como UPS em aplica\u00e7\u00f5es de carga cr\u00edtica\" src=\"https:\/\/fvcomponentes.com\/wp-content\/uploads\/2022\/11\/multiplus-II-caso1.png\" alt=\"MultiPlus II utilizado como UPS em aplica\u00e7\u00f5es de carga cr\u00edtica\" \/><\/p>\n<p class=\"clear-block\"><strong>MultiPlus II utilizado como UPS em aplica\u00e7\u00f5es de carga cr\u00edtica.<\/strong> Neste caso, o carregador inversor pode ter as cargas habituais, alimentadas pela rede convencional. Ou pode ter um sistema de armazenamento de energia (bateria) que alimentar\u00e1 cargas cr\u00edticas se a rede falhar ou for inst\u00e1vel.<\/p>\n<p class=\"clear-block\">Deve ter-se em conta se deve ser aplicada alguma limita\u00e7\u00e3o da entrada de corrente alternada a um valor seguro atrav\u00e9s das fun\u00e7\u00f5es PowerControl e PowerAssist.<\/p>\n<p class=\"clear-block\"><img decoding=\"async\" class=\"left-align\" title=\"MultiPlus II paralelo \u00e0 rede e alimentado por energia fotovoltaica\" src=\"https:\/\/fvcomponentes.com\/wp-content\/uploads\/2022\/11\/multiplus-II-caso2.png\" alt=\"MultiPlus II paralelo \u00e0 rede e alimentado por energia fotovoltaica\" \/><\/p>\n<p class=\"clear-block\"><strong>Ligado \u00e0 rede e com energia fotovoltaica atrav\u00e9s do regulador MPPT.<\/strong>\u00a0Neste caso, o inversor fotovoltaico utilizar\u00e1 as informa\u00e7\u00f5es fornecidas pelo sensor de corrente toroidal e optimizar\u00e1 assim o autoconsumo, convertendo a energia em corrente alternada e utilizando-a diretamente para consumo.<\/p>\n<p class=\"clear-block\">Isto permite-nos escolher se queremos ou n\u00e3o alimentar a rede el\u00e9ctrica com o excedente da produ\u00e7\u00e3o solar. As baterias s\u00e3o recarregadas pelos pain\u00e9is solares e o consumo pode ser dividido entre os cr\u00edticos:<\/p>\n<ul>\n<li class=\"clear-block\">Sempre alimentado, mesmo com cortes de energia<\/li>\n<li class=\"clear-block\">Os normais (que podem ser alimentados pela energia produzida pelos pain\u00e9is).<\/li>\n<\/ul>\n<h3>Monitoriza\u00e7\u00e3o do Inversor Victron MultiPlus II 3000VA 48V 35-32A<\/h3>\n<p>Para ter o m\u00e1ximo controlo do funcionamento da instala\u00e7\u00e3o solar, \u00e9 altamente recomend\u00e1vel incluir o painel Victron ColorControl, j\u00e1 que a partir dele podemos configurar, carregar os par\u00e2metros de funcionamento e supervisionar o desempenho de todo o sistema.<\/p>\n<p>Todos os componentes ser\u00e3o visualizados no ecr\u00e3 de controlo e estar\u00e3o dispon\u00edveis informa\u00e7\u00f5es pormenorizadas sobre a produ\u00e7\u00e3o, o consumo, o armazenamento, etc.<\/p>\n<p><img decoding=\"async\" class=\"center-align\" title=\"Gr\u00e1fico VRM\" src=\"https:\/\/fvcomponentes.com\/wp-content\/uploads\/2022\/11\/grafico-vrm.png\" alt=\"Gr\u00e1fico VRM\" \/><\/p>\n<p>Gra\u00e7as \u00e0 inclus\u00e3o do painel Victron ColorControl, teremos acesso ao portal VRM fornecido pela marca, onde teremos acesso \u00e0 monitoriza\u00e7\u00e3o e configura\u00e7\u00e3o do sistema a partir de qualquer terminal com acesso \u00e0 Internet. O portal VRM dar-nos-\u00e1 inclusivamente a op\u00e7\u00e3o de nos enviar alarmes em fun\u00e7\u00e3o do que programarmos no funcionamento do sistema.<\/p>\n<h3>Compatibilidade do Inversor Victron MultiPlus II 3000VA 48V 35-32A<\/h3>\n<p>O MultiPlus II pode trabalhar com praticamente qualquer bateria de 48V no mercado sem qualquer problema. A sua grande flexibilidade e adaptabilidade permite-lhe ser configurado para carregar uma bateria de chumbo-\u00e1cido de qualquer tecnologia, quer seja do tipo OPzS selada ou aberta.<\/p>\n<p>A Victron actualiza regularmente o seu software para assegurar a compatibilidade com a grande maioria das marcas de baterias de l\u00edtio existentes no mercado. Esta \u00e9 uma garantia para o futuro.<\/p>\n<p>Se for utilizada uma topologia de regulador de carga externa para carregar baterias ou para autoconsumo direto, \u00e9 aconselh\u00e1vel utilizar um modelo MPPT da marca Victron. Desta forma, o painel ColorControl mostrar\u00e1 em pormenor a produ\u00e7\u00e3o fotovoltaica do sistema.<\/p>\n<p>Se um inversor fotovoltaico for utilizado como gerador solar, \u00e9 aconselh\u00e1vel utilizar um produto da <a href=\"https:\/\/www.fronius.com\/es-es\/spain\/energia-solar\" target=\"_blank\" rel=\"noopener\">Fronius<\/a>O produto \u00e9 igualmente compat\u00edvel com outras marcas bem conhecidas do sector, como a Kostal.<\/p>\n<p>No ColorControl e no portal VRM, podemos tamb\u00e9m monitorizar a produ\u00e7\u00e3o do inversor fotovoltaico sem qualquer problema. Existe tamb\u00e9m compatibilidade com outros fabricantes, como a Schneider; pode consultar a tabela de compatibilidade no s\u00edtio Web da Victron, que \u00e9 actualizada regularmente.<\/p>\n<h2>Como configurar o seu Victron Multiplus II 48\/5000 + Pylontech US5000<\/h2>\n<p>Se quiser saber\u00a0<a href=\"https:\/\/fvcomponentes.com\/pt\/como-configurar-o-seu-victron-multiplus-ii-48-5000-pylontech-us5000\/\" target=\"_blank\" rel=\"noopener\">Como configurar o seu Victron Multiplus II 48\/5000 + Pylontech US5000<\/a> clique agora e saiba tudo sobre o assunto!<\/p>\n<h2>Ficha t\u00e9cnica Inversor Victron MultiPlus II 48\/3000VA 48V 35-32A - PMP482305010<\/h2>\n<p><a title=\"Ficha t\u00e9cnica do inversor Victron MultiPlus II 48V 5000VA 70+50A\" href=\"https:\/\/fvcomponentes.com\/wp-content\/uploads\/2021\/03\/Datasheet-MultiPlus-II-inverter-charger-ES-1.pdf\" target=\"_blank\" rel=\"noopener noreferrer\">Ver Ficha T\u00e9cnica do Carregador Inversor Victron MultiPlus II 48\/3000VA 48V 35-32A - PMP482305010<\/a><\/p>\n<p>&nbsp;<\/p>","protected":false},"excerpt":{"rendered":"<p>O Inversor MultiPlus II 3000VA 48V 35-32A da Victron oferece uma solu\u00e7\u00e3o perfeita para sistemas h\u00edbridos de autoconsumo, onde temos armazenamento de bateria e queremos ter controlo total da energia que gerimos no nosso sistema.<\/p>","protected":false},"featured_media":2986,"comment_status":"open","ping_status":"closed","template":"","meta":{"site-sidebar-layout":"default","site-content-layout":"default","ast-site-content-layout":"default","site-content-style":"default","site-sidebar-style":"default","ast-global-header-display":"","ast-banner-title-visibility":"","ast-main-header-display":"","ast-hfb-above-header-display":"","ast-hfb-below-header-display":"","ast-hfb-mobile-header-display":"","site-post-title":"","ast-breadcrumbs-content":"","ast-featured-img":"","footer-sml-layout":"","ast-disable-related-posts":"","theme-transparent-header-meta":"default","adv-header-id-meta":"","stick-header-meta":"","header-above-stick-meta":"","header-main-stick-meta":"","header-below-stick-meta":"","astra-migrate-meta-layouts":"set","ast-page-background-enabled":"default","ast-page-background-meta":{"desktop":{"background-color":"var(--ast-global-color-4)","background-image":"","background-repeat":"repeat","background-position":"center center","background-size":"auto","background-attachment":"scroll","background-type":"","background-media":"","overlay-type":"","overlay-color":"","overlay-opacity":"","overlay-gradient":""},"tablet":{"background-color":"","background-image":"","background-repeat":"repeat","background-position":"center center","background-size":"auto","background-attachment":"scroll","background-type":"","background-media":"","overlay-type":"","overlay-color":"","overlay-opacity":"","overlay-gradient":""},"mobile":{"background-color":"","background-image":"","background-repeat":"repeat","background-position":"center center","background-size":"auto","background-attachment":"scroll","background-type":"","background-media":"","overlay-type":"","overlay-color":"","overlay-opacity":"","overlay-gradient":""}},"ast-content-background-meta":{"desktop":{"background-color":"var(--ast-global-color-5)","background-image":"","background-repeat":"repeat","background-position":"center center","background-size":"auto","background-attachment":"scroll","background-type":"","background-media":"","overlay-type":"","overlay-color":"","overlay-opacity":"","overlay-gradient":""},"tablet":{"background-color":"var(--ast-global-color-5)","background-image":"","background-repeat":"repeat","background-position":"center center","background-size":"auto","background-attachment":"scroll","background-type":"","background-media":"","overlay-type":"","overlay-color":"","overlay-opacity":"","overlay-gradient":""},"mobile":{"background-color":"var(--ast-global-color-5)","background-image":"","background-repeat":"repeat","background-position":"center center","background-size":"auto","background-attachment":"scroll","background-type":"","background-media":"","overlay-type":"","overlay-color":"","overlay-opacity":"","overlay-gradient":""}}},"pwb-brand":[332],"product_brand":[],"product_cat":[334,333],"product_tag":[],"class_list":{"0":"post-3000","1":"product","2":"type-product","3":"status-publish","4":"has-post-thumbnail","6":"pwb-brand-victron","7":"product_cat-inversores-cargadores-48v","8":"product_cat-inversores","9":"desktop-align-left","10":"tablet-align-left","11":"mobile-align-left","12":"ast-product-gallery-layout-horizontal-slider","13":"ast-product-gallery-with-no-image","14":"ast-product-tabs-layout-horizontal","16":"first","17":"instock","18":"taxable","19":"shipping-taxable","20":"purchasable","21":"product-type-simple"},"wcpa_form_fields":null,"brands":[{"id":332,"name":"Victron Energia","slug":"victron"}],"_links":{"self":[{"href":"https:\/\/fvcomponentes.com\/pt\/wp-json\/wp\/v2\/product\/3000","targetHints":{"allow":["GET"]}}],"collection":[{"href":"https:\/\/fvcomponentes.com\/pt\/wp-json\/wp\/v2\/product"}],"about":[{"href":"https:\/\/fvcomponentes.com\/pt\/wp-json\/wp\/v2\/types\/product"}],"replies":[{"embeddable":true,"href":"https:\/\/fvcomponentes.com\/pt\/wp-json\/wp\/v2\/comments?post=3000"}],"wp:featuredmedia":[{"embeddable":true,"href":"https:\/\/fvcomponentes.com\/pt\/wp-json\/wp\/v2\/media\/2986"}],"wp:attachment":[{"href":"https:\/\/fvcomponentes.com\/pt\/wp-json\/wp\/v2\/media?parent=3000"}],"wp:term":[{"taxonomy":"pwb-brand","embeddable":true,"href":"https:\/\/fvcomponentes.com\/pt\/wp-json\/wp\/v2\/pwb-brand?post=3000"},{"taxonomy":"product_brand","embeddable":true,"href":"https:\/\/fvcomponentes.com\/pt\/wp-json\/wp\/v2\/product_brand?post=3000"},{"taxonomy":"product_cat","embeddable":true,"href":"https:\/\/fvcomponentes.com\/pt\/wp-json\/wp\/v2\/product_cat?post=3000"},{"taxonomy":"product_tag","embeddable":true,"href":"https:\/\/fvcomponentes.com\/pt\/wp-json\/wp\/v2\/product_tag?post=3000"}],"curies":[{"name":"wp","href":"https:\/\/api.w.org\/{rel}","templated":true}]}}