{"id":2982,"date":"2024-03-05T12:43:01","date_gmt":"2024-03-05T11:43:01","guid":{"rendered":"https:\/\/fvcomponentes.com\/producto\/inversor-victron-multiplus-ii-5000va-48v-7050a\/"},"modified":"2026-04-04T12:51:18","modified_gmt":"2026-04-04T10:51:18","slug":"inversor-victron-multiplus-ii-5000va-48v-70a50a","status":"publish","type":"product","link":"https:\/\/fvcomponentes.com\/pt\/producto\/inversor-victron-multiplus-ii-5000va-48v-70a50a\/","title":{"rendered":"Carregador de Inversor 48V Victron MultiPlus II 48\/5000 70A-50A - PMP482505012"},"content":{"rendered":"<h2>Victron MultiPlus II 48\/5000 - Carregador de Inversor 48V 5000VA 70A\/50A - PMP482505012<\/h2>\n<p data-start=\"177\" data-end=\"669\">O <strong data-start=\"180\" data-end=\"222\">Victron MultiPlus II 48\/5000 (70A\/50A)<\/strong> \u00e9 um carregador inversor de \u00faltima gera\u00e7\u00e3o concebido para instala\u00e7\u00f5es isoladas e sistemas avan\u00e7ados de auto-consumo. A sua principal vantagem \u00e9 o facto de integrar um inversor de onda sinusoidal pura e um carregador de baterias de elevado desempenho numa \u00fanica unidade. Isto torna-o uma solu\u00e7\u00e3o robusta, vers\u00e1til e duradoura, capaz de oferecer eletricidade cont\u00ednua em locais onde a rede n\u00e3o chega ou onde os custos de liga\u00e7\u00e3o de um novo ponto de liga\u00e7\u00e3o s\u00e3o excessivos.<\/p>\n<p data-start=\"671\" data-end=\"965\">Na minha experi\u00eancia como instalador desde 2012, este modelo tornou-se um padr\u00e3o de refer\u00eancia em projectos fora da rede. Trabalhei com ele em casas rurais, segundas resid\u00eancias e empresas remotas, e sempre demonstrou uma fiabilidade superior em compara\u00e7\u00e3o com outros inversores no mercado. <span style=\"color: #000000;\">Em combina\u00e7\u00e3o com as baterias de l\u00edtio Pytes <a href=\"https:\/\/fvcomponentes.com\/pt\/produto\/bateria-de-litio-48v-lifepo4-pytes-e-box-48100r-5-12kwh\/\">Bateria de l\u00edtio 48V LiFePO4 Pytes E-Box 48100R 5.12kWh<\/a> fazem a combina\u00e7\u00e3o perfeita. Al\u00e9m disso, costumo completar a instala\u00e7\u00e3o com a unidade de controlo Cerbo GX. <a href=\"https:\/\/fvcomponentes.com\/pt\/produto\/kit-de-monitorizacao-cerbo-gx-e-touch-50\/\">Kit de monitoriza\u00e7\u00e3o Cerbo GX e Touch 50<\/a> para ter um sistema completo pronto para os apag\u00f5es ou para ter energia em qualquer lugar. \u00c9 tamb\u00e9m a melhor op\u00e7\u00e3o para adicionar baterias solares a qualquer instala\u00e7\u00e3o de autoconsumo que n\u00e3o tenha um inversor h\u00edbrido e assim hibridizar as instala\u00e7\u00f5es de autoconsumo. Consulte o nosso departamento t\u00e9cnico para obter apoio ap\u00f3s a compra do seu inversor.<\/span><\/p>\n<p>Lembre-se que este equipamento \u00e9 um inversor + carregador de rede ou gerador, os pain\u00e9is solares devem ser ligados a um regulador MPPT ajustado \u00e0 quantidade e pot\u00eancia de pain\u00e9is que necessita.\u00a0 <a href=\"https:\/\/fvcomponentes.com\/pt\/categoria-produto\/controladores-de-carga-solar\/reguladores-de-mppt\/\">https:\/\/fvcomponentes.com\/categoria-producto\/reguladores-de-carga-solares\/reguladores-mppt\/<\/a><\/p>\n<p>Se n\u00e3o tiver a certeza, pode consultar este configurador https:\/\/fvcomponentes.com\/mppt-calculator-calculadora-mppt\/ ou contactar-nos para um aconselhamento personalizado sobre o regulador MPPT a escolher para os seus pain\u00e9is.<\/p>\n<p>Outro aspeto que deve ser tido em conta, e que \u00e9 muito importante, \u00e9 a capacidade da bateria. Muitas pessoas associam diretamente um inversor de 5kW a uma bateria de 5kW, mas isso \u00e9 um erro. As baterias de l\u00edtio n\u00e3o devem ser descarregadas a mais de 50% da sua capacidade. Assim, se a sua bateria for de 5kW, n\u00e3o a deve descarregar com mais de 2,5kW de pot\u00eancia.<\/p>\n<h2 data-start=\"967\" data-end=\"1030\">Especifica\u00e7\u00f5es t\u00e9cnicas Victron MultiPlus II 48\/5000<\/h2>\n<ul data-start=\"1031\" data-end=\"1493\">\n<li data-start=\"1031\" data-end=\"1074\">\n<p data-start=\"1033\" data-end=\"1074\">Pot\u00eancia de sa\u00edda: <strong data-start=\"1053\" data-end=\"1071\">5000VA \/ 4000W<\/strong>.<\/p>\n<\/li>\n<li data-start=\"1031\" data-end=\"1074\">\n<p data-start=\"1033\" data-end=\"1074\">Tens\u00e3o nominal: <strong data-start=\"1094\" data-end=\"1104\">48V DC<\/strong>.<\/p>\n<\/li>\n<li data-start=\"1108\" data-end=\"1147\">\n<p data-start=\"1110\" data-end=\"1147\">Corrente de carga m\u00e1xima: <strong data-start=\"1137\" data-end=\"1144\">70A<\/strong>.<\/p>\n<\/li>\n<li data-start=\"1148\" data-end=\"1188\">\n<p data-start=\"1150\" data-end=\"1188\">Corrente de transfer\u00eancia: <strong data-start=\"1178\" data-end=\"1185\">50A<\/strong>.<\/p>\n<\/li>\n<li data-start=\"1189\" data-end=\"1265\">\n<p data-start=\"1191\" data-end=\"1265\">Tipo de onda: <strong data-start=\"1205\" data-end=\"1222\">seno puro<\/strong>adequado para qualquer equipamento eletr\u00f3nico.<\/p>\n<\/li>\n<li data-start=\"1266\" data-end=\"1306\">\n<p data-start=\"1268\" data-end=\"1306\">Dimens\u00f5es: <strong data-start=\"1281\" data-end=\"1303\">499 x 268 x 141 mm<\/strong>.<\/p>\n<\/li>\n<li data-start=\"1307\" data-end=\"1338\">\n<p data-start=\"1309\" data-end=\"1338\">Peso aproximado: <strong data-start=\"1326\" data-end=\"1335\">30 kg<\/strong>.<\/p>\n<\/li>\n<li data-start=\"1339\" data-end=\"1373\">\n<p data-start=\"1341\" data-end=\"1373\">Efici\u00eancia m\u00e1xima: <strong data-start=\"1360\" data-end=\"1370\">95-96%<\/strong>.<\/p>\n<\/li>\n<li data-start=\"1374\" data-end=\"1429\">\n<p data-start=\"1376\" data-end=\"1429\">Gama de temperaturas de funcionamento: <strong data-start=\"1409\" data-end=\"1426\">-40\u00b0C a +65\u00b0C<\/strong>.<\/p>\n<\/li>\n<li data-start=\"1430\" data-end=\"1493\">\n<p data-start=\"1432\" data-end=\"1493\">Comunica\u00e7\u00e3o: <strong data-start=\"1446\" data-end=\"1490\">VE.Bus, VE.Diret, liga\u00e7\u00e3o ao Cerbo GX<\/strong>.<\/p>\n<\/li>\n<\/ul>\n<p data-start=\"1495\" data-end=\"1643\">Estes dados t\u00e9cnicos fazem dele uma escolha fi\u00e1vel tanto para uso residencial como para instala\u00e7\u00f5es profissionais em condi\u00e7\u00f5es exigentes.<\/p>\n<h2 data-start=\"1645\" data-end=\"1695\">Principais vantagens do MultiPlus II 48\/5000<\/h2>\n<h3 data-start=\"1696\" data-end=\"1736\">Dupla fun\u00e7\u00e3o: inversor e carregador<\/h3>\n<p data-start=\"1737\" data-end=\"1975\">A unidade pode alimentar o consumo diretamente das baterias e dos pain\u00e9is solares atrav\u00e9s de um MPPT, mas tamb\u00e9m carregar as baterias a partir da rede el\u00e9ctrica ou de um gerador a gasolina ou a gas\u00f3leo. Isto garante autonomia mesmo ap\u00f3s v\u00e1rios dias nublados em qualquer parte do mundo. Tanto nas montanhas como no mar.<\/p>\n<h3 data-start=\"1977\" data-end=\"2004\">Fiabilidade comprovada<\/h3>\n<p data-start=\"2005\" data-end=\"2200\">Ap\u00f3s mais de uma d\u00e9cada de instala\u00e7\u00e3o, posso confirmar que a Victron \u00e9 uma das marcas de inversores mais duradouras e robustas do mercado. J\u00e1 vi equipamento em funcionamento cont\u00ednuo durante mais de 10 anos e s\u00f3 tivemos de mudar as ventoinhas.<\/p>\n<h3 data-start=\"2202\" data-end=\"2244\">Poupan\u00e7as em rela\u00e7\u00e3o \u00e0s companhias de eletricidade<\/h3>\n<p data-start=\"2245\" data-end=\"2521\">Nas zonas rurais, aderir \u00e0 eletricidade com a Iberdrola, Endesa ou outro distribuidor pode significar transportar quil\u00f3metros de linha e pagar transformadores que s\u00e3o depois entregues \u00e0 empresa. Com o MultiPlus II, a instala\u00e7\u00e3o solar \u00e9 muito mais econ\u00f3mica e permite uma verdadeira independ\u00eancia, tanto monof\u00e1sica como trif\u00e1sica.<\/p>\n<h3 data-start=\"2523\" data-end=\"2556\">Flexibilidade de instala\u00e7\u00e3o<\/h3>\n<p data-start=\"2557\" data-end=\"2811\">\u00c9 adequado para resid\u00eancias, empresas, quintas, segundas resid\u00eancias e projectos industriais. Al\u00e9m disso, pode crescer com o sistema gra\u00e7as \u00e0 compatibilidade com diferentes tipos de baterias e \u00e0 possibilidade de monitoriza\u00e7\u00e3o online.<\/p>\n<h2 data-start=\"2813\" data-end=\"2854\">Compatibilidade com baterias de l\u00edtio<\/h2>\n<ul data-start=\"2855\" data-end=\"3059\">\n<li data-start=\"2855\" data-end=\"2938\">\n<p data-start=\"2857\" data-end=\"2938\"><strong data-start=\"2857\" data-end=\"2870\">Pylontech<\/strong>Modelos US2000C e US5000, muito utilizados em projectos residenciais.<\/p>\n<\/li>\n<li data-start=\"2939\" data-end=\"3059\">\n<p data-start=\"2941\" data-end=\"3059\"><strong data-start=\"2941\" data-end=\"2950\">Pytes<\/strong>48100 (48V - 100Ah), que est\u00e1 a tornar-se cada vez mais popular em Espanha, especialmente em instala\u00e7\u00f5es profissionais.<\/p>\n<\/li>\n<\/ul>\n<p data-start=\"3061\" data-end=\"3213\">A versatilidade do MultiPlus II 48\/5000 em armazenamento garante que o sistema pode ser expandido ou atualizado sem a necessidade de mudar o inversor.<\/p>\n<h2 data-start=\"3215\" data-end=\"3256\">Monitoriza\u00e7\u00e3o e controlo inteligentes<\/h2>\n<h3 data-start=\"3257\" data-end=\"3282\">Quadro el\u00e9trico Cerbo GX<\/h3>\n<p data-start=\"3283\" data-end=\"3346\">Permite a monitoriza\u00e7\u00e3o e o controlo avan\u00e7ados do sistema.<\/p>\n<h3 data-start=\"3348\" data-end=\"3389\">Aplica\u00e7\u00e3o Gest\u00e3o Remota Victron (VRM)<\/h3>\n<p data-start=\"3390\" data-end=\"3676\">Gra\u00e7as \u00e0 conetividade com o Cerbo GX, o inversor pode ser monitorizado atrav\u00e9s da Internet, mostrando o consumo, o estado de carga e o desempenho em tempo real. Como instalador, isto permitiu-me prestar apoio remoto aos clientes e resolver incidentes sem ter de me deslocar.<\/p>\n<h2 data-start=\"3678\" data-end=\"3702\">Casos de utiliza\u00e7\u00e3o reais<\/h2>\n<ul data-start=\"3703\" data-end=\"4064\">\n<li data-start=\"3703\" data-end=\"3786\">\n<p data-start=\"3705\" data-end=\"3786\"><strong data-start=\"3705\" data-end=\"3743\">Habita\u00e7\u00f5es rurais e casas de campo<\/strong>: autonomia total sem depender da rede el\u00e9ctrica.<\/p>\n<\/li>\n<li data-start=\"3787\" data-end=\"3884\">\n<p data-start=\"3789\" data-end=\"3884\"><strong data-start=\"3789\" data-end=\"3818\">Empresas em zonas remotas<\/strong>fiabilidade para projectos agr\u00edcolas, pecu\u00e1rios ou industriais.<\/p>\n<\/li>\n<li data-start=\"3885\" data-end=\"3972\">\n<p data-start=\"3887\" data-end=\"3972\"><strong data-start=\"3887\" data-end=\"3911\">Segundas resid\u00eancias<\/strong>independ\u00eancia energ\u00e9tica com gerador de reserva.<\/p>\n<\/li>\n<li data-start=\"3973\" data-end=\"4064\">\n<p data-start=\"3975\" data-end=\"4064\"><strong data-start=\"3975\" data-end=\"3997\">Projectos h\u00edbridos<\/strong>Integra\u00e7\u00e3o com outras fontes de energia em sistemas complexos.<\/p>\n<\/li>\n<\/ul>\n<h2 data-start=\"4066\" data-end=\"4113\">Compara\u00e7\u00e3o com outros modelos MultiPlus II<\/h2>\n<div class=\"_tableContainer_1rjym_1\">\n<div class=\"group w-fit _tableWrapper_1rjym_13 flex flex-col-reverse\" tabindex=\"-1\">\n<table class=\"w-fit min-w-(--thread-content-width)\" data-start=\"4114\" data-end=\"4632\">\n<thead data-start=\"4114\" data-end=\"4222\">\n<tr data-start=\"4114\" data-end=\"4222\">\n<th data-start=\"4114\" data-end=\"4123\" data-col-size=\"sm\">Modelo<\/th>\n<th data-start=\"4123\" data-end=\"4139\" data-col-size=\"sm\">Pot\u00eancia (VA)<\/th>\n<th data-start=\"4139\" data-end=\"4149\" data-col-size=\"sm\">Tens\u00e3o<\/th>\n<th data-start=\"4149\" data-end=\"4174\" data-col-size=\"sm\">Corrente do carregador (A)<\/th>\n<th data-start=\"4174\" data-end=\"4194\" data-col-size=\"sm\">Transfer\u00eancia (A)<\/th>\n<th data-start=\"4194\" data-end=\"4222\" data-col-size=\"md\">Aplica\u00e7\u00e3o recomendada<\/th>\n<\/tr>\n<\/thead>\n<tbody data-start=\"4333\" data-end=\"4632\">\n<tr data-start=\"4333\" data-end=\"4429\">\n<td data-start=\"4333\" data-end=\"4360\" data-col-size=\"sm\"><strong data-start=\"4335\" data-end=\"4359\">MultiPlus II 48\/4500<\/strong><\/td>\n<td data-start=\"4360\" data-end=\"4367\" data-col-size=\"sm\">4500<\/td>\n<td data-start=\"4367\" data-end=\"4373\" data-col-size=\"sm\">48V<\/td>\n<td data-start=\"4373\" data-end=\"4379\" data-col-size=\"sm\">60A<\/td>\n<td data-start=\"4379\" data-end=\"4385\" data-col-size=\"sm\">50A<\/td>\n<td data-start=\"4385\" data-end=\"4429\" data-col-size=\"md\">Pequenas habita\u00e7\u00f5es, consumo moderado<\/td>\n<\/tr>\n<tr data-start=\"4430\" data-end=\"4532\">\n<td data-start=\"4430\" data-end=\"4457\" data-col-size=\"sm\"><strong data-start=\"4432\" data-end=\"4456\">MultiPlus II 48\/5000<\/strong><\/td>\n<td data-start=\"4457\" data-end=\"4464\" data-col-size=\"sm\">5000<\/td>\n<td data-start=\"4464\" data-end=\"4470\" data-col-size=\"sm\">48V<\/td>\n<td data-start=\"4470\" data-end=\"4476\" data-col-size=\"sm\">70A<\/td>\n<td data-start=\"4476\" data-end=\"4482\" data-col-size=\"sm\">50A<\/td>\n<td data-start=\"4482\" data-end=\"4532\" data-col-size=\"md\">Residencial e m\u00e9dias empresas, utiliza\u00e7\u00e3o intensiva<\/td>\n<\/tr>\n<tr data-start=\"4533\" data-end=\"4632\">\n<td data-start=\"4533\" data-end=\"4560\" data-col-size=\"sm\"><strong data-start=\"4535\" data-end=\"4559\">MultiPlus II 48\/6500<\/strong><\/td>\n<td data-start=\"4560\" data-end=\"4567\" data-col-size=\"sm\">6500<\/td>\n<td data-start=\"4567\" data-end=\"4573\" data-col-size=\"sm\">48V<\/td>\n<td data-start=\"4573\" data-end=\"4580\" data-col-size=\"sm\">100A<\/td>\n<td data-start=\"4580\" data-end=\"4586\" data-col-size=\"sm\">50A<\/td>\n<td data-start=\"4586\" data-end=\"4632\" data-col-size=\"md\">Grandes empresas, projectos industriais<\/td>\n<\/tr>\n<\/tbody>\n<\/table>\n<\/div>\n<\/div>\n<p data-start=\"4634\" data-end=\"4752\">Dos tr\u00eas, o <strong data-start=\"4650\" data-end=\"4661\">48\/5000<\/strong> \u00e9 o modelo mais estabelecido, com um historial comprovado de durabilidade e apoio.<\/p>\n<h2 data-start=\"4754\" data-end=\"4779\">Perguntas mais frequentes<\/h2>\n<p data-start=\"4780\" data-end=\"4897\"><strong data-start=\"4780\" data-end=\"4821\">Qual \u00e9 a vida \u00fatil deste modelo?<\/strong><br data-start=\"4821\" data-end=\"4824\" \/>Com uma utiliza\u00e7\u00e3o correta, pode exceder 10-12 anos de servi\u00e7o cont\u00ednuo. Requer apenas que a \u00e1rea do inversor seja mantida limpa e que a limpeza interna do equipamento seja efectuada de poucos em poucos anos.<\/p>\n<p data-start=\"4899\" data-end=\"5100\"><strong data-start=\"4899\" data-end=\"4951\">Qual \u00e9 a diferen\u00e7a entre os modelos 4500 e 6500?<\/strong><br data-start=\"4951\" data-end=\"4954\" \/>O 4500 \u00e9 mais limitado em pot\u00eancia; o 6500 \u00e9 concebido para consumos mais elevados, mas o 5000 \u00e9 o mais equilibrado em robustez e trajet\u00f3ria. Os modelos 4500VA e 6500VA s\u00e3o novos modelos que t\u00eam como objetivo aumentar a gama de pot\u00eancia oferecida por uma instala\u00e7\u00e3o monof\u00e1sica com Victron, mas especialmente em instala\u00e7\u00f5es trif\u00e1sicas onde 3 destes modelos devem ser combinados.<\/p>\n<p data-start=\"5102\" data-end=\"5245\"><strong data-start=\"5102\" data-end=\"5152\">\u00c9 compat\u00edvel com as baterias de l\u00edtio modernas?<\/strong><br data-start=\"5152\" data-end=\"5155\" \/>Sim, especialmente com Pylontech e Pytes, bem como com outras marcas compat\u00edveis com 48V e com comunica\u00e7\u00e3o CAN bus para poderem comunicar com o Cerbo.<\/p>\n<p data-start=\"5247\" data-end=\"5328\"><strong data-start=\"5247\" data-end=\"5285\">Pode ser monitorizado remotamente?<\/strong><br data-start=\"5285\" data-end=\"5288\" \/>Sim, com um Cerbo GX e a aplica\u00e7\u00e3o Victron VRM com liga\u00e7\u00e3o \u00e0 Internet no local de instala\u00e7\u00e3o.<\/p>\n<p data-start=\"5330\" data-end=\"5452\"><strong data-start=\"5330\" data-end=\"5354\">Qual \u00e9 a garantia?<\/strong><br data-start=\"5354\" data-end=\"5357\" \/>A Victron oferece uma garantia oficial de 5 anos e servi\u00e7o de apoio atrav\u00e9s de distribuidores autorizados.<\/p>\n<h2>Como configurar o seu Victron Multiplus II 48\/5000 + Pylontech US5000<\/h2>\n<p>Se quiser saber\u00a0<a href=\"https:\/\/fvcomponentes.com\/pt\/como-configurar-o-seu-victron-multiplus-ii-48-5000-pylontech-us5000\/\" target=\"_blank\" rel=\"noopener\">Como configurar o seu Victron Multiplus II 48\/5000 + Pylontech US5000<\/a> clique agora e aceda ao post que dedic\u00e1mos \u00e0 instala\u00e7\u00e3o do inversor Multiplus 48\/5000 com a bateria Pylontech US5000.<\/p>\n<h2>Inversor Victron MultiPlus II 48\/5000 70A+50A manual e ficha t\u00e9cnica - PMP482505012<\/h2>\n<p>Caso necessite de mais informa\u00e7\u00f5es, aqui tem a folha de dados t\u00e9cnicos e o manual do utilizador do Victron MultiPlus II 48\/5000.<\/p>\n<p><a href=\"https:\/\/fvcomponentes.com\/wp-content\/uploads\/2020\/02\/Datasheet-MultiPlus-II-inverter-charger-ES.pdf\" target=\"_blank\" rel=\"noopener\">Folha de Dados T\u00e9cnicos Carregador de Inversor Victron Multiplus 48\/5000<\/a><\/p>\n<p><a href=\"https:\/\/fvcomponentes.com\/wp-content\/uploads\/2024\/10\/Manual-Inversor-Victron-MultiPlus-II-485000-VA-48V-7050A-PMP482505010.pdf\" target=\"_blank\" rel=\"noopener\">Manual Victron Multiplus II 48\/5000<\/a><\/p>","protected":false},"excerpt":{"rendered":"<ul>\n<li><strong>Carregador de inversor de 48V<\/strong><\/li>\n<li><strong>Inversor de pot\u00eancia:<\/strong> 5000 W<\/li>\n<li><strong>Pot\u00eancia de pico:<\/strong> 9000 W<\/li>\n<li><strong>Carregador integrado:<\/strong> 70A<\/li>\n<li><strong>Sa\u00eddas AC<\/strong>: 2<\/li>\n<\/ul>","protected":false},"featured_media":7580,"comment_status":"open","ping_status":"closed","template":"","meta":{"site-sidebar-layout":"default","site-content-layout":"default","ast-site-content-layout":"default","site-content-style":"default","site-sidebar-style":"default","ast-global-header-display":"","ast-banner-title-visibility":"","ast-main-header-display":"","ast-hfb-above-header-display":"","ast-hfb-below-header-display":"","ast-hfb-mobile-header-display":"","site-post-title":"","ast-breadcrumbs-content":"","ast-featured-img":"","footer-sml-layout":"","ast-disable-related-posts":"","theme-transparent-header-meta":"default","adv-header-id-meta":"","stick-header-meta":"","header-above-stick-meta":"","header-main-stick-meta":"","header-below-stick-meta":"","astra-migrate-meta-layouts":"set","ast-page-background-enabled":"default","ast-page-background-meta":{"desktop":{"background-color":"var(--ast-global-color-4)","background-image":"","background-repeat":"repeat","background-position":"center center","background-size":"auto","background-attachment":"scroll","background-type":"","background-media":"","overlay-type":"","overlay-color":"","overlay-opacity":"","overlay-gradient":""},"tablet":{"background-color":"","background-image":"","background-repeat":"repeat","background-position":"center center","background-size":"auto","background-attachment":"scroll","background-type":"","background-media":"","overlay-type":"","overlay-color":"","overlay-opacity":"","overlay-gradient":""},"mobile":{"background-color":"","background-image":"","background-repeat":"repeat","background-position":"center center","background-size":"auto","background-attachment":"scroll","background-type":"","background-media":"","overlay-type":"","overlay-color":"","overlay-opacity":"","overlay-gradient":""}},"ast-content-background-meta":{"desktop":{"background-color":"var(--ast-global-color-5)","background-image":"","background-repeat":"repeat","background-position":"center center","background-size":"auto","background-attachment":"scroll","background-type":"","background-media":"","overlay-type":"","overlay-color":"","overlay-opacity":"","overlay-gradient":""},"tablet":{"background-color":"var(--ast-global-color-5)","background-image":"","background-repeat":"repeat","background-position":"center center","background-size":"auto","background-attachment":"scroll","background-type":"","background-media":"","overlay-type":"","overlay-color":"","overlay-opacity":"","overlay-gradient":""},"mobile":{"background-color":"var(--ast-global-color-5)","background-image":"","background-repeat":"repeat","background-position":"center center","background-size":"auto","background-attachment":"scroll","background-type":"","background-media":"","overlay-type":"","overlay-color":"","overlay-opacity":"","overlay-gradient":""}}},"pwb-brand":[332],"product_brand":[],"product_cat":[334,333],"product_tag":[],"class_list":{"0":"post-2982","1":"product","2":"type-product","3":"status-publish","4":"has-post-thumbnail","6":"pwb-brand-victron","7":"product_cat-inversores-cargadores-48v","8":"product_cat-inversores","9":"desktop-align-left","10":"tablet-align-left","11":"mobile-align-left","12":"ast-product-gallery-layout-horizontal-slider","13":"ast-product-tabs-layout-horizontal","15":"first","16":"instock","17":"featured","18":"taxable","19":"shipping-taxable","20":"purchasable","21":"product-type-simple"},"wcpa_form_fields":null,"brands":[{"id":332,"name":"Victron Energia","slug":"victron"}],"_links":{"self":[{"href":"https:\/\/fvcomponentes.com\/pt\/wp-json\/wp\/v2\/product\/2982","targetHints":{"allow":["GET"]}}],"collection":[{"href":"https:\/\/fvcomponentes.com\/pt\/wp-json\/wp\/v2\/product"}],"about":[{"href":"https:\/\/fvcomponentes.com\/pt\/wp-json\/wp\/v2\/types\/product"}],"replies":[{"embeddable":true,"href":"https:\/\/fvcomponentes.com\/pt\/wp-json\/wp\/v2\/comments?post=2982"}],"wp:featuredmedia":[{"embeddable":true,"href":"https:\/\/fvcomponentes.com\/pt\/wp-json\/wp\/v2\/media\/7580"}],"wp:attachment":[{"href":"https:\/\/fvcomponentes.com\/pt\/wp-json\/wp\/v2\/media?parent=2982"}],"wp:term":[{"taxonomy":"pwb-brand","embeddable":true,"href":"https:\/\/fvcomponentes.com\/pt\/wp-json\/wp\/v2\/pwb-brand?post=2982"},{"taxonomy":"product_brand","embeddable":true,"href":"https:\/\/fvcomponentes.com\/pt\/wp-json\/wp\/v2\/product_brand?post=2982"},{"taxonomy":"product_cat","embeddable":true,"href":"https:\/\/fvcomponentes.com\/pt\/wp-json\/wp\/v2\/product_cat?post=2982"},{"taxonomy":"product_tag","embeddable":true,"href":"https:\/\/fvcomponentes.com\/pt\/wp-json\/wp\/v2\/product_tag?post=2982"}],"curies":[{"name":"wp","href":"https:\/\/api.w.org\/{rel}","templated":true}]}}