{"id":29298,"date":"2025-10-27T13:58:37","date_gmt":"2025-10-27T12:58:37","guid":{"rendered":"https:\/\/fvcomponentes.com\/?post_type=product&#038;p=29298"},"modified":"2026-04-10T18:24:36","modified_gmt":"2026-04-10T16:24:36","slug":"bcu-bateria-de-litio-byd-caixa-de-bateria-hve-bcubase-17161480-00","status":"publish","type":"product","link":"https:\/\/fvcomponentes.com\/pt\/producto\/bcu-bateria-de-litio-byd-battery-box-hve-bcubase-17161480-00\/","title":{"rendered":"BCU Bateria de l\u00edtio BYD Caixa de bateria HVE (BCU+Base) - 17161480-00"},"content":{"rendered":"<h2>BCU Bateria de l\u00edtio BYD Caixa de bateria HVE (BCU+Base) - 17161480-00<\/h2>\n<p>A BYD Battery Box HVE BCU - 17161480-00 \u00e9 o componente essencial que permite qualquer configura\u00e7\u00e3o do sistema Battery Box HVE. Esta unidade de controlo da bateria (BCU), com base inclu\u00edda, funciona como o n\u00facleo de comunica\u00e7\u00e3o e gest\u00e3o do sistema.<br \/>\nFoi concebido para controlar de forma segura e inteligente os m\u00f3dulos de bateria HVE 4.2 ou HVE 6.4 em sistemas de armazenamento de alta tens\u00e3o.<br \/>\nA BCU gere a carga e a descarga, assegura a prote\u00e7\u00e3o do sistema e optimiza o seu funcionamento.<br \/>\nTamb\u00e9m melhora a efici\u00eancia operacional e prolonga a vida \u00fatil do conjunto. Sem esta unidade, os m\u00f3dulos n\u00e3o podem funcionar ou comunicar corretamente, o que os impede de utilizar plenamente as suas capacidades.<br \/>\nA BCU permite o controlo, a monitoriza\u00e7\u00e3o e a prote\u00e7\u00e3o dos m\u00f3dulos, facilita a escalabilidade estrutural e integra fun\u00e7\u00f5es inteligentes.<br \/>\nGra\u00e7as ao seu design modular, \u00e9 r\u00e1pido e f\u00e1cil de instalar. \u00c9 a chave para sistemas de armazenamento de energia modernos, seguros e preparados para o futuro.<\/p>\n<h2>Carater\u00edsticas da bateria de l\u00edtio BCU BYD Battery Box HVE (BCU+Base) - 17161480-00<\/h2>\n<p>A BCU HVE actua como o c\u00e9rebro do sistema: monitoriza cada m\u00f3dulo ligado, regula a carga e a descarga, equilibra automaticamente as c\u00e9lulas e protege contra sobrecargas, descargas excessivas e curto-circuitos.<br \/>\nA sua presen\u00e7a \u00e9 essencial para configurar torres de 2 a 4 m\u00f3dulos HVE ligados em s\u00e9rie, com uma capacidade entre 8,6 kWh e 25,8 kWh.<br \/>\nTamb\u00e9m permite ligar at\u00e9 tr\u00eas torres em paralelo, aumentando a capacidade total para mais de 70 kWh.<br \/>\nAl\u00e9m disso, sem esta unidade n\u00e3o seria poss\u00edvel construir e expandir corretamente uma torre HVE ou aceder a todo o potencial dos m\u00f3dulos.<\/p>\n<h3>Conce\u00e7\u00e3o e estrutura<\/h3>\n<p>Com um design robusto e compacto, a BCU HVE inclui uma base estrutural e um suporte de parede, facilitando a montagem e a fixa\u00e7\u00e3o segura a uma parede ou ao ch\u00e3o, adaptando-se a espa\u00e7os residenciais ou comerciais.<br \/>\nA seguran\u00e7a \u00e9 outro pilar da conce\u00e7\u00e3o desta unidade. Gra\u00e7as \u00e0 sua tecnologia de prote\u00e7\u00e3o avan\u00e7ada e ao sistema de equil\u00edbrio interno, a longevidade da unidade \u00e9 garantida, em linha com a durabilidade esperada dos m\u00f3dulos de bateria BYD.<br \/>\nAl\u00e9m disso, a base estrutural da BCU funciona como um suporte f\u00edsico para a torre HVE, garantindo estabilidade mec\u00e2nica e facilitando a montagem de at\u00e9 quatro m\u00f3dulos em s\u00e9rie, mesmo em ambientes confinados.<br \/>\nGra\u00e7as ao seu design \"plug-and-play\", n\u00e3o \u00e9 necess\u00e1ria qualquer cablagem entre os m\u00f3dulos. Isto simplifica a montagem, poupa tempo e reduz os erros de instala\u00e7\u00e3o. A unidade \u00e9 constru\u00edda para uma utiliza\u00e7\u00e3o a longo prazo e tem uma garantia de 15 anos, tal como os m\u00f3dulos de bateria BYD. Caixa de bateria HVE.<\/p>\n<figure id=\"attachment_32299\" aria-describedby=\"caption-attachment-32299\" style=\"width: 1225px\" class=\"wp-caption alignnone\"><img fetchpriority=\"high\" decoding=\"async\" class=\"size-full wp-image-32299\" src=\"https:\/\/fvcomponentes.com\/wp-content\/uploads\/2025\/10\/Captura-de-pantalla-2025-10-27-134122.png\" alt=\"PAR\u00c2METROS T\u00c9CNICOS HVE\" width=\"1225\" height=\"798\" title=\"\"><figcaption id=\"caption-attachment-32299\" class=\"wp-caption-text\">PAR\u00c2METROS T\u00c9CNICOS HVE<\/figcaption><\/figure>\n<h3>Conectividade e comunica\u00e7\u00e3o<\/h3>\n<p>Em termos de conetividade, a BCU comunica com os m\u00f3dulos de bateria HVE atrav\u00e9s de interfaces CAN e RS 485, permitindo uma integra\u00e7\u00e3o perfeita com inversores compat\u00edveis e plataformas de gest\u00e3o de energia.<br \/>\n\u00c9 totalmente compat\u00edvel com a aplica\u00e7\u00e3o oficial da BYD, que oferece monitoriza\u00e7\u00e3o remota, diagn\u00f3sticos em tempo real e actualiza\u00e7\u00f5es autom\u00e1ticas OTA (over-the-air).<br \/>\nAl\u00e9m disso, o sistema detecta automaticamente os m\u00f3dulos ligados. Isto permite uma auto-configura\u00e7\u00e3o eficiente, ajustando as tens\u00f5es e optimizando o funcionamento desde a primeira liga\u00e7\u00e3o. Esta automatiza\u00e7\u00e3o reduz a interven\u00e7\u00e3o t\u00e9cnica e acelera a coloca\u00e7\u00e3o em funcionamento.<br \/>\nA BCU tamb\u00e9m incorpora fun\u00e7\u00f5es cr\u00edticas para backup em caso de falhas de energia, tornando o sistema uma solu\u00e7\u00e3o fi\u00e1vel para autoconsumo e backup.<\/p>\n<h2>Ficha t\u00e9cnica BCU Bateria de l\u00edtio BYD Battery Box HVE (BCU+Base) - 17161480-00<\/h2>\n<p><a href=\"https:\/\/fvcomponentes.com\/wp-content\/uploads\/2025\/10\/Datasheet-ES.pdf\" target=\"_blank\" rel=\"noopener\">Ficha t\u00e9cnica BCU Bateria de l\u00edtio BYD Battery Box HVE (BCU+Base) - 17161480-00<\/a><\/p>\n<h2>Manual de instala\u00e7\u00e3o da BCU Bateria de l\u00edtio BYD Battery Box HVE (BCU+Base) - 17161480-00<\/h2>\n<p><a href=\"https:\/\/fvcomponentes.com\/wp-content\/uploads\/2025\/10\/BYD_Quick_Start_Guide_B-BOX_HVE_EN.pdf\" target=\"_blank\" rel=\"noopener\">Manual de instala\u00e7\u00e3o da BCU Bateria de l\u00edtio BYD Battery Box HVE (BCU+Base) - 17161480-00<\/a><\/p>","protected":false},"excerpt":{"rendered":"<p>BCU para bateria BYD Battery Box HVE -<br \/>\n<span style=\"color: #ff0000;\"><strong>As baterias HVE s\u00f3 s\u00e3o compat\u00edveis com os inversores BYD.<\/strong><\/span><br \/>\n<span style=\"color: #ff0000;\"><strong>\u00c9 necess\u00e1rio um por torre, at\u00e9 tr\u00eas torres em paralelo.<br \/>\n<\/strong><\/span>Tipo de bateria: DC de alta tens\u00e3o<br \/>\nComunica\u00e7\u00e3o: Interface CAN e RS-485<br \/>\nEfici\u00eancia: 95%<br \/>\nProte\u00e7\u00e3o: IP65<br \/>\nGarantia: 15 anos<\/p>","protected":false},"featured_media":29302,"comment_status":"closed","ping_status":"closed","template":"","meta":{"site-sidebar-layout":"default","site-content-layout":"","ast-site-content-layout":"default","site-content-style":"default","site-sidebar-style":"default","ast-global-header-display":"","ast-banner-title-visibility":"","ast-main-header-display":"","ast-hfb-above-header-display":"","ast-hfb-below-header-display":"","ast-hfb-mobile-header-display":"","site-post-title":"","ast-breadcrumbs-content":"","ast-featured-img":"","footer-sml-layout":"","ast-disable-related-posts":"","theme-transparent-header-meta":"default","adv-header-id-meta":"","stick-header-meta":"","header-above-stick-meta":"","header-main-stick-meta":"","header-below-stick-meta":"","astra-migrate-meta-layouts":"set","ast-page-background-enabled":"default","ast-page-background-meta":{"desktop":{"background-color":"var(--ast-global-color-4)","background-image":"","background-repeat":"repeat","background-position":"center center","background-size":"auto","background-attachment":"scroll","background-type":"","background-media":"","overlay-type":"","overlay-color":"","overlay-opacity":"","overlay-gradient":""},"tablet":{"background-color":"","background-image":"","background-repeat":"repeat","background-position":"center center","background-size":"auto","background-attachment":"scroll","background-type":"","background-media":"","overlay-type":"","overlay-color":"","overlay-opacity":"","overlay-gradient":""},"mobile":{"background-color":"","background-image":"","background-repeat":"repeat","background-position":"center center","background-size":"auto","background-attachment":"scroll","background-type":"","background-media":"","overlay-type":"","overlay-color":"","overlay-opacity":"","overlay-gradient":""}},"ast-content-background-meta":{"desktop":{"background-color":"var(--ast-global-color-5)","background-image":"","background-repeat":"repeat","background-position":"center center","background-size":"auto","background-attachment":"scroll","background-type":"","background-media":"","overlay-type":"","overlay-color":"","overlay-opacity":"","overlay-gradient":""},"tablet":{"background-color":"var(--ast-global-color-5)","background-image":"","background-repeat":"repeat","background-position":"center center","background-size":"auto","background-attachment":"scroll","background-type":"","background-media":"","overlay-type":"","overlay-color":"","overlay-opacity":"","overlay-gradient":""},"mobile":{"background-color":"var(--ast-global-color-5)","background-image":"","background-repeat":"repeat","background-position":"center center","background-size":"auto","background-attachment":"scroll","background-type":"","background-media":"","overlay-type":"","overlay-color":"","overlay-opacity":"","overlay-gradient":""}}},"pwb-brand":[897],"product_brand":[],"product_cat":[340,379],"product_tag":[],"class_list":{"0":"post-29298","1":"product","2":"type-product","3":"status-publish","4":"has-post-thumbnail","6":"pwb-brand-byd","7":"product_cat-baterias","8":"product_cat-baterias-de-litio-de-alto-voltaje","9":"desktop-align-left","10":"tablet-align-left","11":"mobile-align-left","12":"ast-product-gallery-layout-horizontal-slider","13":"ast-product-gallery-with-no-image","14":"ast-product-tabs-layout-horizontal","16":"first","17":"instock","18":"taxable","19":"shipping-taxable","20":"purchasable","21":"product-type-simple"},"wcpa_form_fields":null,"brands":[{"id":897,"name":"Baterias B&amp;D","slug":"byd"}],"_links":{"self":[{"href":"https:\/\/fvcomponentes.com\/pt\/wp-json\/wp\/v2\/product\/29298","targetHints":{"allow":["GET"]}}],"collection":[{"href":"https:\/\/fvcomponentes.com\/pt\/wp-json\/wp\/v2\/product"}],"about":[{"href":"https:\/\/fvcomponentes.com\/pt\/wp-json\/wp\/v2\/types\/product"}],"replies":[{"embeddable":true,"href":"https:\/\/fvcomponentes.com\/pt\/wp-json\/wp\/v2\/comments?post=29298"}],"wp:featuredmedia":[{"embeddable":true,"href":"https:\/\/fvcomponentes.com\/pt\/wp-json\/wp\/v2\/media\/29302"}],"wp:attachment":[{"href":"https:\/\/fvcomponentes.com\/pt\/wp-json\/wp\/v2\/media?parent=29298"}],"wp:term":[{"taxonomy":"pwb-brand","embeddable":true,"href":"https:\/\/fvcomponentes.com\/pt\/wp-json\/wp\/v2\/pwb-brand?post=29298"},{"taxonomy":"product_brand","embeddable":true,"href":"https:\/\/fvcomponentes.com\/pt\/wp-json\/wp\/v2\/product_brand?post=29298"},{"taxonomy":"product_cat","embeddable":true,"href":"https:\/\/fvcomponentes.com\/pt\/wp-json\/wp\/v2\/product_cat?post=29298"},{"taxonomy":"product_tag","embeddable":true,"href":"https:\/\/fvcomponentes.com\/pt\/wp-json\/wp\/v2\/product_tag?post=29298"}],"curies":[{"name":"wp","href":"https:\/\/api.w.org\/{rel}","templated":true}]}}