{"id":29294,"date":"2025-10-28T09:34:25","date_gmt":"2025-10-28T08:34:25","guid":{"rendered":"https:\/\/fvcomponentes.com\/?post_type=product&#038;p=29294"},"modified":"2026-03-30T12:16:44","modified_gmt":"2026-03-30T10:16:44","slug":"modulo-de-bateria-byd-caixa-de-bateria-hve-6-4-17161353-00","status":"publish","type":"product","link":"https:\/\/fvcomponentes.com\/pt\/producto\/modulo-de-bateria-byd-battery-box-hve-6-4-17161353-00\/","title":{"rendered":"M\u00f3dulo de bateria BYD Battery Box HVE 6.4 - 17161353-00"},"content":{"rendered":"<h2>M\u00f3dulo de bateria BYD Battery Box HVE 6.4 - 17161353-00<\/h2>\n<p>A BYD Battery-Box HVE 6.4 \u00e9 um m\u00f3dulo de bateria de alta tens\u00e3o (HV) com uma capacidade \u00fatil de 6,45 kWh. \u00c9 fabricada com a tecnologia LiFePO\u2084 (l\u00edtio-ferro-fosfato), que garante seguran\u00e7a, efici\u00eancia e uma longa vida \u00fatil.<br \/>\nAl\u00e9m disso, oferece uma efici\u00eancia energ\u00e9tica superior \u00e0 do 95 %, ideal para quem procura maximizar o desempenho dos seus sistemas.<br \/>\nEste m\u00f3dulo foi concebido para aplica\u00e7\u00f5es residenciais e comerciais, onde \u00e9 necess\u00e1ria uma solu\u00e7\u00e3o segura, escal\u00e1vel e f\u00e1cil de instalar.<br \/>\nFaz parte da famosa gama Battery-Box Premium HVE da BYD, combinando um elevado desempenho com um design compacto e modular.<br \/>\nAl\u00e9m disso, a sua integra\u00e7\u00e3o com os inversores Power-Box e a garantia de 15 anos oferecem uma solu\u00e7\u00e3o fi\u00e1vel de armazenamento a longo prazo.<\/p>\n<h2>Carater\u00edsticas da caixa de bateria BYD HVE 6.4 - 17161353-00<\/h2>\n<p>Este m\u00f3dulo de bateria oferece uma capacidade \u00fatil de 6,45 kWh, ideal para os utilizadores que pretendem uma maior autonomia energ\u00e9tica.<br class=\"yoast-text-mark\" \/>Tem tamb\u00e9m uma tens\u00e3o nominal de 115,2 V e uma profundidade de apenas 14 cm, o que o torna numa op\u00e7\u00e3o compacta sem comprometer o desempenho.<\/p>\n<h3>Conce\u00e7\u00e3o e escalabilidade<\/h3>\n<p>O design da BYD Battery Box permite que os m\u00f3dulos HVE 6.4 (6,45 kWh) sejam combinados com os m\u00f3dulos HVE 4.2 (4,29 kWh) numa \u00fanica torre at\u00e9 quatro m\u00f3dulos, atingindo 23,6 kWh por torre. <br class=\"yoast-text-mark\" \/>Al\u00e9m disso, podem ser ligadas em paralelo at\u00e9 tr\u00eas torres, o que permite uma capacidade total de at\u00e9 70,92 kWh.<br class=\"yoast-text-mark\" \/>Com uma profundidade de apenas 14 cm, permite a instala\u00e7\u00e3o na parede ou no ch\u00e3o, mesmo em espa\u00e7os reduzidos, tornando-o num dos modelos mais compactos da linha Battery-Box HVE.<br class=\"yoast-text-mark\" \/>Por outro lado, a BYD Battery Box HVE 6.4 tem um design robusto com \u00edndice de prote\u00e7\u00e3o IP65, o que a torna adequada para utiliza\u00e7\u00e3o no interior ou no exterior. Tamb\u00e9m funciona sem ventoinhas e n\u00e3o requer manuten\u00e7\u00e3o ativa.<\/p>\n<p><img fetchpriority=\"high\" decoding=\"async\" class=\"size-full wp-image-32299\" src=\"https:\/\/fvcomponentes.com\/wp-content\/uploads\/2025\/10\/Captura-de-pantalla-2025-10-27-134122.png\" alt=\"PAR\u00c2METROS T\u00c9CNICOS HVE\" width=\"1225\" height=\"798\" title=\"\"><\/p>\n<h3>Seguran\u00e7a e fiabilidade<\/h3>\n<p>A tecnologia LiFePO\u2084 da Battery Box HVE 6.4 proporciona uma elevada estabilidade t\u00e9rmica, toler\u00e2ncia a altas temperaturas e baixa possibilidade de inc\u00eandio ou degrada\u00e7\u00e3o r\u00e1pida.<br \/>\n\u00c9 uma tecnologia sem cobalto, amiga do ambiente e duradoura, o que a torna mais segura, mais est\u00e1vel e com uma vida \u00fatil mais longa.<br \/>\nO m\u00f3dulo Battery Box HVE 6.4 possui certifica\u00e7\u00f5es internacionais rigorosas e foi testado em v\u00e1rios ambientes, garantindo fiabilidade mesmo em condi\u00e7\u00f5es exigentes. Al\u00e9m disso, a sua vida \u00fatil excede os 6.000 ciclos e a garantia de 15 anos proporciona uma fiabilidade a longo prazo.<\/p>\n<h3>Instala\u00e7\u00e3o e facilidade de utiliza\u00e7\u00e3o<\/h3>\n<p>O sistema HVE 6.4 apresenta um design interno plug-and-play patenteado, sem cablagem entre m\u00f3dulos e simplificando grandemente a instala\u00e7\u00e3o e a expans\u00e3o. <br class=\"yoast-text-mark\" \/>A configura\u00e7\u00e3o \u00e9 feita automaticamente atrav\u00e9s da dete\u00e7\u00e3o do m\u00f3dulo quando o sistema \u00e9 ligado, o que garante uma instala\u00e7\u00e3o r\u00e1pida e uma coloca\u00e7\u00e3o em funcionamento autom\u00e1tica, poupando tempo e m\u00e3o de obra.<br \/>\nIntegra-se facilmente com a aplica\u00e7\u00e3o BYD, que permite a monitoriza\u00e7\u00e3o remota, diagn\u00f3sticos em tempo real e actualiza\u00e7\u00f5es OTA (over-the-air), proporcionando um sistema inteligente e conectado.<\/p>\n<h3>Compatibilidade universal<\/h3>\n<p>A Battery Box HVE 6.4 \u00e9 totalmente compat\u00edvel com os inversores h\u00edbridos BYD Power-Box.<\/p>\n<h2>Folha de dados do m\u00f3dulo de bateria BYD Battery Box HVE 6.4 - 17161353-00<\/h2>\n<p><a href=\"https:\/\/fvcomponentes.com\/wp-content\/uploads\/2025\/10\/Datasheet-ES.pdf\" target=\"_blank\" rel=\"noopener\">BYD Battery Box HVE 6.4 Folha de dados - 17161353-00<\/a><\/p>\n<h2>Manual de instala\u00e7\u00e3o do m\u00f3dulo de bateria BYD Battery Box HVE 6.4 - 17161353-00<\/h2>\n<p><a href=\"https:\/\/fvcomponentes.com\/wp-content\/uploads\/2025\/10\/BYD_Quick_Start_Guide_B-BOX_HVE_EN.pdf\" target=\"_blank\" rel=\"noopener\">Manual de instala\u00e7\u00e3o da BCU Bateria de l\u00edtio BYD Battery Box HVE (BCU+Base) - 17161480-00<\/a><\/p>","protected":false},"excerpt":{"rendered":"<p><span style=\"color: #ff0000;\"><strong>As baterias HVE s\u00f3 s\u00e3o compat\u00edveis com os inversores BYD.<br \/>\n<\/strong><\/span><span style=\"color: #ff0000;\"><strong>N\u00e3o pode ser utilizado individualmente numa torre.<\/strong><\/span><\/p>\n<p>Tipo de bateria: DC de alta tens\u00e3o<br \/>\nComunica\u00e7\u00e3o: Interface CAN e RS-485<br \/>\nTens\u00e3o nominal: 115,2 V<br \/>\nEnergia \u00fatil: 6,43 kWh<br \/>\nCorrente m\u00e1xima de carga e descarga: 35 A<br \/>\nPot\u00eancia m\u00e1xima de pico de carga: 8064 kW<br \/>\nPot\u00eancia m\u00e1xima de descarga: 4032 kW<br \/>\nEfici\u00eancia: 95%<br \/>\nTemperatura de funcionamento recomendada: -20 \u00b0C a +55 \u00b0C<br \/>\nProte\u00e7\u00e3o: IP65<br \/>\nGarantia: 15 anos<br \/>\nInstala\u00e7\u00e3o da bateria: Montagem na parede, montagem no solo<br \/>\nEscalabilidade: Modular, Paralela<\/p>","protected":false},"featured_media":29296,"comment_status":"closed","ping_status":"closed","template":"","meta":{"site-sidebar-layout":"default","site-content-layout":"","ast-site-content-layout":"default","site-content-style":"default","site-sidebar-style":"default","ast-global-header-display":"","ast-banner-title-visibility":"","ast-main-header-display":"","ast-hfb-above-header-display":"","ast-hfb-below-header-display":"","ast-hfb-mobile-header-display":"","site-post-title":"","ast-breadcrumbs-content":"","ast-featured-img":"","footer-sml-layout":"","ast-disable-related-posts":"","theme-transparent-header-meta":"default","adv-header-id-meta":"","stick-header-meta":"","header-above-stick-meta":"","header-main-stick-meta":"","header-below-stick-meta":"","astra-migrate-meta-layouts":"set","ast-page-background-enabled":"default","ast-page-background-meta":{"desktop":{"background-color":"var(--ast-global-color-4)","background-image":"","background-repeat":"repeat","background-position":"center center","background-size":"auto","background-attachment":"scroll","background-type":"","background-media":"","overlay-type":"","overlay-color":"","overlay-opacity":"","overlay-gradient":""},"tablet":{"background-color":"","background-image":"","background-repeat":"repeat","background-position":"center center","background-size":"auto","background-attachment":"scroll","background-type":"","background-media":"","overlay-type":"","overlay-color":"","overlay-opacity":"","overlay-gradient":""},"mobile":{"background-color":"","background-image":"","background-repeat":"repeat","background-position":"center center","background-size":"auto","background-attachment":"scroll","background-type":"","background-media":"","overlay-type":"","overlay-color":"","overlay-opacity":"","overlay-gradient":""}},"ast-content-background-meta":{"desktop":{"background-color":"var(--ast-global-color-5)","background-image":"","background-repeat":"repeat","background-position":"center center","background-size":"auto","background-attachment":"scroll","background-type":"","background-media":"","overlay-type":"","overlay-color":"","overlay-opacity":"","overlay-gradient":""},"tablet":{"background-color":"var(--ast-global-color-5)","background-image":"","background-repeat":"repeat","background-position":"center center","background-size":"auto","background-attachment":"scroll","background-type":"","background-media":"","overlay-type":"","overlay-color":"","overlay-opacity":"","overlay-gradient":""},"mobile":{"background-color":"var(--ast-global-color-5)","background-image":"","background-repeat":"repeat","background-position":"center center","background-size":"auto","background-attachment":"scroll","background-type":"","background-media":"","overlay-type":"","overlay-color":"","overlay-opacity":"","overlay-gradient":""}}},"pwb-brand":[897],"product_brand":[],"product_cat":[379,340],"product_tag":[],"class_list":{"0":"post-29294","1":"product","2":"type-product","3":"status-publish","4":"has-post-thumbnail","6":"pwb-brand-byd","7":"product_cat-baterias-de-litio-de-alto-voltaje","8":"product_cat-baterias","9":"product_shipping_class-baterias","10":"desktop-align-left","11":"tablet-align-left","12":"mobile-align-left","13":"ast-product-gallery-layout-horizontal-slider","14":"ast-product-gallery-with-no-image","15":"ast-product-tabs-layout-horizontal","17":"first","18":"instock","19":"taxable","20":"shipping-taxable","21":"purchasable","22":"product-type-simple"},"wcpa_form_fields":null,"brands":[{"id":897,"name":"Baterias B&amp;D","slug":"byd"}],"_links":{"self":[{"href":"https:\/\/fvcomponentes.com\/pt\/wp-json\/wp\/v2\/product\/29294","targetHints":{"allow":["GET"]}}],"collection":[{"href":"https:\/\/fvcomponentes.com\/pt\/wp-json\/wp\/v2\/product"}],"about":[{"href":"https:\/\/fvcomponentes.com\/pt\/wp-json\/wp\/v2\/types\/product"}],"replies":[{"embeddable":true,"href":"https:\/\/fvcomponentes.com\/pt\/wp-json\/wp\/v2\/comments?post=29294"}],"wp:featuredmedia":[{"embeddable":true,"href":"https:\/\/fvcomponentes.com\/pt\/wp-json\/wp\/v2\/media\/29296"}],"wp:attachment":[{"href":"https:\/\/fvcomponentes.com\/pt\/wp-json\/wp\/v2\/media?parent=29294"}],"wp:term":[{"taxonomy":"pwb-brand","embeddable":true,"href":"https:\/\/fvcomponentes.com\/pt\/wp-json\/wp\/v2\/pwb-brand?post=29294"},{"taxonomy":"product_brand","embeddable":true,"href":"https:\/\/fvcomponentes.com\/pt\/wp-json\/wp\/v2\/product_brand?post=29294"},{"taxonomy":"product_cat","embeddable":true,"href":"https:\/\/fvcomponentes.com\/pt\/wp-json\/wp\/v2\/product_cat?post=29294"},{"taxonomy":"product_tag","embeddable":true,"href":"https:\/\/fvcomponentes.com\/pt\/wp-json\/wp\/v2\/product_tag?post=29294"}],"curies":[{"name":"wp","href":"https:\/\/api.w.org\/{rel}","templated":true}]}}