{"id":29282,"date":"2025-10-28T09:35:00","date_gmt":"2025-10-28T08:35:00","guid":{"rendered":"https:\/\/fvcomponentes.com\/?post_type=product&#038;p=29282"},"modified":"2026-04-10T18:24:35","modified_gmt":"2026-04-10T16:24:35","slug":"modulo-de-bateria-byd-caixa-de-bateria-hve-4-2-17161354-00","status":"publish","type":"product","link":"https:\/\/fvcomponentes.com\/pt\/producto\/modulo-de-bateria-byd-battery-box-hve-4-2-17161354-00\/","title":{"rendered":"M\u00f3dulo de bateria BYD Battery Box HVE 4.2 - 17161354-00"},"content":{"rendered":"<h2>M\u00f3dulo de bateria BYD Battery Box HVE 4.2 - 17161354-00<\/h2>\n<p>O m\u00f3dulo BYD Battery Box HVE 4.2 \u00e9 um m\u00f3dulo de bateria de l\u00edtio de alta tens\u00e3o concebido para sistemas de armazenamento de energia em instala\u00e7\u00f5es residenciais e comerciais.<br \/>\nTrata-se de uma bateria de tecnologia LFP (l\u00edtio-ferro-fosfato) sem cobalto que oferece uma solu\u00e7\u00e3o segura, expans\u00edvel, eficiente e f\u00e1cil de instalar.<br \/>\nEste m\u00f3dulo faz parte do sistema Battery-Box Premium HVE, concebido para cobrir as necessidades energ\u00e9ticas com elevada densidade e modularidade.<br \/>\nA sua integra\u00e7\u00e3o com os inversores Power-Box faz deste sistema uma op\u00e7\u00e3o completa e de alta qualidade para autoconsumo, backup e efici\u00eancia energ\u00e9tica a longo prazo.<\/p>\n<h2>Carater\u00edsticas da BYD Battery Box HVE 4.2<\/h2>\n<p>A BYD Battery Box HVE 4.2 oferece uma capacidade \u00fatil de 4,29 kWh, com uma tens\u00e3o nominal de 76,8 V e uma efici\u00eancia de ida e volta superior a 95 %.<br \/>\nFunciona com uma corrente m\u00e1xima de carga e descarga de 25 A, sem ventoinhas ou pe\u00e7as m\u00f3veis, gra\u00e7as \u00e0 sua conce\u00e7\u00e3o de arrefecimento natural, garantindo um funcionamento silencioso e sem manuten\u00e7\u00e3o ativa.<\/p>\n<h3>Conce\u00e7\u00e3o e escalabilidade<\/h3>\n<p>A conce\u00e7\u00e3o do m\u00f3dulo BYD HVE 4.2 baseia-se numa abordagem totalmente modular, permitindo a escalabilidade vertical e horizontal.<br \/>\nPodem ser empilhados at\u00e9 cinco m\u00f3dulos HVE 4.2 numa \u00fanica torre (Battery-Box HVE), com uma capacidade total de 21,45 kWh por torre.<br \/>\nAl\u00e9m disso, o sistema permite a liga\u00e7\u00e3o em paralelo de at\u00e9 tr\u00eas torres, com uma capacidade total m\u00e1xima de 64,35 kWh (utilizando apenas m\u00f3dulos HVE 4.2), ou at\u00e9 70,92 kWh em combina\u00e7\u00e3o com m\u00f3dulos HVE 6.4.<br \/>\nO seu design ultra-compacto facilita a montagem em espa\u00e7os reduzidos. Pode ser montado na parede ou no ch\u00e3o, e a sua caixa IP65 permite-lhe ser instalado tanto no interior como protegido no exterior.<\/p>\n<p><img fetchpriority=\"high\" decoding=\"async\" class=\"size-full wp-image-32299\" src=\"https:\/\/fvcomponentes.com\/wp-content\/uploads\/2025\/10\/Captura-de-pantalla-2025-10-27-134122.png\" alt=\"PAR\u00c2METROS T\u00c9CNICOS HVE\" width=\"1225\" height=\"798\" title=\"\"><\/p>\n<h3>Seguran\u00e7a e fiabilidade<\/h3>\n<p>O m\u00f3dulo Battery-Box utiliza a tecnologia de l\u00edtio-ferro-fosfato (LFP), que \u00e9 considerada uma das mais seguras do mercado devido \u00e0 sua elevada estabilidade t\u00e9rmica, resist\u00eancia a sobrecargas e longo ciclo de vida. Como n\u00e3o cont\u00e9m cobalto, \u00e9 tamb\u00e9m mais amiga do ambiente e sustent\u00e1vel.<br \/>\nO sistema BYD Battery-Box HVE possui certifica\u00e7\u00f5es internacionais rigorosas, tais como IEC 62619, VDE-AR-E 2510-50, UN 38.3 e normas EMC, garantindo a sua seguran\u00e7a tanto no transporte como no funcionamento.<br \/>\nAl\u00e9m disso, inclui prote\u00e7\u00e3o IP65 contra poeiras e salpicos e foi concebido sem ventoinhas, eliminando riscos mec\u00e2nicos e melhorando a fiabilidade a longo prazo.<br \/>\nGra\u00e7as \u00e0 sua garantia de 15 anos e \u00e0 experi\u00eancia global da BYD com mais de um milh\u00e3o de sistemas instalados, oferece uma das propostas mais fi\u00e1veis do mercado em termos de durabilidade e assist\u00eancia t\u00e9cnica.<\/p>\n<h3>Instala\u00e7\u00e3o e facilidade de utiliza\u00e7\u00e3o<\/h3>\n<p>O m\u00f3dulo HVE 4.2 foi concebido com um sistema interno plug-and-play, eliminando a necessidade de cablagem entre m\u00f3dulos.<br \/>\nA liga\u00e7\u00e3o entre eles \u00e9 mec\u00e2nica e el\u00e9ctrica ao mesmo tempo, permitindo que a torre seja facilmente montada em menos de uma hora.<br \/>\nO sistema detecta automaticamente os m\u00f3dulos ligados e efectua uma configura\u00e7\u00e3o autom\u00e1tica no arranque.<br \/>\nAl\u00e9m disso, a compatibilidade com a aplica\u00e7\u00e3o BYD permite a monitoriza\u00e7\u00e3o remota, actualiza\u00e7\u00f5es de firmware OTA (over-the-air) e diagn\u00f3sticos em tempo real.<br \/>\nFoi especialmente concebido para se integrar perfeitamente com os novos inversores Power-Box da BYD (modelos SH e TH), oferecendo uma solu\u00e7\u00e3o abrangente de armazenamento e gest\u00e3o inteligente de energia.<\/p>\n<h2>Folha de dados do m\u00f3dulo de bateria BYD Battery Box HVE 4.2 - 17161354-00<\/h2>\n<p><a href=\"https:\/\/fvcomponentes.com\/wp-content\/uploads\/2025\/10\/Datasheet-ES.pdf\" target=\"_blank\" rel=\"noopener\">BYD Battery Box HVE 4.2 Folha de dados - 17161354-00<\/a><\/p>\n<h2>Manual de instala\u00e7\u00e3o do m\u00f3dulo de bateria BYD Battery Box HVE 4.2 - 17161354-00<\/h2>\n<p><a href=\"https:\/\/fvcomponentes.com\/wp-content\/uploads\/2025\/10\/BYD_Quick_Start_Guide_B-BOX_HVE_EN.pdf\" target=\"_blank\" rel=\"noopener\">Manual de instala\u00e7\u00e3o da BCU Bateria de l\u00edtio BYD Battery Box HVE (BCU+Base) - 17161480-00<\/a><\/p>","protected":false},"excerpt":{"rendered":"<p><span style=\"color: #ff0000;\"><strong>As baterias HVE s\u00f3 s\u00e3o compat\u00edveis com os inversores BYD.<br \/>\n<\/strong><\/span><span style=\"color: #ff0000;\"><strong>N\u00e3o pode ser utilizado individualmente numa torre.<\/strong><\/span><\/p>\n<p>Tipo de bateria: DC de alta tens\u00e3o<br \/>\nComunica\u00e7\u00e3o: Interface CAN e RS-485<br \/>\nTens\u00e3o nominal: 76,8 V<br \/>\nEnergia \u00fatil: 4,29 kWh<br \/>\nCorrente m\u00e1xima de carga e descarga: 35 A<br \/>\nPot\u00eancia m\u00e1xima de pico de carga: 5376 kW<br \/>\nPot\u00eancia m\u00e1xima de descarga: 2688 kW<br \/>\nEfici\u00eancia: 95%<br \/>\nProte\u00e7\u00e3o: IP65<br \/>\nVida \u00fatil estimada: mais de 6.000 ciclos a 90 % DoD<br \/>\nGarantia: 15 anos<br \/>\nEscalabilidade: Modular, Paralela<\/p>","protected":false},"featured_media":29285,"comment_status":"closed","ping_status":"closed","template":"","meta":{"site-sidebar-layout":"default","site-content-layout":"","ast-site-content-layout":"default","site-content-style":"default","site-sidebar-style":"default","ast-global-header-display":"","ast-banner-title-visibility":"","ast-main-header-display":"","ast-hfb-above-header-display":"","ast-hfb-below-header-display":"","ast-hfb-mobile-header-display":"","site-post-title":"","ast-breadcrumbs-content":"","ast-featured-img":"","footer-sml-layout":"","ast-disable-related-posts":"","theme-transparent-header-meta":"default","adv-header-id-meta":"","stick-header-meta":"","header-above-stick-meta":"","header-main-stick-meta":"","header-below-stick-meta":"","astra-migrate-meta-layouts":"set","ast-page-background-enabled":"default","ast-page-background-meta":{"desktop":{"background-color":"var(--ast-global-color-4)","background-image":"","background-repeat":"repeat","background-position":"center center","background-size":"auto","background-attachment":"scroll","background-type":"","background-media":"","overlay-type":"","overlay-color":"","overlay-opacity":"","overlay-gradient":""},"tablet":{"background-color":"","background-image":"","background-repeat":"repeat","background-position":"center center","background-size":"auto","background-attachment":"scroll","background-type":"","background-media":"","overlay-type":"","overlay-color":"","overlay-opacity":"","overlay-gradient":""},"mobile":{"background-color":"","background-image":"","background-repeat":"repeat","background-position":"center center","background-size":"auto","background-attachment":"scroll","background-type":"","background-media":"","overlay-type":"","overlay-color":"","overlay-opacity":"","overlay-gradient":""}},"ast-content-background-meta":{"desktop":{"background-color":"var(--ast-global-color-5)","background-image":"","background-repeat":"repeat","background-position":"center center","background-size":"auto","background-attachment":"scroll","background-type":"","background-media":"","overlay-type":"","overlay-color":"","overlay-opacity":"","overlay-gradient":""},"tablet":{"background-color":"var(--ast-global-color-5)","background-image":"","background-repeat":"repeat","background-position":"center center","background-size":"auto","background-attachment":"scroll","background-type":"","background-media":"","overlay-type":"","overlay-color":"","overlay-opacity":"","overlay-gradient":""},"mobile":{"background-color":"var(--ast-global-color-5)","background-image":"","background-repeat":"repeat","background-position":"center center","background-size":"auto","background-attachment":"scroll","background-type":"","background-media":"","overlay-type":"","overlay-color":"","overlay-opacity":"","overlay-gradient":""}}},"pwb-brand":[897],"product_brand":[],"product_cat":[340,379],"product_tag":[],"class_list":{"0":"post-29282","1":"product","2":"type-product","3":"status-publish","4":"has-post-thumbnail","6":"pwb-brand-byd","7":"product_cat-baterias","8":"product_cat-baterias-de-litio-de-alto-voltaje","9":"product_shipping_class-baterias","10":"desktop-align-left","11":"tablet-align-left","12":"mobile-align-left","13":"ast-product-gallery-layout-horizontal-slider","14":"ast-product-gallery-with-no-image","15":"ast-product-tabs-layout-horizontal","17":"first","18":"instock","19":"taxable","20":"shipping-taxable","21":"purchasable","22":"product-type-simple"},"wcpa_form_fields":null,"brands":[{"id":897,"name":"Baterias B&amp;D","slug":"byd"}],"_links":{"self":[{"href":"https:\/\/fvcomponentes.com\/pt\/wp-json\/wp\/v2\/product\/29282","targetHints":{"allow":["GET"]}}],"collection":[{"href":"https:\/\/fvcomponentes.com\/pt\/wp-json\/wp\/v2\/product"}],"about":[{"href":"https:\/\/fvcomponentes.com\/pt\/wp-json\/wp\/v2\/types\/product"}],"replies":[{"embeddable":true,"href":"https:\/\/fvcomponentes.com\/pt\/wp-json\/wp\/v2\/comments?post=29282"}],"wp:featuredmedia":[{"embeddable":true,"href":"https:\/\/fvcomponentes.com\/pt\/wp-json\/wp\/v2\/media\/29285"}],"wp:attachment":[{"href":"https:\/\/fvcomponentes.com\/pt\/wp-json\/wp\/v2\/media?parent=29282"}],"wp:term":[{"taxonomy":"pwb-brand","embeddable":true,"href":"https:\/\/fvcomponentes.com\/pt\/wp-json\/wp\/v2\/pwb-brand?post=29282"},{"taxonomy":"product_brand","embeddable":true,"href":"https:\/\/fvcomponentes.com\/pt\/wp-json\/wp\/v2\/product_brand?post=29282"},{"taxonomy":"product_cat","embeddable":true,"href":"https:\/\/fvcomponentes.com\/pt\/wp-json\/wp\/v2\/product_cat?post=29282"},{"taxonomy":"product_tag","embeddable":true,"href":"https:\/\/fvcomponentes.com\/pt\/wp-json\/wp\/v2\/product_tag?post=29282"}],"curies":[{"name":"wp","href":"https:\/\/api.w.org\/{rel}","templated":true}]}}